{"id":9001,"date":"2022-08-22T22:10:12","date_gmt":"2022-08-22T21:10:12","guid":{"rendered":"https:\/\/www.mafdel-belts.com\/?page_id=9001"},"modified":"2022-08-22T22:13:35","modified_gmt":"2022-08-22T21:13:35","slug":"obgrigado","status":"publish","type":"page","link":"https:\/\/www.mafdel-belts.com\/pt-pt\/obgrigado\/","title":{"rendered":"Obrigado"},"content":{"rendered":"<h1 style=\"text-align: center;\">Obrigado pelo seu pedido, este ser\u00e1 processado dentro de 48 horas.<\/h1>\n<p style=\"text-align: center;\">Para saber mais, n\u00e3o hesite em consultar todas as nossas not\u00edcias.<\/p>\n","protected":false},"excerpt":{"rendered":"<p>Obrigado pelo seu pedido, este ser\u00e1 processado dentro de 48 horas. Para saber mais, n\u00e3o hesite em consultar todas as nossas not\u00edcias.<\/p>\n","protected":false},"author":3,"featured_media":0,"parent":0,"menu_order":0,"comment_status":"closed","ping_status":"closed","template":"page-template-thankyou.php","meta":{"om_disable_all_campaigns":false,"_uf_show_specific_survey":0,"_uf_disable_surveys":false},"aioseo_notices":[],"_links":{"self":[{"href":"https:\/\/www.mafdel-belts.com\/pt-pt\/wp-json\/wp\/v2\/pages\/9001\/"}],"collection":[{"href":"https:\/\/www.mafdel-belts.com\/pt-pt\/wp-json\/wp\/v2\/pages\/"}],"about":[{"href":"https:\/\/www.mafdel-belts.com\/pt-pt\/wp-json\/wp\/v2\/types\/page\/"}],"author":[{"embeddable":true,"href":"https:\/\/www.mafdel-belts.com\/pt-pt\/wp-json\/wp\/v2\/users\/3\/"}],"replies":[{"embeddable":true,"href":"https:\/\/www.mafdel-belts.com\/pt-pt\/wp-json\/wp\/v2\/comments\/?post=9001"}],"version-history":[{"count":2,"href":"https:\/\/www.mafdel-belts.com\/pt-pt\/wp-json\/wp\/v2\/pages\/9001\/revisions\/"}],"predecessor-version":[{"id":9005,"href":"https:\/\/www.mafdel-belts.com\/pt-pt\/wp-json\/wp\/v2\/pages\/9001\/revisions\/9005\/"}],"wp:attachment":[{"href":"https:\/\/www.mafdel-belts.com\/pt-pt\/wp-json\/wp\/v2\/media\/?parent=9001"}],"curies":[{"name":"wp","href":"https:\/\/api.w.org\/{rel}","templated":true}]}}