{"id":6823,"date":"2021-08-25T18:55:40","date_gmt":"2021-08-25T17:55:40","guid":{"rendered":"https:\/\/www.mafdel-belts.com\/cgv\/"},"modified":"2021-08-26T08:51:12","modified_gmt":"2021-08-26T07:51:12","slug":"termos-e-condicoes-gerais-de-venda","status":"publish","type":"page","link":"https:\/\/www.mafdel-belts.com\/pt-pt\/termos-e-condicoes-gerais-de-venda\/","title":{"rendered":"Termos e Condi\u00e7\u00f5es Gerais de Venda"},"content":{"rendered":"<h1>Termos e Condi\u00e7\u00f5es Gerais de Venda<\/h1>\n<p>Descarregar as nossas condi\u00e7\u00f5es gerais de venda : <a href=\"https:\/\/www.mafdel-belts.com\/wp-content\/uploads\/2021-GB-MAFDEL-CGV.pdf\">2021-GB-MAFDEL-CGV<\/a><\/p>\n<p><img loading=\"lazy\" class=\"size-medium wp-image-6812 alignleft\" src=\"https:\/\/www.mafdel-belts.com\/wp-content\/uploads\/CGV-Mafdel-300x196.jpg\" alt=\"\" width=\"300\" height=\"196\" srcset=\"https:\/\/www.mafdel-belts.com\/wp-content\/uploads\/CGV-Mafdel-300x196.jpg 300w, https:\/\/www.mafdel-belts.com\/wp-content\/uploads\/CGV-Mafdel-768x502.jpg 768w, https:\/\/www.mafdel-belts.com\/wp-content\/uploads\/CGV-Mafdel-1024x669.jpg 1024w, https:\/\/www.mafdel-belts.com\/wp-content\/uploads\/CGV-Mafdel-624x408.jpg 624w, https:\/\/www.mafdel-belts.com\/wp-content\/uploads\/CGV-Mafdel.jpg 1500w\" sizes=\"(max-width: 300px) 100vw, 300px\" \/><\/p>\n","protected":false},"excerpt":{"rendered":"<p>Termos e Condi\u00e7\u00f5es Gerais de Venda Descarregar as nossas condi\u00e7\u00f5es gerais de venda : 2021-GB-MAFDEL-CGV<\/p>\n","protected":false},"author":6,"featured_media":0,"parent":0,"menu_order":0,"comment_status":"closed","ping_status":"closed","template":"","meta":{"om_disable_all_campaigns":false,"_uf_show_specific_survey":0,"_uf_disable_surveys":false},"aioseo_notices":[],"_links":{"self":[{"href":"https:\/\/www.mafdel-belts.com\/pt-pt\/wp-json\/wp\/v2\/pages\/6823\/"}],"collection":[{"href":"https:\/\/www.mafdel-belts.com\/pt-pt\/wp-json\/wp\/v2\/pages\/"}],"about":[{"href":"https:\/\/www.mafdel-belts.com\/pt-pt\/wp-json\/wp\/v2\/types\/page\/"}],"author":[{"embeddable":true,"href":"https:\/\/www.mafdel-belts.com\/pt-pt\/wp-json\/wp\/v2\/users\/6\/"}],"replies":[{"embeddable":true,"href":"https:\/\/www.mafdel-belts.com\/pt-pt\/wp-json\/wp\/v2\/comments\/?post=6823"}],"version-history":[{"count":2,"href":"https:\/\/www.mafdel-belts.com\/pt-pt\/wp-json\/wp\/v2\/pages\/6823\/revisions\/"}],"predecessor-version":[{"id":6831,"href":"https:\/\/www.mafdel-belts.com\/pt-pt\/wp-json\/wp\/v2\/pages\/6823\/revisions\/6831\/"}],"wp:attachment":[{"href":"https:\/\/www.mafdel-belts.com\/pt-pt\/wp-json\/wp\/v2\/media\/?parent=6823"}],"curies":[{"name":"wp","href":"https:\/\/api.w.org\/{rel}","templated":true}]}}