{"id":3286,"date":"2018-05-24T10:45:50","date_gmt":"2018-05-24T09:45:50","guid":{"rendered":"https:\/\/www.mafdel-belts.com\/pt-pt\/?page_id=3286"},"modified":"2019-03-01T09:26:24","modified_gmt":"2019-03-01T08:26:24","slug":"politica-de-privacidade","status":"publish","type":"page","link":"https:\/\/www.mafdel-belts.com\/pt-pt\/politica-de-privacidade\/","title":{"rendered":"Pol\u00edtica de Privacidade"},"content":{"rendered":"<h1>Pol\u00edtica de Privacidade<\/h1>\n<h2 style=\"text-align: justify;\">A propos<\/h2>\n<p style=\"text-align: justify;\">Nous souhaitons vous expliquer de mani\u00e8re transparente pourquoi nous collectons, stockons, et utilisons vos donn\u00e9es personnelles. Cette Politique \u00e9nonce des informations essentielles relatives \u00e0 l&#8217;utilisation de vos donn\u00e9es personnelles par Mafdel.<br \/>\nLe but de cette Politique est de :<\/p>\n<ul style=\"list-style-type: square; text-align: justify;\">\n<li style=\"text-align: justify;\">Vous expliquer quelles donn\u00e9es personnelles nous collectons, dans quel but nous les recueillons et les utilisons.<\/li>\n<li style=\"text-align: justify;\">D\u00e9tailler la fa\u00e7on dont nous utilisons les donn\u00e9es personnelles et \u00e0 quelles fins.<\/li>\n<li style=\"text-align: justify;\">D\u00e9finir vos droits et choix relatifs aux donn\u00e9es personnelles que nous collectons et traitons, et expliquer comment nous prot\u00e9geons vos donn\u00e9es.<\/li>\n<\/ul>\n<p style=\"text-align: justify;\">Nous vous invitons \u00e0 lire attentivement le pr\u00e9sent document pour conna\u00eetre et comprendre nos pratiques quant au traitement de vos donn\u00e9es personnelles.<\/p>\n<h2 style=\"text-align: justify;\">Vos droits et pr\u00e9f\u00e9rences<\/h2>\n<p style=\"text-align: justify;\">Un nouveau r\u00e8glement de l&#8217;Union europ\u00e9enne, appel\u00e9 le R\u00e8glement g\u00e9n\u00e9ral sur la protection des donn\u00e9es ou \u00ab RGPD \u00bb, accorde aux personnes certains droits relatifs \u00e0 leurs donn\u00e9es personnelles. En cons\u00e9quence, nous avons mis en \u0153uvre des mesures de transparence suppl\u00e9mentaires, afin d&#8217;aider les utilisateurs \u00e0 b\u00e9n\u00e9ficier de ces droits. Sauf limitations pos\u00e9es par la l\u00e9gislation applicable, les droits suivants sont accord\u00e9s tels que disponibles aux personnes :<\/p>\n<ul style=\"list-style-type: square; text-align: justify;\">\n<li>Droit d&#8217;acc\u00e8s : le droit d&#8217;\u00eatre inform\u00e9 et de demander l&#8217;acc\u00e8s aux donn\u00e9es personnelles que nous traitons ;<\/li>\n<li>Droit de rectification : le droit de nous demander de modifier ou de mettre \u00e0 jour vos donn\u00e9es personnelles lorsqu&#8217;elles sont inexactes ou incompl\u00e8tes ;<\/li>\n<li>Droit d&#8217;effacement : le droit de nous demander de supprimer d\u00e9finitivement vos donn\u00e9es personnelles ;<\/li>\n<li>Droit de restriction : le droit de nous demander d&#8217;arr\u00eater temporairement ou d\u00e9finitivement le traitement de tout ou partie de vos donn\u00e9es personnelles ;<\/li>\n<li>Droit de restriction :\n<ul>\n<li>Le droit de refuser \u00e0 tout moment le traitement de vos donn\u00e9es personnelles pour des raisons personnelles ;<\/li>\n<li>Le droit de refuser le traitement de vos donn\u00e9es personnelles \u00e0 des fins de marketing direct;<\/li>\n<li>Droit \u00e0 la portabilit\u00e9 des donn\u00e9es : le droit de demander une copie de vos donn\u00e9es personnelles au format \u00e9lectronique et le droit de transmettre ces donn\u00e9es personnelles pour une utilisation par un service tiers<\/li>\n<\/ul>\n<\/li>\n<\/ul>\n<p style=\"text-align: justify;\">Afin de vous permettre d&#8217;exercer facilement ces droits et d&#8217;enregistrer vos pr\u00e9f\u00e9rences li\u00e9es \u00e0 l&#8217;utilisation de vos donn\u00e9es personnelles par Mafdel, nous vous invitons \u00e0 <a href=\"https:\/\/www.mafdel-belts.com\/fr\/contact-mafdel\/\">nous contacter<\/a>.<\/p>\n<h2 style=\"text-align: justify;\">Comment collectons-nous vos donn\u00e9es personnelles et \u00e0 quelles fins ?<\/h2>\n<h3 style=\"text-align: justify;\">3.1\/ Le canal utilis\u00e9<\/h3>\n<p style=\"text-align: justify;\">La collecte de vos donn\u00e9es personnelles varie en fonction de vos actions :<\/p>\n<ul style=\"list-style-type: square; text-align: justify;\">\n<li><span style=\"text-decoration: underline;\">Lorsque vous souhaitez recevoir notre Newsletter<\/span> : Nous collectons vos donn\u00e9es personnelles lorsque vous vous inscrivez via le formulaire de notre site internet. Nous collectons, votre nom et pr\u00e9nom, le nom de la soci\u00e9t\u00e9 dans laquelle vous travaillez ainsi que votre adresse email et votre pays.<\/li>\n<li><span style=\"text-decoration: underline;\">Lorsque vous nous rendez visite sur les salons professionnels<\/span> : Vos donn\u00e9es personnelles sont collect\u00e9es en scannant votre badge avec vos coordonn\u00e9es (votre nom, pr\u00e9nom, email professionnel, les coordonn\u00e9es et caract\u00e9ristiques de votre entreprise), et en r\u00e9cup\u00e9rant votre carte de visite.<\/li>\n<li><span style=\"text-decoration: underline;\">Lorsque vous utilisez le formulaire de contact de notre site internet<\/span> : Nous collectons vos donn\u00e9es personnelles lorsque vous nous contacter par le biais du formulaire de notre site internet.<br \/>\nNous r\u00e9cup\u00e9rons votre civilit\u00e9, nom, pr\u00e9nom, email et t\u00e9l\u00e9phone professionnel, ainsi que le nom de l\u2019entreprise.<\/li>\n<li><span style=\"text-decoration: underline;\">Lorsque vous nous contactez par t\u00e9l\u00e9phone<\/span> : Vos donn\u00e9es personnelles sont collect\u00e9es lorsque vous nous appelez pour avoir des informations sur nos produits et services. Nous collectons votre nom, pr\u00e9nom, nom de la soci\u00e9t\u00e9, ainsi que vos coordonn\u00e9es professionnelles nous permettant de vous recontacter dans le cadre d\u2019une relation commerciale.<\/li>\n<\/ul>\n<h3 style=\"text-align: justify;\">3.2\/ Objectif du traitement<\/h3>\n<table style=\"width: 959px;\">\n<tbody>\n<tr style=\"height: 24.5625px;\">\n<td style=\"height: 24.5625px; width: 320px;\">Le canal utilis\u00e9<\/td>\n<td style=\"height: 24.5625px; width: 633px;\">L&#8217;objectif de traitement<\/td>\n<\/tr>\n<tr style=\"height: 24px;\">\n<td style=\"height: 24px; width: 320px;\">Inscription \u00e0 la newsletter<\/td>\n<td style=\"height: 24px; width: 633px;\">Vous informer de nos nouveaut\u00e9s produits<br \/>\nVous informer de notre participation \u00e0 des salons nationaux et internationaux<br \/>\nVous envoyer des invitations aux salons auxquels nous participons<br \/>\nVous informer des parutions presse nous concernant<\/td>\n<\/tr>\n<tr style=\"height: 24px;\">\n<td style=\"height: 24px; width: 320px;\">Les salons<\/td>\n<td style=\"height: 24px; width: 633px;\">Entretenir une relation commerciale<\/td>\n<\/tr>\n<tr style=\"height: 24px;\">\n<td style=\"height: 24px; width: 320px;\">Contact email depuis notre site internet<\/td>\n<td style=\"height: 24px; width: 633px;\">Entretenir une relation commerciale<br \/>\nR\u00e9pondre \u00e0 votre demande : informations g\u00e9n\u00e9rales, demande de prix, demande de contact<br \/>\nR\u00e9aliser des statistiques sur l\u2019\u00e9volution et le profil des demandes via le site internet<\/td>\n<\/tr>\n<tr style=\"height: 24px;\">\n<td style=\"height: 24px; width: 320px;\">Contact t\u00e9l\u00e9phonique<\/td>\n<td style=\"height: 24px; width: 633px;\">Entretenir une relation commerciale<\/td>\n<\/tr>\n<\/tbody>\n<\/table>\n<h2 style=\"text-align: justify;\">Partage de vos donn\u00e9es personnelles<\/h2>\n<p style=\"text-align: justify;\">Nous ne partageons jamais vos donn\u00e9es personnelles : elles ne sont ni vendues, ni lou\u00e9es \u00e0 un tiers.<\/p>\n<h2 style=\"text-align: justify;\"><\/h2>\n<h2 style=\"text-align: justify;\">Conservation et suppression des donn\u00e9es<\/h2>\n<p style=\"text-align: justify;\">Nous conservons vos donn\u00e9es personnelles uniquement aussi longtemps que n\u00e9cessaire \u00e0 des fins l\u00e9gitimes et commerciales essentielles, telles que le maintien d\u2019une relation commerciale, la r\u00e9solution des diff\u00e9rends, la conformit\u00e9 avec nos obligations l\u00e9gales, ou l\u2019ex\u00e9cution de nos engagements comme l\u2019envoi d\u2019une newsletter si vous y avez souscris.<br \/>\nA tout moment, vous \u00eates libre de supprimer vos donn\u00e9es personnelles en remplissant le formulaire disponible sur notre site internet. Vous ne recevrez alors plus d\u2019informations nous concernant.<\/p>\n<h2 style=\"text-align: justify;\"><\/h2>\n<h2 style=\"text-align: justify;\">\u00a0S\u00e9curit\u00e9 des donn\u00e9es personnelles<\/h2>\n<p style=\"text-align: justify;\">Nous nous engageons \u00e0 prot\u00e9ger les donn\u00e9es de nos utilisateurs. Nous mettons en \u0153uvre des mesures techniques et organisationnelles appropri\u00e9es afin de prot\u00e9ger la s\u00e9curit\u00e9 de vos donn\u00e9es personnelles.<br \/>\nLes donn\u00e9es personnelles r\u00e9colt\u00e9es sont stock\u00e9es et h\u00e9berg\u00e9es chez un prestataire et sur nos propres serveurs. Ces derniers sont plac\u00e9s dans une pi\u00e8ce s\u00e9curis\u00e9e \u00e0 l\u2019abri de tout dommage.<br \/>\nLe prestataire qui assure la maintenance technique du logiciel de gestion clients n\u2019utilise en aucun cas vos donn\u00e9es personnelles.<br \/>\nDans le cas d\u2019une violation de s\u00e9curit\u00e9, nous vous informerons rapidement de tout acc\u00e8s non autoris\u00e9 \u00e0 vos donn\u00e9es.<\/p>\n<h2 style=\"text-align: justify;\"><\/h2>\n<h2 style=\"text-align: justify;\">Modifications de la Politique de confidentialit\u00e9<\/h2>\n<p style=\"text-align: justify;\">Nous pouvons \u00eatre amen\u00e9s \u00e0 modifier occasionnellement la pr\u00e9sente Politique de confidentialit\u00e9. Lorsque cela est n\u00e9cessaire, nous vous en informerons et\/ou solliciterons votre accord. Nous vous conseillons de consulter r\u00e9guli\u00e8rement cette page pour prendre connaissance des \u00e9ventuelles modifications ou mises \u00e0 jour de notre Politique.<\/p>\n<h2 style=\"text-align: justify;\">Nous contacter<\/h2>\n<p style=\"text-align: justify;\">Merci d\u2019avoir pris connaissance de notre politique de confidentialit\u00e9. Si vous avez des questions sur notre politique, ou pour toute demande relative \u00e0 vos donn\u00e9es personnelles, vous pouvez :<\/p>\n<ul style=\"text-align: justify;\">\n<li>Contacter notre d\u00e9l\u00e9gu\u00e9 \u00e0 la protection des donn\u00e9es en cliquant sur ce <a href=\"mailto:marketing@mafdel-belts.com\">lien<\/a>.<\/li>\n<li>Remplir le formulaire de contact<\/li>\n<li>Nous adresser un courrier \u00e0 l\u2019adresse suivante : MAFDEL\u2013 A l\u2019attention du d\u00e9l\u00e9gu\u00e9 \u00e0 la protection des donn\u00e9es &#8211; Z.I. Lafayette -131, rue de la Plaine &#8211; 38790 Saint Georges d&#8217;Esperanche<\/li>\n<\/ul>\n<p style=\"text-align: justify;\">Version mise \u00e0 jour le 24 mai 2018.<\/p>\n<p>&nbsp;<\/p>\n","protected":false},"excerpt":{"rendered":"<p>Pol\u00edtica de Privacidade A propos Nous souhaitons vous expliquer de mani\u00e8re transparente pourquoi nous collectons, stockons, et utilisons vos donn\u00e9es personnelles. Cette Politique \u00e9nonce des informations essentielles relatives \u00e0 l&#8217;utilisation de vos donn\u00e9es personnelles par Mafdel. Le but de cette Politique est de : Vous expliquer quelles donn\u00e9es personnelles nous collectons, dans quel but nous [&hellip;]<\/p>\n","protected":false},"author":3,"featured_media":0,"parent":0,"menu_order":0,"comment_status":"closed","ping_status":"closed","template":"","meta":{"om_disable_all_campaigns":false,"_uf_show_specific_survey":0,"_uf_disable_surveys":false},"aioseo_notices":[],"_links":{"self":[{"href":"https:\/\/www.mafdel-belts.com\/pt-pt\/wp-json\/wp\/v2\/pages\/3286\/"}],"collection":[{"href":"https:\/\/www.mafdel-belts.com\/pt-pt\/wp-json\/wp\/v2\/pages\/"}],"about":[{"href":"https:\/\/www.mafdel-belts.com\/pt-pt\/wp-json\/wp\/v2\/types\/page\/"}],"author":[{"embeddable":true,"href":"https:\/\/www.mafdel-belts.com\/pt-pt\/wp-json\/wp\/v2\/users\/3\/"}],"replies":[{"embeddable":true,"href":"https:\/\/www.mafdel-belts.com\/pt-pt\/wp-json\/wp\/v2\/comments\/?post=3286"}],"version-history":[{"count":3,"href":"https:\/\/www.mafdel-belts.com\/pt-pt\/wp-json\/wp\/v2\/pages\/3286\/revisions\/"}],"predecessor-version":[{"id":3449,"href":"https:\/\/www.mafdel-belts.com\/pt-pt\/wp-json\/wp\/v2\/pages\/3286\/revisions\/3449\/"}],"wp:attachment":[{"href":"https:\/\/www.mafdel-belts.com\/pt-pt\/wp-json\/wp\/v2\/media\/?parent=3286"}],"curies":[{"name":"wp","href":"https:\/\/api.w.org\/{rel}","templated":true}]}}