{"id":2070,"date":"2015-07-30T13:19:07","date_gmt":"2015-07-30T12:19:07","guid":{"rendered":"https:\/\/www.mafdel-belts.com\/pt-pt\/?page_id=2070"},"modified":"2016-05-16T18:50:23","modified_gmt":"2016-05-16T17:50:23","slug":"espaco-privado","status":"publish","type":"page","link":"https:\/\/www.mafdel-belts.com\/pt-pt\/espaco-privado\/","title":{"rendered":"Espa\u00e7o privado"},"content":{"rendered":"<h1>Espa\u00e7o privado<\/h1>\n<p>O espa\u00e7o privado \u00e9 reservado aos nossos clientes.<\/p>\n<p>O espa\u00e7o privado permite-lhe consultar as suas encomendas e descarregar os nossos manuais t\u00e9cnicos, bem como as nossas certifica\u00e7\u00f5es e aprova\u00e7\u00f5es.<\/p>\n","protected":false},"excerpt":{"rendered":"<p>Espa\u00e7o privado O espa\u00e7o privado \u00e9 reservado aos nossos clientes. O espa\u00e7o privado permite-lhe consultar as suas encomendas e descarregar os nossos manuais t\u00e9cnicos, bem como as nossas certifica\u00e7\u00f5es e aprova\u00e7\u00f5es.<\/p>\n","protected":false},"author":3,"featured_media":0,"parent":0,"menu_order":0,"comment_status":"open","ping_status":"open","template":"espace-prive\/espace-prive.php","meta":{"om_disable_all_campaigns":false,"_uf_show_specific_survey":0,"_uf_disable_surveys":false},"aioseo_notices":[],"_links":{"self":[{"href":"https:\/\/www.mafdel-belts.com\/pt-pt\/wp-json\/wp\/v2\/pages\/2070\/"}],"collection":[{"href":"https:\/\/www.mafdel-belts.com\/pt-pt\/wp-json\/wp\/v2\/pages\/"}],"about":[{"href":"https:\/\/www.mafdel-belts.com\/pt-pt\/wp-json\/wp\/v2\/types\/page\/"}],"author":[{"embeddable":true,"href":"https:\/\/www.mafdel-belts.com\/pt-pt\/wp-json\/wp\/v2\/users\/3\/"}],"replies":[{"embeddable":true,"href":"https:\/\/www.mafdel-belts.com\/pt-pt\/wp-json\/wp\/v2\/comments\/?post=2070"}],"version-history":[{"count":4,"href":"https:\/\/www.mafdel-belts.com\/pt-pt\/wp-json\/wp\/v2\/pages\/2070\/revisions\/"}],"predecessor-version":[{"id":2075,"href":"https:\/\/www.mafdel-belts.com\/pt-pt\/wp-json\/wp\/v2\/pages\/2070\/revisions\/2075\/"}],"wp:attachment":[{"href":"https:\/\/www.mafdel-belts.com\/pt-pt\/wp-json\/wp\/v2\/media\/?parent=2070"}],"curies":[{"name":"wp","href":"https:\/\/api.w.org\/{rel}","templated":true}]}}