{"id":2064,"date":"2015-04-21T12:24:31","date_gmt":"2015-04-21T11:24:31","guid":{"rendered":"https:\/\/www.mafdel-belts.com\/pt-pt\/?page_id=2064"},"modified":"2016-05-16T18:45:00","modified_gmt":"2016-05-16T17:45:00","slug":"aviso-legal","status":"publish","type":"page","link":"https:\/\/www.mafdel-belts.com\/pt-pt\/aviso-legal\/","title":{"rendered":"Aviso legal"},"content":{"rendered":"<h1>Aviso lega<\/h1>\n<p>&nbsp;<\/p>\n<h3>Editor<\/h3>\n<p>Este s\u00edtio \u00e9 editado pela SOCIETE MAFDEL<br \/>\nSAS com o capital de 300 100 \u20ac<br \/>\nSede social: Z.I Lafayette \u2013 38790 SAINT GEORGES D\u2019ESPERANCHE<br \/>\nTel. +33 (0)4 78 96 21 90 \u2013 Fax +33 (0)4 78 96 21 78<br \/>\nS\u00edtio Internet : www.mafdel-belts.com<br \/>\nRCS Vienne B 322 214 412 \u2013 Siret : 322 214 412 00031 \u2013 CODE APE : 2229A<br \/>\nN\u00b0 Identification C.E.E. : FR 30.322.214.412<\/p>\n<p>&nbsp;<\/p>\n<h3>Concep\u00e7\u00e3o do s\u00edtio Internet<\/h3>\n<p>CAP 2C<br \/>\nT\u00e9l : 0 977 826 290<br \/>\nwww.cap2c.com<\/p>\n<p>&nbsp;<\/p>\n<h3>Alojador do s\u00edtio<\/h3>\n<p>OVH<br \/>\n2 rue Kellermann<br \/>\n59100 ROUBAIX<br \/>\nFrance<\/p>\n<p>&nbsp;<\/p>\n<h3>Cr\u00e9ditos fotogr\u00e1ficos<\/h3>\n<p>Soci\u00e9t\u00e9 MAFDEL<\/p>\n<p>&nbsp;<\/p>\n<h3>Prote\u00e7\u00e3o dos dados pessoais<\/h3>\n<p>Nenhuma informa\u00e7\u00e3o pessoal do utilizador deste s\u00edtio \u00e9:<br \/>\n&#8211; recolhida sem o seu conhecimento,<br \/>\n&#8211; publicada sem o seu conhecimento,<br \/>\n&#8211; trocada, transferida, cedida ou vendida em qualquer tipo de suporte a terceiros.<\/p>\n<p>O s\u00edtio www.mafdel-belts.com n\u00e3o recolhe sobre os visitantes do s\u00edtio nenhuma informa\u00e7\u00e3o nominativa ou pessoal al\u00e9m daquelas que s\u00e3o abertamente e voluntariamente fornecidas, especialmente atrav\u00e9s dos formul\u00e1rios de contacto eletr\u00f3nico de interac\u00e7\u00e3o.<br \/>\nAs informa\u00e7\u00f5es recolhidas no s\u00edtio www.mafdel-belts.com s\u00e3o destinadas ao uso exclusivo da Sociedade MAFDEL.<br \/>\nEm conformidade com a lei \u201cinform\u00e1tica e liberdades\u201d, de 6 de Janeiro de 1978, alterada em 2004, o utilizador beneficia do direito de acesso e de retifica\u00e7\u00e3o das informa\u00e7\u00f5es que lhe dizem respeito. Este pode exerc\u00ea-lo dirigindo-se, para tal, \u00e0 Sociedade MAFDEL (endere\u00e7o acima indicado)..<\/p>\n<p>&nbsp;<\/p>\n<h3>Os cookies<\/h3>\n<p>Ao navegar neste s\u00edtio Internet, o utilizador consente que a Sociedade MAFDEL instale, no seu computador, os cookies que registam informa\u00e7\u00f5es relativas \u00e0 navega\u00e7\u00e3o neste s\u00edtio Internet.<\/p>\n<p><strong>O que \u00e9 um cookie ?<\/strong><br \/>\nOs cookies s\u00e3o pequenos ficheiros simples de texto armazenados no seu terminal (computador, telem\u00f3vel, tablet) durante a sua navega\u00e7\u00e3o num s\u00edtio web.<br \/>\nAs suas fun\u00e7\u00f5es podem ser bastante variadas: permitem armazenar as suas prefer\u00eancias de navega\u00e7\u00e3o, recolher informa\u00e7\u00f5es estat\u00edsticas, permitir certas funcionalidades t\u00e9cnicas<br \/>\nOs cookies s\u00e3o importantes por raz\u00f5es t\u00e9cnicas porque permitem um funcionamento mais fluido dos sites e adaptam-se \u00e0s prefer\u00eancias dos utilizadores gra\u00e7as \u00e0 informa\u00e7\u00e3o estat\u00edstica recolhida.<\/p>\n<p><strong>O s\u00edtio Internet da Sociedade MAFDEL utiliza apenas um tipo de cookies de an\u00e1lise estat\u00edstica.<\/strong> Estes cookies s\u00e3o an\u00f3nimos e permitem que a empresa MAFDEL quantifique o n\u00famero de visitantes e analise estatisticamente a utiliza\u00e7\u00e3o das informa\u00e7\u00f5es do seu s\u00edtio Internet pelos utilizadores. Gra\u00e7as \u00e0 este processo, a Sociedade MAFDEL pode estudar a navega\u00e7\u00e3o realizada no seu s\u00edtio Internet e melhorar assim a maneira de difundir as suas informa\u00e7\u00f5es.<\/p>\n<p><strong>Como podem-se configurar os cookies ?<\/strong><br \/>\nO utilizador pode permitir, bloquear ou eliminar os cookies instalados no seu computador atrav\u00e9s da configura\u00e7\u00e3o das op\u00e7\u00f5es do seu navegador Internet.<br \/>\nContudo, a Sociedade MAFDEL declina qualquer responsabilidade pelas consequ\u00eancias ligadas ao funcionamento degradado dos seus servi\u00e7os em caso de recusa ou supress\u00e3o dos cookies.<\/p>\n<p>Veja abaixo os links que fornecem um acesso r\u00e1pido \u00e0 informa\u00e7\u00e3o necess\u00e1ria para a configura\u00e7\u00e3o do funcionamento dos cookies no seu navegador:<\/p>\n<ul style=\"list-style-type: disc;\">\n<li>Google Chrome : <a href=\"https:\/\/support.google.com\/chrome\/answer\/95647?hl=fr\" target=\"_blank\">https:\/\/support.google.com\/chrome\/answer\/95647?hl=fr<\/a><\/li>\n<li>Microsoft Internet Explorer : <a href=\"http:\/\/windows.microsoft.com\/fr-FR\/windows7\/how-to-manage-cookies-in-internet-explorer-9\" target=\"_blank\">http:\/\/windows.microsoft.com\/fr-FR\/windows7\/how-to-manage-cookies-in-internet-explorer-9<\/a><\/li>\n<li>Mozilla Firefox : <a href=\"https:\/\/support.mozilla.org\/fr\/kb\/activer-desactiver-cookies?redirectlocale=fr&amp;redirectslug=Activer+et+d%C3%A9sactiver+les+cookies\" target=\"_blank\">https:\/\/support.mozilla.org\/fr\/kb\/activer-desactiver-cookies?redirectlocale=fr&amp;redirectslug=Activer+et+d%C3%A9sactiver+les+cookies<\/a><\/li>\n<li>Opera : <a href=\"http:\/\/help.opera.com\/Windows\/10.20\/fr\/cookies.html\" target=\"_blank\">http:\/\/help.opera.com\/Windows\/10.20\/fr\/cookies.html<\/a><\/li>\n<li>Safari : <a href=\"https:\/\/support.apple.com\/kb\/ph5042?locale=fr_FR\" target=\"_blank\">https:\/\/support.apple.com\/kb\/ph5042?locale=fr_FR<\/a><\/li>\n<\/ul>\n<p>&nbsp;<\/p>\n<h3>Isen\u00e7\u00e3o de declara\u00e7\u00e3o CNIL<\/h3>\n<p>Isen\u00e7\u00e3o n\u00b0 8 \u2013 Delibera\u00e7\u00e3o n\u00b0 2010-229 de 10 de Junho de 2010 que isenta de declara\u00e7\u00e3o os tratamentos automatizados de dados de car\u00e1ter pessoal implementados por organismos sem fins lucrativos que revoga e substitui a delibera\u00e7\u00e3o n\u00b0 2006-130 de 9 de Maio de 2006.<\/p>\n<p>&nbsp;<\/p>\n<h3>Condi\u00e7\u00f5es de utiliza\u00e7\u00e3o do s\u00edtio \u2013 Isen\u00e7\u00e3o de responsabilidades<\/h3>\n<p>LEste s\u00edtio Internet e todo o seu conte\u00fado, inclusive textos, imagens fixas ou animadas, bases de dados, programas, linguagens, etc., designado abaixo o <em>S\u00edtio Internet<\/em>, \u00e9 protegido pelo direito de autor. A autoriza\u00e7\u00e3o de reprodu\u00e7\u00e3o apenas \u00e9 concedida em formato digital para consulta. A impress\u00e3o em suporte de papel \u00e9 autorizada para fins de c\u00f3pia privada e uso exclusivo do copista nos termos do artigo L. 122-5 2\u00b0 do C\u00f3digo da Propriedade Intelectual.<br \/>\nAs informa\u00e7\u00f5es contidas neste s\u00edtio Internet s\u00e3o fornecidas \u00e0 t\u00edtulo indicativo e est\u00e3o sujeitas \u00e0 altera\u00e7\u00f5es sem aviso pr\u00e9vio.<br \/>\nA Sociedade MAFDEL n\u00e3o assume qualquer responsabilidade por quaisquer danos de qualquer natureza, resultantes da interpreta\u00e7\u00e3o e\/ou utiliza\u00e7\u00e3o das informa\u00e7\u00f5es dispon\u00edveis neste s\u00edtio, ou da impossibilidade para um terceiro de utiliz\u00e1-las, ou de um mau funcionamento, uma interrup\u00e7\u00e3o, um v\u00edrus, ou danos resultantes do acesso e\/ou da utiliza\u00e7\u00e3o deste s\u00edtio ou todos os s\u00edtios ligados ao mesmo.<\/p>\n<p>&nbsp;<\/p>\n<h3>Direitos de propriedade intelectual<\/h3>\n<p>A reprodu\u00e7\u00e3o deste s\u00edtio Internet \u00e9 proibida, exceto com a autoriza\u00e7\u00e3o expressa da Sociedade MAFDEL.<br \/>\nOs desenhos, fotografias, imagens, textos, v\u00eddeos, e outros documentos representados no presente s\u00edtio Internet est\u00e3o sujeitos a direitos de propriedade industrial e\/ou intelectual, propriedades da Sociedade MAFDEL. Assim, qualquer reprodu\u00e7\u00e3o, representa\u00e7\u00e3o, adapta\u00e7\u00e3o, tradu\u00e7\u00e3o, e\/ou transforma\u00e7\u00e3o, parcial ou integral, ou transfer\u00eancia para um outro s\u00edtio s\u00e3o proibidos.<br \/>\nAs informa\u00e7\u00f5es e apresenta\u00e7\u00f5es contidas nas p\u00e1ginas deste s\u00edtio s\u00e3o fornecidas \u00e0 t\u00edtulo meramente indicativo e est\u00e3o sujeitas \u00e0 altera\u00e7\u00f5es a qualquer momento e sem aviso pr\u00e9vio.<br \/>\nA sua utiliza\u00e7\u00e3o para fins privados ou profissionais n\u00e3o implica de qualquer modo a responsabilidade da Sociedade MAFDEL.<br \/>\nA Sociedade MAFDEL n\u00e3o pode garantir a exatid\u00e3o, a precis\u00e3o ou a exaustividade das informa\u00e7\u00f5es dispon\u00edveis neste s\u00edtio. As fotografias n\u00e3o s\u00e3o contratuais.<\/p>\n<p>&nbsp;<\/p>\n<h3>Hiperliga\u00e7\u00f5es<\/h3>\n<p>A presen\u00e7a eventual de hiperliga\u00e7\u00f5es para outros s\u00edtios n\u00e3o constitui uma garantia da qualidade de conte\u00fado e de bom funcionamento dos referidos s\u00edtios. A Sociedade MAFDEL n\u00e3o assumir\u00e1 nenhuma responsabilidade pelo conte\u00fado desses s\u00edtios.<br \/>\nO internauta deve utilizar esta informa\u00e7\u00e3o com as precau\u00e7\u00f5es habituais.<br \/>\nA cria\u00e7\u00e3o de hiperliga\u00e7\u00f5es para o nosso s\u00edtio est\u00e1 sujeita ao acordo pr\u00e9vio da MAFDEL. Sem o nosso acordo pr\u00e9vio, reservamos-nos o direito de exigir a qualquer momento a retirada da referida hiperliga\u00e7\u00e3o.<\/p>\n","protected":false},"excerpt":{"rendered":"<p>Aviso lega &nbsp; Editor Este s\u00edtio \u00e9 editado pela SOCIETE MAFDEL SAS com o capital de 300 100 \u20ac Sede social: Z.I Lafayette \u2013 38790 SAINT GEORGES D\u2019ESPERANCHE Tel. +33 (0)4 78 96 21 90 \u2013 Fax +33 (0)4 78 96 21 78 S\u00edtio Internet : www.mafdel-belts.com RCS Vienne B 322 214 412 \u2013 Siret [&hellip;]<\/p>\n","protected":false},"author":3,"featured_media":0,"parent":0,"menu_order":0,"comment_status":"open","ping_status":"open","template":"page-template-without-sidebar.php","meta":{"om_disable_all_campaigns":false,"_uf_show_specific_survey":0,"_uf_disable_surveys":false},"aioseo_notices":[],"_links":{"self":[{"href":"https:\/\/www.mafdel-belts.com\/pt-pt\/wp-json\/wp\/v2\/pages\/2064\/"}],"collection":[{"href":"https:\/\/www.mafdel-belts.com\/pt-pt\/wp-json\/wp\/v2\/pages\/"}],"about":[{"href":"https:\/\/www.mafdel-belts.com\/pt-pt\/wp-json\/wp\/v2\/types\/page\/"}],"author":[{"embeddable":true,"href":"https:\/\/www.mafdel-belts.com\/pt-pt\/wp-json\/wp\/v2\/users\/3\/"}],"replies":[{"embeddable":true,"href":"https:\/\/www.mafdel-belts.com\/pt-pt\/wp-json\/wp\/v2\/comments\/?post=2064"}],"version-history":[{"count":3,"href":"https:\/\/www.mafdel-belts.com\/pt-pt\/wp-json\/wp\/v2\/pages\/2064\/revisions\/"}],"predecessor-version":[{"id":2068,"href":"https:\/\/www.mafdel-belts.com\/pt-pt\/wp-json\/wp\/v2\/pages\/2064\/revisions\/2068\/"}],"wp:attachment":[{"href":"https:\/\/www.mafdel-belts.com\/pt-pt\/wp-json\/wp\/v2\/media\/?parent=2064"}],"curies":[{"name":"wp","href":"https:\/\/api.w.org\/{rel}","templated":true}]}}