{"id":2047,"date":"2015-04-15T21:00:05","date_gmt":"2015-04-15T20:00:05","guid":{"rendered":"https:\/\/www.mafdel-belts.com\/pt-pt\/?page_id=2047"},"modified":"2022-06-13T14:59:42","modified_gmt":"2022-06-13T13:59:42","slug":"carreiras-mafdel","status":"publish","type":"page","link":"https:\/\/www.mafdel-belts.com\/pt-pt\/carreiras-mafdel\/","title":{"rendered":"Recrutamento"},"content":{"rendered":"<div class='content-column three_fourth'><div style=\"padding-right:30px;\"><h1>Oferta de emprego Mafdel<\/h1>\n<p>Valorize e desenvolva as suas compet\u00eancias numa empresa inovadora !<\/p>\n<p>Para acompanhar o nosso crescimento, procuramos perfis com um forte potencial, comerciais ou t\u00e9cnicos de produ\u00e7\u00e3o.<\/p>\n<ul style=\"list-style-type: disc;\">\n<li>Tem uma experi\u00eancia de venda na ind\u00fastria, compet\u00eancias lingu\u00edsticas, uma grande capacidade de escuta, o sentido do servi\u00e7o e um excelente contacto com o cliente ?<\/li>\n<li>A implementa\u00e7\u00e3o de meios de produ\u00e7\u00e3o evolu\u00eddos e a fabrica\u00e7\u00e3o de produtos inovadores fazem parte das suas compet\u00eancias ?<\/li>\n<li>\u00c9 jovem diplomado e pretende aprender ?<\/li>\n<\/ul>\n<p>Contacte-nos\u00a0!<\/p>\n<p>&nbsp;<\/p>\n<h2>Rede de distribui\u00e7\u00e3o<\/h2>\n<p>Gostaria de obter informa\u00e7\u00f5es sobre como se tornar distribuidor dos produtos Mafdel?<\/p>\n<p>Contacte-nos atrav\u00e9s do formul\u00e1rio abaixo, teremos a certeza de lhe ligar para explicar o nosso processo de recep\u00e7\u00e3o e acompanhamento do distribuidor, qualquer que seja o pa\u00eds onde interv\u00e9m!<\/p>\n<div class=\"line-break\" style=\"width: 100%; height:36px;\"><\/div>\n<div class='content-column two_third'><div style=\"\"><p style=\"text-align: right;\"><span style=\"font-size: 9pt;\">Preencha os campos obrigat\u00f3rios por favor (*)<\/span><\/p>\n<p>&nbsp;<\/p>\n\n<div class=\"wpcf7 no-js\" id=\"wpcf7-f2054-o1\" lang=\"pt-PT\" dir=\"ltr\">\n<div class=\"screen-reader-response\"><p role=\"status\" aria-live=\"polite\" aria-atomic=\"true\"><\/p> <ul><\/ul><\/div>\n<form action=\"\/pt-pt\/wp-json\/wp\/v2\/pages\/2047\/#wpcf7-f2054-o1\" method=\"post\" class=\"wpcf7-form init\" aria-label=\"Formul\u00e1rio de contacto\" enctype=\"multipart\/form-data\" novalidate=\"novalidate\" data-status=\"init\">\n<div style=\"display: none;\">\n<input type=\"hidden\" name=\"_wpcf7\" value=\"2054\" \/>\n<input type=\"hidden\" name=\"_wpcf7_version\" value=\"5.7.7\" \/>\n<input type=\"hidden\" name=\"_wpcf7_locale\" value=\"pt_PT\" \/>\n<input type=\"hidden\" name=\"_wpcf7_unit_tag\" value=\"wpcf7-f2054-o1\" \/>\n<input type=\"hidden\" name=\"_wpcf7_container_post\" value=\"0\" \/>\n<input type=\"hidden\" name=\"_wpcf7_posted_data_hash\" value=\"\" \/>\n<input type=\"hidden\" name=\"_wpcf7_recaptcha_response\" value=\"\" \/>\n<\/div>\n<p>O seu perfil *\n<\/p>\n<p><span class=\"wpcf7-form-control-wrap\" data-name=\"carrieres-profil\"><input size=\"40\" class=\"wpcf7-form-control wpcf7-text wpcf7-validates-as-required contact-field\" aria-required=\"true\" aria-invalid=\"false\" value=\"\" type=\"text\" name=\"carrieres-profil\" \/><\/span>\n<\/p>\n<p class=\"contact-form-2columns-first\"><br \/>\nApelido *\n<\/p>\n<p><span class=\"wpcf7-form-control-wrap\" data-name=\"carrieres-nom\"><input size=\"40\" class=\"wpcf7-form-control wpcf7-text wpcf7-validates-as-required contact-field\" aria-required=\"true\" aria-invalid=\"false\" value=\"\" type=\"text\" name=\"carrieres-nom\" \/><\/span>\n<\/p>\n<p class=\"contact-form-2columns-second\"><br \/>\nNome *\n<\/p>\n<p><span class=\"wpcf7-form-control-wrap\" data-name=\"carrieres-prenom\"><input size=\"40\" class=\"wpcf7-form-control wpcf7-text wpcf7-validates-as-required contact-field\" aria-required=\"true\" aria-invalid=\"false\" value=\"\" type=\"text\" name=\"carrieres-prenom\" \/><\/span>\n<\/p>\n<p>Endere\u00e7o *\n<\/p>\n<p><span class=\"wpcf7-form-control-wrap\" data-name=\"carrieres-adresse\"><input size=\"40\" class=\"wpcf7-form-control wpcf7-text wpcf7-validates-as-required contact-field\" aria-required=\"true\" aria-invalid=\"false\" value=\"\" type=\"text\" name=\"carrieres-adresse\" \/><\/span>\n<\/p>\n<p class=\"contact-form-3columns-first\"><br \/>\nC\u00f3digo postal *\n<\/p>\n<p><span class=\"wpcf7-form-control-wrap\" data-name=\"carrieres-cp\"><input size=\"40\" class=\"wpcf7-form-control wpcf7-text wpcf7-validates-as-required contact-field\" aria-required=\"true\" aria-invalid=\"false\" value=\"\" type=\"text\" name=\"carrieres-cp\" \/><\/span>\n<\/p>\n<p class=\"contact-form-3columns-second\"><br \/>\nCidade *\n<\/p>\n<p><span class=\"wpcf7-form-control-wrap\" data-name=\"carrieres-ville\"><input size=\"40\" class=\"wpcf7-form-control wpcf7-text wpcf7-validates-as-required contact-field\" aria-required=\"true\" aria-invalid=\"false\" value=\"\" type=\"text\" name=\"carrieres-ville\" \/><\/span>\n<\/p>\n<p class=\"contact-form-3columns-third\"><br \/>\nPa\u00eds *\n<\/p>\n<p><span class=\"wpcf7-form-control-wrap\" data-name=\"carrieres-pays\"><input size=\"40\" class=\"wpcf7-form-control wpcf7-text wpcf7-validates-as-required contact-field\" aria-required=\"true\" aria-invalid=\"false\" value=\"\" type=\"text\" name=\"carrieres-pays\" \/><\/span>\n<\/p>\n<p class=\"contact-form-3columns-first\"><br \/>\nTelefone *\n<\/p>\n<p><span class=\"wpcf7-form-control-wrap\" data-name=\"carrieres-tel\"><input size=\"40\" class=\"wpcf7-form-control wpcf7-text wpcf7-tel wpcf7-validates-as-required wpcf7-validates-as-tel contact-field\" aria-required=\"true\" aria-invalid=\"false\" value=\"\" type=\"tel\" name=\"carrieres-tel\" \/><\/span>\n<\/p>\n<p class=\"contact-form-3columns-second\"><br \/>\nTelem\u00f3vel\n<\/p>\n<p><span class=\"wpcf7-form-control-wrap\" data-name=\"carrieres-mobile\"><input size=\"40\" class=\"wpcf7-form-control wpcf7-text wpcf7-tel wpcf7-validates-as-tel contact-field\" aria-invalid=\"false\" value=\"\" type=\"tel\" name=\"carrieres-mobile\" \/><\/span>\n<\/p>\n<p class=\"contact-form-3columns-third\"><br \/>\nEmail *\n<\/p>\n<p><span class=\"wpcf7-form-control-wrap\" data-name=\"carrieres-email\"><input size=\"40\" class=\"wpcf7-form-control wpcf7-text wpcf7-email wpcf7-validates-as-required wpcf7-validates-as-email contact-field\" aria-required=\"true\" aria-invalid=\"false\" value=\"\" type=\"email\" name=\"carrieres-email\" \/><\/span>\n<\/p>\n<p>Mensagem *\n<\/p>\n<p><span class=\"wpcf7-form-control-wrap\" data-name=\"carrieres-message\"><textarea cols=\"40\" rows=\"3\" class=\"wpcf7-form-control wpcf7-textarea wpcf7-validates-as-required contact-field\" aria-required=\"true\" aria-invalid=\"false\" name=\"carrieres-message\"><\/textarea><\/span>\n<\/p>\n<p style=\"margin-top:25px; padding-bottom:5px;\">Juntar um ou v\u00e1rios ficheiros\n<\/p>\n<p><br \/>\n<span class=\"wpcf7-form-control-wrap\" data-name=\"carrieres-fichier1\"><input size=\"40\" class=\"wpcf7-form-control wpcf7-file contact-file\" accept=\"audio\/*,video\/*,image\/*\" aria-invalid=\"false\" type=\"file\" name=\"carrieres-fichier1\" \/><\/span>\n<\/p>\n<p><span class=\"wpcf7-form-control-wrap\" data-name=\"carrieres-fichier2\"><input size=\"40\" class=\"wpcf7-form-control wpcf7-file contact-file\" accept=\"audio\/*,video\/*,image\/*\" aria-invalid=\"false\" type=\"file\" name=\"carrieres-fichier2\" \/><\/span>\n<\/p>\n<p><span class=\"wpcf7-form-control-wrap\" data-name=\"carrieres-fichier3\"><input size=\"40\" class=\"wpcf7-form-control wpcf7-file contact-file\" accept=\"audio\/*,video\/*,image\/*\" aria-invalid=\"false\" type=\"file\" name=\"carrieres-fichier3\" \/><\/span>\n<\/p>\n<div class=\"contact-form-captcha-second-div\">\n\t<p><input type=\"hidden\" name=\"_wpcf7_captcha_challenge_captcha-135\" value=\"2020513371\" \/><img class=\"wpcf7-form-control wpcf7-captchac wpcf7-captcha-captcha-135 contact-captcha\" width=\"84\" height=\"28\" alt=\"captcha\" src=\"https:\/\/www.mafdel-belts.com\/wp-content\/uploads\/wpcf7_captcha\/2020513371.png\" \/>\n\t<\/p>\n\t<p>Introduza o c\u00f3digo de seguran\u00e7a : <span class=\"wpcf7-form-control-wrap\" data-name=\"captcha-135\"><input size=\"40\" class=\"wpcf7-form-control wpcf7-captchar contact-captcha-text\" autocomplete=\"off\" aria-invalid=\"false\" value=\"\" type=\"text\" name=\"captcha-135\" \/><\/span>\n\t<\/p>\n<\/div>\n<div class=\"contact-submit-div\">\n\t<p><input class=\"wpcf7-form-control has-spinner wpcf7-submit contact-submit\" type=\"submit\" value=\"ENVIAR\" \/>\n\t<\/p>\n<\/div><p style=\"display: none !important;\" class=\"akismet-fields-container\" data-prefix=\"_wpcf7_ak_\"><label>&#916;<textarea name=\"_wpcf7_ak_hp_textarea\" cols=\"45\" rows=\"8\" maxlength=\"100\"><\/textarea><\/label><input type=\"hidden\" id=\"ak_js_1\" name=\"_wpcf7_ak_js\" value=\"208\"\/><script>document.getElementById( \"ak_js_1\" ).setAttribute( \"value\", ( new Date() ).getTime() );<\/script><\/p><div class=\"wpcf7-response-output\" aria-hidden=\"true\"><\/div>\n<\/form>\n<\/div>\n<\/div><\/div><\/div><\/div>\n<div class='content-column one_fourth last_column'><div style=\"\"><h3>As nossas ag\u00eancias<\/h3>\n<p>&nbsp;<\/p>\n<p><span style=\"color: #0088cc; font-size: 12pt;\">MAFDEL FRANCE<\/span><\/p>\n<p>131 rue de la Plaine<br \/>\nZ.I. Lafayette<br \/>\n38790 SAINT GEORGES D&#8217;ESPERANCHE<br \/>\nTel. +33 (0)4 78 96 21 90<br \/>\nFax +33 (0)4 78 96 21 78<\/p>\n<p>&nbsp;<\/p>\n<p><span style=\"color: #0088cc; font-size: 12pt;\">BMTS Nantes<\/span><\/p>\n<p>9 rue Edouard Belin<br \/>\n44360 VIGNEUX DE BRETAGNE<br \/>\nTel. +33 (0)2 40 57 34 26<br \/>\nFax +33 (0)2 40 57 34 25<\/p>\n<p>&nbsp;<\/p>\n<p><span style=\"color: #0088cc; font-size: 12pt;\">MUNICH<\/span><\/p>\n<p>Tel. +49 (089) 64 29 617-1<\/p>\n<p>&nbsp;<\/p>\n<p><span style=\"color: #0088cc; font-size: 12pt;\">MADRID<\/span><\/p>\n<p>Tel. +34 609 34 57 41<\/p>\n<p>&nbsp;<\/p>\n<p><span style=\"color: #0088cc; font-size: 12pt;\">BELFAST<br \/>\n<\/span><\/p>\n<p>T\u00e9l. +44 (0)7435 640929<\/p>\n<p>&nbsp;<\/p>\n<p style=\"text-align: left;\"><span style=\"font-size: 12pt;\"><img loading=\"lazy\" class=\"alignnone wp-image-2341 size-full\" src=\"https:\/\/www.mafdel-belts.com\/wp-content\/uploads\/2015\/04\/qrcode_carriere_1464090236.png\" alt=\"\" width=\"130\" height=\"130\" \/><a href=\"http:\/\/localhost\/Mafdel\/site\/wp-content\/uploads\/2015\/02\/QR-Code_Mafdel.png\"><br \/>\n<\/a><\/span><span style=\"font-size: 10pt; color: #000000;\">\u00a0\u00a0 \u00a0\u00a0 Geolocaliza\u00e7\u00e3o<br \/>\n<span style=\"color: #ffffff;\"> &#8230;<\/span>da nossa empresa<\/span><br \/>\n<span style=\"font-size: 10pt; color: #000000;\">\u00a0 no seu smartphone <\/span><\/p><\/div><\/div><div class='clear_column'><\/div>\n","protected":false},"excerpt":{"rendered":"","protected":false},"author":3,"featured_media":0,"parent":0,"menu_order":0,"comment_status":"open","ping_status":"open","template":"page-template-without-sidebar.php","meta":{"om_disable_all_campaigns":false,"_uf_show_specific_survey":0,"_uf_disable_surveys":false},"aioseo_notices":[],"_links":{"self":[{"href":"https:\/\/www.mafdel-belts.com\/pt-pt\/wp-json\/wp\/v2\/pages\/2047\/"}],"collection":[{"href":"https:\/\/www.mafdel-belts.com\/pt-pt\/wp-json\/wp\/v2\/pages\/"}],"about":[{"href":"https:\/\/www.mafdel-belts.com\/pt-pt\/wp-json\/wp\/v2\/types\/page\/"}],"author":[{"embeddable":true,"href":"https:\/\/www.mafdel-belts.com\/pt-pt\/wp-json\/wp\/v2\/users\/3\/"}],"replies":[{"embeddable":true,"href":"https:\/\/www.mafdel-belts.com\/pt-pt\/wp-json\/wp\/v2\/comments\/?post=2047"}],"version-history":[{"count":9,"href":"https:\/\/www.mafdel-belts.com\/pt-pt\/wp-json\/wp\/v2\/pages\/2047\/revisions\/"}],"predecessor-version":[{"id":8505,"href":"https:\/\/www.mafdel-belts.com\/pt-pt\/wp-json\/wp\/v2\/pages\/2047\/revisions\/8505\/"}],"wp:attachment":[{"href":"https:\/\/www.mafdel-belts.com\/pt-pt\/wp-json\/wp\/v2\/media\/?parent=2047"}],"curies":[{"name":"wp","href":"https:\/\/api.w.org\/{rel}","templated":true}]}}