{"id":2033,"date":"2015-04-21T12:16:51","date_gmt":"2015-04-21T11:16:51","guid":{"rendered":"https:\/\/www.mafdel-belts.com\/pt-pt\/?page_id=2033"},"modified":"2016-08-02T18:33:11","modified_gmt":"2016-08-02T17:33:11","slug":"perguntas-frequentes-mafdel","status":"publish","type":"page","link":"https:\/\/www.mafdel-belts.com\/pt-pt\/perguntas-frequentes-mafdel\/","title":{"rendered":"FAQ"},"content":{"rendered":"<h1>Perguntas frequentes<\/h1>\n<p>&nbsp;<\/p>\n<h2>Dados t\u00e9cnicos<\/h2>\n<h3>Qual \u00e9 a fun\u00e7\u00e3o das cores das correias e esteiras transportadoras ?<\/h3>\n<p><i class=\"fa fa-arrow-right \" ><\/i> A cor permite identificar a <strong>qualidade do material<\/strong>: composi\u00e7\u00e3o, dureza, possibilidade de contacto alimentar, bem como a presen\u00e7a ou n\u00e3o de um refor\u00e7o interno.<br \/>\nAs cores branca, marfim e azul s\u00e3o as mais frequentemente utilizadas na ind\u00fastria alimentar.<\/p>\n<p>&nbsp;<\/p>\n<h3>Qual \u00e9 a utilidade das diferen\u00e7as de dureza entre os produtos ?<\/h3>\n<p><i class=\"fa fa-arrow-right \" ><\/i> Uma correia mais dura aceita cargas mais elevadas com um alongamento mais fraco.<br \/>\nEm contrapartida, uma correia mais flex\u00edvel aceita di\u00e2metros de polias mais fracos.<br \/>\nA ader\u00eancia dos produtos transportados \u00e9 mais elevada numa correia mais flex\u00edvel, mas a ader\u00eancia\u00a0mais fraca de uma correia mais dura sobre o suporte de deslize permite aumentar a carga.<br \/>\nA escolha da melhor correia \u00e9 uma quest\u00e3o de compromisso e depende por conseguinte das caracter\u00edsticas da aplica\u00e7\u00e3o.<\/p>\n<p>&nbsp;<\/p>\n<h3>Como selecionar o bom produto para a minha aplica\u00e7\u00e3o ?<\/h3>\n<p><i class=\"fa fa-arrow-right \" ><\/i> A satisfa\u00e7\u00e3o dos nossos clientes \u00e9 uma prioridade: A Mafdel coloca toda a sua expertise ao servi\u00e7o das suas aplica\u00e7\u00f5es.<br \/>\nDisp\u00f5e de v\u00e1rias solu\u00e7\u00f5es para determinar o produto mais adaptado \u00e0s suas necessidades :<\/p>\n<ul style=\"list-style-type: disc;\">\n<li>O guia de sele\u00e7\u00e3o: permite-lhe fazer uma primeira escolha do produto para a sua aplica\u00e7\u00e3o.<\/li>\n<li>Os nossos t\u00e9cnicos: eles est\u00e3o \u00e0 sua escuta para estudar as suas diferentes problem\u00e1ticas e fornecer-lhe produtos perfeitamente adaptados.<\/li>\n<li>O nosso gabinete de estudos coloca-se igualmente \u00e0 sua disposi\u00e7\u00e3o para conceber produtos personalizados para as suas aplica\u00e7\u00f5es, que saber\u00e3o responder \u00e0s suas expectativas.<\/li>\n<\/ul>\n<p>&nbsp;<\/p>\n<p>&nbsp;<\/p>\n<h2>Esteiras transportadoras<\/h2>\n<h3>O que \u00e9 uma esteira transportadora ?<\/h3>\n<p><i class=\"fa fa-arrow-right \" ><\/i> Uma esteira transportadora permite a desloca\u00e7\u00e3o cont\u00ednua de mercadorias, sobre um transportador horizontal ou inclinado.<br \/>\nA face superior da esteira transportadora est\u00e1 em contacto direto com o produto transportado, e a face inferior est\u00e1 em contacto com os elementos mec\u00e2nicos do transportador.<br \/>\nAs esteiras transportadoras s\u00e3o utilizadas em numerosas ind\u00fastrias, alimentares ou standard.<br \/>\nA Mafdel prop\u00f5e uma gama de esteiras transportadoras monomaterial fabricadas em poliuretano (PU) ou em poli\u00e9ster (PE), para as ind\u00fastrias mais diversas.<br \/>\nAs esteiras transportadoras podem ser personalizadas em fun\u00e7\u00e3o das necessidades: travessas (planas ou arredondadas), bordos de conten\u00e7\u00e3o, perfura\u00e7\u00f5es\u2026<\/p>\n<p>&nbsp;<\/p>\n<h3>O que \u00e9 uma esteira transportadora de tra\u00e7\u00e3o positiva ?<\/h3>\n<p><i class=\"fa fa-arrow-right \" ><\/i> Uma esteira de tra\u00e7\u00e3o positiva associa as vantagens das esteiras monomaterial e das esteiras modulares sem os seus inconvenientes.<br \/>\nFabricadas em poliuretano ou elast\u00f3mero de poli\u00e9ster, as esteiras de tra\u00e7\u00e3o positiva da gama Mafdel s\u00e3o exclusivamente monomaterial (aus\u00eancia de trama t\u00eaxtil), e constituem uma solu\u00e7\u00e3o \u00f3ptima para as ind\u00fastrias agroalimentares.<br \/>\nA face inferior apresenta dentes modelados na massa que asseguram uma engrenagem perfeita com os pinh\u00f5es, evitando assim qualquer risco de patinagem da esteira.<\/p>\n<p>As esteiras de tra\u00e7\u00e3o positiva asseguram um n\u00edvel de higiene m\u00e1ximo, e diminuem os riscos sanit\u00e1rios.<br \/>\nA Mafdel prop\u00f5e 3 fam\u00edlias de esteiras de tra\u00e7\u00e3o positiva para responder \u00e0 maior parte das necessidades.<\/p>\n<p><a href=\"https:\/\/www.mafdel-belts.com\/pt-pt\/produto\/esteira-alimentar-de-acionamento-positivo\/\" target=\"_blank\">&gt; Mais detalhes na rubrica esteiras de tra\u00e7\u00e3o positiva<\/a><\/p>\n<p>&nbsp;<\/p>\n<h3>O que diferencia as esteiras monomaterial lisas das esteiras de tra\u00e7\u00e3o positiva ?<\/h3>\n<p><i class=\"fa fa-arrow-right \" ><\/i> As esteiras monomaterial lisas garantem um n\u00edvel de higiene m\u00e1ximo gra\u00e7as \u00e0 sua face superior perfeitamente lisa que facilita a limpeza. Elas necessitam, em contrapartida, uma montagem sob tens\u00e3o, que n\u00e3o elimina o risco de patinagem em meio gorduroso e h\u00famido.<br \/>\nA tra\u00e7\u00e3o das esteiras positivas \u00e9 realizada atrav\u00e9s de pinh\u00f5es adaptados.<br \/>\nEste sistema elimina qualquer risco de patinagem da esteira, mesmo em meio gorduroso. As esteiras de tra\u00e7\u00e3o positiva s\u00e3o montadas sem tens\u00e3o e apresentam uma face superior perfeitamente lisa que garante um n\u00edvel de higiene m\u00e1ximo.<\/p>\n<p>As esteiras de tra\u00e7\u00e3o positiva retomam assim todas as <strong>vantagens das esteiras monomaterial lisas, sem o risco de patinagem<\/strong> mesmo em meio gorduroso e h\u00famido.<\/p>\n<p><a href=\"https:\/\/www.mafdel-belts.com\/pt-pt\/produto\/esteira-alimentar-de-acionamento-positivo\/\" target=\"_blank\">&gt; Mais detalhes na rubrica esteiras de tra\u00e7\u00e3o positiva<\/a><\/p>\n<p>&nbsp;<\/p>\n<h3>Porque utilizar uma esteira transportadora com um tratamento antimicrobiano ?<\/h3>\n<p><i class=\"fa fa-arrow-right \" ><\/i> Particularmente adaptado \u00e0s ind\u00fastrias agroalimentares, o tratamento antimicrobiano permite maximizar o n\u00edvel de higiene :<\/p>\n<ul style=\"list-style-type: disc;\">\n<li>Inibi\u00e7\u00e3o do desenvolvimento das bact\u00e9rias<\/li>\n<li>Elimina\u00e7\u00e3o do risco de contamina\u00e7\u00e3o dos produtos transportados<\/li>\n<li>Redu\u00e7\u00e3o do desenvolvimento dos odores<\/li>\n<li>Otimiza\u00e7\u00e3o da seguran\u00e7a alimentar<\/li>\n<li>Melhoria dos procedimentos de limpeza e de desinfec\u00e7\u00e3o.<\/li>\n<\/ul>\n<p>&nbsp;<\/p>\n<h3>Como guiar uma esteira transportadora ?<\/h3>\n<p><i class=\"fa fa-arrow-right \" ><\/i> Para guiar uma esteira transportadora lisa, 2 possibilidades :<\/p>\n<ul style=\"list-style-type: disc;\">\n<li>Utilizar um tambor motor abaulado ou cilindro-c\u00f3nico<\/li>\n<li>Colocar um guia central ou dois guias laterais na face inferior da esteira.<\/li>\n<\/ul>\n<p>Em todos os casos, \u00e9 necess\u00e1rio assegurar um paralelismo perfeito dos tambores (motor, envio e contra-rolos), e verificar o nivelamento do transportador.<\/p>\n<p>As esteiras de tra\u00e7\u00e3o positiva s\u00e3o muito f\u00e1ceis de guiar :<\/p>\n<ul style=\"list-style-type: disc;\">\n<li>Para uma esteira DEL\/DRIVE, preconizamos a utiliza\u00e7\u00e3o de pinh\u00f5es com flange. Como a esteira \u00e9 montada sem tens\u00e3o, as flanges permitem a manuten\u00e7\u00e3o da esteira no eixo. Para grandes entre-eixos, recomenda-se acrescentar patins de guiagem laterais.<\/li>\n<li>Para uma esteira POSITIVEBELT, a guiagem faz-se automaticamente gra\u00e7as aos pinh\u00f5es de tra\u00e7\u00e3o.<\/li>\n<li>No caso de uma esteira DEL\/SYNC, \u00e9 a ranhura no suporte de deslize que assegura a guiagem.<\/li>\n<\/ul>\n<p>&nbsp;<\/p>\n<h3>Como reparar uma esteira transportadora ?<\/h3>\n<p><i class=\"fa fa-arrow-right \" ><\/i> As nossas esteiras transportadoras monomaterial podem ser emendadas no seu local em caso de rasg\u00e3o atrav\u00e9s de <strong>uma soldadura a ar quente<\/strong>.<\/p>\n<p><span style=\"text-decoration: underline;\">Em caso de corte<\/span> :<br \/>\n&#8211; Realizar um bisel a 45\u00b0 dos dois lados da entalhadura<br \/>\n&#8211; Preencher a entalhadura com um cord\u00e3o de soldadura da mesma qualidade que a esteira, com um ma\u00e7arico a ar quente<br \/>\n&#8211; Nivelar o excesso de mat\u00e9ria com um cortador.<\/p>\n<p><span style=\"text-decoration: underline;\">Se a esteira apresentar uma parte fortemente danificada, ser\u00e1 poss\u00edvel realizar uma ponte:<br \/>\n<\/span>As nossas t\u00e9cnicas de emenda por termosoldadura permitem realizar muito rapidamente esta opera\u00e7\u00e3o no seu local.<\/p>\n<p>&nbsp;<\/p>\n<h3>Como efetuar a jun\u00e7\u00e3o de uma esteira ?<\/h3>\n<p><i class=\"fa fa-arrow-right \" ><\/i> Todas as esteiras podem ser soldadas sem fim ou entregues abertas para uma jun\u00e7\u00e3o no local do cliente.<br \/>\nAs esteiras transportadoras podem ser emendadas de duas maneiras :<\/p>\n<ul style=\"list-style-type: disc;\">\n<li><strong>Termosoldadura : <\/strong>Propomos os nossos kits de soldadura topo a topo. Possibilidade de soldadura a ar quente (adi\u00e7\u00e3o de material).<\/li>\n<li><strong>Agrafos<\/strong> : As esteiras tamb\u00e9m podem ser emendadas com agrafos em poliuretano ou inox (recomendado para os di\u00e2metros de polias superiores a 120mm). Este modo de jun\u00e7\u00e3o \u00e9 muito apreciado no \u00e2mbito de montagens\/desmontagens frequentes ou repara\u00e7\u00f5es.<\/li>\n<\/ul>\n<p>&nbsp;<\/p>\n<p><a href=\"https:\/\/www.mafdel-belts.com\/pt-pt\/produto\/emenda-e-ferramentas-esteira-transportadora\/\" target=\"_blank\">&gt; Mais detalhes na rubrica Jun\u00e7\u00f5es e ferramentas<\/a><\/p>\n<p>&nbsp;<\/p>\n<p>&nbsp;<\/p>\n<h2>Correias<\/h2>\n<h3>Como esticar uma correia ?<\/h3>\n<p><i class=\"fa fa-arrow-right \" ><\/i> A tens\u00e3o a exercer depende do tipo de correia utilizado (de 0,5% a 8% para as correias Mafdel \u2013 consultar o cat\u00e1logo).<\/p>\n<p>Para aplicar a tens\u00e3o \u00e0 uma correia, h\u00e1 duas configura\u00e7\u00f5es poss\u00edveis :<\/p>\n<ul style=\"list-style-type: disc;\">\n<li><u>O transportador est\u00e1 equipado com um sistema de tens\u00e3o adaptado<\/u>: Neste caso, \u00e9 suficiente colocar o tensor no m\u00ednimo, e, em seguida, montar a correia e agir sobre o tensor para aplicar a tens\u00e3o \u00e0 correia.<\/li>\n<li><u>O transportador n\u00e3o est\u00e1 equipado com um sistema de tens\u00e3o, ou este \u00e9 insuficiente<\/u>: Neste caso, \u00e9 necess\u00e1rio utilizar a ferramenta de coloca\u00e7\u00e3o em tens\u00e3o composta por um guincho com alavanca e duas maxilas de fixa\u00e7\u00e3o, que permite colocar a correia em pr\u00e9-tens\u00e3o no seu local.<br \/>\nSe a correia for refor\u00e7ada, ser\u00e1 necess\u00e1rio evitar aplicar esfor\u00e7os excessivos que poderiam deteriorar o refor\u00e7o.<\/li>\n<\/ul>\n<p>&nbsp;<\/p>\n<h3>Como medir uma correia ?<\/h3>\n<p><i class=\"fa fa-arrow-right \" ><\/i> No caso de uma configura\u00e7\u00e3o cl\u00e1ssica (correia esticada entre duas polias do mesmo di\u00e2metro), o comprimento te\u00f3rico da correia \u00e9 igual \u00e0 circunfer\u00eancia da polia + (2x entre-eixo).<\/p>\n<p>Para todas as configura\u00e7\u00f5es, transmita-nos um plano com as dimens\u00f5es da instala\u00e7\u00e3o.<br \/>\nEm todos os casos, o sistema de tens\u00e3o deve ser colocado na sua posi\u00e7\u00e3o m\u00ednima.<\/p>\n<p>Os nossos t\u00e9cnicos est\u00e3o \u00e0 sua disposi\u00e7\u00e3o para definir as suas necessidades.<\/p>\n<p>&nbsp;<\/p>\n<h3>Porque utilizar correias refor\u00e7adas ?<\/h3>\n<p><i class=\"fa fa-arrow-right \" ><\/i> O refor\u00e7o em aramida das nossas correias redondas e trapezoidais <strong>bloqueia o alongamento<\/strong>.<br \/>\nIsto permite equipar transportadores de comprimento importante, minimizando ao mesmo tempo o curso necess\u00e1rio dos tensores. A carga m\u00e1xima admiss\u00edvel \u00e9 igualmente mais importante, particularmente com a nossa soldadura por superposi\u00e7\u00e3o.<\/p>\n<p>&nbsp;<\/p>\n<h3>Como soldar uma correia refor\u00e7ada ?<\/h3>\n<p><i class=\"fa fa-arrow-right \" ><\/i> As nossas correias refor\u00e7adas soldam-se da <strong>mesma maneira que as nossas correias sem refor\u00e7o, simplesmente com um ferro e uma pin\u00e7a<\/strong>. Como o refor\u00e7o em aramida das nossas correias resiste \u00e0 temperaturas muito elevadas , n\u00e3o \u00e9 necess\u00e1rio fur\u00e1-las antes da soldadura.<br \/>\nOs dois tipos de emenda (topo a topo e por superposi\u00e7\u00e3o) podem ser empregados.<\/p>\n<p>&nbsp;<\/p>\n<h3>Qual \u00e9 a fun\u00e7\u00e3o da dentadura das correias trapezoidais ?<\/h3>\n<p><i class=\"fa fa-arrow-right \" ><\/i> A dentadura permite <strong>aumentar a flexibilidade da correia e por conseguinte reduzir o di\u00e2metro m\u00ednimo de polia<\/strong>.<br \/>\nEsta dentadura n\u00e3o \u00e9 utiliz\u00e1vel para efetuar a tra\u00e7\u00e3o via uma polia dentada.<\/p>\n<p>&nbsp;<\/p>\n<h3>Em que caso(s) deve-se utilizar as corredi\u00e7as em Polietileno Alta Densidade (PEAD) ?<\/h3>\n<p><i class=\"fa fa-arrow-right \" ><\/i> As corredi\u00e7as PEAD oferecem uma <strong>excelente guiagem<\/strong> das correias redondas ou trapezoidais.<br \/>\n<strong>Permitem igualmente <strong>melhorar o coeficiente de fric\u00e7\u00e3o<\/strong> e por conseguinte <strong>aumentar a carga transportada<\/strong><\/strong>.<\/p>\n<p><a href=\"https:\/\/www.mafdel-belts.com\/pt-pt\/produto\/corredicas-correias\/\" target=\"_blank\">&gt; Mais detalhes na rubrica Corredi\u00e7as para correias<\/a><\/p>\n<p>&nbsp;<\/p>\n<h3>Qual \u00e9 a diferen\u00e7a entre as correias planas e as esteiras transportadoras ?<\/h3>\n<p><i class=\"fa fa-arrow-right \" ><\/i> Estabelecemos que :<br \/>\n&#8211; As correias planas t\u00eam uma largura inferior a 100mm.<br \/>\n&#8211; As esteiras transportadoras t\u00eam uma largura superior ou igual a 100mm.<\/p>\n<p>&nbsp;<\/p>\n<p>&nbsp;<\/p>\n<h2>Perguntas diversas<\/h2>\n<h3>Como \u00e9 que os produtos Mafdel contribuem para alcan\u00e7ar um n\u00edvel \u00f3ptimo de higiene nas ind\u00fastrias<br \/>\nagroalimentares ?<\/h3>\n<p><i class=\"fa fa-arrow-right \" ><\/i> Fornecer produtos de qualidade que contribuem para o respeito das normas de higiene \u00e9 uma das nossas prioridades.<br \/>\nAs nossas correias e esteiras transportadoras da gama alimentar respeitam as normas mais estritas e apresentam propriedades que contribuem para atingir um n\u00edvel \u00f3ptimo de higiene :<\/p>\n<ul style=\"list-style-type: disc;\">\n<li>Produtos monomaterial sem trama t\u00eaxtil, eliminando os riscos de desfiamento<\/li>\n<li>Produtos imperme\u00e1veis e imputresc\u00edveis<\/li>\n<li>Limpeza facilitada<\/li>\n<li>Resist\u00eancia \u00e0s agress\u00f5es qu\u00edmicas: solventes, \u00f3leos, gorduras, produtos de limpeza\u2026<\/li>\n<\/ul>\n<p>A utiliza\u00e7\u00e3o das correias e esteiras transportadoras Mafdel contribui igualmente para satisfazer os requisitos da dilig\u00eancia HACCP.<\/p>\n<p>&nbsp;<\/p>\n<h3>O que \u00e9 a dilig\u00eancia HACCP ?<\/h3>\n<p><i class=\"fa fa-arrow-right \" ><\/i> A dilig\u00eancia HACCP (Hazard Analysis Critical Control Point = An\u00e1lise dos perigos e pontos cr\u00edticos para o seu controlo) \u00e9 um m\u00e9todo destinado a reduzir no m\u00e1ximo os riscos sanit\u00e1rios nas ind\u00fastrias agroalimentares.<br \/>\nEste m\u00e9todo \u00e9 baseado em 7 grandes princ\u00edpios para controlar os riscos durante o processo, da an\u00e1lise dos perigos at\u00e9 \u00e0 verifica\u00e7\u00e3o da efic\u00e1cia do sistema implementado.<br \/>\nA gama de correias e de esteiras transportadoras Mafdel ajuda a fornecer um n\u00edvel \u00f3ptimo de higiene para satisfazer os requisitos desta dilig\u00eancia.<\/p>\n<p>&nbsp;<\/p>\n<hr \/>\n<p style=\"text-align: center;\">\u00a0Esta FAQ \u00e9 progressivamente enriquecida com as suas perguntas.<br \/>\nN\u00e3o hesite em contactar os nossos t\u00e9cnicos.<\/p>\n<hr \/>\n<p>&nbsp;<\/p>\n<p>&nbsp;<\/p>\n","protected":false},"excerpt":{"rendered":"<p>Perguntas frequentes &nbsp; Dados t\u00e9cnicos Qual \u00e9 a fun\u00e7\u00e3o das cores das correias e esteiras transportadoras ? A cor permite identificar a qualidade do material: composi\u00e7\u00e3o, dureza, possibilidade de contacto alimentar, bem como a presen\u00e7a ou n\u00e3o de um refor\u00e7o interno. As cores branca, marfim e azul s\u00e3o as mais frequentemente utilizadas na ind\u00fastria alimentar. [&hellip;]<\/p>\n","protected":false},"author":3,"featured_media":0,"parent":0,"menu_order":0,"comment_status":"open","ping_status":"open","template":"page-template-without-sidebar.php","meta":{"om_disable_all_campaigns":false,"_uf_show_specific_survey":0,"_uf_disable_surveys":false},"aioseo_notices":[],"_links":{"self":[{"href":"https:\/\/www.mafdel-belts.com\/pt-pt\/wp-json\/wp\/v2\/pages\/2033\/"}],"collection":[{"href":"https:\/\/www.mafdel-belts.com\/pt-pt\/wp-json\/wp\/v2\/pages\/"}],"about":[{"href":"https:\/\/www.mafdel-belts.com\/pt-pt\/wp-json\/wp\/v2\/types\/page\/"}],"author":[{"embeddable":true,"href":"https:\/\/www.mafdel-belts.com\/pt-pt\/wp-json\/wp\/v2\/users\/3\/"}],"replies":[{"embeddable":true,"href":"https:\/\/www.mafdel-belts.com\/pt-pt\/wp-json\/wp\/v2\/comments\/?post=2033"}],"version-history":[{"count":13,"href":"https:\/\/www.mafdel-belts.com\/pt-pt\/wp-json\/wp\/v2\/pages\/2033\/revisions\/"}],"predecessor-version":[{"id":2657,"href":"https:\/\/www.mafdel-belts.com\/pt-pt\/wp-json\/wp\/v2\/pages\/2033\/revisions\/2657\/"}],"wp:attachment":[{"href":"https:\/\/www.mafdel-belts.com\/pt-pt\/wp-json\/wp\/v2\/media\/?parent=2033"}],"curies":[{"name":"wp","href":"https:\/\/api.w.org\/{rel}","templated":true}]}}