{"id":1922,"date":"2015-04-17T21:49:40","date_gmt":"2015-04-17T20:49:40","guid":{"rendered":"https:\/\/www.mafdel-belts.com\/pt-pt\/?page_id=1922"},"modified":"2016-08-02T18:27:51","modified_gmt":"2016-08-02T17:27:51","slug":"industrias","status":"publish","type":"page","link":"https:\/\/www.mafdel-belts.com\/pt-pt\/industrias\/","title":{"rendered":"Aplica\u00e7\u00f5es"},"content":{"rendered":"<h1>As esteiras e correias termosold\u00e1veis MAFDEL adaptam-se \u00e0 numerosas aplica\u00e7\u00f5es<\/h1>\n<p>A Mafdel fabrica correias e esteiras transportadoras para a movimenta\u00e7\u00e3o cont\u00ednua na ind\u00fastria.<\/p>\n<p>A vasta gama dos produtos fabricados permite selecionar o produto adaptado \u00e0s necessidades da aplica\u00e7\u00e3o, de acordo<br \/>\ncom numerosas caracter\u00edsticas t\u00e9cnicas :<\/p>\n<ul style=\"list-style-type: disc;\">\n<li>Dureza<\/li>\n<li>Resist\u00eancia \u00e0 abras\u00e3o<\/li>\n<li>Refor\u00e7o<\/li>\n<li>Dentadura<\/li>\n<li>Revestimento<\/li>\n<li>Coeficiente de fric\u00e7\u00e3o<\/li>\n<li>Contacto alimentar<\/li>\n<li>Tens\u00e3o de instala\u00e7\u00e3oTemperaturas de utiliza\u00e7\u00e3o<\/li>\n<li>\u2026<\/li>\n<\/ul>\n<p>&nbsp;<\/p>\n<p>&nbsp;<\/p>\n<h2>Assim, as nossas correias e esteiras transportadoras termosold\u00e1veis representam uma solu\u00e7\u00e3o \u00f3ptima em numerosas em ind\u00fastrias<\/h2>\n<h3>Ind\u00fastrias agroalimentares<\/h3>\n<p><i class=\"fa fa-arrow-right \" ><\/i>\u00a0 Carnes e aves de capoeira<\/p>\n<p><i class=\"fa fa-arrow-right \" ><\/i>\u00a0 Peixes e mariscos<\/p>\n<p><i class=\"fa fa-arrow-right \" ><\/i>\u00a0 Leitarias \/Queijarias<\/p>\n<p><i class=\"fa fa-arrow-right \" ><\/i>\u00a0 Frutos e legumes<\/p>\n<p><i class=\"fa fa-arrow-right \" ><\/i>\u00a0 F\u00e1bricas de conservas<\/p>\n<p><i class=\"fa fa-arrow-right \" ><\/i>\u00a0 Padarias e pastelarias industriais<\/p>\n<p>&nbsp;<\/p>\n<p>&nbsp;<\/p>\n<h3>Outras ind\u00fastrias (n\u00e3o alimentares)<\/h3>\n<p><i class=\"fa fa-arrow-right \" ><\/i>\u00a0 Embalagens met\u00e1licas e pl\u00e1sticas<\/p>\n<p><i class=\"fa fa-arrow-right \" ><\/i>\u00a0 M\u00e1quinas agr\u00edcolas<\/p>\n<p><i class=\"fa fa-arrow-right \" ><\/i>\u00a0 Ind\u00fastrias da madeira e do vidro<\/p>\n<p><i class=\"fa fa-arrow-right \" ><\/i>\u00a0 F\u00e1bricas de papel\u00e3o, produ\u00e7\u00e3o gr\u00e1fica<\/p>\n<p><i class=\"fa fa-arrow-right \" ><\/i>\u00a0 Transportadores de rolos, log\u00edstica<\/p>\n<p><i class=\"fa fa-arrow-right \" ><\/i>\u00a0 Materiais de constru\u00e7\u00e3o<\/p>\n<p>&nbsp;<\/p>\n<p>&nbsp;<\/p>\n<hr \/>\n<p><strong>Conformes \u00e0s normas internacionais mais severas, as nossas correias e esteiras transportadoras contribuem para um n\u00edvel \u00f3ptimo de higiene, a fim de satisfazer \u00e0s exig\u00eancias da dilig\u00eancia HACCP<\/strong> (Hazard Analysis Control Point = An\u00e1lise dos perigos e pontos cr\u00edticos para o seu controlo).<\/p>\n<hr \/>\n<p>&nbsp;<\/p>\n","protected":false},"excerpt":{"rendered":"<p>As esteiras e correias termosold\u00e1veis MAFDEL adaptam-se \u00e0 numerosas aplica\u00e7\u00f5es A Mafdel fabrica correias e esteiras transportadoras para a movimenta\u00e7\u00e3o cont\u00ednua na ind\u00fastria. A vasta gama dos produtos fabricados permite selecionar o produto adaptado \u00e0s necessidades da aplica\u00e7\u00e3o, de acordo com numerosas caracter\u00edsticas t\u00e9cnicas : Dureza Resist\u00eancia \u00e0 abras\u00e3o Refor\u00e7o Dentadura Revestimento Coeficiente de fric\u00e7\u00e3o [&hellip;]<\/p>\n","protected":false},"author":3,"featured_media":0,"parent":0,"menu_order":0,"comment_status":"open","ping_status":"closed","template":"page-template-typeapplication.php","meta":{"om_disable_all_campaigns":false,"_uf_show_specific_survey":0,"_uf_disable_surveys":false},"aioseo_notices":[],"_links":{"self":[{"href":"https:\/\/www.mafdel-belts.com\/pt-pt\/wp-json\/wp\/v2\/pages\/1922\/"}],"collection":[{"href":"https:\/\/www.mafdel-belts.com\/pt-pt\/wp-json\/wp\/v2\/pages\/"}],"about":[{"href":"https:\/\/www.mafdel-belts.com\/pt-pt\/wp-json\/wp\/v2\/types\/page\/"}],"author":[{"embeddable":true,"href":"https:\/\/www.mafdel-belts.com\/pt-pt\/wp-json\/wp\/v2\/users\/3\/"}],"replies":[{"embeddable":true,"href":"https:\/\/www.mafdel-belts.com\/pt-pt\/wp-json\/wp\/v2\/comments\/?post=1922"}],"version-history":[{"count":4,"href":"https:\/\/www.mafdel-belts.com\/pt-pt\/wp-json\/wp\/v2\/pages\/1922\/revisions\/"}],"predecessor-version":[{"id":2654,"href":"https:\/\/www.mafdel-belts.com\/pt-pt\/wp-json\/wp\/v2\/pages\/1922\/revisions\/2654\/"}],"wp:attachment":[{"href":"https:\/\/www.mafdel-belts.com\/pt-pt\/wp-json\/wp\/v2\/media\/?parent=1922"}],"curies":[{"name":"wp","href":"https:\/\/api.w.org\/{rel}","templated":true}]}}