{"id":1876,"date":"2015-04-11T08:49:15","date_gmt":"2015-04-11T07:49:15","guid":{"rendered":"https:\/\/www.mafdel-belts.com\/pt-pt\/?page_id=1876"},"modified":"2022-06-14T13:26:46","modified_gmt":"2022-06-14T12:26:46","slug":"fabricante-esteiras-transportadoras-e-correias-termosoldaveis","status":"publish","type":"page","link":"https:\/\/www.mafdel-belts.com\/pt-pt\/fabricante-esteiras-transportadoras-e-correias-termosoldaveis\/","title":{"rendered":"A empresa"},"content":{"rendered":"<div class='content-column one_third'><h1>Fabricante hist\u00f3rico de correias termosold\u00e1veis e esteiras transportadoras para a movimenta\u00e7\u00e3o industrial<\/h1><\/div>\n<div class='content-column two_third last_column'><div style=\"padding-left:20px;\"><p>Localizada na Fran\u00e7a, perto de Lyon, a empresa MAFDEL \u00e9 especializada na fabrica\u00e7\u00e3o de<a href=\"https:\/\/www.mafdel-belts.com\/pt-pt\/tp\/correia-termosoldavel\/\"> correias<\/a> e <a href=\"https:\/\/www.mafdel-belts.com\/pt-pt\/tp\/esteira-transportadora\/\">esteiras transportadoras<\/a> termosold\u00e1veis para a movimenta\u00e7\u00e3o industrial.<\/p>\n<p>A vasta gama em constante evolu\u00e7\u00e3o dos produtos MAFDEL, responde h\u00e1 mais de 40 anos \u00e0s necessidades de numerosas ind\u00fastrias, no mundo inteiro.<\/p>\n<p>Os nossos meios de produ\u00e7\u00e3o mais modernos e a utiliza\u00e7\u00e3o dos materiais mais eficientes asseguram-lhe produtos com os mais altos padr\u00f5es de tecnicismo.<\/p>\n<p>Os meios de controlo avan\u00e7ados garantem a alta qualidade e regularidade dos nossos produtos.<\/div><\/div><div class='clear_column'><\/div>\n<p>&nbsp;<\/p>\n<p><iframe loading=\"lazy\" src=\"\/\/www.youtube.com\/embed\/eGiZhNxLQy0\" width=\"560\" height=\"314\" allowfullscreen=\"allowfullscreen\"><\/iframe><\/p>\n<p>&nbsp;<\/p>\n<h3>Historial<\/h3>\n<p>Nos anos 70-80, a movimenta\u00e7\u00e3o industrial desenvolve-se. As correias e esteiras transportadoras s\u00e3o ent\u00e3o essencialmente fabricadas sem fim, ou muito dificilmente sold\u00e1veis, e revela-se a necessidade de uma otimiza\u00e7\u00e3o da manuten\u00e7\u00e3o.<br \/>\n<div class='content-column one_sixth'><img loading=\"lazy\" class=\"alignnone wp-image-36 size-full\" src=\"https:\/\/www.mafdel-belts.com\/wp-content\/uploads\/2015\/04\/historique-mafdel.png\" alt=\"\" width=\"140\" height=\"198\" \/><br \/><\/div><\/p>\n<div class='content-column five_sixth last_column'><div style=\"padding-right:12px;\"><p>Jean-Claude Jouffray cria a MAFDEL em 1981 em Saint-Alban-de-Roche (38) e lan\u00e7a uma primeira gama de correias e esteiras transportadoras monomaterial com jun\u00e7\u00e3o sold\u00e1vel no local de funcionamento do equipamento pelo pr\u00f3prio operador.<br \/>\nA empresa desenvolve-se e, em 1989, muda para instala\u00e7\u00f5es maiores em Saint-Georges-d&#8217; Esp\u00e9ranche (38).<br \/>\nO parque de m\u00e1quinas aumenta e a constru\u00e7\u00e3o de uma primeira instala\u00e7\u00e3o de extens\u00e3o de 1000 m\u00b2 ocorre em 1997.<\/p>\n<p>Em 2004, Fran\u00e7ois-R\u00e9gis Jouffray e Michel Jouffray asseguram a sucess\u00e3o na dire\u00e7\u00e3o da empresa.<br \/>\nA constru\u00e7\u00e3o de uma segunda instala\u00e7\u00e3o de extens\u00e3o de 1000 m\u00b2 destinada a acolher novas m\u00e1quinas \u00e9 realizada em 2006.<\/p>\n<p>No final do ano 2012, a <a href=\"http:\/\/www.bmts.fr\/fr\/\" target=\"_blank\" rel=\"noopener noreferrer\">sociedade BMTS<\/a>, fabricante implantado perto de Nantes, junta-se \u00e0 MAFDEL. As duas empresas formam o \u00fanico fabricante franc\u00eas de correias e de esteiras transportadoras monomaterial.<\/div><\/div><div class='clear_column'><\/div>\n<p><img loading=\"lazy\" class=\"alignnone wp-image-3390 size-full\" title=\"BMTS building at Vigneux-de-Bretagne (France)\" src=\"https:\/\/www.mafdel-belts.com\/wp-content\/uploads\/Batiment-BMTS-e1541603312756.jpg\" alt=\"Picture of BMTS building\" width=\"590\" height=\"295\" srcset=\"https:\/\/www.mafdel-belts.com\/wp-content\/uploads\/Batiment-BMTS-e1541603312756.jpg 590w, https:\/\/www.mafdel-belts.com\/wp-content\/uploads\/Batiment-BMTS-e1541603312756-300x150.jpg 300w\" sizes=\"(max-width: 590px) 100vw, 590px\" \/>\u00a0 \u00a0<img loading=\"lazy\" class=\"alignnone wp-image-3391 size-full\" title=\"New production facility\" src=\"https:\/\/www.mafdel-belts.com\/wp-content\/uploads\/Batiment-construction-e1541603415702.jpg\" alt=\"Picture of the new production facility\" width=\"590\" height=\"295\" srcset=\"https:\/\/www.mafdel-belts.com\/wp-content\/uploads\/Batiment-construction-e1541603415702.jpg 590w, https:\/\/www.mafdel-belts.com\/wp-content\/uploads\/Batiment-construction-e1541603415702-300x150.jpg 300w\" sizes=\"(max-width: 590px) 100vw, 590px\" \/><\/p>\n<p><span style=\"color: #808080;\"><strong>A MAFDEL prossegue os seus objetivos de qualidade e o seu empenho em satisfazer os clientes.<br \/>\n<strong>O desenvolvimento de novas gamas de produtos inovadores e a expans\u00e3o da rede comercial fazem parte dos principais objetivos para o futuro da empresa.<\/strong><\/strong><\/span><\/p>\n<p>&nbsp;<\/p>\n<h3>A nossa rede de distribuidores:<\/h3>\n<p>Os produtos Mafdel est\u00e3o dispon\u00edveis em todo o mundo atrav\u00e9s de uma rede de distribuidores e parceiros em mais de 60 pa\u00edses.<\/p>\n<p>Se desejar saber mais e tornar-se distribuidor, por favor <a href=\"https:\/\/www.mafdel-belts.com\/pt-pt\/carreiras-mafdel\/\">contacte-nos<\/a>.<\/p>\n<p>&nbsp;<\/p>\n<h3>S\u00f3cio :<\/h3>\n<p><a href=\"https:\/\/www.niba.org\/\" target=\"_blank\" rel=\"noopener noreferrer\"><img loading=\"lazy\" class=\"alignnone wp-image-7348 \" title=\"Membro NIBA\" src=\"https:\/\/www.mafdel-belts.com\/wp-content\/uploads\/NIBA-Logo.png\" alt=\"\" width=\"128\" height=\"124\" \/><\/a><a href=\"https:\/\/www.ehedg.org\/\" target=\"_blank\" rel=\"noopener\"><img loading=\"lazy\" class=\"alignnone wp-image-8523\" src=\"https:\/\/www.mafdel-belts.com\/wp-content\/uploads\/EHEDG_member_logo_RGB_450x450-300x300.png\" alt=\"\" width=\"125\" height=\"125\" srcset=\"https:\/\/www.mafdel-belts.com\/wp-content\/uploads\/EHEDG_member_logo_RGB_450x450-300x300.png 300w, https:\/\/www.mafdel-belts.com\/wp-content\/uploads\/EHEDG_member_logo_RGB_450x450-150x150.png 150w, https:\/\/www.mafdel-belts.com\/wp-content\/uploads\/EHEDG_member_logo_RGB_450x450.png 450w\" sizes=\"(max-width: 125px) 100vw, 125px\" \/><\/a><\/p>\n","protected":false},"excerpt":{"rendered":"<p>&nbsp; &nbsp; Historial Nos anos 70-80, a movimenta\u00e7\u00e3o industrial desenvolve-se. As correias e esteiras transportadoras s\u00e3o ent\u00e3o essencialmente fabricadas sem fim, ou muito dificilmente sold\u00e1veis, e revela-se a necessidade de uma otimiza\u00e7\u00e3o da manuten\u00e7\u00e3o. \u00a0 \u00a0 A MAFDEL prossegue os seus objetivos de qualidade e o seu empenho em satisfazer os clientes. O desenvolvimento de [&hellip;]<\/p>\n","protected":false},"author":3,"featured_media":0,"parent":0,"menu_order":0,"comment_status":"open","ping_status":"open","template":"page-template-without-sidebar.php","meta":{"om_disable_all_campaigns":false,"_uf_show_specific_survey":0,"_uf_disable_surveys":false},"aioseo_notices":[],"_links":{"self":[{"href":"https:\/\/www.mafdel-belts.com\/pt-pt\/wp-json\/wp\/v2\/pages\/1876\/"}],"collection":[{"href":"https:\/\/www.mafdel-belts.com\/pt-pt\/wp-json\/wp\/v2\/pages\/"}],"about":[{"href":"https:\/\/www.mafdel-belts.com\/pt-pt\/wp-json\/wp\/v2\/types\/page\/"}],"author":[{"embeddable":true,"href":"https:\/\/www.mafdel-belts.com\/pt-pt\/wp-json\/wp\/v2\/users\/3\/"}],"replies":[{"embeddable":true,"href":"https:\/\/www.mafdel-belts.com\/pt-pt\/wp-json\/wp\/v2\/comments\/?post=1876"}],"version-history":[{"count":18,"href":"https:\/\/www.mafdel-belts.com\/pt-pt\/wp-json\/wp\/v2\/pages\/1876\/revisions\/"}],"predecessor-version":[{"id":8532,"href":"https:\/\/www.mafdel-belts.com\/pt-pt\/wp-json\/wp\/v2\/pages\/1876\/revisions\/8532\/"}],"wp:attachment":[{"href":"https:\/\/www.mafdel-belts.com\/pt-pt\/wp-json\/wp\/v2\/media\/?parent=1876"}],"curies":[{"name":"wp","href":"https:\/\/api.w.org\/{rel}","templated":true}]}}