{"id":1156,"date":"2015-04-17T21:52:06","date_gmt":"2015-04-17T20:52:06","guid":{"rendered":"https:\/\/www.mafdel-belts.com\/?page_id=1156"},"modified":"2024-10-08T10:22:29","modified_gmt":"2024-10-08T09:22:29","slug":"catalogo-correia-e-esteira-transportadora","status":"publish","type":"page","link":"https:\/\/www.mafdel-belts.com\/pt-pt\/catalogo-correia-e-esteira-transportadora\/","title":{"rendered":"Documenta\u00e7\u00e3o"},"content":{"rendered":"<div class='content-column one_third'><h1><span style=\"font-size: 24pt;\"><strong>Cat\u00e1logos de correias, esteiras transportadoras e esteiras de trac\u00e7\u00e3o positiva<\/strong><\/span><\/h1><\/div>\n<div class='content-column two_third last_column'><div style=\"padding-left:20px;\"><p>Encontrar\u00e1 nesta rubrica todas as nossas fichas de produtos, as caracter\u00edsticas t\u00e9cnicas dos nossos produtos assim como os nossos conselhos para permitir-lhe escolher o produto adaptado \u00e0s suas necessidades e exig\u00eancias.<\/p>\n<p>Os documentos est\u00e3o em formato PDF.<\/p>\n<p>Se n\u00e3o possuir o software necess\u00e1rio para ler este formato de ficheiro, pode <a href=\"https:\/\/get.adobe.com\/uk\/reader\/otherversions\/\" target=\"_blank\" rel=\"noopener noreferrer\">download the latest version of Adobe Read here<\/a>.<\/div><\/div><div class='clear_column'><\/div>\n<p>&nbsp;<\/p>\n<p>&nbsp;<\/p>\n<p>&nbsp;<\/p>\n<h3><i class=\"fa fa-arrow-right \" ><\/i> <strong>As correias<\/strong><\/h3>\n<div class=\"line-break\" style=\"width: 100%; height:12px;\"><\/div>\n<div class='content-column one_fourth'><div style=\"padding-right:22px;\"><div class=\"bloc-doc-entete\" style=\"height:27px;\">Consultar o cat\u00e1logo completo<\/div><a href=\"https:\/\/www.mafdel-belts.com\/wp-content\/uploads\/MAFDEL-Thermoweldable-profiles-Catalogue.pdf\" target=\"_blank\" rel=\"noopener noreferrer\"><div class=\"bloc-doc-detail\" style=\"height:231px; text-decoration: none;\"><\/a><a href=\"https:\/\/www.mafdel-belts.com\/wp-content\/uploads\/MAFDEL-Thermoweldable-profiles-Catalogue.pdf\" target=\"_blank\" rel=\"noopener noreferrer\"><img loading=\"lazy\" class=\"alignnone wp-image-565 size-full\" src=\"https:\/\/www.mafdel-belts.com\/wp-content\/uploads\/Couv-miniature-Courroies-FR-Mafdel.png\" alt=\"\" width=\"134\" height=\"190\" \/><\/a><a href=\"https:\/\/www.mafdel-belts.com\/wp-content\/uploads\/MAFDEL-Thermoweldable-profiles-Catalogue.pdf\" target=\"_blank\" rel=\"noopener noreferrer\"><\/ br><i class=\"fa fa-download\"><\/i><\/div><\/a><\/div><\/div>\n<div class='content-column one_fourth'><div style=\"padding-right:15px;padding-left:7px;\"><div class=\"bloc-doc-entete\" style=\"height:27px;\">As correias redondas<\/div><a href=\"https:\/\/www.mafdel-belts.com\/wp-content\/uploads\/MAFDEL-Thermoweldable-Round-Profiles.pdf\" target=\"_blank\" rel=\"noopener noreferrer\"><div class=\"bloc-doc-detail\" style=\"height:63px; text-decoration: none;\"> A gama de correias redondas<\/ br><i class=\"fa fa-download\"><\/i><\/div><\/a><div class=\"line-break\" style=\"width: 100%; height:43px;\"><\/div><div class=\"bloc-doc-entete\" style=\"height:27px;\">As correias especiais<\/div><a href=\"https:\/\/www.mafdel-belts.com\/wp-content\/uploads\/MAFDEL-Special-Profiles.pdf\" target=\"_blank\" rel=\"noopener noreferrer\"><div class=\"bloc-doc-detail\" style=\"height:63px; text-decoration: none;\">Exemplos de realiza\u00e7\u00e3o<\/ br><i class=\"fa fa-download\"><\/i><\/div><\/a><\/div><\/div>\n<div class='content-column one_fourth'><div style=\"padding-right:7px;padding-left:15px;\"><div class=\"bloc-doc-entete\" style=\"height:27px;\">As correias trapezoidais<\/div><a href=\"https:\/\/www.mafdel-belts.com\/wp-content\/uploads\/MAFDEL-Thermoweldable-V-Profiles.pdf\" target=\"_blank\" rel=\"noopener noreferrer\"><div class=\"bloc-doc-detail\" style=\"height:63px; text-decoration: none;\">A gama de correias trapezoidais<\/ br><i class=\"fa fa-download\"><\/i><\/div><\/a><div class=\"line-break\" style=\"width: 100%; height:43px;\"><\/div><div class=\"bloc-doc-entete\" style=\"height:27px;\">As corredi\u00e7as<\/div><a href=\"https:\/\/www.mafdel-belts.com\/wp-content\/uploads\/MAFDEL-Profiles-Runners.pdf\" target=\"_blank\" rel=\"noopener noreferrer\"><div class=\"bloc-doc-detail\" style=\"height:63px; text-decoration: none;\">As caracter\u00edsticas<\/ br><i class=\"fa fa-download\"><\/i><\/div><\/a><\/div><\/div>\n<div class='content-column one_fourth last_column'><div style=\"padding-left:22px;\"><div class=\"bloc-doc-entete\" style=\"height:27px;\">As correias pentagonais<\/div><a href=\"https:\/\/www.mafdel-belts.com\/wp-content\/uploads\/MAFDEL-Thermoweldable-Ridge-Top-V-Profiles.pdf\" target=\"_blank\" rel=\"noopener noreferrer\"><div class=\"bloc-doc-detail\" style=\"height:63px; text-decoration: none;\">A gama de correias pentagonais<\/ br><i class=\"fa fa-download\"><\/i><\/div><\/a><\/div><\/div><div class='clear_column'><\/div>\n<p>&nbsp;<\/p>\n<p>&nbsp;<\/p>\n<p>&nbsp;<\/p>\n<h3><i class=\"fa fa-arrow-right \" ><\/i> <strong>As esteiras transportadoras monomaterial<\/strong><\/h3>\n<div class=\"line-break\" style=\"width: 100%; height:12px;\"><\/div>\n<div class='content-column one_fourth'><div style=\"padding-right:22px;\"><div class=\"bloc-doc-entete\" style=\"height:27px;\">Consultar o cat\u00e1logo completo<\/div><a href=\"https:\/\/www.mafdel-belts.com\/wp-content\/uploads\/Mafdel-Homogeneous-Conveyor-Belts-Catalogue-V1.pdf\" target=\"_blank\" rel=\"noopener noreferrer\"><div class=\"bloc-doc-detail\" style=\"height:231px; text-decoration: none;\"><\/a><a href=\"https:\/\/www.mafdel-belts.com\/wp-content\/uploads\/Mafdel-Homogeneous-Conveyor-Belts-Catalogue-V1.pdf\" target=\"_blank\" rel=\"noopener noreferrer\"><img loading=\"lazy\" class=\"alignnone wp-image-3460 size-full\" src=\"https:\/\/www.mafdel-belts.com\/wp-content\/uploads\/Visuel-Catalogue-Bandes-transporteuses.jpg\" alt=\"\" width=\"134\" height=\"190\" \/><\/a><a href=\"https:\/\/www.mafdel-belts.com\/wp-content\/uploads\/Mafdel-Homogeneous-Conveyor-Belts-Catalogue-V1.pdf\" target=\"_blank\" rel=\"noopener noreferrer\"><\/ br><i class=\"fa fa-download\"><\/i><\/div><\/a><\/div><\/div>\n<div class='content-column one_fourth'><div style=\"padding-right:15px;padding-left:7px;\"><div class=\"bloc-doc-entete\" style=\"height:27px;\">Padr\u00e3o\/Alimentares<\/div><a href=\"https:\/\/www.mafdel-belts.com\/wp-content\/uploads\/Mafdel-Homogeneous-Conveyor-Belts-Standard-Catalogue.pdf\" target=\"_blank\" rel=\"noopener noreferrer\"><div class=\"bloc-doc-detail\" style=\"height:63px; text-decoration: none;\">Standard\/A gama padr\u00e3o<\/ br><i class=\"fa fa-download\"><\/i><\/div><\/a><\/div><\/div>\n<div class='content-column one_fourth'><div style=\"padding-right:7px;padding-left:15px;\"><div class=\"bloc-doc-entete\" style=\"height:27px;\">Travessas\/Guias\/Bordos<\/div><a href=\"https:\/\/www.mafdel-belts.com\/wp-content\/uploads\/Mafdel-Homogeneous-Conveyor-Belts-Equipment-Catalogue.pdf\" target=\"_blank\" rel=\"noopener noreferrer\"><div class=\"bloc-doc-detail\" style=\"height:63px; text-decoration: none;\">As esteiras com travessas<\/ br><i class=\"fa fa-download\"><\/i><\/div><\/a><\/div><\/div>\n<div class='content-column one_fourth last_column'><div style=\"padding-left:22px;\"><div class=\"bloc-doc-entete\" style=\"height:27px;\">Revestimentos\/Especiais<\/div><a href=\"https:\/\/www.mafdel-belts.com\/wp-content\/uploads\/2016\/05\/mafdel-special-coatings-range.pdf\" target=\"_blank\" rel=\"noopener noreferrer\"><div class=\"bloc-doc-detail\" style=\"height:63px; text-decoration: none;\">Os revestimentos especiais<\/ br><i class=\"fa fa-download\"><\/i><\/div><div class=\"line-break\" style=\"width: 100%; height:6px;\"><\/div><\/a><a href=\"https:\/\/www.mafdel-belts.com\/wp-content\/uploads\/Mafdel-Homogeneous-Conveyor-Belts-Perforation-Catalogue.pdf\" target=\"_blank\" rel=\"noopener noreferrer\"><div class=\"bloc-doc-detail\" style=\"height:63px; text-decoration: none;\">Perfura\u00e7\u00e3o\/Corte CNC<\/ br><i class=\"fa fa-download\"><\/i><\/div><\/a><\/div><\/div><div class='clear_column'><\/div>\n<p>&nbsp;<\/p>\n<p>&nbsp;<\/p>\n<p>&nbsp;<\/p>\n<h3><i class=\"fa fa-arrow-right \" ><\/i> <strong>As esteiras de tra\u00e7\u00e3o positiva<\/strong><\/h3>\n<div class=\"line-break\" style=\"width: 100%; height:12px;\"><\/div>\n<div class='content-column one_fourth'><div style=\"padding-right:22px;\"><div class=\"bloc-doc-entete\" style=\"height:27px;\">Consultar o cat\u00e1logo completo<\/div><a href=\"https:\/\/www.mafdel-belts.com\/wp-content\/uploads\/Mafdel-Positive-Drive-Conveyor-Belts-Catalog-2024-1.pdf\" target=\"_blank\" rel=\"noopener noreferrer\"><div class=\"bloc-doc-detail\" style=\"height:231px; text-decoration: none;\"><\/a><a href=\"https:\/\/www.mafdel-belts.com\/wp-content\/uploads\/Mafdel-Positive-Drive-Conveyor-Belts-Catalog-2024-1.pdf\" target=\"_blank\" rel=\"noopener noreferrer\"><img loading=\"lazy\" class=\"alignnone wp-image-3459 size-full\" src=\"https:\/\/www.mafdel-belts.com\/wp-content\/uploads\/Visuel-catalogue-BT2.jpg\" alt=\"\" width=\"134\" height=\"190\" \/><\/a><a href=\"https:\/\/www.mafdel-belts.com\/wp-content\/uploads\/Mafdel-Positive-Drive-Conveyor-Belts-Catalog-2024-1.pdf\" target=\"_blank\" rel=\"noopener noreferrer\"><\/ br><i class=\"fa fa-download\"><\/i><\/div><\/a><\/div><\/div>\n<div class='content-column one_fourth'><div style=\"padding-right:15px;padding-left:7px;\"><div class=\"bloc-doc-entete\" style=\"height:27px;\">Apresenta\u00e7\u00e3o<\/div><a href=\"https:\/\/www.mafdel-belts.com\/wp-content\/uploads\/Mafdel-Positive-Drive-Conveyor-Belts-Characteristics.pdf\" target=\"_blank\" rel=\"noopener noreferrer\"><div class=\"bloc-doc-detail\" style=\"height:63px; text-decoration: none;\">Caracter\u00edsticas e vantagens<\/ br><i class=\"fa fa-download\"><\/i><\/div><\/a><\/div><\/div>\n<div class='content-column one_fourth'><div style=\"padding-right:7px;padding-left:15px;\"><div class=\"bloc-doc-entete\" style=\"height:27px;\">Os produtos<\/div><a href=\"https:\/\/www.mafdel-belts.com\/wp-content\/uploads\/Mafdel-Positive-Drive-Conveyor-Belts-DELDRIVE-1.pdf\" target=\"_blank\" rel=\"noopener noreferrer\"><div class=\"bloc-doc-detail\" style=\"height:63px; text-decoration: none;\">A gama DEL\/DRIVE<\/ br><i class=\"fa fa-download\"><\/i><\/div><\/a> <div class=\"line-break\" style=\"width: 100%; height:6px;\"><\/div> <a href=\"https:\/\/www.mafdel-belts.com\/wp-content\/uploads\/Mafdel-Positive-Drive-Conveyor-Belts-POSITIVEBELT-1.pdf\" target=\"_blank\" rel=\"noopener noreferrer\"><div class=\"bloc-doc-detail\" style=\"height:63px; text-decoration: none;\">A gama POSITIVEBELT<\/ br><i class=\"fa fa-download\"><\/i><\/div><\/a><div class=\"line-break\" style=\"width: 100%; height:6px;\"><\/div><a href=\"https:\/\/www.mafdel-belts.com\/wp-content\/uploads\/Mafdel-Positive-Drive-Conveyor-Belts-DELSYNC.pdf\" target=\"_blank\" rel=\"noopener noreferrer\"><div class=\"bloc-doc-detail\" style=\"height:63px; text-decoration: none;\">A gama DEL\/SYNC<\/ br><i class=\"fa fa-download\"><\/i><\/div><div class=\"line-break\" style=\"width: 100%; height:6px;\"><\/div> <\/a><a href=\"https:\/\/www.mafdel-belts.com\/wp-content\/uploads\/Mafdel-Positive-Drive-Conveyor-Belts-SDRIVE-1-1.pdf\" target=\"_blank\" rel=\"noopener noreferrer\"><div class=\"bloc-doc-detail\" style=\"height:63px; text-decoration: none;\">A gama S\/DRIVE<\/ br><i class=\"fa fa-download\"><\/i><\/div><\/a><\/div><\/div>\n<div class='content-column one_fourth last_column'><div style=\"padding-left:22px;\"><\/div><\/div><div class='clear_column'><\/div>\n<p>&nbsp;<\/p>\n<p>&nbsp;<\/p>\n<p>&nbsp;<\/p>\n<p>&nbsp;<\/p>\n<p>&nbsp;<\/p>\n<h3><i class=\"fa fa-arrow-right \" ><\/i> <strong>Ferramentas e acess\u00f3rios<\/strong><\/h3>\n<div class=\"line-break\" style=\"width: 100%; height:12px;\"><\/div>\n<div class='content-column one_fourth'><div style=\"padding-right:15px;padding-left:7px;\"><div class=\"bloc-doc-entete\" style=\"height:27px;\">Soldadura das correias<\/div><a href=\"https:\/\/www.mafdel-belts.com\/wp-content\/uploads\/Mafdel-tools-profiles-Catalogue.pdf\" target=\"_blank\" rel=\"noopener noreferrer\"><div class=\"bloc-doc-detail\" style=\"height:63px; text-decoration: none;\">Ferramenta de soldadura direita<\/ br><i class=\"fa fa-download\"><\/i><\/div><\/a> <div class=\"line-break\" style=\"width: 100%; height:6px;\"><\/div><div class=\"line-break\" style=\"width: 100%; height:6px;\"><\/div><a href=\"https:\/\/www.mafdel-belts.com\/wp-content\/uploads\/Mafdel-tools-profiles-Catalogue.pdf\" target=\"_blank\" rel=\"noopener noreferrer\"><div class=\"bloc-doc-detail\" style=\"height:63px; text-decoration: none;\">Ferramenta de soldadura overlap<\/ br><i class=\"fa fa-download\"><\/i><\/div><\/a><div class=\"line-break\" style=\"width: 100%; height:6px;\"><\/div><\/div><\/div>\n<div class='content-column one_fourth'><div style=\"padding-right:15px;padding-left:7px;\"><div class=\"bloc-doc-entete\" style=\"height:27px;\">Soldadura das esteiras transportadoras<\/div><a href=\"https:\/\/www.mafdel-belts.com\/wp-content\/uploads\/Mafdel-Homogeneous-Conveyor-Belts-Tooling-Catalogue-V1.pdf\" target=\"_blank\" rel=\"noopener noreferrer\"><div class=\"bloc-doc-detail\" style=\"height:63px; text-decoration: none;\">Ferramenta de soldadura das esteiras<\/ br><i class=\"fa fa-download\"><\/i><\/div><\/a><div class=\"line-break\" style=\"width: 100%; height:6px;\"><\/div><\/div><\/div>\n<div class='content-column one_fourth'><div style=\"padding-right:7px;padding-left:15px;\"><div class=\"bloc-doc-entete\" style=\"height:27px;\">Raspadores para esteiras alimentares<\/div><a href=\"https:\/\/www.mafdel-belts.com\/wp-content\/uploads\/Mafdel-Homogeneous-Conveyor-Belts-Scrapers-Catalogue.pdf\" target=\"_blank\" rel=\"noopener noreferrer\"><div class=\"bloc-doc-detail\" style=\"height:63px; text-decoration: none;\">Raspadores<\/ br><i class=\"fa fa-download\"><\/i><\/div> <\/a><\/div><\/div>\n<div class='content-column one_fourth last_column'><div style=\"padding-right:7px;padding-left:15px;\"><div class=\"bloc-doc-entete\" style=\"height:27px;\">Clipes de reten\u00e7\u00e3o da roda dentada<\/div><a href=\"https:\/\/www.mafdel-belts.com\/wp-content\/uploads\/MAFDEL-Sprocket-retaining-clips.pdf\" target=\"_blank\" rel=\"noopener noreferrer\"><div class=\"bloc-doc-detail\" style=\"height:63px; text-decoration: none;\">Clipes de reten\u00e7\u00e3o da roda dentada<\/ br><i class=\"fa fa-download\"><\/i><\/div><\/a><\/div><\/div><div class='clear_column'><\/div>\n","protected":false},"excerpt":{"rendered":"<p>&nbsp; &nbsp; &nbsp; As correias &nbsp; &nbsp; &nbsp; As esteiras transportadoras monomaterial &nbsp; &nbsp; &nbsp; As esteiras de tra\u00e7\u00e3o positiva &nbsp; &nbsp; &nbsp; &nbsp; &nbsp; Ferramentas e acess\u00f3rios<\/p>\n","protected":false},"author":3,"featured_media":0,"parent":0,"menu_order":0,"comment_status":"open","ping_status":"closed","template":"page-template-without-sidebar.php","meta":{"om_disable_all_campaigns":false,"_uf_show_specific_survey":0,"_uf_disable_surveys":false},"aioseo_notices":[],"_links":{"self":[{"href":"https:\/\/www.mafdel-belts.com\/pt-pt\/wp-json\/wp\/v2\/pages\/1156\/"}],"collection":[{"href":"https:\/\/www.mafdel-belts.com\/pt-pt\/wp-json\/wp\/v2\/pages\/"}],"about":[{"href":"https:\/\/www.mafdel-belts.com\/pt-pt\/wp-json\/wp\/v2\/types\/page\/"}],"author":[{"embeddable":true,"href":"https:\/\/www.mafdel-belts.com\/pt-pt\/wp-json\/wp\/v2\/users\/3\/"}],"replies":[{"embeddable":true,"href":"https:\/\/www.mafdel-belts.com\/pt-pt\/wp-json\/wp\/v2\/comments\/?post=1156"}],"version-history":[{"count":40,"href":"https:\/\/www.mafdel-belts.com\/pt-pt\/wp-json\/wp\/v2\/pages\/1156\/revisions\/"}],"predecessor-version":[{"id":11106,"href":"https:\/\/www.mafdel-belts.com\/pt-pt\/wp-json\/wp\/v2\/pages\/1156\/revisions\/11106\/"}],"wp:attachment":[{"href":"https:\/\/www.mafdel-belts.com\/pt-pt\/wp-json\/wp\/v2\/media\/?parent=1156"}],"curies":[{"name":"wp","href":"https:\/\/api.w.org\/{rel}","templated":true}]}}