{"id":111,"date":"2015-04-02T20:27:11","date_gmt":"2015-04-02T19:27:11","guid":{"rendered":"https:\/\/www.mafdel-belts.com\/accueil-2\/"},"modified":"2024-09-09T14:39:20","modified_gmt":"2024-09-09T13:39:20","slug":"accueil","status":"publish","type":"page","link":"https:\/\/www.mafdel-belts.com\/pt-pt\/","title":{"rendered":"P\u00e1gina inicial"},"content":{"rendered":"<div class='content-column one_third'><h1>Mafdel : Fabricante de correias e esteiras transportadoras termosold\u00e1veis h\u00e1 mais<br \/>\nde 40 anos<\/h1><\/div>\n<div class='content-column two_third last_column'><div style=\"padding-left:20px;\"><p>A Mafdel concebe e fabrica correias e esteiras transportadoras termosold\u00e1veis destinadas \u00e0 movimenta\u00e7\u00e3o industrial cont\u00ednua.<\/p>\n<p>As correias e esteiras transportadoras Mafdel s\u00e3o utilizadas na maior parte das ind\u00fastrias pelas suas numerosas vantagens :<\/p>\n<ul>\n<li>Jun\u00e7\u00e3o simples e r\u00e1pida no local de funcionamento do equipamento sem desmontagem dos transportadores<\/li>\n<li>Repara\u00e7\u00e3o sem interrup\u00e7\u00e3o da produ\u00e7\u00e3o<\/li>\n<li>Resist\u00eancia elevada \u00e0 abras\u00e3o, aos cortes e rupturas<\/li>\n<li>Resist\u00eancia aos \u00f3leos, gorduras e solventes<\/li>\n<li>Conformidade \u00e0s normas alimentares mais estritas.<\/li>\n<\/ul><\/div><\/div><div class='clear_column'><\/div>\n<p>&nbsp;<\/p>\n<p>&nbsp;<\/p>\n<p><iframe loading=\"lazy\" title=\"Mafdel: Manufacturer of thermoweldable belts and conveyor belts\" width=\"500\" height=\"281\" src=\"https:\/\/www.youtube.com\/embed\/FV85jIe_LCI?feature=oembed\" frameborder=\"0\" allow=\"accelerometer; autoplay; clipboard-write; encrypted-media; gyroscope; picture-in-picture; web-share\" referrerpolicy=\"strict-origin-when-cross-origin\" allowfullscreen><\/iframe><\/p>\n<p>&nbsp;<\/p>\n<p>&nbsp;<\/p>\n<h2>Os produtos Mafdel podem ser utilizados para numerosas aplica\u00e7\u00f5es :<\/h2>\n<p><strong><i class=\"fa fa-arrow-right \" ><\/i>\u00a0 Alimentar :\u00a0 <\/strong>Carne, matadouros, aves de capoeira, queijarias, f\u00e1bricas de conservas, frutos &amp; legumes, peixes, padarias industriais, biscoitarias\u2026<\/p>\n<p><strong><i class=\"fa fa-arrow-right \" ><\/i>\u00a0 Embalagem :\u00a0 <\/strong>Embalagens met\u00e1licas, f\u00e1bricas de papel\u00e3o, transforma\u00e7\u00e3o pl\u00e1stica, produ\u00e7\u00e3o gr\u00e1fica, papelarias\u2026<\/p>\n<p><strong><i class=\"fa fa-arrow-right \" ><\/i>\u00a0 Fabrica\u00e7\u00e3o de materiais :\u00a0 <\/strong>F\u00e1bricas de tijolos e telhas, cer\u00e2micas, produtos de bet\u00e3o, produtos de gesso, ind\u00fastria da madeira, ind\u00fastria do vidro\u2026<\/p>\n<p><strong><i class=\"fa fa-arrow-right \" ><\/i>\u00a0 Outros sectores :\u00a0 <\/strong>Autom\u00f3vel, mec\u00e2nica, log\u00edstica, ind\u00fastria farmac\u00eautica, ind\u00fastria cosm\u00e9tica, m\u00e1quinas agr\u00edcolas\u2026<\/p>\n<div class='content-column one_third'><a href=\"https:\/\/www.mafdel-belts.com\/pt-pt\/tp\/correia-termosoldavel\/\"><img loading=\"lazy\" class=\"alignnone wp-image-21 size-full\" title=\"Gama de correias termosold\u00e1veis\" src=\"https:\/\/www.mafdel-belts.com\/wp-content\/uploads\/2015\/04\/courroies.jpg\" alt=\"Correia termosold\u00e1vel\" width=\"380\" height=\"168\" srcset=\"https:\/\/www.mafdel-belts.com\/wp-content\/uploads\/2015\/04\/courroies.jpg 380w, https:\/\/www.mafdel-belts.com\/wp-content\/uploads\/2015\/04\/courroies-300x133.jpg 300w\" sizes=\"(max-width: 380px) 100vw, 380px\" \/><\/a><\/p>\n<h5 style=\"margin-bottom: 20px;\">Correias para a movimenta\u00e7\u00e3o industrial<\/h5>\n<p><em>L<\/em><em>arga escolha de correias termosold\u00e1veis (redondas, trapezoidais, especiais)<\/em><\/div>\n<div class='content-column one_third'><div style=\"padding-left:10px;\"><a href=\"https:\/\/www.mafdel-belts.com\/pt-pt\/produto\/esteira-de-transporte-monomaterial\/\"><img loading=\"lazy\" class=\"alignnone wp-image-20 size-full\" title=\"Gama de esteiras transportadoras\" src=\"https:\/\/www.mafdel-belts.com\/wp-content\/uploads\/2015\/04\/bandes.jpg\" alt=\"Esteira transportadora\" width=\"380\" height=\"168\" srcset=\"https:\/\/www.mafdel-belts.com\/wp-content\/uploads\/2015\/04\/bandes.jpg 380w, https:\/\/www.mafdel-belts.com\/wp-content\/uploads\/2015\/04\/bandes-300x133.jpg 300w\" sizes=\"(max-width: 380px) 100vw, 380px\" \/><\/a><\/p>\n<h5 style=\"margin-bottom: 20px;\">Esteiras transportadoras mono-material<\/h5>\n<p><em>Ampla gama de esteiras transportadoras termosold\u00e1veis<\/em><\/div><\/div>\n<div class='content-column one_third last_column'><div style=\"padding-left:20px;\"><a href=\"https:\/\/www.mafdel-belts.com\/pt-pt\/produto\/esteira-alimentar-de-acionamento-positivo\/\"><img loading=\"lazy\" class=\"alignnone wp-image-352 size-full\" title=\"Gama de esteiras de acionamento positivo\" src=\"https:\/\/www.mafdel-belts.com\/wp-content\/uploads\/2015\/04\/bandes-a-entrainement-positif.jpg\" alt=\"Esteira de acionamento positivo\" width=\"380\" height=\"168\" srcset=\"https:\/\/www.mafdel-belts.com\/wp-content\/uploads\/2015\/04\/bandes-a-entrainement-positif.jpg 380w, https:\/\/www.mafdel-belts.com\/wp-content\/uploads\/2015\/04\/bandes-a-entrainement-positif-300x133.jpg 300w\" sizes=\"(max-width: 380px) 100vw, 380px\" \/><\/a><\/p>\n<h5 style=\"margin-bottom: 20px;\">Esteiras de tra\u00e7\u00e3o positiva<\/h5>\n<p><em>Esteiras transportadoras monomaterial termosold\u00e1veis sem risco de patinagem, particularmente adaptadas \u00e0 ind\u00fastria agroalimentar<\/em><\/div><\/div><div class='clear_column'><\/div>\n<p>&nbsp;<\/p>\n<p><strong>O nosso gabinete de estudos e os nossos t\u00e9cnicos est\u00e3o \u00e0 sua escuta para estudar as suas diferentes problem\u00e1ticas, e prop\u00f4r-lhe produtos personalizados que atendem perfeitamente \u00e0s suas necessidades.<\/strong><\/p>\n<p>&nbsp;<\/p>\n","protected":false},"excerpt":{"rendered":"<p>&nbsp; &nbsp; &nbsp; &nbsp; Os produtos Mafdel podem ser utilizados para numerosas aplica\u00e7\u00f5es : \u00a0 Alimentar :\u00a0 Carne, matadouros, aves de capoeira, queijarias, f\u00e1bricas de conservas, frutos &amp; legumes, peixes, padarias industriais, biscoitarias\u2026 \u00a0 Embalagem :\u00a0 Embalagens met\u00e1licas, f\u00e1bricas de papel\u00e3o, transforma\u00e7\u00e3o pl\u00e1stica, produ\u00e7\u00e3o gr\u00e1fica, papelarias\u2026 \u00a0 Fabrica\u00e7\u00e3o de materiais :\u00a0 F\u00e1bricas de tijolos e [&hellip;]<\/p>\n","protected":false},"author":3,"featured_media":0,"parent":0,"menu_order":0,"comment_status":"open","ping_status":"open","template":"page-template-without-sidebar.php","meta":{"om_disable_all_campaigns":false,"_uf_show_specific_survey":0,"_uf_disable_surveys":false},"aioseo_notices":[],"_links":{"self":[{"href":"https:\/\/www.mafdel-belts.com\/pt-pt\/wp-json\/wp\/v2\/pages\/111\/"}],"collection":[{"href":"https:\/\/www.mafdel-belts.com\/pt-pt\/wp-json\/wp\/v2\/pages\/"}],"about":[{"href":"https:\/\/www.mafdel-belts.com\/pt-pt\/wp-json\/wp\/v2\/types\/page\/"}],"author":[{"embeddable":true,"href":"https:\/\/www.mafdel-belts.com\/pt-pt\/wp-json\/wp\/v2\/users\/3\/"}],"replies":[{"embeddable":true,"href":"https:\/\/www.mafdel-belts.com\/pt-pt\/wp-json\/wp\/v2\/comments\/?post=111"}],"version-history":[{"count":41,"href":"https:\/\/www.mafdel-belts.com\/pt-pt\/wp-json\/wp\/v2\/pages\/111\/revisions\/"}],"predecessor-version":[{"id":10865,"href":"https:\/\/www.mafdel-belts.com\/pt-pt\/wp-json\/wp\/v2\/pages\/111\/revisions\/10865\/"}],"wp:attachment":[{"href":"https:\/\/www.mafdel-belts.com\/pt-pt\/wp-json\/wp\/v2\/media\/?parent=111"}],"curies":[{"name":"wp","href":"https:\/\/api.w.org\/{rel}","templated":true}]}}