{"id":2263,"date":"2015-04-21T12:24:31","date_gmt":"2015-04-21T11:24:31","guid":{"rendered":"https:\/\/www.mafdel-belts.com\/it\/?page_id=2263"},"modified":"2020-05-28T15:53:18","modified_gmt":"2020-05-28T14:53:18","slug":"note-legali","status":"publish","type":"page","link":"https:\/\/www.mafdel-belts.com\/it\/note-legali\/","title":{"rendered":"Note legali"},"content":{"rendered":"<h1>Note legali<\/h1>\n<p>&nbsp;<\/p>\n<h3>Editore<\/h3>\n<p>Il presente sito Internet \u00e8 edito dalla SOCIETE MAFDEL<br \/>\nSAS con capitale di 300.100 \u20ac<br \/>\nSede sociale: Z.I Lafayette \u2013 38790 SAINT GEORGES D\u2019ESPERANCHE<br \/>\nTel.: +33 (0)4 78 96 21 90 \u2013 Fax +33 (0)4 78 96 21 78<br \/>\nSito Internet : www.mafdel-belts.com<br \/>\nRCS Vienne B 322 214 412 \u2013 Siret : 322 214 412 00031 \u2013 CODE APE : 2229A<br \/>\nN\u00b0 Identification C.E.E. : FR 30.322.214.412<\/p>\n<p>&nbsp;<\/p>\n<h3>Ideazione del sito internet<\/h3>\n<p>CAP 2C<br \/>\nT\u00e9l : 0 977 826 290<br \/>\nwww.cap2c.com<\/p>\n<p>&nbsp;<\/p>\n<h3>Host<\/h3>\n<p>OVH<br \/>\n2 rue Kellermann<br \/>\n59100 ROUBAIX<br \/>\nFrance<\/p>\n<p>&nbsp;<\/p>\n<h3>Crediti fotografici<\/h3>\n<p>Soci\u00e9t\u00e9 MAFDEL<\/p>\n<p>&nbsp;<\/p>\n<h3>Protezione dei dati personali<\/h3>\n<p>Nessun dato personale dell\u2019utente del presente sito Internet \u00e8:<br \/>\n\u2013 raccolto a sua insaputa,<br \/>\n\u2013 pubblicato a sua insaputa,<br \/>\n\u2013 scambiato, inviato, ceduto o venduto a terzi su nessun tipo di supporto.<\/p>\n<p>Il sito www.mafdel-belts.com non raccoglie dati nominativi o personali del visitatore all\u2019infuori da quelli apertamente e volontariamente forniti, in particolare tramite l\u2019uso di moduli di contatto elettronici.<br \/>\nLe informazioni raccolte sul sito www.mafdel-belts.com sono a uso esclusivo della Societ\u00e0 MAFDEL.<br \/>\nIn conformit\u00e0 con la legge francese &#8220;Informatica e libert\u00e0&#8221; del 6 gennaio 1978 modificata nel 2004, l\u2019utente ha il diritto di accedere e chiedere la modifica delle informazioni che lo riguardano. Tale diritto pu\u00f2 essere esercitato rivolgendosi alla Societ\u00e0 MAFDEL tramite i contatti di cui sopra.<\/p>\n<p>&nbsp;<\/p>\n<h3>Cookie<\/h3>\n<p>Navigando sul presente sito Internet l\u2019utente dona il consenso alla Societ\u00e0 MAFDEL di installare sul suo dispositivo dei cookie che registrano informazioni relative alla navigazione sul sito.<\/p>\n<p><strong>Che cos\u2019\u00e8 un cookie ?<\/strong><br \/>\nI cookie sono semplici piccoli file di testo che vengono salvati sul dispositivo dell\u2019utente (computer, smartphone, tablet) quando si naviga su un sito web.<br \/>\nLe funzioni dei cookie possono essere molteplici: registrare le preferenze di navigazione dell\u2019utente, raccogliere dati a fini statistici o ancora consentire determinate funzionalit\u00e0 tecniche.<br \/>\nI cookie sono importanti dal punto di vista tecnico e permettono ai siti Internet di funzionare in modo pi\u00f9 fluido e di adattarsi alle preferenze degli utenti grazie ai dati statistici raccolti.<\/p>\n<p><strong>Il sito Internet della Societ\u00e0 MAFDEL utilizza un solo tipo di cookie di analisi statistica.<\/strong> Questi cookie sono anonimi e permettono alla Societ\u00e0 MAFDEL di quantificare il numero di visitatori e analizzare statisticamente l\u2019uso che essi fanno delle informazioni presenti sul suo sito Internet. Grazie ai cookie la Societ\u00e0 MAFDEL pu\u00f2 studiare le modalit\u00e0 di navigazione sul suo sito Internet e, di conseguenza, migliorare il modo di pubblicare le informazioni.<\/p>\n<p><strong>Come si configurano i cookie ?<\/strong><br \/>\nL\u2019utente pu\u00f2 consentire, bloccare o eliminare i cookie installati sul proprio dispositivo configurando le relative opzioni del proprio browser.<br \/>\nTuttavia la Societ\u00e0 MAFDEL declina ogni responsabilit\u00e0 in caso di eventuali conseguenze legate a un funzionamento inefficiente dei propri servizi in caso di rifiuto o eliminazione dei cookie.<\/p>\n<p>Di seguito si riportano i link che consentono di accedere rapidamente alle informazioni necessarie per configurare i cookie sul proprio browser:<\/p>\n<ul style=\"list-style-type: disc;\">\n<li>Google Chrome : <a href=\"https:\/\/support.google.com\/chrome\/answer\/95647?hl=fr\" target=\"_blank\" rel=\"noopener noreferrer\">https:\/\/support.google.com\/chrome\/answer\/95647?hl=fr<\/a><\/li>\n<li>Microsoft Internet Explorer : <a href=\"http:\/\/windows.microsoft.com\/fr-FR\/windows7\/how-to-manage-cookies-in-internet-explorer-9\" target=\"_blank\" rel=\"noopener noreferrer\">http:\/\/windows.microsoft.com\/fr-FR\/windows7\/how-to-manage-cookies-in-internet-explorer-9<\/a><\/li>\n<li>Mozilla Firefox : <a href=\"https:\/\/support.mozilla.org\/fr\/kb\/activer-desactiver-cookies?redirectlocale=fr&amp;redirectslug=Activer+et+d%C3%A9sactiver+les+cookies\" target=\"_blank\" rel=\"noopener noreferrer\">https:\/\/support.mozilla.org\/fr\/kb\/activer-desactiver-cookies?redirectlocale=fr&amp;redirectslug=Activer+et+d%C3%A9sactiver+les+cookies<\/a><\/li>\n<li>Opera : <a href=\"http:\/\/help.opera.com\/Windows\/10.20\/fr\/cookies.html\" target=\"_blank\" rel=\"noopener noreferrer\">http:\/\/help.opera.com\/Windows\/10.20\/fr\/cookies.html<\/a><\/li>\n<li>Safari : <a href=\"https:\/\/support.apple.com\/kb\/ph5042?locale=fr_FR\" target=\"_blank\" rel=\"noopener noreferrer\">https:\/\/support.apple.com\/kb\/ph5042?locale=fr_FR<\/a><\/li>\n<\/ul>\n<p>&nbsp;<\/p>\n<h3>Esenzione dalla dichiarazione CNIL (garante della privacy francese)<\/h3>\n<p>Esenzione n\u00b0 8 \u2013 Delibera n\u00b0 2010-229 del 10 giugno 2010 che esenta dalla dichiarazione in caso di trattamento automatizzato dei dati personali operato da organizzazioni non a scopo di lucro che abroga e sostituisce la delibera n\u00b0 2006-130 del 9 maggio 2006.<\/p>\n<p>&nbsp;<\/p>\n<h3>Condizioni di utilizzo del sito \u2013 Esenzione di responsabilit\u00e0<\/h3>\n<p>Il presente sito Internet e l\u2019insieme dei suoi contenuti, ivi inclusi i testi, le immagini fisse o animate, i database, i programmi, i linguaggi, ecc., in seguito denominato il &#8220;Sito Internet&#8221;, \u00e8 protetto dalle leggi sul diritto d\u2019autore. I contenuti possono essere riprodotti solo per fini di consultazione digitale e previa autorizzazione. La stampa su supporto cartaceo \u00e8 consentita solo per fini di copia privata ad uso esclusivo di chi esegue la copia ai sensi dell\u2019articolo L. 122-5 2\u00b0 del Codice della Propriet\u00e0 Intellettuale francese.<br \/>\nLe informazioni contenute nel presente Sito Internet sono fornite a titolo puramente indicativo e possono subire modifiche senza obbligo di preavviso.<br \/>\nLa Societ\u00e0 MAFDEL declina ogni responsabilit\u00e0 in caso di danni di qualsivoglia natura derivanti dall\u2019interpretazione e\/o dall\u2019utilizzo delle informazioni disponibili sul sito, dall\u2019impossibilit\u00e0 di terzi di utilizzare tali informazioni, da eventuali malfunzionamenti o interruzioni del sito, da virus contratti accedendo e\/o utilizzando il presente sito o eventuali altri siti a esso collegati.<\/p>\n<p>&nbsp;<\/p>\n<h3>Diritti di propriet\u00e0 intellettuale<\/h3>\n<p>La riproduzione del presente Sito Internet \u00e8 vietata, tranne in caso di espressa autorizzazione da parte della Societ\u00e0 MAFDEL.<br \/>\nI disegni, le fotografie, le immagini, i testi, i video e gli altri documenti rappresentati nel presente Sito Internet sono protetti da diritti di propriet\u00e0 industriale e\/o intellettuale di propriet\u00e0 della Societ\u00e0 MAFDEL. Sono vietati la riproduzione, la rappresentazione, l\u2019adattamento, la traduzione e\/o la trasformazione, anche parziale, e il trasferimento su altri siti.<br \/>\nLe informazioni e le presentazioni contenute nelle pagine del presente sito sono fornite a titolo puramente indicativo e possono subire modifiche in ogni momento e senza preavviso.<br \/>\nL\u2019uso di dette informazioni per fini privati o professionali non impegna in alcun modo la responsabilit\u00e0 della Societ\u00e0 MAFDEL.<br \/>\nLa Societ\u00e0 MAFDEL non pu\u00f2 garantire l\u2019esattezza, la precisione o la completezza delle informazioni messe a disposizione sul presente Sito Internet. Le fotografie non sono contrattuali.<\/p>\n<p>&nbsp;<\/p>\n<h3>Collegamenti ipertestuali<\/h3>\n<p>L\u2019eventuale presenza di collegamenti ipertestuali che rimandano ad altri siti Internet non costituisce una garanzia n\u00e9 della qualit\u00e0 dei contenuti, n\u00e9 del corretto funzionamento di tali siti. La Societ\u00e0 MAFDEL declina ogni responsabilit\u00e0 in merito ai contenuti di tali siti.<br \/>\nL\u2019utente del sito deve utilizzare le informazioni fornite con le dovute precauzioni.<br \/>\nLa creazione di collegamenti ipertestuali che rimandino al sito di MAFDEL deve essere preventivamente autorizzata dalla societ\u00e0. In mancanza di preventiva autorizzazione, la Societ\u00e0 MAFDEL si riserva il diritto di esigere la rimozione del collegamento ipertestuale che rimanda al presente Sito Internet in qualsiasi momento.<\/p>\n","protected":false},"excerpt":{"rendered":"<p>Note legali &nbsp; Editore Il presente sito Internet \u00e8 edito dalla SOCIETE MAFDEL SAS con capitale di 300.100 \u20ac Sede sociale: Z.I Lafayette \u2013 38790 SAINT GEORGES D\u2019ESPERANCHE Tel.: +33 (0)4 78 96 21 90 \u2013 Fax +33 (0)4 78 96 21 78 Sito Internet : www.mafdel-belts.com RCS Vienne B 322 214 412 \u2013 Siret [&hellip;]<\/p>\n","protected":false},"author":3,"featured_media":0,"parent":0,"menu_order":0,"comment_status":"open","ping_status":"open","template":"page-template-without-sidebar.php","meta":{"om_disable_all_campaigns":false,"_uf_show_specific_survey":0,"_uf_disable_surveys":false},"aioseo_notices":[],"_links":{"self":[{"href":"https:\/\/www.mafdel-belts.com\/it\/wp-json\/wp\/v2\/pages\/2263\/"}],"collection":[{"href":"https:\/\/www.mafdel-belts.com\/it\/wp-json\/wp\/v2\/pages\/"}],"about":[{"href":"https:\/\/www.mafdel-belts.com\/it\/wp-json\/wp\/v2\/types\/page\/"}],"author":[{"embeddable":true,"href":"https:\/\/www.mafdel-belts.com\/it\/wp-json\/wp\/v2\/users\/3\/"}],"replies":[{"embeddable":true,"href":"https:\/\/www.mafdel-belts.com\/it\/wp-json\/wp\/v2\/comments\/?post=2263"}],"version-history":[{"count":3,"href":"https:\/\/www.mafdel-belts.com\/it\/wp-json\/wp\/v2\/pages\/2263\/revisions\/"}],"predecessor-version":[{"id":6271,"href":"https:\/\/www.mafdel-belts.com\/it\/wp-json\/wp\/v2\/pages\/2263\/revisions\/6271\/"}],"wp:attachment":[{"href":"https:\/\/www.mafdel-belts.com\/it\/wp-json\/wp\/v2\/media\/?parent=2263"}],"curies":[{"name":"wp","href":"https:\/\/api.w.org\/{rel}","templated":true}]}}