{"id":97,"date":"2015-04-21T12:24:31","date_gmt":"2015-04-21T11:24:31","guid":{"rendered":"https:\/\/www.mafdel-belts.com\/?page_id=97"},"modified":"2020-05-28T15:42:36","modified_gmt":"2020-05-28T14:42:36","slug":"mentions-legales","status":"publish","type":"page","link":"https:\/\/www.mafdel-belts.com\/fr\/mentions-legales\/","title":{"rendered":"Mentions l\u00e9gales"},"content":{"rendered":"<h1>Mentions l\u00e9gales<\/h1>\n<p>&nbsp;<\/p>\n<h3>Editeur<\/h3>\n<p>Ce site est \u00e9dit\u00e9 par la SOCIETE MAFDEL<br \/>\nSAS au capital de 300 100 \u20ac<br \/>\nSi\u00e8ge social : Z.I Lafayette &#8211; 38790 SAINT GEORGES D&rsquo;ESPERANCHE<br \/>\nT\u00e9l. +33 (0)4 78 96 21 90 &#8211; Fax +33 (0)4 78 96 21 78<br \/>\nSite web : www.mafdel-belts.com<br \/>\nRCS Vienne B 322 214 412 &#8211; Siret : 322 214 412 00031 &#8211; CODE APE : 2229A<br \/>\nN\u00b0 Identification C.E.E. : FR 30.322.214.412<\/p>\n<p>&nbsp;<\/p>\n<h3>Conception du site internet<\/h3>\n<p>CAP 2C<br \/>\nT\u00e9l : 0 977 826 290<br \/>\nwww.cap2c.com<\/p>\n<p>&nbsp;<\/p>\n<h3>H\u00e9bergeur<\/h3>\n<p>OVH<br \/>\n2 rue Kellermann<br \/>\n59100 ROUBAIX<br \/>\nFrance<\/p>\n<p>&nbsp;<\/p>\n<h3>Cr\u00e9dits photographiques<\/h3>\n<p>Soci\u00e9t\u00e9 MAFDEL<\/p>\n<p>&nbsp;<\/p>\n<h3>Protection des donn\u00e9es personnelles<\/h3>\n<p>Aucune information personnelle de l\u2019utilisateur de ce site n\u2019est :<br \/>\n\u2013 collect\u00e9e \u00e0 son insu,<br \/>\n\u2013 publi\u00e9e \u00e0 son insu,<br \/>\n\u2013 \u00e9chang\u00e9e, transf\u00e9r\u00e9e, c\u00e9d\u00e9e ou vendue sur un support quelconque \u00e0 des tiers.<\/p>\n<p>Le site www.mafdel-belts.com ne collecte sur les visiteurs du site aucune autre information nominative ou personnelle que celles qui lui sont ouvertement et volontairement fournies, en particulier par l\u2019interm\u00e9diaire des formulaires de contact \u00e9lectroniques d\u2019interaction avec eux.<br \/>\nLes informations collect\u00e9es sur le site www.mafdel-belts.com sont destin\u00e9es \u00e0 l\u2019usage exclusif de la Soci\u00e9t\u00e9 MAFDEL.<br \/>\nConform\u00e9ment \u00e0 la loi \u00ab informatique et libert\u00e9s \u00bb du 6 janvier 1978 modifi\u00e9e en 2004, vous b\u00e9n\u00e9ficiez d\u2019un droit d\u2019acc\u00e8s et de rectification aux informations qui vous concernent, que vous pouvez exercer en vous adressant \u00e0 la Soci\u00e9t\u00e9 MAFDEL dont les coordonn\u00e9es sont indiqu\u00e9es ci-dessus.<\/p>\n<p>&nbsp;<\/p>\n<h3>Les cookies<\/h3>\n<p>En naviguant sur ce site internet, l\u2019utilisateur consent que la Soci\u00e9t\u00e9 MAFDEL installe, dans son ordinateur, les cookies qui enregistrent des informations relatives \u00e0 la navigation sur le site internet.<\/p>\n<p><strong>Qu\u2019est-ce qu\u2019un cookie ?<\/strong><br \/>\nLes cookies sont de simples petits fichiers textes stock\u00e9s sur votre terminal (ordinateur, mobile, tablette) lors de votre navigation sur un site web.<br \/>\nLeurs fonctions peuvent \u00eatre tr\u00e8s vari\u00e9es : ils permettent de stocker vos pr\u00e9f\u00e9rences de navigation, recueillir des informations statistiques, permettre certaines fonctionnalit\u00e9s techniques<br \/>\nImportants pour des raisons techniques, ils permettent aux sites internet de fonctionner de mani\u00e8re plus fluide et de s\u2019adapter aux pr\u00e9f\u00e9rences des utilisateurs gr\u00e2ce \u00e0 l\u2019information statistique recueillie.<\/p>\n<p><strong>Le site internet de la Soci\u00e9t\u00e9 MAFDEL n\u2019utilise qu\u2019un type de cookies d\u2019analyse statistique.<\/strong> Ces cookies sont anonymes et permettent \u00e0 la Soci\u00e9t\u00e9 MAFDEL de quantifier le nombre de visiteurs et d\u2019analyser statistiquement l\u2019utilisation que font les utilisateurs des informations de son site internet. Gr\u00e2ce \u00e0 cela, la Soci\u00e9t\u00e9 MAFDEL peut \u00e9tudier la navigation r\u00e9alis\u00e9e sur son site internet et am\u00e9liorer ainsi la mani\u00e8re de diffuser ses informations.<\/p>\n<p><strong>Comment peut-on configurer les cookies?<\/strong><br \/>\nL\u2019utilisateur peut permettre, bloquer ou \u00e9liminer les cookies install\u00e9s dans son ordinateur au moyen de la configuration des options de son navigateur Internet.<br \/>\nToutefois la Soci\u00e9t\u00e9 MAFDEL d\u00e9cline toute responsabilit\u00e9 pour les cons\u00e9quences li\u00e9es au fonctionnement d\u00e9grad\u00e9 de ses services en cas de refus ou suppression des cookies.<\/p>\n<p>Ci-dessous les liens qui permettront d\u2019acc\u00e9der rapidement \u00e0 l\u2019information n\u00e9cessaire afin de proc\u00e9der \u00e0 la configuration de votre navigateur en ce qui concerne les cookies :<\/p>\n<ul style=\"list-style-type: disc;\">\n<li>Google Chrome : <a href=\"https:\/\/support.google.com\/chrome\/answer\/95647?hl=fr\" target=\"_blank\" rel=\"noopener noreferrer\">https:\/\/support.google.com\/chrome\/answer\/95647?hl=fr<\/a><\/li>\n<li>Microsoft Internet Explorer : <a href=\"http:\/\/windows.microsoft.com\/fr-FR\/windows7\/how-to-manage-cookies-in-internet-explorer-9\" target=\"_blank\" rel=\"noopener noreferrer\">http:\/\/windows.microsoft.com\/fr-FR\/windows7\/how-to-manage-cookies-in-internet-explorer-9<\/a><\/li>\n<li>Mozilla Firefox : <a href=\"https:\/\/support.mozilla.org\/fr\/kb\/activer-desactiver-cookies?redirectlocale=fr&amp;redirectslug=Activer+et+d%C3%A9sactiver+les+cookies\" target=\"_blank\" rel=\"noopener noreferrer\">https:\/\/support.mozilla.org\/fr\/kb\/activer-desactiver-cookies?redirectlocale=fr&amp;redirectslug=Activer+et+d%C3%A9sactiver+les+cookies<\/a><\/li>\n<li>Opera : <a href=\"http:\/\/help.opera.com\/Windows\/10.20\/fr\/cookies.html\" target=\"_blank\" rel=\"noopener noreferrer\">http:\/\/help.opera.com\/Windows\/10.20\/fr\/cookies.html<\/a><\/li>\n<li>Safari : <a href=\"https:\/\/support.apple.com\/kb\/ph5042?locale=fr_FR\" target=\"_blank\" rel=\"noopener noreferrer\">https:\/\/support.apple.com\/kb\/ph5042?locale=fr_FR<\/a><\/li>\n<\/ul>\n<p>&nbsp;<\/p>\n<h3>Dispense de d\u00e9claration CNIL<\/h3>\n<p>Dispense n\u00b0 8 \u2013 D\u00e9lib\u00e9ration n\u00b0 2010-229 du 10 juin 2010 dispensant de d\u00e9claration les traitements automatis\u00e9s de donn\u00e9es \u00e0 caract\u00e8re personnel mis en \u0153uvre par des organismes \u00e0 but non lucratif abrogeant et rempla\u00e7ant la d\u00e9lib\u00e9ration n\u00b0 2006-130 du 9 mai 2006.<\/p>\n<p>&nbsp;<\/p>\n<h3>Conditions d\u2019utilisation du site \u2013 D\u00e9charge de responsabilit\u00e9s<\/h3>\n<p>Le pr\u00e9sent site Web et l\u2019ensemble de son contenu, y compris textes, images fixes ou anim\u00e9es, bases de donn\u00e9es, programmes, langages, etc., nomm\u00e9 ci-apr\u00e8s le Site Web, est prot\u00e9g\u00e9 par le droit d\u2019auteur. L\u2019autorisation de reproduction ne vous est conc\u00e9d\u00e9e que sous forme num\u00e9rique en consultation. L\u2019impression papier est autoris\u00e9e aux fins de copie priv\u00e9e \u00e0 l\u2019usage exclusif du copiste au sens de l\u2019article L. 122-5 2\u00b0 du Code de la Propri\u00e9t\u00e9 Intellectuelle.<br \/>\nLes informations contenues dans le pr\u00e9sent site Web sont donn\u00e9es \u00e0 titre indicatif et sont sujettes \u00e0 changement sans pr\u00e9avis.<br \/>\nLa Soci\u00e9t\u00e9 MAFDEL n\u2019assume aucune responsabilit\u00e9 relative \u00e0 tout dommage, de quelle que nature que ce soit, r\u00e9sultant de l\u2019interpr\u00e9tation et\/ou de l\u2019utilisation des informations disponibles sur ce site, ou de l\u2019impossibilit\u00e9 pour un tiers de l\u2019utiliser, ou d\u2019un mauvais fonctionnement, d\u2019une interruption, d\u2019un virus, r\u00e9sultant de l\u2019acc\u00e8s et\/ou de l\u2019utilisation de ce site ou de tous sites qui lui sont li\u00e9s.<\/p>\n<p>&nbsp;<\/p>\n<h3>Droits de propri\u00e9t\u00e9 intellectuelle<\/h3>\n<p>Toute reproduction du pr\u00e9sent site web est interdite, sauf autorisation expresse de la Soci\u00e9t\u00e9 MAFDEL.<br \/>\nLes dessins, photographies, images, textes, vid\u00e9os, et autres documentations repr\u00e9sent\u00e9es sur le pr\u00e9sent site internet sont objet de droits de propri\u00e9t\u00e9 industrielle et\/ou intellectuelle, propri\u00e9t\u00e9s de la Soci\u00e9t\u00e9 MAFDEL. A ce titre, toute reproduction, repr\u00e9sentation, adaptation, traduction, et\/ou transformation, partielle ou int\u00e9grale, ou transfert sur un autre site sont interdits.<br \/>\nLes renseignements et pr\u00e9sentations contenus dans les pages de ce site sont fournis \u00e0 titre purement indicatif et restent susceptibles de modifications \u00e0 tout moment et sans pr\u00e9avis.<br \/>\nLeur utilisation \u00e0 des fins priv\u00e9es ou professionnelles ne saurait engager la responsabilit\u00e9 de la Soci\u00e9t\u00e9 MAFDEL de quelles que mani\u00e8res que ce soit.<br \/>\nLa Soci\u00e9t\u00e9 MAFDEL ne peut garantir l\u2019exactitude, la pr\u00e9cision ou l\u2019exhaustivit\u00e9 des informations mises \u00e0 disposition sur ce site. Les photos ne sont pas contractuelles.<\/p>\n<p>&nbsp;<\/p>\n<h3>Liens hypertextes<\/h3>\n<p>La pr\u00e9sence \u00e9ventuelle de liens hypertexte renvoyant vers d\u2019autres sites ne constitue pas une garantie sur la qualit\u00e9 de contenu et de bon fonctionnement desdits sites. La responsabilit\u00e9 de la Soci\u00e9t\u00e9 MAFDEL ne saurait \u00eatre engag\u00e9e quant au contenu de ces sites.<br \/>\nL\u2019internaute doit utiliser ces informations avec les pr\u00e9cautions d\u2019usage.<br \/>\nLa cr\u00e9ation de liens hypertexte vers notre site est soumise \u00e0 notre accord pr\u00e9alable. Faute d\u2019accord pr\u00e9alable, nous nous r\u00e9servons le droit d\u2019exiger \u00e0 tout moment le retrait dudit lien hypertexte pointant sur notre site.<\/p>\n","protected":false},"excerpt":{"rendered":"<p>Mentions l\u00e9gales &nbsp; Editeur Ce site est \u00e9dit\u00e9 par la SOCIETE MAFDEL SAS au capital de 300 100 \u20ac Si\u00e8ge social : Z.I Lafayette &#8211; 38790 SAINT GEORGES D&rsquo;ESPERANCHE T\u00e9l. +33 (0)4 78 96 21 90 &#8211; Fax +33 (0)4 78 96 21 78 Site web : www.mafdel-belts.com RCS Vienne B 322 214 412 &#8211; [&hellip;]<\/p>\n","protected":false},"author":3,"featured_media":0,"parent":0,"menu_order":0,"comment_status":"open","ping_status":"open","template":"page-template-without-sidebar.php","meta":{"om_disable_all_campaigns":false,"_uf_show_specific_survey":0,"_uf_disable_surveys":false},"aioseo_notices":[],"_links":{"self":[{"href":"https:\/\/www.mafdel-belts.com\/fr\/wp-json\/wp\/v2\/pages\/97\/"}],"collection":[{"href":"https:\/\/www.mafdel-belts.com\/fr\/wp-json\/wp\/v2\/pages\/"}],"about":[{"href":"https:\/\/www.mafdel-belts.com\/fr\/wp-json\/wp\/v2\/types\/page\/"}],"author":[{"embeddable":true,"href":"https:\/\/www.mafdel-belts.com\/fr\/wp-json\/wp\/v2\/users\/3\/"}],"replies":[{"embeddable":true,"href":"https:\/\/www.mafdel-belts.com\/fr\/wp-json\/wp\/v2\/comments\/?post=97"}],"version-history":[{"count":6,"href":"https:\/\/www.mafdel-belts.com\/fr\/wp-json\/wp\/v2\/pages\/97\/revisions\/"}],"predecessor-version":[{"id":6269,"href":"https:\/\/www.mafdel-belts.com\/fr\/wp-json\/wp\/v2\/pages\/97\/revisions\/6269\/"}],"wp:attachment":[{"href":"https:\/\/www.mafdel-belts.com\/fr\/wp-json\/wp\/v2\/media\/?parent=97"}],"curies":[{"name":"wp","href":"https:\/\/api.w.org\/{rel}","templated":true}]}}