{"id":95,"date":"2015-04-21T12:16:51","date_gmt":"2015-04-21T11:16:51","guid":{"rendered":"https:\/\/www.mafdel-belts.com\/?page_id=95"},"modified":"2016-07-02T17:56:24","modified_gmt":"2016-07-02T16:56:24","slug":"faq-mafdel","status":"publish","type":"page","link":"https:\/\/www.mafdel-belts.com\/fr\/faq-mafdel\/","title":{"rendered":"FAQ"},"content":{"rendered":"<h1>Questions fr\u00e9quentes<\/h1>\n<p>&nbsp;<\/p>\n<h2>Donn\u00e9es techniques<\/h2>\n<h3>A quoi correspondent les couleurs des courroies et bandes transporteuses ?<\/h3>\n<p><i class=\"fa fa-arrow-right \" ><\/i> La couleur identifie la <strong>qualit\u00e9 de la mati\u00e8re<\/strong> : composition, duret\u00e9, alimentarit\u00e9, ainsi que la pr\u00e9sence ou non d&rsquo;une armature interne.<br \/>\nLes couleurs blanc, ivoire et bleu sont les plus couramment utilis\u00e9es dans l&rsquo;industrie alimentaire.<\/p>\n<p>&nbsp;<\/p>\n<h3>A quoi servent les diff\u00e9rences de duret\u00e9 entre les produits ?<\/h3>\n<p><i class=\"fa fa-arrow-right \" ><\/i> Une courroie plus dure accepte des charges plus \u00e9lev\u00e9es avec un allongement plus faible.<br \/>\nPar contre, une courroie plus souple accepte des diam\u00e8tres de poulies plus faibles.<br \/>\nL&rsquo;adh\u00e9rence des produits transport\u00e9s est plus \u00e9lev\u00e9e sur une courroie plus souple, mais l&rsquo;adh\u00e9rence plus faible d&rsquo;une courroie plus dure<br \/>\nsur la sole de glissement permet d&rsquo;augmenter la charge.<br \/>\nLe choix de la meilleure courroie est une affaire de compromis et d\u00e9pend donc des caract\u00e9ristiques de l&rsquo;application.<\/p>\n<p>&nbsp;<\/p>\n<h3>Comment choisir le bon produit pour mon application\u00a0?<\/h3>\n<p><i class=\"fa fa-arrow-right \" ><\/i> La satisfaction de nos clients est une priorit\u00e9\u00a0: Mafdel met toute son expertise au service de vos applications.<br \/>\nPlusieurs solutions s\u2019offrent \u00e0 vous pour d\u00e9terminer le produit le plus adapt\u00e9 \u00e0 vos besoins :<\/p>\n<ul style=\"list-style-type: disc;\">\n<li>Le guide de s\u00e9lection\u00a0: il vous permet de faire un premier choix du produit pour votre application<\/li>\n<li>Nos techniciens\u00a0: ils sont \u00e0 votre \u00e9coute pour \u00e9tudier vos diff\u00e9rentes probl\u00e9matiques et vous fournir des produits parfaitement adapt\u00e9s<\/li>\n<li>Notre bureau d\u2019\u00e9tudes se tient \u00e9galement \u00e0 votre disposition pour concevoir des produit personnalis\u00e9s pour vos applications, qui sauront r\u00e9pondre \u00e0 vos attentes.<\/li>\n<\/ul>\n<p>&nbsp;<\/p>\n<p>&nbsp;<\/p>\n<h2>Bandes transporteuses<\/h2>\n<h3>Qu\u2019est-ce qu\u2019une bande transporteuse\u00a0?<\/h3>\n<p><i class=\"fa fa-arrow-right \" ><\/i> Une bande transporteuse permet le d\u00e9placement continu de marchandises, sur un convoyeur horizontal ou inclin\u00e9.<br \/>\nLa face sup\u00e9rieure de la bande transporteuse est en contact direct avec le produit transport\u00e9, et la face inf\u00e9rieure est en contact avec les \u00e9l\u00e9ments m\u00e9caniques du convoyeur.<br \/>\nLes bandes transporteuses sont utilis\u00e9es dans de nombreuses industries, alimentaires ou standard.<br \/>\nMafdel propose une gamme de bandes transporteuses monomati\u00e8res fabriqu\u00e9es en polyur\u00e9thane (PU) ou polyester (PE), pour les industries les plus diverses.<br \/>\nLes bandes transporteuses peuvent \u00eatre personnalis\u00e9es en fonction des besoins\u00a0: tasseaux (plats ou arrondis), bords de contenance, perforations\u2026<\/p>\n<p>&nbsp;<\/p>\n<h3>Qu\u2019est-ce qu\u2019une bande \u00e0 entra\u00eenement positif\u00a0?<\/h3>\n<p><i class=\"fa fa-arrow-right \" ><\/i> Une bande \u00e0 entra\u00eenement positif associe les avantages des bandes monomati\u00e8res et des bandes modulaires sans leurs inconv\u00e9nients.<br \/>\nFabriqu\u00e9es en polyur\u00e9thane ou \u00e9lastom\u00e8re de polyester, les bandes \u00e0 entra\u00eenement positif de la gamme Mafdel sont exclusivement monomati\u00e8res (absence de trame textile), et constituent une solution optimale pour les industries agroalimentaires.<br \/>\nLa face inf\u00e9rieure pr\u00e9sente des dents moul\u00e9es dans la masse qui assurent un engrenage parfait sur les pignons, \u00e9vitant ainsi tout risque de patinage de la bande.<\/p>\n<p>Les bandes \u00e0 entra\u00eenement positif assurent un niveau d\u2019hygi\u00e8ne maximum, et diminuent les risques sanitaires.<br \/>\nMafdel propose 3 familles de bandes \u00e0 entra\u00eenement positif pour r\u00e9pondre \u00e0 la plupart des besoins.<\/p>\n<p><a href=\"https:\/\/www.mafdel-belts.com\/fr\/produit\/bande-alimentaire-a-entrainement-positif\/\" target=\"_blank\">&gt; Plus de d\u00e9tails dans la rubrique Bandes \u00e0 entra\u00eenement positif<\/a><\/p>\n<p>&nbsp;<\/p>\n<h3>Qu\u2019est-ce qui diff\u00e9rencie les bandes monomati\u00e8re lisses des bandes \u00e0 entra\u00eenement positif\u00a0?<\/h3>\n<p><i class=\"fa fa-arrow-right \" ><\/i> Les bandes monomati\u00e8res lisses garantissent un niveau d\u2019hygi\u00e8ne optimal gr\u00e2ce \u00e0 leur face sup\u00e9rieure parfaitement lisse facilitant le nettoyage. Elles n\u00e9cessitent en revanche d\u2019\u00eatre mont\u00e9es sous tension, sans \u00e9liminer pour autant le risque de patinage en milieu gras et humide.<br \/>\nL\u2019entra\u00eenement des bandes positives est r\u00e9alis\u00e9 \u00e0 l\u2019aide de pignons adapt\u00e9s.<br \/>\nCe syst\u00e8me \u00e9limine tout risque de patinage de la bande, m\u00eame en milieu gras. Les bandes \u00e0 entra\u00eenement positif sont mont\u00e9es sans tension et pr\u00e9sentent une face sup\u00e9rieure parfaitement lisse garantissant un niveau d\u2019hygi\u00e8ne optimal.<\/p>\n<p>Les bandes \u00e0 entra\u00eenement positif reprennent ainsi tous les <strong>avantages des bandes monomati\u00e8res lisses, sans le risque de patinage<\/strong> m\u00eame en milieu gras et humide.<\/p>\n<p><a href=\"https:\/\/www.mafdel-belts.com\/fr\/produit\/bande-alimentaire-a-entrainement-positif\/\" target=\"_blank\">&gt; Plus de d\u00e9tails dans la rubrique Bandes \u00e0 entra\u00eenement positif<\/a><\/p>\n<p>&nbsp;<\/p>\n<h3>Pourquoi utiliser une bande transporteuse avec un traitement antimicrobien\u00a0?<\/h3>\n<p><i class=\"fa fa-arrow-right \" ><\/i> Particuli\u00e8rement adapt\u00e9 aux industries agroalimentaires, le traitement antimicrobien permet de maximiser le niveau d\u2019hygi\u00e8ne :<\/p>\n<ul style=\"list-style-type: disc;\">\n<li>Inhibition du d\u00e9veloppement des bact\u00e9ries<\/li>\n<li>Elimination du risque de contamination des produits transport\u00e9s<\/li>\n<li>R\u00e9duction du d\u00e9veloppement des odeurs<\/li>\n<li>Optimisation de la s\u00e9curit\u00e9 alimentaire<\/li>\n<li>Am\u00e9lioration des proc\u00e9dures de nettoyage\u00a0et de d\u00e9sinfection.<\/li>\n<\/ul>\n<p>&nbsp;<\/p>\n<h3>Comment guider une bande transporteuse\u00a0?<\/h3>\n<p><i class=\"fa fa-arrow-right \" ><\/i> Pour guider une bande transporteuse lisse, 2 possibilit\u00e9s\u00a0:<\/p>\n<ul style=\"list-style-type: disc;\">\n<li>Utiliser un tambour moteur bomb\u00e9 ou cylindro-conique<\/li>\n<li>Poser un guide central ou deux guides lat\u00e9raux en face inf\u00e9rieure de la bande.<\/li>\n<\/ul>\n<p>Dans tous les cas, il faut assurer un parall\u00e9lisme parfait de tous les tambours (moteur, renvoi et contre-rouleaux), et veiller \u00e0 la plan\u00e9it\u00e9 du convoyeur.<\/p>\n<p>Les bandes \u00e0 entra\u00eenement positif sont tr\u00e8s faciles \u00e0 guider\u00a0:<\/p>\n<ul style=\"list-style-type: disc;\">\n<li>Pour une bande DEL\/DRIVE, nous pr\u00e9conisons l\u2019utilisation de pignons avec flasque. La bande \u00e9tant mont\u00e9e sans tension, les flasques permettent le maintien de la bande dans l\u2019axe. Pour de grands entraxes, il est conseill\u00e9 d\u2019ajouter des patins de guidage lat\u00e9raux.<\/li>\n<li>Pour une bande POSITIVEBELT, le guidage se fait automatiquement gr\u00e2ce aux pignons d\u2019entra\u00eenement.<\/li>\n<li>Dans le cas d\u2019une bande DEL\/SYNC, c\u2019est la rainure dans la sole de glissement qui assure le guidage.<\/li>\n<\/ul>\n<p>&nbsp;<\/p>\n<h3>Comment r\u00e9parer une bande transporteuse\u00a0?<\/h3>\n<p><i class=\"fa fa-arrow-right \" ><\/i> Nos bandes transporteuses monomati\u00e8res peuvent \u00eatre r\u00e9par\u00e9es sur place en cas d\u2019accroc en r\u00e9alisant une <strong>soudure \u00e0 air chaud<\/strong>.<\/p>\n<p><span style=\"text-decoration: underline;\">Dans le cas d\u2019une coupure<\/span>\u00a0:<br \/>\n&#8211; R\u00e9aliser un biseau \u00e0 45\u00b0 de part et d\u2019autre de l\u2019entaille<br \/>\n&#8211; Combler l\u2019entaille avec un cordon de soudure de la m\u00eame qualit\u00e9 que la bande, \u00e0 l\u2019aide d\u2019un chalumeau \u00e0 air chaud<br \/>\n&#8211; Araser le surplus de mati\u00e8re avec un cutter.<\/p>\n<p><span style=\"text-decoration: underline;\">Dans le cas o\u00f9 la bande pr\u00e9sente une partie fortement endommag\u00e9e<\/span>, il est possible de r\u00e9aliser un pont. Nos techniques de jonctionnement par thermosoudure permettent de r\u00e9aliser cette op\u00e9ration tr\u00e8s rapidement sur place.<\/p>\n<p>&nbsp;<\/p>\n<h3>Comment jonctionner une bande\u00a0?<\/h3>\n<p><i class=\"fa fa-arrow-right \" ><\/i> Toutes nos bandes peuvent \u00eatre soud\u00e9es sans fin ou livr\u00e9es ouvertes pour une jonction sur site.<br \/>\nLes bandes transporteuses peuvent \u00eatre jonctionn\u00e9es de deux mani\u00e8res\u00a0:<\/p>\n<ul style=\"list-style-type: disc;\">\n<li><strong>Thermosoudure\u00a0: <\/strong>Nous proposons nos kits de soudure bout \u00e0 bout. Possibilit\u00e9 de soudure \u00e0 air chaud (apport de mati\u00e8re).<\/li>\n<li><strong>Agrafes<\/strong>\u00a0: Les bandes peuvent \u00e9galement \u00eatre jonctionn\u00e9es \u00e0 l\u2019aide d\u2019agrafes polyur\u00e9thane ou inox (recommand\u00e9 pour les diam\u00e8tres de poulies sup\u00e9rieurs \u00e0 120mm). Ce mode de jonction est tr\u00e8s appr\u00e9ci\u00e9 dans le cadre de montage \/ d\u00e9montage fr\u00e9quent ou de d\u00e9pannage.<\/li>\n<\/ul>\n<p><a href=\"https:\/\/www.mafdel-belts.com\/fr\/produit\/jonction-et-outillage-bande-transporteuse\/\" target=\"_blank\">&gt; Plus de d\u00e9tails dans la rubrique Jonctions et outillages<\/a><\/p>\n<p>&nbsp;<\/p>\n<p>&nbsp;<\/p>\n<h2>Courroies<\/h2>\n<h3>Comment tendre une courroie\u00a0?<\/h3>\n<p><i class=\"fa fa-arrow-right \" ><\/i> La tension \u00e0 exercer d\u00e9pend du type de courroie utilis\u00e9 (de 0,5% \u00e0 8% pour les courroies Mafdel \u2013 cf. catalogue).<\/p>\n<p>Pour appliquer la tension \u00e0 une courroie, il y a deux configurations possibles\u00a0:<\/p>\n<ul style=\"list-style-type: disc;\">\n<li><u>Le convoyeur est \u00e9quip\u00e9 d\u2019un syst\u00e8me de tension\u00a0adapt\u00e9<\/u> : Dans ce cas, il suffit de ramener le tendeur au minimum, puis monter la courroie et agir sur le tendeur pour appliquer la tension \u00e0 la courroie.<\/li>\n<li><u>Le convoyeur n\u2019est pas \u00e9quip\u00e9 d\u2019un syst\u00e8me de tension, ou il est insuffisant<\/u>\u00a0: Dans ce cas, il faut utiliser l\u2019outillage de mise en tension compos\u00e9 d\u2019un treuil \u00e0 levier et de deux m\u00e2choires de serrage, qui permet de mettre la courroie en pr\u00e9-tension sur place.<br \/>\nSi la courroie est arm\u00e9e, il faut faire attention \u00e0 ne pas appliquer d\u2019efforts excessifs qui pourraient d\u00e9t\u00e9riorer l\u2019armature.<\/li>\n<\/ul>\n<p>&nbsp;<\/p>\n<h3>Comment mesurer une courroie\u00a0?<\/h3>\n<p><i class=\"fa fa-arrow-right \" ><\/i> Dans le cas d\u2019une configuration classique\u00a0(courroie tendue entre deux poulies de m\u00eame diam\u00e8tre), la longueur th\u00e9orique de la courroie est \u00e9gale \u00e0 la circonf\u00e9rence de la poulie + (2x l\u2019entraxe).<br \/>\nPour toutes autres configurations, merci de nous transmettre un plan cot\u00e9 de l\u2019installation.<br \/>\nDans tous les cas, le syst\u00e8me de tension doit \u00eatre ramen\u00e9 \u00e0 sa position minimale.<\/p>\n<p>Nos techniciens se tiennent \u00e0 votre disposition pour d\u00e9finir vos besoins.<\/p>\n<p>&nbsp;<\/p>\n<h3>Pourquoi des courroies arm\u00e9es ?<\/h3>\n<p><i class=\"fa fa-arrow-right \" ><\/i> L&rsquo;armature aramide de nos courroies rondes et trap\u00e9zo\u00efdales <strong>bloque l&rsquo;allongement<\/strong> au-del\u00e0 de quelques pourcentages.<br \/>\nCeci permet d&rsquo;\u00e9quiper des convoyeurs de longueur importante, tout en minimisant la course n\u00e9cessaire des tendeurs.<br \/>\nLa charge maximum est \u00e9galement plus importante, particuli\u00e8rement avec notre nouvelle soudure par superposition.<\/p>\n<p>&nbsp;<\/p>\n<h3>Comment souder une courroie arm\u00e9e ?<\/h3>\n<p><i class=\"fa fa-arrow-right \" ><\/i> Nos courroies arm\u00e9es se soudent donc de la <strong>m\u00eame mani\u00e8re que nos courroies non arm\u00e9es<\/strong>, <strong>avec simplement un fer et une pince<\/strong>. L\u2019armature aramide de nos courroies r\u00e9sistant \u00e0 de tr\u00e8s hautes temp\u00e9ratures, il n\u2019est pas n\u00e9cessaire de la percer avant la soudure.<br \/>\nLes deux types de jonction (bout \u00e0 bout et par superposition) peuvent \u00eatre employ\u00e9s.<\/p>\n<p>&nbsp;<\/p>\n<h3>A quoi sert le crantage des courroies trap\u00e9zo\u00efdales ?<\/h3>\n<p><i class=\"fa fa-arrow-right \" ><\/i> Le crantage permet d&rsquo;<strong>augmenter la flexibilit\u00e9 de la courroie<\/strong> et donc de <strong>r\u00e9duire le diam\u00e8tre minimum de poulie<\/strong>.<br \/>\nCe crantage n&rsquo;est pas utilisable pour faire de l&rsquo;entra\u00eenement via une poulie crant\u00e9e.<\/p>\n<p>&nbsp;<\/p>\n<h3>Dans quel(s) cas doit-on utiliser des glissi\u00e8res\u00a0Poly\u00e9thyl\u00e8ne Haute Densit\u00e9 (PEHD) ?<\/h3>\n<p><i class=\"fa fa-arrow-right \" ><\/i> Les glissi\u00e8res PEHD offrent un <strong>tr\u00e8s bon guidage <\/strong>des courroies rondes ou trap\u00e9zo\u00efdales.<br \/>\nElles permettent \u00e9galement d\u2019<strong>am\u00e9liorer le coefficient de frottement<\/strong> et donc d\u2019<strong>augmenter la charge transport\u00e9e<\/strong>.<\/p>\n<p><a href=\"https:\/\/www.mafdel-belts.com\/fr\/produit\/glissieres-courroies\/\" target=\"_blank\">&gt; Plus de d\u00e9tails dans la rubrique Glissi\u00e8res pour courroies<\/a><\/p>\n<p>&nbsp;<\/p>\n<h3>Quelle est la diff\u00e9rence entre les courroies plates et les bandes transporteuses\u00a0?<\/h3>\n<p><i class=\"fa fa-arrow-right \" ><\/i> Nous convenons de dire que\u00a0:<br \/>\n&#8211; Les courroies plates ont une largeur inf\u00e9rieure \u00e0 100mm.<br \/>\n&#8211; Les bandes transporteuses ont une largeur sup\u00e9rieure ou \u00e9gale \u00e0 100mm.<\/p>\n<p>&nbsp;<\/p>\n<p>&nbsp;<\/p>\n<h2>Questions diverses<\/h2>\n<h3>Comment les produits Mafdel contribuent \u00e0 atteindre un niveau d\u2019hygi\u00e8ne optimal dans les industries agroalimentaires\u00a0?<\/h3>\n<p><i class=\"fa fa-arrow-right \" ><\/i> Fournir des produits de qualit\u00e9 contribuant au respect des normes d\u2019hygi\u00e8ne est une de nos priorit\u00e9s.<br \/>\nNos courroies et bandes transporteuses de la gamme alimentaire respectent les normes les plus strictes et pr\u00e9sentent des propri\u00e9t\u00e9s contribuant \u00e0 atteindre un niveau d\u2019hygi\u00e8ne optimal\u00a0:<\/p>\n<ul style=\"list-style-type: disc;\">\n<li>Produits monomati\u00e8res sans trame textile, \u00e9liminant les risques d\u2019effilochage<\/li>\n<li>Produits imperm\u00e9ables et imputrescibles<\/li>\n<li>Nettoyage facilit\u00e9<\/li>\n<li>R\u00e9sistance aux agressions chimiques\u00a0: solvants, huiles, graisses, produits de nettoyage\u2026<\/li>\n<\/ul>\n<p>L\u2019utilisation des courroies et bandes transporteuses Mafdel contribue \u00e9galement \u00e0 satisfaire aux exigences de la d\u00e9marche HACCP.<\/p>\n<p>&nbsp;<\/p>\n<h3>Qu\u2019est-ce que la d\u00e9marche HACCP\u00a0?<\/h3>\n<p><i class=\"fa fa-arrow-right \" ><\/i> La d\u00e9marche HACCP (Hazard Analysis Critical Control Point = Analyse des dangers et points critiques pour leur ma\u00eetrise) est une m\u00e9thode destin\u00e9e \u00e0 r\u00e9duire au maximum les risques sanitaires dans les industries agroalimentaires.<br \/>\nCette m\u00e9thode repose sur 7 grands principes visant \u00e0 contr\u00f4ler les risques au cours du processus, de l\u2019analyse des dangers \u00e0 la v\u00e9rification de l\u2019efficacit\u00e9 du syst\u00e8me mis en place.<br \/>\nLa gamme de courroies et bandes transporteuses Mafdel contribue \u00e0 apporter un niveau d\u2019hygi\u00e8ne optimal pour satisfaire aux exigences de cette d\u00e9marche.<\/p>\n<p>&nbsp;<\/p>\n<hr \/>\n<p style=\"text-align: center;\">\u00a0Cette foire aux questions s\u2019agr\u00e9mente au fur et \u00e0 mesure de vos questions. N\u2019h\u00e9sitez pas \u00e0 contacter nos techniciens.<\/p>\n<hr \/>\n<p>&nbsp;<\/p>\n<p>&nbsp;<\/p>\n","protected":false},"excerpt":{"rendered":"<p>Questions fr\u00e9quentes &nbsp; Donn\u00e9es techniques A quoi correspondent les couleurs des courroies et bandes transporteuses ? La couleur identifie la qualit\u00e9 de la mati\u00e8re : composition, duret\u00e9, alimentarit\u00e9, ainsi que la pr\u00e9sence ou non d&rsquo;une armature interne. Les couleurs blanc, ivoire et bleu sont les plus couramment utilis\u00e9es dans l&rsquo;industrie alimentaire. &nbsp; A quoi servent [&hellip;]<\/p>\n","protected":false},"author":3,"featured_media":0,"parent":0,"menu_order":0,"comment_status":"open","ping_status":"open","template":"page-template-without-sidebar.php","meta":{"om_disable_all_campaigns":false,"_uf_show_specific_survey":0,"_uf_disable_surveys":false},"aioseo_notices":[],"_links":{"self":[{"href":"https:\/\/www.mafdel-belts.com\/fr\/wp-json\/wp\/v2\/pages\/95\/"}],"collection":[{"href":"https:\/\/www.mafdel-belts.com\/fr\/wp-json\/wp\/v2\/pages\/"}],"about":[{"href":"https:\/\/www.mafdel-belts.com\/fr\/wp-json\/wp\/v2\/types\/page\/"}],"author":[{"embeddable":true,"href":"https:\/\/www.mafdel-belts.com\/fr\/wp-json\/wp\/v2\/users\/3\/"}],"replies":[{"embeddable":true,"href":"https:\/\/www.mafdel-belts.com\/fr\/wp-json\/wp\/v2\/comments\/?post=95"}],"version-history":[{"count":27,"href":"https:\/\/www.mafdel-belts.com\/fr\/wp-json\/wp\/v2\/pages\/95\/revisions\/"}],"predecessor-version":[{"id":9213,"href":"https:\/\/www.mafdel-belts.com\/fr\/wp-json\/wp\/v2\/pages\/95\/revisions\/9213\/"}],"wp:attachment":[{"href":"https:\/\/www.mafdel-belts.com\/fr\/wp-json\/wp\/v2\/media\/?parent=95"}],"curies":[{"name":"wp","href":"https:\/\/api.w.org\/{rel}","templated":true}]}}