{"id":8995,"date":"2022-08-22T22:10:12","date_gmt":"2022-08-22T21:10:12","guid":{"rendered":"https:\/\/www.mafdel-belts.com\/?page_id=8995"},"modified":"2022-08-22T22:10:48","modified_gmt":"2022-08-22T21:10:48","slug":"merci","status":"publish","type":"page","link":"https:\/\/www.mafdel-belts.com\/fr\/merci\/","title":{"rendered":"Merci"},"content":{"rendered":"<h1 style=\"text-align: center;\">Merci de votre demande, celle-ci sera trait\u00e9e dans les 48h.<\/h1>\n<p style=\"text-align: center;\">\nPour en savoir plus n\u2019h\u00e9sitez pas \u00e0 consulter toutes nos actualit\u00e9s.<\/p>\n","protected":false},"excerpt":{"rendered":"<p>Merci de votre demande, celle-ci sera trait\u00e9e dans les 48h. Pour en savoir plus n\u2019h\u00e9sitez pas \u00e0 consulter toutes nos actualit\u00e9s.<\/p>\n","protected":false},"author":3,"featured_media":0,"parent":0,"menu_order":0,"comment_status":"closed","ping_status":"closed","template":"page-template-thankyou.php","meta":{"om_disable_all_campaigns":false,"_uf_show_specific_survey":0,"_uf_disable_surveys":false},"aioseo_notices":[],"_links":{"self":[{"href":"https:\/\/www.mafdel-belts.com\/fr\/wp-json\/wp\/v2\/pages\/8995\/"}],"collection":[{"href":"https:\/\/www.mafdel-belts.com\/fr\/wp-json\/wp\/v2\/pages\/"}],"about":[{"href":"https:\/\/www.mafdel-belts.com\/fr\/wp-json\/wp\/v2\/types\/page\/"}],"author":[{"embeddable":true,"href":"https:\/\/www.mafdel-belts.com\/fr\/wp-json\/wp\/v2\/users\/3\/"}],"replies":[{"embeddable":true,"href":"https:\/\/www.mafdel-belts.com\/fr\/wp-json\/wp\/v2\/comments\/?post=8995"}],"version-history":[{"count":1,"href":"https:\/\/www.mafdel-belts.com\/fr\/wp-json\/wp\/v2\/pages\/8995\/revisions\/"}],"predecessor-version":[{"id":8996,"href":"https:\/\/www.mafdel-belts.com\/fr\/wp-json\/wp\/v2\/pages\/8995\/revisions\/8996\/"}],"wp:attachment":[{"href":"https:\/\/www.mafdel-belts.com\/fr\/wp-json\/wp\/v2\/media\/?parent=8995"}],"curies":[{"name":"wp","href":"https:\/\/api.w.org\/{rel}","templated":true}]}}