{"id":79,"date":"2015-04-17T21:53:03","date_gmt":"2015-04-17T20:53:03","guid":{"rendered":"https:\/\/www.mafdel-belts.com\/?page_id=79"},"modified":"2024-06-10T14:50:15","modified_gmt":"2024-06-10T13:50:15","slug":"contact-mafdel","status":"publish","type":"page","link":"https:\/\/www.mafdel-belts.com\/fr\/contact-mafdel\/","title":{"rendered":"Nous contacter"},"content":{"rendered":"<div class='content-column one_half'><div style=\"padding-right:40px;\"><h1>Nous contacter<\/h1>\n<p>N\u2019h\u00e9sitez pas \u00e0 nous contacter pour toute information technique ou demande de devis.<br \/>\nNotre \u00e9quipe est \u00e0 votre service pour d\u00e9finir la solution de convoyage qui r\u00e9soudra vos probl\u00e8mes de manutention.<\/p>\n<p><span style=\"font-size: 9pt;\">Merci de compl\u00e9ter tous les champs obligatoires (*)<\/span><\/p>\n<p>&nbsp;<\/p>\n\n<div class=\"wpcf7 no-js\" id=\"wpcf7-f119-o1\" lang=\"fr-FR\" dir=\"ltr\">\n<div class=\"screen-reader-response\"><p role=\"status\" aria-live=\"polite\" aria-atomic=\"true\"><\/p> <ul><\/ul><\/div>\n<form action=\"\/fr\/wp-json\/wp\/v2\/pages\/79\/#wpcf7-f119-o1\" method=\"post\" class=\"wpcf7-form init\" aria-label=\"Formulaire de contact\" enctype=\"multipart\/form-data\" novalidate=\"novalidate\" data-status=\"init\">\n<div style=\"display: none;\">\n<input type=\"hidden\" name=\"_wpcf7\" value=\"119\" \/>\n<input type=\"hidden\" name=\"_wpcf7_version\" value=\"5.7.7\" \/>\n<input type=\"hidden\" name=\"_wpcf7_locale\" value=\"fr_FR\" \/>\n<input type=\"hidden\" name=\"_wpcf7_unit_tag\" value=\"wpcf7-f119-o1\" \/>\n<input type=\"hidden\" name=\"_wpcf7_container_post\" value=\"0\" \/>\n<input type=\"hidden\" name=\"_wpcf7_posted_data_hash\" value=\"\" \/>\n<input type=\"hidden\" name=\"_wpcf7_recaptcha_response\" value=\"\" \/>\n<\/div>\n<p>Soci\u00e9t\u00e9 *\n<\/p>\n<p><span class=\"wpcf7-form-control-wrap\" data-name=\"contact-societe\"><input size=\"40\" class=\"wpcf7-form-control wpcf7-text wpcf7-validates-as-required contact-field\" aria-required=\"true\" aria-invalid=\"false\" value=\"\" type=\"text\" name=\"contact-societe\" \/><\/span>\n<\/p>\n<p>Activit\u00e9\n<\/p>\n<p><span class=\"wpcf7-form-control-wrap\" data-name=\"contact-activite\"><input size=\"40\" class=\"wpcf7-form-control wpcf7-text contact-field\" aria-invalid=\"false\" value=\"\" type=\"text\" name=\"contact-activite\" \/><\/span>\n<\/p>\n<p class=\"contact-form-2columns-first\"><br \/>\nNom *\n<\/p>\n<p><span class=\"wpcf7-form-control-wrap\" data-name=\"contact-nom\"><input size=\"40\" class=\"wpcf7-form-control wpcf7-text wpcf7-validates-as-required contact-field\" aria-required=\"true\" aria-invalid=\"false\" value=\"\" type=\"text\" name=\"contact-nom\" \/><\/span>\n<\/p>\n<p class=\"contact-form-2columns-second\"><br \/>\nPr\u00e9nom *\n<\/p>\n<p><span class=\"wpcf7-form-control-wrap\" data-name=\"contact-prenom\"><input size=\"40\" class=\"wpcf7-form-control wpcf7-text wpcf7-validates-as-required contact-field\" aria-required=\"true\" aria-invalid=\"false\" value=\"\" type=\"text\" name=\"contact-prenom\" \/><\/span>\n<\/p>\n<p>Adresse\n<\/p>\n<p><span class=\"wpcf7-form-control-wrap\" data-name=\"contact-adresse\"><input size=\"40\" class=\"wpcf7-form-control wpcf7-text contact-field\" aria-invalid=\"false\" value=\"\" type=\"text\" name=\"contact-adresse\" \/><\/span>\n<\/p>\n<p class=\"contact-form-3columns-first\"><br \/>\nCode postal\n<\/p>\n<p><span class=\"wpcf7-form-control-wrap\" data-name=\"contact-cp\"><input size=\"40\" class=\"wpcf7-form-control wpcf7-text contact-field\" aria-invalid=\"false\" value=\"\" type=\"text\" name=\"contact-cp\" \/><\/span>\n<\/p>\n<p class=\"contact-form-3columns-second\"><br \/>\nVille\n<\/p>\n<p><span class=\"wpcf7-form-control-wrap\" data-name=\"contact-ville\"><input size=\"40\" class=\"wpcf7-form-control wpcf7-text contact-field\" aria-invalid=\"false\" value=\"\" type=\"text\" name=\"contact-ville\" \/><\/span>\n<\/p>\n<p class=\"contact-form-3columns-third\"><br \/>\nPays *\n<\/p>\n<p><span class=\"wpcf7-form-control-wrap\" data-name=\"contact-pays\"><input size=\"40\" class=\"wpcf7-form-control wpcf7-text wpcf7-validates-as-required contact-field\" aria-required=\"true\" aria-invalid=\"false\" value=\"\" type=\"text\" name=\"contact-pays\" \/><\/span>\n<\/p>\n<p class=\"contact-form-3columns-first\"><br \/>\nT\u00e9l\u00e9phone\n<\/p>\n<p><span class=\"wpcf7-form-control-wrap\" data-name=\"contact-tel\"><input size=\"40\" class=\"wpcf7-form-control wpcf7-text wpcf7-tel wpcf7-validates-as-tel contact-field\" aria-invalid=\"false\" value=\"\" type=\"tel\" name=\"contact-tel\" \/><\/span>\n<\/p>\n<p class=\"contact-form-3columns-second\"><br \/>\nMobile\n<\/p>\n<p><span class=\"wpcf7-form-control-wrap\" data-name=\"contact-mobile\"><input size=\"40\" class=\"wpcf7-form-control wpcf7-text wpcf7-tel wpcf7-validates-as-tel contact-field\" aria-invalid=\"false\" value=\"\" type=\"tel\" name=\"contact-mobile\" \/><\/span>\n<\/p>\n<p class=\"contact-form-3columns-third\"><br \/>\nFax\n<\/p>\n<p><span class=\"wpcf7-form-control-wrap\" data-name=\"contact-fax\"><input size=\"40\" class=\"wpcf7-form-control wpcf7-text wpcf7-tel wpcf7-validates-as-tel contact-field\" aria-invalid=\"false\" value=\"\" type=\"tel\" name=\"contact-fax\" \/><\/span>\n<\/p>\n<p class=\"contact-form-2columns-first\"><br \/>\nE-mail *\n<\/p>\n<p><span class=\"wpcf7-form-control-wrap\" data-name=\"contact-email\"><input size=\"40\" class=\"wpcf7-form-control wpcf7-text wpcf7-email wpcf7-validates-as-required wpcf7-validates-as-email contact-field\" aria-required=\"true\" aria-invalid=\"false\" value=\"\" type=\"email\" name=\"contact-email\" \/><\/span>\n<\/p>\n<p class=\"contact-form-2columns-second\"><br \/>\nSite web\n<\/p>\n<p><span class=\"wpcf7-form-control-wrap\" data-name=\"contact-siteweb\"><input size=\"40\" class=\"wpcf7-form-control wpcf7-text wpcf7-url wpcf7-validates-as-url contact-field\" aria-invalid=\"false\" value=\"\" type=\"url\" name=\"contact-siteweb\" \/><\/span>\n<\/p>\n<p>Message *\n<\/p>\n<p><span class=\"wpcf7-form-control-wrap\" data-name=\"contact-message\"><textarea cols=\"40\" rows=\"3\" class=\"wpcf7-form-control wpcf7-textarea wpcf7-validates-as-required contact-field\" aria-required=\"true\" aria-invalid=\"false\" name=\"contact-message\"><\/textarea><\/span>\n<\/p>\n<p style=\"margin-top:25px; padding-bottom:5px;\">Joindre un ou plusieurs fichiers\n<\/p>\n<p><br \/>\n<span class=\"wpcf7-form-control-wrap\" data-name=\"contact-fichier1\"><input size=\"40\" class=\"wpcf7-form-control wpcf7-file contact-file\" accept=\"audio\/*,video\/*,image\/*\" aria-invalid=\"false\" type=\"file\" name=\"contact-fichier1\" \/><\/span>\n<\/p>\n<p><span class=\"wpcf7-form-control-wrap\" data-name=\"contact-fichier2\"><input size=\"40\" class=\"wpcf7-form-control wpcf7-file contact-file\" accept=\"audio\/*,video\/*,image\/*\" aria-invalid=\"false\" type=\"file\" name=\"contact-fichier2\" \/><\/span>\n<\/p>\n<p><span class=\"wpcf7-form-control-wrap\" data-name=\"contact-fichier3\"><input size=\"40\" class=\"wpcf7-form-control wpcf7-file contact-file\" accept=\"audio\/*,video\/*,image\/*\" aria-invalid=\"false\" type=\"file\" name=\"contact-fichier3\" \/><\/span>\n<\/p>\n<p><span class=\"wpcf7-form-control-wrap\" data-name=\"traitement-donnees\"><span class=\"wpcf7-form-control wpcf7-checkbox wpcf7-validates-as-required\"><span class=\"wpcf7-list-item first last\"><input type=\"checkbox\" name=\"traitement-donnees[]\" value=\"En soumettant ce formulaire, j\u2019accepte que les informations saisies soient utilis\u00e9es, exploit\u00e9es, trait\u00e9es, dans le cadre de la relation commerciale qui peut en d\u00e9couler.*\" \/><span class=\"wpcf7-list-item-label\">En soumettant ce formulaire, j\u2019accepte que les informations saisies soient utilis\u00e9es, exploit\u00e9es, trait\u00e9es, dans le cadre de la relation commerciale qui peut en d\u00e9couler.*<\/span><\/span><\/span><\/span>\n<\/p>\n<p><span class=\"wpcf7-form-control-wrap\" data-name=\"inscription-newsletter\"><span class=\"wpcf7-form-control wpcf7-checkbox\"><span class=\"wpcf7-list-item first last\"><input type=\"checkbox\" name=\"inscription-newsletter[]\" value=\"J\u2019accepte de recevoir la newsletter pour me tenir inform\u00e9(e) des derni\u00e8res nouveaut\u00e9s produits, ainsi que des salons auxquels Mafdel participe\" \/><span class=\"wpcf7-list-item-label\">J\u2019accepte de recevoir la newsletter pour me tenir inform\u00e9(e) des derni\u00e8res nouveaut\u00e9s produits, ainsi que des salons auxquels Mafdel participe<\/span><\/span><\/span><\/span>\n<\/p>\n<div class=\"contact-form-captcha-second-div\">\n\t<p><input type=\"hidden\" name=\"_wpcf7_captcha_challenge_captcha-135\" value=\"4245508522\" \/><img class=\"wpcf7-form-control wpcf7-captchac wpcf7-captcha-captcha-135 contact-captcha\" width=\"84\" height=\"28\" alt=\"captcha\" src=\"https:\/\/www.mafdel-belts.com\/wp-content\/uploads\/wpcf7_captcha\/4245508522.png\" \/>\n\t<\/p>\n\t<p>Veuillez saisir le code de s\u00e9curit\u00e9 : <span class=\"wpcf7-form-control-wrap\" data-name=\"captcha-135\"><input size=\"40\" class=\"wpcf7-form-control wpcf7-captchar contact-captcha-text\" autocomplete=\"off\" aria-invalid=\"false\" value=\"\" type=\"text\" name=\"captcha-135\" \/><\/span>\n\t<\/p>\n<\/div>\n<div class=\"contact-submit-div\">\n\t<p><input class=\"wpcf7-form-control has-spinner wpcf7-submit contact-submit\" type=\"submit\" value=\"ENVOYER\" \/>\n\t<\/p>\n<\/div><p style=\"display: none !important;\" class=\"akismet-fields-container\" data-prefix=\"_wpcf7_ak_\"><label>&#916;<textarea name=\"_wpcf7_ak_hp_textarea\" cols=\"45\" rows=\"8\" maxlength=\"100\"><\/textarea><\/label><input type=\"hidden\" id=\"ak_js_1\" name=\"_wpcf7_ak_js\" value=\"104\"\/><script>document.getElementById( \"ak_js_1\" ).setAttribute( \"value\", ( new Date() ).getTime() );<\/script><\/p><div class=\"wpcf7-response-output\" aria-hidden=\"true\"><\/div>\n<\/form>\n<\/div>\n<\/div><\/div>\n<div class='content-column one_half last_column'><div style=\"padding-left:60px;\"><h3 style=\"font-size: 1.25em;\">Nos agences<\/h3>\n<p>&nbsp;<\/p>\n<div class='content-column two_third'><p><span style=\"color: #0088cc; font-size: 12pt;\">MAFDEL FRANCE<\/span><\/p>\n<p>131 rue de la Plaine<br \/>\nZ.I. Lafayette<br \/>\n38790 SAINT GEORGES D&rsquo;ESPERANCHE<br \/>\nT\u00e9l. +33 (0)4 78 96 21 90<\/p>\n<p>&nbsp;<\/p>\n<p><span style=\"color: #0088cc; font-size: 12pt;\">NANTES<br \/>\n<\/span><br \/>\nBMTS<br \/>\n9 rue Edouard Belin<br \/>\n44360 VIGNEUX DE BRETAGNE<br \/>\nT\u00e9l. +33 (0)2 40 57 34 26<\/p>\n<p>&nbsp;<\/p>\n<p><span style=\"color: #0088cc; font-size: 12pt;\">ALLEMAGNE<br \/>\n<\/span><\/p>\n<p>T\u00e9l. <span class=\"ui-provider a b c d e f g h i j k l m n o p q r s t u v w x y z ab ac ae af ag ah ai aj ak\" dir=\"ltr\">+49 (0) 173 39 29 509<\/span><\/p>\n<p>&nbsp;<\/p>\n<p><span style=\"color: #0088cc; font-size: 12pt;\">ESPAGNE<br \/>\n<\/span><\/p>\n<p>T\u00e9l. +34 672 635 068<\/p>\n<p>&nbsp;<\/p>\n<p><span style=\"color: #0088cc; font-size: 12pt;\">IRLANDE<br \/>\n<\/span><\/p>\n<p>T\u00e9l. +44 (0)7435 640929<br \/><\/div>\n<div class='content-column one_third last_column'><div style=\"padding-left:24px;\"><p style=\"text-align: left;\"><img loading=\"lazy\" class=\" wp-image-2326 size-full alignnone\" src=\"https:\/\/www.mafdel-belts.com\/wp-content\/uploads\/2015\/04\/qrcode_1464090236.png\" alt=\"\" width=\"200\" height=\"200\" srcset=\"https:\/\/www.mafdel-belts.com\/wp-content\/uploads\/2015\/04\/qrcode_1464090236.png 200w, https:\/\/www.mafdel-belts.com\/wp-content\/uploads\/2015\/04\/qrcode_1464090236-150x150.png 150w\" sizes=\"(max-width: 200px) 100vw, 200px\" \/><\/p>\n<p style=\"text-align: center;\"><span style=\"font-size: 10pt; color: #000000;\">\u00a0\u00a0 G\u00e9olocalisez-nous \u00a0 \u00a0 <\/span><br \/>\n<span style=\"font-size: 10pt; color: #000000;\">sur votre smartphone<br \/>\n<\/span><\/p><\/div><\/div><div class='clear_column'><\/div>\n<p>&nbsp;<\/p>\n<p>&nbsp;<\/p>\n<h3>Nous situer<\/h3>\n<p>&nbsp;<\/p>\n<div id=\"wpgmza_map\" class=\"wpgmza_map\" data-settings='{\"id\":\"1\",\"map_title\":\"My first map\",\"map_width\":\"100\",\"map_height\":\"300\",\"map_start_lat\":\"45.586704\",\"map_start_lng\":\"5.062970\",\"map_start_location\":\"45.5867038481586,5.062969785247335\",\"map_start_zoom\":\"9\",\"default_marker\":\"0\",\"type\":\"1\",\"alignment\":\"1\",\"directions_enabled\":\"1\",\"styling_enabled\":\"0\",\"styling_json\":\"\",\"active\":\"0\",\"kml\":\"\",\"bicycle\":\"0\",\"traffic\":\"0\",\"dbox\":\"1\",\"dbox_width\":\"250\",\"listmarkers\":\"0\",\"listmarkers_advanced\":\"0\",\"filterbycat\":\"0\",\"ugm_enabled\":\"0\",\"ugm_category_enabled\":\"0\",\"fusion\":\"\",\"map_width_type\":\"\\\\%\",\"map_height_type\":\"px\",\"mass_marker_support\":\"1\",\"ugm_access\":\"0\",\"order_markers_by\":\"1\",\"order_markers_choice\":\"2\",\"show_user_location\":\"0\",\"default_to\":\"\",\"other_settings\":{\"store_locator_enabled\":2,\"store_locator_distance\":2,\"store_locator_bounce\":1,\"store_locator_query_string\":\"Code Postal \\\/ Adresse\",\"wpgmza_store_locator_restrict\":\"\",\"map_max_zoom\":\"1\",\"transport_layer\":0,\"wpgmza_theme_data\":\"\"}}' data-map-id='1' Data-maps-engine='' data-shortcode-attributes='{\"id\":\"1\"}' style=\"display:block; overflow:auto; width:100%; height:300px; float:left;\"><\/div><\/div><\/div><div class='clear_column'><\/div>\n","protected":false},"excerpt":{"rendered":"","protected":false},"author":3,"featured_media":0,"parent":0,"menu_order":0,"comment_status":"open","ping_status":"open","template":"page-template-without-sidebar.php","meta":{"om_disable_all_campaigns":false,"_uf_show_specific_survey":0,"_uf_disable_surveys":false},"aioseo_notices":[],"_links":{"self":[{"href":"https:\/\/www.mafdel-belts.com\/fr\/wp-json\/wp\/v2\/pages\/79\/"}],"collection":[{"href":"https:\/\/www.mafdel-belts.com\/fr\/wp-json\/wp\/v2\/pages\/"}],"about":[{"href":"https:\/\/www.mafdel-belts.com\/fr\/wp-json\/wp\/v2\/types\/page\/"}],"author":[{"embeddable":true,"href":"https:\/\/www.mafdel-belts.com\/fr\/wp-json\/wp\/v2\/users\/3\/"}],"replies":[{"embeddable":true,"href":"https:\/\/www.mafdel-belts.com\/fr\/wp-json\/wp\/v2\/comments\/?post=79"}],"version-history":[{"count":39,"href":"https:\/\/www.mafdel-belts.com\/fr\/wp-json\/wp\/v2\/pages\/79\/revisions\/"}],"predecessor-version":[{"id":10846,"href":"https:\/\/www.mafdel-belts.com\/fr\/wp-json\/wp\/v2\/pages\/79\/revisions\/10846\/"}],"wp:attachment":[{"href":"https:\/\/www.mafdel-belts.com\/fr\/wp-json\/wp\/v2\/media\/?parent=79"}],"curies":[{"name":"wp","href":"https:\/\/api.w.org\/{rel}","templated":true}]}}