{"id":77,"date":"2015-04-17T21:52:06","date_gmt":"2015-04-17T20:52:06","guid":{"rendered":"https:\/\/www.mafdel-belts.com\/?page_id=77"},"modified":"2024-10-08T10:15:39","modified_gmt":"2024-10-08T09:15:39","slug":"catalogues-courroies-et-bandes-transporteuses","status":"publish","type":"page","link":"https:\/\/www.mafdel-belts.com\/fr\/catalogues-courroies-et-bandes-transporteuses\/","title":{"rendered":"Documentation"},"content":{"rendered":"<div class='content-column one_third'><h1>Documentation t\u00e9l\u00e9chargeable<\/h1><\/div>\n<div class='content-column two_third last_column'><div style=\"padding-left:20px;\"><p>Vous trouverez dans cette rubrique l&rsquo;ensemble de nos fiches produits, les caract\u00e9ristiques techniques de nos produits ainsi que nos conseils pour vous permettre de choisir le produit adapt\u00e9 \u00e0 vos besoins et exigences.<\/p>\n<p>Les documents sont au format PDF.<\/p>\n<p>Si vous ne poss\u00e9dez pas de logiciel pour lire ce format de fichier, vous pouvez <a href=\"https:\/\/get.adobe.com\/fr\/reader\/\" target=\"_blank\" rel=\"noopener noreferrer\">t\u00e9l\u00e9charger la derni\u00e8re version d&rsquo;Adobe Reader<\/a>.<\/div><\/div><div class='clear_column'><\/div>\n<p>&nbsp;<\/p>\n<p>&nbsp;<\/p>\n<p>&nbsp;<\/p>\n<h3><i class=\"fa fa-arrow-right \" ><\/i> Les courroies<\/h3>\n<div class=\"line-break\" style=\"width: 100%; height:12px;\"><\/div>\n<div class='content-column one_fourth'><div style=\"padding-right:22px;\"><div class=\"bloc-doc-entete\" style=\"height:27px;\">Consulter le catalogue complet<\/div><a href=\"https:\/\/www.mafdel-belts.com\/wp-content\/uploads\/MAFDEL-Catalogue-Courroies-5.pdf\" target=\"_blank\" rel=\"noopener noreferrer\"><div class=\"bloc-doc-detail\" style=\"height:231px; text-decoration: none;\"><\/a><a href=\"https:\/\/www.mafdel-belts.com\/wp-content\/uploads\/MAFDEL-Catalogue-Courroies-5.pdf\" target=\"_blank\" rel=\"noopener noreferrer\"><img loading=\"lazy\" class=\"alignnone wp-image-6290 size-full\" src=\"https:\/\/www.mafdel-belts.com\/wp-content\/uploads\/Couv-miniature-Courroies-FR-Mafdel.png\" alt=\"Couverture du catalogue Courroies Mafdel\" width=\"134\" height=\"190\" \/><\/a><a href=\"https:\/\/www.mafdel-belts.com\/wp-content\/uploads\/MAFDEL-Catalogue-Courroies-5.pdf\" target=\"_blank\" rel=\"noopener noreferrer\"><\/ br><i class=\"fa fa-download\"><\/i><\/div><\/a><\/div><\/div>\n<div class='content-column one_fourth'><div style=\"padding-right:15px;padding-left:7px;\"><div class=\"bloc-doc-entete\" style=\"height:27px;\">Les courroies rondes<\/div><a href=\"https:\/\/www.mafdel-belts.com\/wp-content\/uploads\/MAFDEL-Courroies-Rondes-3.pdf\" target=\"_blank\" rel=\"noopener noreferrer\"><div class=\"bloc-doc-detail\" style=\"height:63px; text-decoration: none;\">La gamme de courroies rondes<\/ br><i class=\"fa fa-download\"><\/i><\/div><\/a><div class=\"line-break\" style=\"width: 100%; height:43px;\"><\/div><div class=\"bloc-doc-entete\" style=\"height:27px;\">Les courroies sp\u00e9ciales<\/div><a href=\"https:\/\/www.mafdel-belts.com\/wp-content\/uploads\/MAFDEL-Courroies-Speciales-3.pdf\" target=\"_blank\" rel=\"noopener noreferrer\"><div class=\"bloc-doc-detail\" style=\"height:63px; text-decoration: none;\">Exemples de r\u00e9alisations<\/ br><i class=\"fa fa-download\"><\/i><\/div><\/a><\/div><\/div>\n<div class='content-column one_fourth'><div style=\"padding-right:7px;padding-left:15px;\"><div class=\"bloc-doc-entete\" style=\"height:27px;\">Les courroies trap\u00e9zo\u00efdales<\/div><a href=\"https:\/\/www.mafdel-belts.com\/wp-content\/uploads\/MAFDEL-Courroies-Trapezoidales-3.pdf\" target=\"_blank\" rel=\"noopener noreferrer\"><div class=\"bloc-doc-detail\" style=\"height:63px; text-decoration: none;\">La gamme de courroies trap\u00e9zo\u00efdales<\/ br><i class=\"fa fa-download\"><\/i><\/div><\/a><div class=\"line-break\" style=\"width: 100%; height:43px;\"><\/div><div class=\"bloc-doc-entete\" style=\"height:27px;\">Les\u00a0glissi\u00e8res<\/div><a href=\"https:\/\/www.mafdel-belts.com\/wp-content\/uploads\/MAFDEL-Courroies-Glissieres-3.pdf\" target=\"_blank\" rel=\"noopener noreferrer\"><div class=\"bloc-doc-detail\" style=\"height:63px; text-decoration: none;\">Les caract\u00e9ristiques<\/ br><i class=\"fa fa-download\"><\/i><\/div><\/a><\/div><\/div>\n<div class='content-column one_fourth last_column'><div style=\"padding-left:22px;\"><div class=\"bloc-doc-entete\" style=\"height:27px;\">Les courroies \u00e0 cr\u00eates<\/div><a href=\"https:\/\/www.mafdel-belts.com\/wp-content\/uploads\/MAFDEL-Courroies-Cretes-3.pdf\" target=\"_blank\" rel=\"noopener noreferrer\"><div class=\"bloc-doc-detail\" style=\"height:63px; text-decoration: none;\">La gamme de courroies \u00e0 cr\u00eates<\/ br><i class=\"fa fa-download\"><\/i><\/div><\/a><\/div><\/div><div class='clear_column'><\/div>\n<p>&nbsp;<\/p>\n<p>&nbsp;<\/p>\n<p>&nbsp;<\/p>\n<h3><i class=\"fa fa-arrow-right \" ><\/i> Les bandes transporteuses monomati\u00e8res<\/h3>\n<div class=\"line-break\" style=\"width: 100%; height:12px;\"><\/div>\n<div class='content-column one_fourth'><div style=\"padding-right:22px;\"><div class=\"bloc-doc-entete\" style=\"height:27px;\">Consulter le catalogue complet<\/div><a href=\"https:\/\/www.mafdel-belts.com\/wp-content\/uploads\/Mafdel-Bandes-Transporteuses-Thermosoudables-Catalogue-V1.pdf\" target=\"_blank\" rel=\"noopener noreferrer\"><div class=\"bloc-doc-detail\" style=\"height:231px; text-decoration: none;\"><\/a><a href=\"https:\/\/www.mafdel-belts.com\/wp-content\/uploads\/Mafdel-Bandes-Transporteuses-Thermosoudables-Catalogue-V1.pdf\" target=\"_blank\" rel=\"noopener noreferrer\"><img loading=\"lazy\" class=\"alignnone wp-image-3462 size-full\" src=\"https:\/\/www.mafdel-belts.com\/wp-content\/uploads\/Visuel-Catalogue-Bandes-transporteuses-FR.jpg\" alt=\"\" width=\"134\" height=\"190\" \/><\/a><a href=\"https:\/\/www.mafdel-belts.com\/wp-content\/uploads\/Mafdel-Bandes-Transporteuses-Thermosoudables-Catalogue-V1.pdf\" target=\"_blank\" rel=\"noopener noreferrer\"><\/ br><i class=\"fa fa-download\"><\/i><\/div><\/a><\/div><\/div>\n<div class='content-column one_fourth'><div style=\"padding-right:15px;padding-left:7px;\"><div class=\"bloc-doc-entete\" style=\"height:27px;\">Standard \/ Alimentaires<\/div><a href=\"https:\/\/www.mafdel-belts.com\/wp-content\/uploads\/Mafdel-Bandes-Transporteuses-Thermosoudables-Standard-Catalogue.pdf\" target=\"_blank\" rel=\"noopener noreferrer\"><div class=\"bloc-doc-detail\" style=\"height:63px; text-decoration: none;\">La gamme standard\/alimentaire<\/ br><i class=\"fa fa-download\"><\/i><\/div><\/a><\/div><\/div>\n<div class='content-column one_fourth'><div style=\"padding-right:7px;padding-left:15px;\"><div class=\"bloc-doc-entete\" style=\"height:27px;\">Tasseaux \/ Guides \/ Bords<\/div><a href=\"https:\/\/www.mafdel-belts.com\/wp-content\/uploads\/Mafdel-Bandes-Transporteuses-Thermosoudables-Equipement-Catalogue.pdf\" target=\"_blank\" rel=\"noopener noreferrer\"><div class=\"bloc-doc-detail\" style=\"height:63px; text-decoration: none;\">Les bandes \u00e0 tasseaux<\/ br><i class=\"fa fa-download\"><\/i><\/div><\/a><\/div><\/div>\n<div class='content-column one_fourth last_column'><div style=\"padding-left:22px;\"><div class=\"bloc-doc-entete\" style=\"height:27px;\">Rev\u00eatements \/ Sp\u00e9ciales<\/div><a href=\"https:\/\/www.mafdel-belts.com\/wp-content\/uploads\/Mafdel-Bandes-Transporteuses-Thermosoudables-Speciales-Catalogue.pdf\" target=\"_blank\" rel=\"noopener noreferrer\"><div class=\"bloc-doc-detail\" style=\"height:63px; text-decoration: none;\">Les rev\u00eatements sp\u00e9ciaux<\/ br><i class=\"fa fa-download\"><\/i><\/div><div class=\"line-break\" style=\"width: 100%; height:6px;\"><\/div><\/a><a href=\"https:\/\/www.mafdel-belts.com\/wp-content\/uploads\/Mafdel-Bandes-Transporteuses-Thermosoudables-Perforation-Decoupe-Catalogue.pdf\" target=\"_blank\" rel=\"noopener noreferrer\"><div class=\"bloc-doc-detail\" style=\"height:63px; text-decoration: none;\">Les d\u00e9coupes et perforations<\/ br><i class=\"fa fa-download\"><\/i><\/div><\/a><\/div><\/div><div class='clear_column'><\/div>\n<p>&nbsp;<\/p>\n<p>&nbsp;<\/p>\n<p>&nbsp;<\/p>\n<h3><i class=\"fa fa-arrow-right \" ><\/i> Les bandes \u00e0 entra\u00eenement positif<\/h3>\n<div class=\"line-break\" style=\"width: 100%; height:12px;\"><\/div>\n<div class='content-column one_fourth'><div style=\"padding-right:22px;\"><div class=\"bloc-doc-entete\" style=\"height:27px;\">Consulter le catalogue complet<\/div><a href=\"https:\/\/www.mafdel-belts.com\/wp-content\/uploads\/2024-Bandes-a-entrainement-positif-MAFDEL-2.pdf\" target=\"_blank\" rel=\"noopener noreferrer\"><div class=\"bloc-doc-detail\" style=\"height:231px; text-decoration: none;\"><\/a><a href=\"https:\/\/www.mafdel-belts.com\/wp-content\/uploads\/2024-Bandes-a-entrainement-positif-MAFDEL-2.pdf\" target=\"_blank\" rel=\"noopener noreferrer\"><img loading=\"lazy\" class=\"alignnone wp-image-3459 size-full\" src=\"https:\/\/www.mafdel-belts.com\/wp-content\/uploads\/Visuel-catalogue-BT2.jpg\" alt=\"\" width=\"134\" height=\"190\" \/><\/a><a href=\"https:\/\/www.mafdel-belts.com\/wp-content\/uploads\/2024-Bandes-a-entrainement-positif-MAFDEL-2.pdf\" target=\"_blank\" rel=\"noopener noreferrer\"><\/ br><i class=\"fa fa-download\"><\/i><\/div><\/a><\/div><\/div>\n<div class='content-column one_fourth'><div style=\"padding-right:15px;padding-left:7px;\"><div class=\"bloc-doc-entete\" style=\"height:27px;\">Pr\u00e9sentation<\/div><a href=\"https:\/\/www.mafdel-belts.com\/wp-content\/uploads\/MAFDEL-BT-entrainement-positif-Caracteristiques.pdf\" target=\"_blank\" rel=\"noopener noreferrer\"><div class=\"bloc-doc-detail\" style=\"height:63px; text-decoration: none;\">Caract\u00e9ristiques et avantages<\/ br><i class=\"fa fa-download\"><\/i><\/div><\/a><\/div><\/div>\n<p><div class='content-column one_fourth'><div style=\"padding-right:7px;padding-left:15px;\"><div class=\"bloc-doc-entete\" style=\"height:27px;\">Les produits<\/div><a href=\"https:\/\/www.mafdel-belts.com\/wp-content\/uploads\/MAFDEL-BT-entrainement-positif-DELDRIVE-1.pdf\" target=\"_blank\" rel=\"noopener noreferrer\"><div class=\"bloc-doc-detail\" style=\"height:63px; text-decoration: none;\">La gamme DEL\/DRIVE<\/ br><i class=\"fa fa-download\"><\/i><\/div><\/a> <div class=\"line-break\" style=\"width: 100%; height:6px;\"><\/div> <a href=\"https:\/\/www.mafdel-belts.com\/wp-content\/uploads\/MAFDEL-BT-entrainement-positif-Positivebelt-1.pdf\" target=\"_blank\" rel=\"noopener noreferrer\"><div class=\"bloc-doc-detail\" style=\"height:63px; text-decoration: none;\">La gamme POSITIVEBELT<\/ br><i class=\"fa fa-download\"><\/i><\/div><\/a><div class=\"line-break\" style=\"width: 100%; height:6px;\"><\/div><a href=\"https:\/\/www.mafdel-belts.com\/wp-content\/uploads\/MAFDEL-BT-entrainement-positif-DELSYNC.pdf\" target=\"_blank\" rel=\"noopener noreferrer\"><div class=\"bloc-doc-detail\" style=\"height:63px; text-decoration: none;\">La gamme DEL\/SYNC<\/ br><i class=\"fa fa-download\"><\/i><\/div><div class=\"line-break\" style=\"width: 100%; height:6px;\"><\/div><\/a><a href=\"https:\/\/www.mafdel-belts.com\/wp-content\/uploads\/2024-Bandes-a-entrainement-positif-SDRIVE.pdf\" target=\"_blank\" rel=\"noopener noreferrer\"><div class=\"bloc-doc-detail\" style=\"height:63px; text-decoration: none;\">La gamme S\/DRIVE<\/ br><i class=\"fa fa-download\"><\/i><\/div><\/a><a href=\"https:\/\/www.mafdel-belts.com\/wp-content\/uploads\/Mafdel-BT-entrainement-positif-DELSYNC-Catalogue.pdf\" target=\"_blank\" rel=\"noopener noreferrer\"><\/div><\/div><\/a><\/p>\n<div class='content-column one_fourth last_column'><div style=\"padding-left:22px;\"><\/div><\/div><div class='clear_column'><\/div>\n<p>&nbsp;<\/p>\n<p>&nbsp;<\/p>\n<p>&nbsp;<\/p>\n<h3><i class=\"fa fa-arrow-right \" ><\/i> Outillage et accessoires<\/h3>\n<div class=\"line-break\" style=\"width: 100%; height:12px;\"><\/div>\n<div class='content-column one_fourth'><div style=\"padding-right:15px;padding-left:7px;\"><div class=\"bloc-doc-entete\" style=\"height:27px;\">Soudure des courroies<\/div><a href=\"https:\/\/www.mafdel-belts.com\/wp-content\/uploads\/MAFDEL-Courroies-Outillage-3.pdf\" target=\"_blank\" rel=\"noopener noreferrer\"><div class=\"bloc-doc-detail\" style=\"height:63px; text-decoration: none;\">Fer MC50 pour jonction bout \u00e0 bout<\/ br><i class=\"fa fa-download\"><\/i><\/div><\/a> <div class=\"line-break\" style=\"width: 100%; height:6px;\"><\/div> <a href=\"https:\/\/www.mafdel-belts.com\/wp-content\/uploads\/MAFDEL-Courroies-Outillage-3.pdf\" target=\"_blank\" rel=\"noopener noreferrer\"><div class=\"bloc-doc-detail\" style=\"height:63px; text-decoration: none;\">Fer MC150 pour jonction overlap<\/ br><i class=\"fa fa-download\"><\/i><\/div><\/a><div class=\"line-break\" style=\"width: 100%; height:6px;\"><\/div><\/div><\/div>\n<div class='content-column one_fourth'><div style=\"padding-right:15px;padding-left:7px;\"><div class=\"bloc-doc-entete\" style=\"height:27px;\">Soudure des bandes transporteuses<\/div><a href=\"https:\/\/www.mafdel-belts.com\/wp-content\/uploads\/Mafdel-Bandes-Transporteuses-Thermosoudables-Outillage-Catalogue-V1.pdf\" target=\"_blank\" rel=\"noopener noreferrer\"><div class=\"bloc-doc-detail\" style=\"height:63px; text-decoration: none;\">Fer MC100-200 pour jonction bout \u00e0 bout<\/ br><i class=\"fa fa-download\"><\/i><\/div><\/a><div class=\"line-break\" style=\"width: 100%; height:6px;\"><\/div><\/div><\/div>\n<div class='content-column one_fourth'><div style=\"padding-right:7px;padding-left:15px;\"><div class=\"bloc-doc-entete\" style=\"height:27px;\">Racleurs pour bandes alimentaires<\/div><a href=\"https:\/\/www.mafdel-belts.com\/wp-content\/uploads\/Mafdel-BT-entrainement-positif-racleur-Catalogue.pdf\" target=\"_blank\" rel=\"noopener noreferrer\"><div class=\"bloc-doc-detail\" style=\"height:63px; text-decoration: none;\">Les racleurs<\/ br><i class=\"fa fa-download\"><\/i><\/div><\/a><\/div><\/div>\n<div class='content-column one_fourth last_column'><div style=\"padding-right:7px;padding-left:15px;\"><div class=\"bloc-doc-entete\" style=\"height:27px;\">Clips d&rsquo;arr\u00eat<\/div><a href=\"https:\/\/www.mafdel-belts.com\/wp-content\/uploads\/MAFDEL-Clip-darret.pdf\" target=\"_blank\" rel=\"noopener noreferrer\"><div class=\"bloc-doc-detail\" style=\"height:63px; text-decoration: none;\">Les clips d\u2019arr\u00eat<\/ br><i class=\"fa fa-download\"><\/i><\/div><\/a><\/div><\/div><div class='clear_column'><\/div>\n","protected":false},"excerpt":{"rendered":"<p>&nbsp; &nbsp; &nbsp; Les courroies &nbsp; &nbsp; &nbsp; Les bandes transporteuses monomati\u00e8res &nbsp; &nbsp; &nbsp; Les bandes \u00e0 entra\u00eenement positif &nbsp; &nbsp; &nbsp; Outillage et accessoires<\/p>\n","protected":false},"author":3,"featured_media":0,"parent":0,"menu_order":0,"comment_status":"open","ping_status":"closed","template":"page-template-without-sidebar.php","meta":{"om_disable_all_campaigns":false,"_uf_show_specific_survey":0,"_uf_disable_surveys":false},"aioseo_notices":[],"_links":{"self":[{"href":"https:\/\/www.mafdel-belts.com\/fr\/wp-json\/wp\/v2\/pages\/77\/"}],"collection":[{"href":"https:\/\/www.mafdel-belts.com\/fr\/wp-json\/wp\/v2\/pages\/"}],"about":[{"href":"https:\/\/www.mafdel-belts.com\/fr\/wp-json\/wp\/v2\/types\/page\/"}],"author":[{"embeddable":true,"href":"https:\/\/www.mafdel-belts.com\/fr\/wp-json\/wp\/v2\/users\/3\/"}],"replies":[{"embeddable":true,"href":"https:\/\/www.mafdel-belts.com\/fr\/wp-json\/wp\/v2\/comments\/?post=77"}],"version-history":[{"count":108,"href":"https:\/\/www.mafdel-belts.com\/fr\/wp-json\/wp\/v2\/pages\/77\/revisions\/"}],"predecessor-version":[{"id":11103,"href":"https:\/\/www.mafdel-belts.com\/fr\/wp-json\/wp\/v2\/pages\/77\/revisions\/11103\/"}],"wp:attachment":[{"href":"https:\/\/www.mafdel-belts.com\/fr\/wp-json\/wp\/v2\/media\/?parent=77"}],"curies":[{"name":"wp","href":"https:\/\/api.w.org\/{rel}","templated":true}]}}