{"id":71,"date":"2015-04-17T21:49:40","date_gmt":"2015-04-17T20:49:40","guid":{"rendered":"https:\/\/www.mafdel-belts.com\/?page_id=71"},"modified":"2016-06-30T13:09:59","modified_gmt":"2016-06-30T12:09:59","slug":"industries","status":"publish","type":"page","link":"https:\/\/www.mafdel-belts.com\/fr\/industries\/","title":{"rendered":"Applications"},"content":{"rendered":"<h1>Les bandes et courroies thermosoudables MAFDEL s\u2019adaptent \u00e0 de nombreuses applications<\/h1>\n<p>Mafdel fabrique des courroies et bandes transporteuses pour la manutention en continu dans l\u2019industrie.<\/p>\n<p>La gamme \u00e9tendue des produits fabriqu\u00e9s permet de s\u00e9lectionner le produit adapt\u00e9 aux besoins de l\u2019application, selon de nombreuses caract\u00e9ristiques techniques :<\/p>\n<ul style=\"list-style-type: disc;\">\n<li>Duret\u00e9<\/li>\n<li>R\u00e9sistance \u00e0 l\u2019abrasion<\/li>\n<li>Armature<\/li>\n<li>Crantage<\/li>\n<li>Rev\u00eatement<\/li>\n<li>Coefficient de frottement<\/li>\n<li>Alimentarit\u00e9<\/li>\n<li>Tension de pose<\/li>\n<li>Temp\u00e9ratures d\u2019utilisation<\/li>\n<li>\u2026<\/li>\n<\/ul>\n<p>&nbsp;<\/p>\n<p>&nbsp;<\/p>\n<h2>Ainsi, nos courroies et bandes transporteuses thermosoudables repr\u00e9sentent une solution optimale dans de nombreuses industries<\/h2>\n<h3>Industries agroalimentaires<\/h3>\n<p><i class=\"fa fa-arrow-right \" ><\/i>\u00a0 Viandes et volailles<\/p>\n<p><i class=\"fa fa-arrow-right \" ><\/i>\u00a0 Poissons et fruits de mer<\/p>\n<p><i class=\"fa fa-arrow-right \" ><\/i>\u00a0 Laiteries \/ Fromageries<\/p>\n<p><i class=\"fa fa-arrow-right \" ><\/i>\u00a0 Fruits et l\u00e9gumes<\/p>\n<p><i class=\"fa fa-arrow-right \" ><\/i>\u00a0 Conserveries<\/p>\n<p><i class=\"fa fa-arrow-right \" ><\/i>\u00a0 Boulangeries et p\u00e2tisseries industrielles<\/p>\n<p>&nbsp;<\/p>\n<p>&nbsp;<\/p>\n<h3>Autres industries (non alimentaires)<\/h3>\n<p><i class=\"fa fa-arrow-right \" ><\/i>\u00a0 Emballages m\u00e9talliques et plastiques<\/p>\n<p><i class=\"fa fa-arrow-right \" ><\/i>\u00a0 Machines agricoles<\/p>\n<p><i class=\"fa fa-arrow-right \" ><\/i>\u00a0 Industries du bois et du verre<\/p>\n<p><i class=\"fa fa-arrow-right \" ><\/i>\u00a0 Cartonneries, imprimeries<\/p>\n<p><i class=\"fa fa-arrow-right \" ><\/i>\u00a0 Convoyeurs \u00e0 rouleaux, logistique<\/p>\n<p><i class=\"fa fa-arrow-right \" ><\/i>\u00a0 Mat\u00e9riaux de construction<\/p>\n<p>&nbsp;<\/p>\n<p>&nbsp;<\/p>\n<hr \/>\n<p><strong>Conformes aux normes internationales les plus s\u00e9v\u00e8res, nos courroies et bandes transporteuses contribuent \u00e0 apporter un niveau d\u2019hygi\u00e8ne optimal pour satisfaire aux exigences de la d\u00e9marche HACCP<\/strong> (Hazard Analysis Critical Control Point \/ Analyse des dangers et points critiques pour leur ma\u00eetrise).<\/p>\n<hr \/>\n<p>&nbsp;<\/p>\n","protected":false},"excerpt":{"rendered":"<p>Les bandes et courroies thermosoudables MAFDEL s\u2019adaptent \u00e0 de nombreuses applications Mafdel fabrique des courroies et bandes transporteuses pour la manutention en continu dans l\u2019industrie. La gamme \u00e9tendue des produits fabriqu\u00e9s permet de s\u00e9lectionner le produit adapt\u00e9 aux besoins de l\u2019application, selon de nombreuses caract\u00e9ristiques techniques : Duret\u00e9 R\u00e9sistance \u00e0 l\u2019abrasion Armature Crantage Rev\u00eatement Coefficient [&hellip;]<\/p>\n","protected":false},"author":3,"featured_media":0,"parent":0,"menu_order":0,"comment_status":"open","ping_status":"closed","template":"page-template-typeapplication.php","meta":{"om_disable_all_campaigns":false,"_uf_show_specific_survey":0,"_uf_disable_surveys":false},"aioseo_notices":[],"_links":{"self":[{"href":"https:\/\/www.mafdel-belts.com\/fr\/wp-json\/wp\/v2\/pages\/71\/"}],"collection":[{"href":"https:\/\/www.mafdel-belts.com\/fr\/wp-json\/wp\/v2\/pages\/"}],"about":[{"href":"https:\/\/www.mafdel-belts.com\/fr\/wp-json\/wp\/v2\/types\/page\/"}],"author":[{"embeddable":true,"href":"https:\/\/www.mafdel-belts.com\/fr\/wp-json\/wp\/v2\/users\/3\/"}],"replies":[{"embeddable":true,"href":"https:\/\/www.mafdel-belts.com\/fr\/wp-json\/wp\/v2\/comments\/?post=71"}],"version-history":[{"count":25,"href":"https:\/\/www.mafdel-belts.com\/fr\/wp-json\/wp\/v2\/pages\/71\/revisions\/"}],"predecessor-version":[{"id":1672,"href":"https:\/\/www.mafdel-belts.com\/fr\/wp-json\/wp\/v2\/pages\/71\/revisions\/1672\/"}],"wp:attachment":[{"href":"https:\/\/www.mafdel-belts.com\/fr\/wp-json\/wp\/v2\/media\/?parent=71"}],"curies":[{"name":"wp","href":"https:\/\/api.w.org\/{rel}","templated":true}]}}