{"id":63,"date":"2015-04-15T21:00:05","date_gmt":"2015-04-15T20:00:05","guid":{"rendered":"https:\/\/www.mafdel-belts.com\/?page_id=63"},"modified":"2022-06-13T14:57:02","modified_gmt":"2022-06-13T13:57:02","slug":"carrieres-mafdel","status":"publish","type":"page","link":"https:\/\/www.mafdel-belts.com\/fr\/carrieres-mafdel\/","title":{"rendered":"Carri\u00e8res"},"content":{"rendered":"<div class='content-column three_fourth'><div style=\"padding-right:30px;\"><\/div><\/div>\n<h2>Carri\u00e8res<\/h2>\n<p>Valorisez et d\u00e9veloppez vos comp\u00e9tences au sein d&rsquo;une entreprise innovante !<\/p>\n<p>Nous recherchons pour accompagner notre croissance des profils \u00e0 fort potentiel, commerciaux ou techniciens de production.<\/p>\n<ul style=\"list-style-type: disc;\">\n<li>Vous avez une exp\u00e9rience de vente dans l&rsquo;industrie, des comp\u00e9tences linguistiques, une grande capacit\u00e9 d&rsquo;\u00e9coute,<br \/>\nle sens du service et un excellent contact client ?<\/li>\n<li>La mise en \u0153uvre de moyens de production \u00e9volu\u00e9s et la fabrication de produits innovants sont dans vos comp\u00e9tences ?<\/li>\n<li>Vous \u00eates jeune dipl\u00f4m\u00e9 et avez envie d&rsquo;apprendre ?<\/li>\n<\/ul>\n<p>N&rsquo;h\u00e9sitez pas \u00e0 postuler en candidat libre.<\/p>\n<p>&nbsp;<\/p>\n<h2>R\u00e9seau de distribution<\/h2>\n<p>Vous souhaitez obtenir des informations pour devenir distributeur des produits Mafdel ?<br \/>\nContactez-nous via le formulaire ci-dessous, nous ne manquerons pas de vous appeler afin de vous expliquer notre process d&rsquo;accueil et de suivi de distributeur, quelque soit le pays o\u00f9 vous intervenez !<\/p>\n\n<div class=\"wpcf7 no-js\" id=\"wpcf7-f215-o1\" lang=\"fr-FR\" dir=\"ltr\">\n<div class=\"screen-reader-response\"><p role=\"status\" aria-live=\"polite\" aria-atomic=\"true\"><\/p> <ul><\/ul><\/div>\n<form action=\"\/fr\/wp-json\/wp\/v2\/pages\/63#wpcf7-f215-o1\" method=\"post\" class=\"wpcf7-form init\" aria-label=\"Formulaire de contact\" enctype=\"multipart\/form-data\" novalidate=\"novalidate\" data-status=\"init\">\n<div style=\"display: none;\">\n<input type=\"hidden\" name=\"_wpcf7\" value=\"215\" \/>\n<input type=\"hidden\" name=\"_wpcf7_version\" value=\"5.7.7\" \/>\n<input type=\"hidden\" name=\"_wpcf7_locale\" value=\"fr_FR\" \/>\n<input type=\"hidden\" name=\"_wpcf7_unit_tag\" value=\"wpcf7-f215-o1\" \/>\n<input type=\"hidden\" name=\"_wpcf7_container_post\" value=\"0\" \/>\n<input type=\"hidden\" name=\"_wpcf7_posted_data_hash\" value=\"\" \/>\n<input type=\"hidden\" name=\"_wpcf7_recaptcha_response\" value=\"\" \/>\n<\/div>\n<p>Votre profil *\n<\/p>\n<p><span class=\"wpcf7-form-control-wrap\" data-name=\"carrieres-profil\"><input size=\"40\" class=\"wpcf7-form-control wpcf7-text wpcf7-validates-as-required contact-field\" aria-required=\"true\" aria-invalid=\"false\" value=\"\" type=\"text\" name=\"carrieres-profil\" \/><\/span>\n<\/p>\n<p class=\"contact-form-2columns-first\"><br \/>\nNom *\n<\/p>\n<p><span class=\"wpcf7-form-control-wrap\" data-name=\"carrieres-nom\"><input size=\"40\" class=\"wpcf7-form-control wpcf7-text wpcf7-validates-as-required contact-field\" aria-required=\"true\" aria-invalid=\"false\" value=\"\" type=\"text\" name=\"carrieres-nom\" \/><\/span>\n<\/p>\n<p class=\"contact-form-2columns-second\"><br \/>\nPr\u00e9nom *\n<\/p>\n<p><span class=\"wpcf7-form-control-wrap\" data-name=\"carrieres-prenom\"><input size=\"40\" class=\"wpcf7-form-control wpcf7-text wpcf7-validates-as-required contact-field\" aria-required=\"true\" aria-invalid=\"false\" value=\"\" type=\"text\" name=\"carrieres-prenom\" \/><\/span>\n<\/p>\n<p>Adresse *\n<\/p>\n<p><span class=\"wpcf7-form-control-wrap\" data-name=\"carrieres-adresse\"><input size=\"40\" class=\"wpcf7-form-control wpcf7-text wpcf7-validates-as-required contact-field\" aria-required=\"true\" aria-invalid=\"false\" value=\"\" type=\"text\" name=\"carrieres-adresse\" \/><\/span>\n<\/p>\n<p class=\"contact-form-3columns-first\"><br \/>\nCode postal *\n<\/p>\n<p><span class=\"wpcf7-form-control-wrap\" data-name=\"carrieres-cp\"><input size=\"40\" class=\"wpcf7-form-control wpcf7-text wpcf7-validates-as-required contact-field\" aria-required=\"true\" aria-invalid=\"false\" value=\"\" type=\"text\" name=\"carrieres-cp\" \/><\/span>\n<\/p>\n<p class=\"contact-form-3columns-second\"><br \/>\nVille *\n<\/p>\n<p><span class=\"wpcf7-form-control-wrap\" data-name=\"carrieres-ville\"><input size=\"40\" class=\"wpcf7-form-control wpcf7-text wpcf7-validates-as-required contact-field\" aria-required=\"true\" aria-invalid=\"false\" value=\"\" type=\"text\" name=\"carrieres-ville\" \/><\/span>\n<\/p>\n<p class=\"contact-form-3columns-third\"><br \/>\nPays *\n<\/p>\n<p><span class=\"wpcf7-form-control-wrap\" data-name=\"carrieres-pays\"><input size=\"40\" class=\"wpcf7-form-control wpcf7-text wpcf7-validates-as-required contact-field\" aria-required=\"true\" aria-invalid=\"false\" value=\"\" type=\"text\" name=\"carrieres-pays\" \/><\/span>\n<\/p>\n<p class=\"contact-form-3columns-first\"><br \/>\nT\u00e9l\u00e9phone *\n<\/p>\n<p><span class=\"wpcf7-form-control-wrap\" data-name=\"carrieres-tel\"><input size=\"40\" class=\"wpcf7-form-control wpcf7-text wpcf7-tel wpcf7-validates-as-required wpcf7-validates-as-tel contact-field\" aria-required=\"true\" aria-invalid=\"false\" value=\"\" type=\"tel\" name=\"carrieres-tel\" \/><\/span>\n<\/p>\n<p class=\"contact-form-3columns-second\"><br \/>\nMobile\n<\/p>\n<p><span class=\"wpcf7-form-control-wrap\" data-name=\"carrieres-mobile\"><input size=\"40\" class=\"wpcf7-form-control wpcf7-text wpcf7-tel wpcf7-validates-as-tel contact-field\" aria-invalid=\"false\" value=\"\" type=\"tel\" name=\"carrieres-mobile\" \/><\/span>\n<\/p>\n<p class=\"contact-form-3columns-third\"><br \/>\nE-mail *\n<\/p>\n<p><span class=\"wpcf7-form-control-wrap\" data-name=\"carrieres-email\"><input size=\"40\" class=\"wpcf7-form-control wpcf7-text wpcf7-email wpcf7-validates-as-required wpcf7-validates-as-email contact-field\" aria-required=\"true\" aria-invalid=\"false\" value=\"\" type=\"email\" name=\"carrieres-email\" \/><\/span>\n<\/p>\n<p>Message *\n<\/p>\n<p><span class=\"wpcf7-form-control-wrap\" data-name=\"carrieres-message\"><textarea cols=\"40\" rows=\"3\" class=\"wpcf7-form-control wpcf7-textarea wpcf7-validates-as-required contact-field\" aria-required=\"true\" aria-invalid=\"false\" name=\"carrieres-message\"><\/textarea><\/span>\n<\/p>\n<p style=\"margin-top:25px; padding-bottom:5px;\">Joindre un ou plusieurs fichiers\n<\/p>\n<p><br \/>\n<span class=\"wpcf7-form-control-wrap\" data-name=\"carrieres-fichier1\"><input size=\"40\" class=\"wpcf7-form-control wpcf7-file contact-file\" accept=\"audio\/*,video\/*,image\/*\" aria-invalid=\"false\" type=\"file\" name=\"carrieres-fichier1\" \/><\/span>\n<\/p>\n<p><span class=\"wpcf7-form-control-wrap\" data-name=\"carrieres-fichier2\"><input size=\"40\" class=\"wpcf7-form-control wpcf7-file contact-file\" accept=\"audio\/*,video\/*,image\/*\" aria-invalid=\"false\" type=\"file\" name=\"carrieres-fichier2\" \/><\/span>\n<\/p>\n<p><span class=\"wpcf7-form-control-wrap\" data-name=\"carrieres-fichier3\"><input size=\"40\" class=\"wpcf7-form-control wpcf7-file contact-file\" accept=\"audio\/*,video\/*,image\/*\" aria-invalid=\"false\" type=\"file\" name=\"carrieres-fichier3\" \/><\/span>\n<\/p>\n<div class=\"contact-form-captcha-second-div\">\n\t<p><input type=\"hidden\" name=\"_wpcf7_captcha_challenge_captcha-135\" value=\"2741777364\" \/><img class=\"wpcf7-form-control wpcf7-captchac wpcf7-captcha-captcha-135 contact-captcha\" width=\"84\" height=\"28\" alt=\"captcha\" src=\"https:\/\/www.mafdel-belts.com\/wp-content\/uploads\/wpcf7_captcha\/2741777364.png\" \/>\n\t<\/p>\n\t<p>Veuillez saisir le code de s\u00e9curit\u00e9 : <span class=\"wpcf7-form-control-wrap\" data-name=\"captcha-135\"><input size=\"40\" class=\"wpcf7-form-control wpcf7-captchar contact-captcha-text\" autocomplete=\"off\" aria-invalid=\"false\" value=\"\" type=\"text\" name=\"captcha-135\" \/><\/span>\n\t<\/p>\n<\/div>\n<div class=\"contact-submit-div\">\n\t<p><input class=\"wpcf7-form-control has-spinner wpcf7-submit contact-submit\" type=\"submit\" value=\"ENVOYER\" \/>\n\t<\/p>\n<\/div><p style=\"display: none !important;\" class=\"akismet-fields-container\" data-prefix=\"_wpcf7_ak_\"><label>&#916;<textarea name=\"_wpcf7_ak_hp_textarea\" cols=\"45\" rows=\"8\" maxlength=\"100\"><\/textarea><\/label><input type=\"hidden\" id=\"ak_js_1\" name=\"_wpcf7_ak_js\" value=\"121\"\/><script>document.getElementById( \"ak_js_1\" ).setAttribute( \"value\", ( new Date() ).getTime() );<\/script><\/p><div class=\"wpcf7-response-output\" aria-hidden=\"true\"><\/div>\n<\/form>\n<\/div>\n\n","protected":false},"excerpt":{"rendered":"<p>Carri\u00e8res Valorisez et d\u00e9veloppez vos comp\u00e9tences au sein d&rsquo;une entreprise innovante ! Nous recherchons pour accompagner notre croissance des profils \u00e0 fort potentiel, commerciaux ou techniciens de production. Vous avez une exp\u00e9rience de vente dans l&rsquo;industrie, des comp\u00e9tences linguistiques, une grande capacit\u00e9 d&rsquo;\u00e9coute, le sens du service et un excellent contact client ? La mise [&hellip;]<\/p>\n","protected":false},"author":3,"featured_media":0,"parent":0,"menu_order":0,"comment_status":"open","ping_status":"open","template":"page-template-without-sidebar.php","meta":{"om_disable_all_campaigns":false,"_uf_show_specific_survey":0,"_uf_disable_surveys":false},"aioseo_notices":[],"_links":{"self":[{"href":"https:\/\/www.mafdel-belts.com\/fr\/wp-json\/wp\/v2\/pages\/63\/"}],"collection":[{"href":"https:\/\/www.mafdel-belts.com\/fr\/wp-json\/wp\/v2\/pages\/"}],"about":[{"href":"https:\/\/www.mafdel-belts.com\/fr\/wp-json\/wp\/v2\/types\/page\/"}],"author":[{"embeddable":true,"href":"https:\/\/www.mafdel-belts.com\/fr\/wp-json\/wp\/v2\/users\/3\/"}],"replies":[{"embeddable":true,"href":"https:\/\/www.mafdel-belts.com\/fr\/wp-json\/wp\/v2\/comments\/?post=63"}],"version-history":[{"count":33,"href":"https:\/\/www.mafdel-belts.com\/fr\/wp-json\/wp\/v2\/pages\/63\/revisions\/"}],"predecessor-version":[{"id":8502,"href":"https:\/\/www.mafdel-belts.com\/fr\/wp-json\/wp\/v2\/pages\/63\/revisions\/8502\/"}],"wp:attachment":[{"href":"https:\/\/www.mafdel-belts.com\/fr\/wp-json\/wp\/v2\/media\/?parent=63"}],"curies":[{"name":"wp","href":"https:\/\/api.w.org\/{rel}","templated":true}]}}