{"id":26,"date":"2015-04-11T08:49:15","date_gmt":"2015-04-11T07:49:15","guid":{"rendered":"https:\/\/www.mafdel-belts.com\/?page_id=26"},"modified":"2022-06-14T13:21:33","modified_gmt":"2022-06-14T12:21:33","slug":"fabricant-bandes-transporteuses-et-courroies-thermosoudables","status":"publish","type":"page","link":"https:\/\/www.mafdel-belts.com\/fr\/fabricant-bandes-transporteuses-et-courroies-thermosoudables\/","title":{"rendered":"L&rsquo;entreprise"},"content":{"rendered":"<div class='content-column one_third'><h1>Fabricant historique fran\u00e7ais<br \/>\nde courroies thermosoudables<br \/>\net bandes transporteuses pour<br \/>\nla manutention industrielle<\/h1><\/div>\n<div class='content-column two_third last_column'><div style=\"padding-left:20px;\"><p>Situ\u00e9e en France, pr\u00e8s de Lyon, la soci\u00e9t\u00e9 MAFDEL est sp\u00e9cialis\u00e9e dans la fabrication de <a href=\"https:\/\/www.mafdel-belts.com\/fr\/tp\/courroie-thermosoudable\/\">courroies<\/a> et <a href=\"https:\/\/www.mafdel-belts.com\/fr\/tp\/bande-transporteuse\/\">bandes transporteuses thermosoudables<\/a> pour la manutention industrielle.<\/p>\n<p class=\"entreprise\">La gamme \u00e9tendue et en constante \u00e9volution des produits MAFDEL r\u00e9pond depuis plus de 40 ans aux besoins de nombreuses industries dans le monde entier.<\/p>\n<p class=\"entreprise\">Nos moyens de production les plus modernes et l&rsquo;utilisation des mati\u00e8res les plus performantes vous assurent des produits de haute technicit\u00e9.<\/p>\n<p>Des outils de contr\u00f4le avanc\u00e9s garantissent la plus haute qualit\u00e9 et r\u00e9gularit\u00e9 de nos produits.<\/div><\/div><div class='clear_column'><\/div>\n<p>&nbsp;<\/p>\n<p style=\"text-align: center;\"><iframe loading=\"lazy\" src=\"\/\/www.youtube.com\/embed\/WGn7jOdaMiE\" width=\"560\" height=\"314\" allowfullscreen=\"allowfullscreen\"><\/iframe><\/p>\n<p>&nbsp;<\/p>\n<p>&nbsp;<\/p>\n<h3>Historique<\/h3>\n<p>Dans les ann\u00e9es 70-80, le convoyage industriel se d\u00e9veloppe. Les courroies et bandes transporteuses sont alors essentiellement fabriqu\u00e9es sans fin, ou tr\u00e8s difficilement jonctionnables, et le besoin d&rsquo;une optimisation de la maintenance se fait sentir.<br \/>\n<div class='content-column one_sixth'><img loading=\"lazy\" class=\"alignnone wp-image-36 size-full\" src=\"https:\/\/www.mafdel-belts.com\/wp-content\/uploads\/2015\/04\/historique-mafdel.png\" alt=\"historique-mafdel\" width=\"140\" height=\"198\" \/><br \/><\/div><\/p>\n<div class='content-column five_sixth last_column'><div style=\"padding-right:12px;\"><p>Jean-Claude Jouffray cr\u00e9e MAFDEL en 1981 \u00e0 Saint-Alban-de-Roche (38) et lance une premi\u00e8re gamme de courroies et bandes transporteuses monomati\u00e8res jonctionnables sur site par les utilisateurs eux-m\u00eames.<\/p>\n<p>L&rsquo;entreprise se d\u00e9veloppe et d\u00e9m\u00e9nage en 1989 dans des locaux plus grands \u00e0 Saint-Georges-d&rsquo;Esp\u00e9ranche (38).<br \/>\nLe parc machines s&rsquo;agrandit et la construction d&rsquo;un premier b\u00e2timent d&rsquo;extension de 1000 m\u00b2 a lieu en 1997.<\/p>\n<p>En 2004, Fran\u00e7ois-R\u00e9gis Jouffray et Michel Jouffray succ\u00e8dent \u00e0 la direction de l&rsquo;entreprise.<br \/>\nLa construction d&rsquo;un deuxi\u00e8me b\u00e2timent d&rsquo;extension de 1000 m\u00b2 destin\u00e9 \u00e0 accueillir de nouvelles machines est r\u00e9alis\u00e9e en 2006.<\/p>\n<p>Fin 2012, la <a href=\"http:\/\/www.bmts.fr\/fr\/\" target=\"_blank\" rel=\"noopener noreferrer\">soci\u00e9t\u00e9 BMTS<\/a>, fabricant implant\u00e9 pr\u00e8s de Nantes, rejoint MAFDEL. Ils forment ensemble le seul fabricant fran\u00e7ais de courroies et bandes transporteuses monomati\u00e8res.<\/p>\n<p>En 2017, MAFDEL augmente ses largeurs de production et fabrique ses bandes transporteuses en 1800 mm de large, pour r\u00e9pondre aux besoins des industriels et des distributeurs du monde entier.<\/p>\n<p>En 2018, un nouveau b\u00e2timent de production de 3600 m\u00b2 est construit pour augmenter les capacit\u00e9s de production, et optimiser le d\u00e9veloppement de nouveaux produits.<\/p><\/div><\/div><div class='clear_column'><\/div>\n<p>&nbsp;<\/p>\n<p><img loading=\"lazy\" class=\"alignnone wp-image-3390 size-full\" title=\"B\u00e2timent BMTS \u00e0 Vigneux de Bretagne\" src=\"https:\/\/www.mafdel-belts.com\/wp-content\/uploads\/Batiment-BMTS-e1541603312756.jpg\" alt=\"Photo du b\u00e2timent BMTS\" width=\"590\" height=\"295\" srcset=\"https:\/\/www.mafdel-belts.com\/wp-content\/uploads\/Batiment-BMTS-e1541603312756.jpg 590w, https:\/\/www.mafdel-belts.com\/wp-content\/uploads\/Batiment-BMTS-e1541603312756-300x150.jpg 300w\" sizes=\"(max-width: 590px) 100vw, 590px\" \/>\u00a0 \u00a0\u00a0\u00a0<img loading=\"lazy\" class=\"alignnone wp-image-3391 size-full\" title=\"Nouvelle unit\u00e9 de production\" src=\"https:\/\/www.mafdel-belts.com\/wp-content\/uploads\/Batiment-construction-e1541603415702.jpg\" alt=\"Photo du b\u00e2timent de la nouvelle unit\u00e9 de production\" width=\"590\" height=\"295\" srcset=\"https:\/\/www.mafdel-belts.com\/wp-content\/uploads\/Batiment-construction-e1541603415702.jpg 590w, https:\/\/www.mafdel-belts.com\/wp-content\/uploads\/Batiment-construction-e1541603415702-300x150.jpg 300w\" sizes=\"(max-width: 590px) 100vw, 590px\" \/><\/p>\n<p><span style=\"color: #808080;\"><strong>MAFDEL poursuit ses objectifs de qualit\u00e9 et son attachement \u00e0 la satisfaction de ses clients.<\/strong><\/span><\/p>\n<p><span style=\"color: #808080;\"><strong>Le d\u00e9veloppement de nouvelles gammes de produits innovants et l&rsquo;\u00e9largissement du r\u00e9seau commercial font aujourd&rsquo;hui partie des objectifs majeurs d&rsquo;avenir de l&rsquo;entreprise.<\/strong><\/span><\/p>\n<p>&nbsp;<\/p>\n<h3>Notre r\u00e9seau de Distributeurs :<\/h3>\n<p>Les produits Mafdel sont disponibles dans le monde entier via un r\u00e9seau de distributeurs et partenaires implant\u00e9s dans plus de 60 pays.<\/p>\n<p>Si vous souhaitez en savoir + et devenir vous aussi un distributeur n&rsquo;h\u00e9sitez pas \u00e0 <a href=\"https:\/\/www.mafdel-belts.com\/fr\/carrieres-mafdel\/\">nous contacter.\u00a0<\/a><\/p>\n<p>&nbsp;<\/p>\n<h3>Nos partenaires :<\/h3>\n<table style=\"width: 750px; border-style: none;\">\n<tbody>\n<tr>\n<td style=\"border-style: none; width: 245.67px; vertical-align: middle;\"><a href=\"https:\/\/www.auvergnerhonealpes.fr\/\" target=\"_blank\" rel=\"noopener noreferrer\"><img loading=\"lazy\" class=\"wp-image-5945 aligncenter\" title=\"Partenariat avec la r\u00e9gion Rh\u00f4ne-Alpes\" src=\"https:\/\/www.mafdel-belts.com\/wp-content\/uploads\/logo-partenaire-2017-rvb-pastille-bleue-300x100.jpg\" alt=\"Logo de la r\u00e9gion Rh\u00f4ne-Alpes\" width=\"183\" height=\"61\" \/><\/a><\/td>\n<td style=\"border-style: none; width: 297.81px; vertical-align: middle;\"><a href=\"https:\/\/www.lafrenchfab.fr\/\" target=\"_blank\" rel=\"noopener noreferrer\"><img loading=\"lazy\" class=\"wp-image-5935 aligncenter\" title=\"French Fab logo\" src=\"https:\/\/www.mafdel-belts.com\/wp-content\/uploads\/Logo-french-fab-e1541001963597.jpg\" alt=\"Logo French Fab\" width=\"168\" height=\"55\" \/><\/a><\/td>\n<td style=\"border-style: none; width: 192.52px; vertical-align: middle;\">&nbsp;<\/p>\n<p><a href=\"https:\/\/www.economie.gouv.fr\/plan-de-relance\" target=\"_blank\" rel=\"noopener noreferrer\"><img loading=\"lazy\" class=\"wp-image-7016 aligncenter\" src=\"https:\/\/www.mafdel-belts.com\/wp-content\/uploads\/logo-FR-kit-com-300x161.png\" alt=\"\" width=\"229\" height=\"123\" srcset=\"https:\/\/www.mafdel-belts.com\/wp-content\/uploads\/logo-FR-kit-com-300x161.png 300w, https:\/\/www.mafdel-belts.com\/wp-content\/uploads\/logo-FR-kit-com-768x412.png 768w, https:\/\/www.mafdel-belts.com\/wp-content\/uploads\/logo-FR-kit-com-624x335.png 624w, https:\/\/www.mafdel-belts.com\/wp-content\/uploads\/logo-FR-kit-com.png 969w\" sizes=\"(max-width: 229px) 100vw, 229px\" \/><\/a><\/p>\n<p>&nbsp;<\/td>\n<\/tr>\n<\/tbody>\n<\/table>\n<p><a href=\"https:\/\/www.ehedg.org\/\" target=\"_blank\" rel=\"noopener\"><img loading=\"lazy\" class=\"alignnone wp-image-8520\" title=\"Mafdel membre de l'EHEDG\" src=\"https:\/\/www.mafdel-belts.com\/wp-content\/uploads\/EHEDG_member_logo_RGB_450x450-300x300.png\" alt=\"\" width=\"104\" height=\"104\" srcset=\"https:\/\/www.mafdel-belts.com\/wp-content\/uploads\/EHEDG_member_logo_RGB_450x450-300x300.png 300w, https:\/\/www.mafdel-belts.com\/wp-content\/uploads\/EHEDG_member_logo_RGB_450x450-150x150.png 150w, https:\/\/www.mafdel-belts.com\/wp-content\/uploads\/EHEDG_member_logo_RGB_450x450.png 450w\" sizes=\"(max-width: 104px) 100vw, 104px\" \/><\/a> \u00a0\u00a0 \u00a0\u00a0 \u00a0\u00a0 \u00a0\u00a0<a href=\"https:\/\/www.niba.org\/\" target=\"_blank\" rel=\"noopener noreferrer\"><img loading=\"lazy\" class=\"alignnone wp-image-7344\" title=\"Membre du NIBA\" src=\"https:\/\/www.mafdel-belts.com\/wp-content\/uploads\/NIBA-Logo.png\" alt=\"\" width=\"94\" height=\"91\" \/><\/a><\/p>\n<p>&nbsp;<\/p>\n<p>&nbsp;<\/p>\n<p>&nbsp;<\/p>\n","protected":false},"excerpt":{"rendered":"<p>&nbsp; &nbsp; &nbsp; Historique Dans les ann\u00e9es 70-80, le convoyage industriel se d\u00e9veloppe. Les courroies et bandes transporteuses sont alors essentiellement fabriqu\u00e9es sans fin, ou tr\u00e8s difficilement jonctionnables, et le besoin d&rsquo;une optimisation de la maintenance se fait sentir. &nbsp; \u00a0 \u00a0\u00a0\u00a0 MAFDEL poursuit ses objectifs de qualit\u00e9 et son attachement \u00e0 la satisfaction de [&hellip;]<\/p>\n","protected":false},"author":3,"featured_media":0,"parent":0,"menu_order":0,"comment_status":"open","ping_status":"open","template":"page-template-without-sidebar.php","meta":{"om_disable_all_campaigns":false,"_uf_show_specific_survey":0,"_uf_disable_surveys":false},"aioseo_notices":[],"_links":{"self":[{"href":"https:\/\/www.mafdel-belts.com\/fr\/wp-json\/wp\/v2\/pages\/26\/"}],"collection":[{"href":"https:\/\/www.mafdel-belts.com\/fr\/wp-json\/wp\/v2\/pages\/"}],"about":[{"href":"https:\/\/www.mafdel-belts.com\/fr\/wp-json\/wp\/v2\/types\/page\/"}],"author":[{"embeddable":true,"href":"https:\/\/www.mafdel-belts.com\/fr\/wp-json\/wp\/v2\/users\/3\/"}],"replies":[{"embeddable":true,"href":"https:\/\/www.mafdel-belts.com\/fr\/wp-json\/wp\/v2\/comments\/?post=26"}],"version-history":[{"count":55,"href":"https:\/\/www.mafdel-belts.com\/fr\/wp-json\/wp\/v2\/pages\/26\/revisions\/"}],"predecessor-version":[{"id":8527,"href":"https:\/\/www.mafdel-belts.com\/fr\/wp-json\/wp\/v2\/pages\/26\/revisions\/8527\/"}],"wp:attachment":[{"href":"https:\/\/www.mafdel-belts.com\/fr\/wp-json\/wp\/v2\/media\/?parent=26"}],"curies":[{"name":"wp","href":"https:\/\/api.w.org\/{rel}","templated":true}]}}