{"id":250,"date":"2015-07-30T13:19:07","date_gmt":"2015-07-30T12:19:07","guid":{"rendered":"https:\/\/www.mafdel-belts.com\/?page_id=250"},"modified":"2016-05-07T16:25:42","modified_gmt":"2016-05-07T15:25:42","slug":"page-espace-prive","status":"publish","type":"page","link":"https:\/\/www.mafdel-belts.com\/fr\/page-espace-prive\/","title":{"rendered":"Espace priv\u00e9"},"content":{"rendered":"<h1>Espace priv\u00e9<\/h1>\n<p>L&rsquo;espace priv\u00e9 est r\u00e9serv\u00e9 \u00e0 nos clients.<\/p>\n<p>Il vous permet de consulter vos commandes et de t\u00e9l\u00e9charger nos manuels techniques ainsi que nos certifications et agr\u00e9ments.<\/p>\n","protected":false},"excerpt":{"rendered":"<p>Espace priv\u00e9 L&rsquo;espace priv\u00e9 est r\u00e9serv\u00e9 \u00e0 nos clients. Il vous permet de consulter vos commandes et de t\u00e9l\u00e9charger nos manuels techniques ainsi que nos certifications et agr\u00e9ments.<\/p>\n","protected":false},"author":3,"featured_media":0,"parent":0,"menu_order":0,"comment_status":"open","ping_status":"open","template":"espace-prive\/espace-prive.php","meta":{"om_disable_all_campaigns":false,"_uf_show_specific_survey":0,"_uf_disable_surveys":false},"aioseo_notices":[],"_links":{"self":[{"href":"https:\/\/www.mafdel-belts.com\/fr\/wp-json\/wp\/v2\/pages\/250\/"}],"collection":[{"href":"https:\/\/www.mafdel-belts.com\/fr\/wp-json\/wp\/v2\/pages\/"}],"about":[{"href":"https:\/\/www.mafdel-belts.com\/fr\/wp-json\/wp\/v2\/types\/page\/"}],"author":[{"embeddable":true,"href":"https:\/\/www.mafdel-belts.com\/fr\/wp-json\/wp\/v2\/users\/3\/"}],"replies":[{"embeddable":true,"href":"https:\/\/www.mafdel-belts.com\/fr\/wp-json\/wp\/v2\/comments\/?post=250"}],"version-history":[{"count":5,"href":"https:\/\/www.mafdel-belts.com\/fr\/wp-json\/wp\/v2\/pages\/250\/revisions\/"}],"predecessor-version":[{"id":1138,"href":"https:\/\/www.mafdel-belts.com\/fr\/wp-json\/wp\/v2\/pages\/250\/revisions\/1138\/"}],"wp:attachment":[{"href":"https:\/\/www.mafdel-belts.com\/fr\/wp-json\/wp\/v2\/media\/?parent=250"}],"curies":[{"name":"wp","href":"https:\/\/api.w.org\/{rel}","templated":true}]}}