{"id":18,"date":"2015-04-02T20:27:11","date_gmt":"2015-04-02T19:27:11","guid":{"rendered":"https:\/\/www.mafdel-belts.com\/?page_id=18"},"modified":"2024-09-09T14:15:11","modified_gmt":"2024-09-09T13:15:11","slug":"accueil","status":"publish","type":"page","link":"https:\/\/www.mafdel-belts.com\/fr\/","title":{"rendered":"Accueil"},"content":{"rendered":"<div class='content-column one_third'><h1>Mafdel : Fabricant de courroies<br \/>\net bandes transporteuses<br \/>\nthermosoudables<br \/>\ndepuis 40 ans<\/h1><\/div>\n<div class='content-column two_third last_column'><div style=\"padding-left:20px;\"><p>MAFDEL con\u00e7oit et fabrique des courroies et bandes transporteuses thermosoudables destin\u00e9es \u00e0 la manutention industrielle en continu.<\/p>\n<p>Les courroies et bandes de transport Mafdel sont utilis\u00e9es dans la plupart des industries pour leurs nombreux avantages :<\/p>\n<ul>\n<li>Jonction simple et rapide sur site sans d\u00e9montage des convoyeurs.<\/li>\n<li>D\u00e9pannage imm\u00e9diat sans arr\u00eat de production.<\/li>\n<li>R\u00e9sistance \u00e9lev\u00e9e \u00e0 l\u2019abrasion, aux coupures et d\u00e9chirures.<\/li>\n<li>R\u00e9sistance aux huiles, graisses et solvants.<\/li>\n<li>Conformit\u00e9 aux normes alimentaires les plus strictes.<\/li>\n<\/ul><\/div><\/div><div class='clear_column'><\/div>\n<p>&nbsp;<\/p>\n<p>&nbsp;<\/p>\n<p><iframe loading=\"lazy\" title=\"Mafdel : innovation et performance en Bandes Transporteuses, Courroies et Entra\u00eenement Positif\" width=\"500\" height=\"281\" src=\"https:\/\/www.youtube.com\/embed\/t4vS0DlwojU?feature=oembed\" frameborder=\"0\" allow=\"accelerometer; autoplay; clipboard-write; encrypted-media; gyroscope; picture-in-picture; web-share\" referrerpolicy=\"strict-origin-when-cross-origin\" allowfullscreen><\/iframe><\/p>\n<p>&nbsp;<\/p>\n<p>&nbsp;<\/p>\n<h2>Les produits Mafdel peuvent \u00eatre utilis\u00e9s pour de nombreuses applications :<\/h2>\n<p><strong><i class=\"fa fa-arrow-right \" ><\/i>\u00a0 Alimentaire :\u00a0 <\/strong>Viande, abattoirs, volailles, fromageries, conserveries, fruits &amp; l\u00e9gumes, poissons, boulangeries industrielles, biscuiteries\u2026<\/p>\n<p><strong><i class=\"fa fa-arrow-right \" ><\/i>\u00a0 Emballage :\u00a0 <\/strong>Emballages m\u00e9talliques, cartonneries, transformation plastique, imprimeries, papeteries\u2026<\/p>\n<p><strong><i class=\"fa fa-arrow-right \" ><\/i>\u00a0 Fabrication de mat\u00e9riaux :\u00a0 <\/strong>Tuileries, briqueteries, c\u00e9ramiques, produits b\u00e9ton, produits pl\u00e2tre, industrie du bois, industrie du verre\u2026<\/p>\n<p><strong><i class=\"fa fa-arrow-right \" ><\/i>\u00a0 Autres secteurs :\u00a0 <\/strong>Automobile, m\u00e9canique, logistique, industrie pharmaceutique, industrie cosm\u00e9tique, machines agricoles\u2026<\/p>\n<div class='content-column one_third'><a href=\"https:\/\/www.mafdel-belts.com\/fr\/tp\/courroie-thermosoudable\/\"><img loading=\"lazy\" class=\"alignnone wp-image-21 size-full\" title=\"Courroie thermosoudable\" src=\"https:\/\/www.mafdel-belts.com\/wp-content\/uploads\/2015\/04\/courroies.jpg\" alt=\"Gamme de courroies thermosoudables\" width=\"380\" height=\"168\" srcset=\"https:\/\/www.mafdel-belts.com\/wp-content\/uploads\/2015\/04\/courroies.jpg 380w, https:\/\/www.mafdel-belts.com\/wp-content\/uploads\/2015\/04\/courroies-300x133.jpg 300w\" sizes=\"(max-width: 380px) 100vw, 380px\" \/><\/a><\/p>\n<h5 style=\"margin-bottom: 20px;\">Courroies pour la manutention industrielle<\/h5>\n<p><em>Large choix de courroies thermosoudables<\/em><br \/>\n<em> (rondes, trap\u00e9zo\u00efdales, sp\u00e9ciales)<\/em><\/div>\n<div class='content-column one_third'><div style=\"padding-left:10px;\"><a href=\"https:\/\/www.mafdel-belts.com\/fr\/produit\/bande-de-transport-monomatiere\"><img loading=\"lazy\" class=\"alignnone wp-image-20 size-full\" title=\"Bande transporteuse\" src=\"https:\/\/www.mafdel-belts.com\/wp-content\/uploads\/2015\/04\/bandes.jpg\" alt=\"Gamme de bandes transporteuses\" width=\"380\" height=\"168\" srcset=\"https:\/\/www.mafdel-belts.com\/wp-content\/uploads\/2015\/04\/bandes.jpg 380w, https:\/\/www.mafdel-belts.com\/wp-content\/uploads\/2015\/04\/bandes-300x133.jpg 300w\" sizes=\"(max-width: 380px) 100vw, 380px\" \/><\/a><\/p>\n<h5 style=\"margin-bottom: 20px;\">Bandes transporteuses monomati\u00e8res<\/h5>\n<p><em>Large gamme de bandes transporteuses thermosoudables.<\/em><\/div><\/div>\n<div class='content-column one_third last_column'><div style=\"padding-left:20px;\"><a href=\"https:\/\/www.mafdel-belts.com\/fr\/produit\/bande-alimentaire-a-entrainement-positif\/\"><img loading=\"lazy\" class=\"alignnone wp-image-352 size-full\" title=\"Bande \u00e0 entra\u00eenement positif\" src=\"https:\/\/www.mafdel-belts.com\/wp-content\/uploads\/2015\/04\/bandes-a-entrainement-positif.jpg\" alt=\"Gamme de bandes \u00e0 entra\u00eenement positif\" width=\"380\" height=\"168\" srcset=\"https:\/\/www.mafdel-belts.com\/wp-content\/uploads\/2015\/04\/bandes-a-entrainement-positif.jpg 380w, https:\/\/www.mafdel-belts.com\/wp-content\/uploads\/2015\/04\/bandes-a-entrainement-positif-300x133.jpg 300w\" sizes=\"(max-width: 380px) 100vw, 380px\" \/><\/a><\/p>\n<h5 style=\"margin-bottom: 20px;\">Bandes \u00e0 entra\u00eenement positif<\/h5>\n<p><em>Bandes monomati\u00e8res thermosoudables sans risque de patinage, particuli\u00e8rement adapt\u00e9es \u00e0 l\u2019industrie agroalimentaire.<\/em><\/div><\/div><div class='clear_column'><\/div>\n<p>&nbsp;<\/p>\n<p><strong>Notre bureau d\u2019\u00e9tudes et nos techniciens sont \u00e0 votre \u00e9coute pour \u00e9tudier vos diff\u00e9rentes probl\u00e9matiques, et vous proposer des produits personnalis\u00e9s r\u00e9pondant parfaitement \u00e0 vos besoins.<\/strong><\/p>\n<p>&nbsp;<\/p>\n","protected":false},"excerpt":{"rendered":"<p>&nbsp; &nbsp; &nbsp; &nbsp; Les produits Mafdel peuvent \u00eatre utilis\u00e9s pour de nombreuses applications : \u00a0 Alimentaire :\u00a0 Viande, abattoirs, volailles, fromageries, conserveries, fruits &amp; l\u00e9gumes, poissons, boulangeries industrielles, biscuiteries\u2026 \u00a0 Emballage :\u00a0 Emballages m\u00e9talliques, cartonneries, transformation plastique, imprimeries, papeteries\u2026 \u00a0 Fabrication de mat\u00e9riaux :\u00a0 Tuileries, briqueteries, c\u00e9ramiques, produits b\u00e9ton, produits pl\u00e2tre, industrie du bois, [&hellip;]<\/p>\n","protected":false},"author":3,"featured_media":0,"parent":0,"menu_order":0,"comment_status":"open","ping_status":"open","template":"page-template-without-sidebar.php","meta":{"om_disable_all_campaigns":false,"_uf_show_specific_survey":0,"_uf_disable_surveys":false},"aioseo_notices":[],"_links":{"self":[{"href":"https:\/\/www.mafdel-belts.com\/fr\/wp-json\/wp\/v2\/pages\/18\/"}],"collection":[{"href":"https:\/\/www.mafdel-belts.com\/fr\/wp-json\/wp\/v2\/pages\/"}],"about":[{"href":"https:\/\/www.mafdel-belts.com\/fr\/wp-json\/wp\/v2\/types\/page\/"}],"author":[{"embeddable":true,"href":"https:\/\/www.mafdel-belts.com\/fr\/wp-json\/wp\/v2\/users\/3\/"}],"replies":[{"embeddable":true,"href":"https:\/\/www.mafdel-belts.com\/fr\/wp-json\/wp\/v2\/comments\/?post=18"}],"version-history":[{"count":37,"href":"https:\/\/www.mafdel-belts.com\/fr\/wp-json\/wp\/v2\/pages\/18\/revisions\/"}],"predecessor-version":[{"id":10860,"href":"https:\/\/www.mafdel-belts.com\/fr\/wp-json\/wp\/v2\/pages\/18\/revisions\/10860\/"}],"wp:attachment":[{"href":"https:\/\/www.mafdel-belts.com\/fr\/wp-json\/wp\/v2\/media\/?parent=18"}],"curies":[{"name":"wp","href":"https:\/\/api.w.org\/{rel}","templated":true}]}}