{"id":3277,"date":"2018-05-24T10:45:50","date_gmt":"2018-05-24T09:45:50","guid":{"rendered":"https:\/\/www.mafdel-belts.com\/es\/?page_id=3277"},"modified":"2019-03-01T09:25:56","modified_gmt":"2019-03-01T08:25:56","slug":"politica-de-privacidad","status":"publish","type":"page","link":"https:\/\/www.mafdel-belts.com\/es\/politica-de-privacidad\/","title":{"rendered":"Pol\u00edtica de Privacidad"},"content":{"rendered":"<h1>Pol\u00edtica de privacidad<\/h1>\n<h2>Prop\u00f3sito<\/h2>\n<p>Deseamos explicarle de manera transparente el por qu\u00e9 recolectamos, guardamos, y utilizamos sus datos personales. Esta pol\u00edtica proviene de las informaciones esenciales relativas a la utilizaci\u00f3n de sus datos personales por Mafdel.<br \/>\nEl motivo de esta pol\u00edtica es de:<\/p>\n<ul>\n<li>Explicarle cuales datos personales recolectamos, y a cu\u00e1les fines los recuperamos y los utilizamos.<\/li>\n<li>Detallar el modo en el que utilizamos los datos personales y a cu\u00e1les fines.<\/li>\n<li>Definir sus derechos y elecciones relativas a los datos personales que recolectamos y tratamos, y explicar c\u00f3mo protegemos sus datos.<\/li>\n<\/ul>\n<p>Le invitamos a leer atentamente el documento presente para conocer y comprender nuestras pr\u00e1cticas en cuanto al tratamiento de sus datos personales.<\/p>\n<p>&nbsp;<\/p>\n<h2>Sus derechos y preferencias<\/h2>\n<p>Un nuevo reglamento de la Uni\u00f3n europea, llamado el Reglamento general sobre la protecci\u00f3n de los datos o \u00abRGPD\u00bb, les concede a las personas ciertos derechos relativos a sus datos personales. En consecuencia, pusimos en ejecuci\u00f3n medidas suplementarias de transparencia, con el fin de ayudar a los usuarios que se benefician de estos derechos. Salvo limitaciones indicadas por la legislaci\u00f3n aplicable, los derechos siguientes se conceden tales como disponibles para las personas:<\/p>\n<ul>\n<li>Derecho de acceso: el derecho a informarse y a pedir el acceso a los datos personales que tratamos;<\/li>\n<li>Derecho de rectificaci\u00f3n: el derecho a pedirnos modificar o actualizar sus datos personales cuando son inexactos o incompletos;<\/li>\n<li>Derecho de borrar: el derecho a pedirnos suprimir definitivamente sus datos personales;<\/li>\n<li>Derecho de restricci\u00f3n: el derecho a pedirnos dejar temporalmente o definitivamente el tratamiento parcial o entero de sus datos personales;<\/li>\n<li>Derecho de restricci\u00f3n:\n<ul>\n<li>El derecho a cancelar en cualquier momento el tratamiento de sus datos personales por razones personales;<\/li>\n<li>El derecho a cancelar el tratamiento de sus datos personales a fines de marketing directo;<\/li>\n<li>Derecho a la portabilidad de los datos: el derecho a pedir una copia de sus datos personales en el formato electr\u00f3nico y el derecho a transmitir estos datos personales para una utilizaci\u00f3n por un servicio tercero.<\/li>\n<\/ul>\n<\/li>\n<\/ul>\n<p>Con el fin de permitirle ejercer f\u00e1cilmente estos derechos y registrar sus preferencias vinculadas a la utilizaci\u00f3n de sus datos personales por Mafdel, le invitamos a ponerse en contacto con nosotros.<\/p>\n<p>&nbsp;<\/p>\n<h2>\u00bfComo colectamos sus datos personales y para que motivo?<\/h2>\n<h3>El canal utilizado<\/h3>\n<p>La colecta de sus datos personales var\u00eda con arreglo a sus acciones:<\/p>\n<ul>\n<li><span style=\"text-decoration: underline;\">Cuando usted desea recibir nuestra Newsletter<\/span>: recolectamos sus datos personales cuando usted se inscribe v\u00eda el formulario de nuestra p\u00e1gina internet. Recolectamos, su nombre y su apellido, el nombre de la empresa en la cual usted trabaja, as\u00ed como su correo electr\u00f3nico y su pa\u00eds.<\/li>\n<li><span style=\"text-decoration: underline;\">Cuando usted nos visita en las ferias profesionales<\/span>: sus datos personales (su nombre, nombre, correo electr\u00f3nico profesional, las se\u00f1as y caracter\u00edsticas de su empresa) son recolectados por esca\u00f1o de su chapa o por su tarjeta de visita.<\/li>\n<li><span style=\"text-decoration: underline;\">Cuando usted utiliza el formulario de contacto de nuestra p\u00e1gina internet<\/span>: recolectamos sus datos personales cuando se pone en contacto con nosotros mediante el formulario de nuestra p\u00e1gina internet.<br \/>\nRecuperamos su tratamiento, apellido, nombre, correo electr\u00f3nico y tel\u00e9fono profesional, as\u00ed como el nombre de la empresa.<\/li>\n<li><span style=\"text-decoration: underline;\">Cuando usted se pone en contacto con nosotros por tel\u00e9fono<\/span>: sus datos personales se recolectan cuando usted nos llama para tener informaciones sobre nuestros productos y servicios. Recolectamos su apellido, nombre, nombre de la sociedad, as\u00ed como sus se\u00f1as profesionales permiti\u00e9ndonos contactarle en el marco de una relaci\u00f3n comercial.<\/li>\n<\/ul>\n<p>&nbsp;<\/p>\n<h3>Motivo del tratamiento<\/h3>\n<table style=\"width: 959px;\">\n<tbody>\n<tr style=\"height: 24.5625px;\">\n<td style=\"height: 24.5625px; width: 320px;\">El canal utilizado<\/td>\n<td style=\"height: 24.5625px; width: 633px;\">El motivo del tratamiento<\/td>\n<\/tr>\n<tr style=\"height: 24px;\">\n<td style=\"height: 24px; width: 320px;\">Inscripci\u00f3n a la newsletter<\/td>\n<td style=\"height: 24px; width: 633px;\">Informarle sobre nuestras novedades<br \/>\nInformarle de nuestra participaci\u00f3n a ferias nacionales e internacionales<br \/>\nEnviarle invitaciones a las ferias a las cuales participamos<br \/>\nInformarle de las apariciones de prensa relativas a nuestras novedades.<\/td>\n<\/tr>\n<tr style=\"height: 24px;\">\n<td style=\"height: 24px; width: 320px;\">Las ferias<\/td>\n<td style=\"height: 24px; width: 633px;\">Mantener una relaci\u00f3n comercial<\/td>\n<\/tr>\n<tr style=\"height: 24px;\">\n<td style=\"height: 24px; width: 320px;\">Contacto correo electr\u00f3nico desde nuestra p\u00e1gina internet<\/td>\n<td style=\"height: 24px; width: 633px;\">Mantener una relaci\u00f3n comercial<br \/>\nResponder a su solicitud: informaciones generales, solicitud de precio, solicitud de contacto<br \/>\nRealizar estad\u00edsticas sobre la evoluci\u00f3n y el perfil de las solicitudes v\u00eda la p\u00e1gina internet<\/td>\n<\/tr>\n<tr style=\"height: 24px;\">\n<td style=\"height: 24px; width: 320px;\">Contacto telef\u00f3nico<\/td>\n<td style=\"height: 24px; width: 633px;\">Mantener una relaci\u00f3n comercial<\/td>\n<\/tr>\n<\/tbody>\n<\/table>\n<p>&nbsp;<\/p>\n<h2>Compartido de sus datos personales<\/h2>\n<p>Jam\u00e1s compartimos sus datos personales: no se venden, ni se alquilan a un tercero.<\/p>\n<p>&nbsp;<\/p>\n<h2>Conservaci\u00f3n et supresi\u00f3n de los datos<\/h2>\n<p>Conservamos sus datos personales \u00fanicamente tanto tiempo como necesario para fines leg\u00edtimos y comerciales esenciales, tales como el mantenimiento de una relaci\u00f3n comercial, la resoluci\u00f3n de los desacuerdos, la conformidad con nuestras obligaciones legales, o la ejecuci\u00f3n de nuestros compromisos como el env\u00edo de una newsletter que usted suscribi\u00f3.<br \/>\nEn cualquier momento, usted est\u00e1 libre de suprimir sus datos personales rellenando el formulario disponible en nuestra p\u00e1gina internet. Desde entonces, usted ya no recibir\u00e1 m\u00e1s informaciones de nuestra parte.<\/p>\n<p>&nbsp;<\/p>\n<h2>Seguridad de los datos personales<\/h2>\n<p>Nos comprometemos en proteger los datos de nuestros usuarios. Ponemos en ejecuci\u00f3n medidas t\u00e9cnicas y organizativas adaptadas con el fin de proteger la seguridad de sus datos personales.<br \/>\nLos datos personales recuperados se guardan y se almacenan en los servidores nuestros y de nuestro prestatario. Estos \u00faltimos se encuentran en un cuarto protegido de todo da\u00f1o.<br \/>\nEl prestatario que se hace cargo del mantenimiento t\u00e9cnico del software de gesti\u00f3n clientes no utiliza en ning\u00fan caso sus datos personales.<br \/>\nEn el caso de una violaci\u00f3n de seguridad, le informaremos r\u00e1pidamente sobre todo acceso a sus datos no autorizado.<\/p>\n<p>&nbsp;<\/p>\n<h2>Modificaciones de la pol\u00edtica de confidencialidad<\/h2>\n<p>Nos podemos ver obligados a modificar ocasionalmente la presente pol\u00edtica de confidencialidad. Cuando esto es necesario, le informaremos sobre eso y\\o solicitaremos su acuerdo. Le aconsejamos consultar regularmente esta p\u00e1gina para informarse de eventuales modificaciones o actualizaciones de nuestra Pol\u00edtica.<\/p>\n<p>&nbsp;<\/p>\n<h2>Contactarnos<\/h2>\n<p>Gracias por haberse enterado de nuestra pol\u00edtica de confidencialidad. Si usted tiene dudas referente a nuestra pol\u00edtica, o toda solicitud relativa a sus datos personales, usted puede:<\/p>\n<ul>\n<li>Ponerse en contacto con nuestro delegado a la protecci\u00f3n de los datos pulsando en este <a href=\"mailto:marketing@mafdel-belts.com\">enlace<\/a>.<\/li>\n<li>Rellenar el formulario de contacto<\/li>\n<li>Enviarnos un correo a la direcci\u00f3n siguiente: MAFDEL &#8211; A la atenci\u00f3n del delegado a la protecci\u00f3n de los datos &#8211; Z.I. Lafayette-131, rue de la Plaine &#8211; 38790 Santo Georges d&#8217; Esperanche<\/li>\n<\/ul>\n<p>&nbsp;<\/p>\n<p>Versi\u00f3n actualizada el 24 de mayo de 2018.<\/p>\n","protected":false},"excerpt":{"rendered":"<p>Pol\u00edtica de privacidad Prop\u00f3sito Deseamos explicarle de manera transparente el por qu\u00e9 recolectamos, guardamos, y utilizamos sus datos personales. Esta pol\u00edtica proviene de las informaciones esenciales relativas a la utilizaci\u00f3n de sus datos personales por Mafdel. El motivo de esta pol\u00edtica es de: Explicarle cuales datos personales recolectamos, y a cu\u00e1les fines los recuperamos y [&hellip;]<\/p>\n","protected":false},"author":3,"featured_media":0,"parent":0,"menu_order":0,"comment_status":"closed","ping_status":"closed","template":"","meta":{"om_disable_all_campaigns":false,"_uf_show_specific_survey":0,"_uf_disable_surveys":false},"aioseo_notices":[],"_links":{"self":[{"href":"https:\/\/www.mafdel-belts.com\/es\/wp-json\/wp\/v2\/pages\/3277\/"}],"collection":[{"href":"https:\/\/www.mafdel-belts.com\/es\/wp-json\/wp\/v2\/pages\/"}],"about":[{"href":"https:\/\/www.mafdel-belts.com\/es\/wp-json\/wp\/v2\/types\/page\/"}],"author":[{"embeddable":true,"href":"https:\/\/www.mafdel-belts.com\/es\/wp-json\/wp\/v2\/users\/3\/"}],"replies":[{"embeddable":true,"href":"https:\/\/www.mafdel-belts.com\/es\/wp-json\/wp\/v2\/comments\/?post=3277"}],"version-history":[{"count":6,"href":"https:\/\/www.mafdel-belts.com\/es\/wp-json\/wp\/v2\/pages\/3277\/revisions\/"}],"predecessor-version":[{"id":3448,"href":"https:\/\/www.mafdel-belts.com\/es\/wp-json\/wp\/v2\/pages\/3277\/revisions\/3448\/"}],"wp:attachment":[{"href":"https:\/\/www.mafdel-belts.com\/es\/wp-json\/wp\/v2\/media\/?parent=3277"}],"curies":[{"name":"wp","href":"https:\/\/api.w.org\/{rel}","templated":true}]}}