{"id":1615,"date":"2015-04-21T12:24:31","date_gmt":"2015-04-21T11:24:31","guid":{"rendered":"https:\/\/www.mafdel-belts.com\/?page_id=1615"},"modified":"2020-05-28T15:44:32","modified_gmt":"2020-05-28T14:44:32","slug":"menciones-legales","status":"publish","type":"page","link":"https:\/\/www.mafdel-belts.com\/es\/menciones-legales\/","title":{"rendered":"Menciones legales"},"content":{"rendered":"<h1>Menciones legales<\/h1>\n<p>&nbsp;<\/p>\n<h3>Editor<\/h3>\n<p>Este sitio es editado por la SOCIEDAD MAFDEL<br \/>\nSAS con el capital de 300 100 d\u00f3lares<br \/>\nSede: Z.I Lafayette &#8211; 38790 SANTO GEORGES D&#8217; ESPERANCHE<br \/>\nTel. +33 (0) 4 78 96 21 90 &#8211; Fax 33 (0) 4 78 96 21 78<br \/>\nSitio Web: www.mafdel-belts.com<br \/>\nRCS Viena B 322 214 412 &#8211; Siret: 322 214 412 00031 &#8211; CODIFICA A APE: 2229A<br \/>\nN \u00b0 Identificaci\u00f3n C.E.E.: FR 30.322.214.412<\/p>\n<p>&nbsp;<\/p>\n<h3>Dise\u00f1o de la p\u00e1gina internet<\/h3>\n<p>CAP 2C<br \/>\nT\u00e9l : 0 977 826 290<br \/>\nwww.cap2c.com<\/p>\n<p>&nbsp;<\/p>\n<h3>Proveedor de hosting<\/h3>\n<p>OVH<br \/>\n2 rue Kellermann<br \/>\n59100 ROUBAIX<br \/>\nFrance<\/p>\n<p>&nbsp;<\/p>\n<h3>Cr\u00e9ditos fotogr\u00e1ficos<\/h3>\n<p>Cr\u00e9ditos fotogr\u00e1ficos<\/p>\n<p>&nbsp;<\/p>\n<h3>Protecci\u00f3n de los datos personales<\/h3>\n<p>Ninguna informaci\u00f3n personal del usuario de este sitio es :<br \/>\n&#8211; Recolectada sin saberlo \u00e9l,<br \/>\n&#8211; Publicada sin saberlo \u00e9l,<br \/>\n&#8211; Cambiada, trasladada, cedida o vendida sobre un soporte cualquiera a terceros.<\/p>\n<p>El sitio www.mafdel-belts.com no recolecta sobre los visitadores del sitio ninguna otra informaci\u00f3n nominativa o personal que las que le son abiertamente y voluntariamente provistas, en particular a trav\u00e9s de los formularios electr\u00f3nicos de contacto de interacci\u00f3n con ellos.<br \/>\nLas informaciones recolectadas sobre el sitio www.mafdel-belts.com son destinadas al uso exclusivo de la empresa MAFDEL.<br \/>\nConforme a la ley \u00bb inform\u00e1tica y libertades \u00bb del 6 de enero de 1978 modificado en 2004, usted goza de un derecho de acceso y de rectificaci\u00f3n a las informaciones que le conciernen, que usted puede ejercer dirigi\u00e9ndole a la Sociedad MAFDEL cuyas se\u00f1as son indicadas m\u00e1s arriba.<\/p>\n<p>&nbsp;<\/p>\n<h3>Las cookies<\/h3>\n<p>Navegando por esta p\u00e1gina internet, el usuario consiente que la Sociedad MAFDEL instala, en su ordenador, las cookies que registra las informaciones relativas a la navegaci\u00f3n sobre la p\u00e1gina internet.<\/p>\n<p><strong>\u00bfQu\u00e9 es un cookie?<\/strong><br \/>\nLas cookies son peque\u00f1os archivos de texto simples almacenados en su terminal (ordenador, m\u00f3vil, tableta) en el momento de su navegaci\u00f3n sobre un sitio Web.<br \/>\nSus funciones pueden ser muy variadas: permiten almacenar sus preferencias de navegaci\u00f3n, recoger informaciones estad\u00edsticas, permitir ciertas funcionalidades t\u00e9cnicas<br \/>\nImportante por razones t\u00e9cnicas, permiten a las p\u00e1ginas internet funcionar de manera m\u00e1s fluida y adaptarse a las preferencias de los usuarios gracias a la informaci\u00f3n estad\u00edstica recogida.<\/p>\n<p><strong>La p\u00e1gina internet de la Sociedad MAFDEL utiliza s\u00f3lo un tipo de cookies de an\u00e1lisis estad\u00edstico.<\/strong> Estas cookies son an\u00f3nimos y permiten a la Sociedad MAFDEL determinar la cantidad al n\u00famero de visitadores y analizar estad\u00edsticamente la utilizaci\u00f3n que hacen los usuarios de las informaciones de su p\u00e1gina internet. Gracias a esto, la Sociedad MAFDEL puede estudiar la navegaci\u00f3n realizada sobre su p\u00e1gina internet y mejorar as\u00ed la manera de difundir sus informaciones.<\/p>\n<p><strong>\u00bfC\u00f3mo podemos configurar el cookies?<\/strong><br \/>\nEl usuario puede permitir, bloquear o eliminar las cookies instaladas en su ordenador por medio de la configuraci\u00f3n de las opciones de su navegador Internet.<br \/>\nNo obstante la Sociedad MAFDEL declina toda responsabilidad para las consecuencias vinculadas al funcionamiento degradado por sus servicios en caso de rechazo o supresi\u00f3n de las cookies.<\/p>\n<p>M\u00e1s abajo los lazos que permitir\u00e1n acceder r\u00e1pidamente a la informaci\u00f3n necesaria con el fin de proceder a la configuraci\u00f3n de su navegador en cuanto las cookies :<\/p>\n<ul style=\"list-style-type: disc;\">\n<li>Google Chrome : <a href=\"https:\/\/support.google.com\/chrome\/answer\/95647?hl=fr\" target=\"_blank\" rel=\"noopener noreferrer\">https:\/\/support.google.com\/chrome\/answer\/95647?hl=fr<\/a><\/li>\n<li>Microsoft Internet Explorer : <a href=\"http:\/\/windows.microsoft.com\/fr-FR\/windows7\/how-to-manage-cookies-in-internet-explorer-9\" target=\"_blank\" rel=\"noopener noreferrer\">http:\/\/windows.microsoft.com\/fr-FR\/windows7\/how-to-manage-cookies-in-internet-explorer-9<\/a><\/li>\n<li>Mozilla Firefox : <a href=\"https:\/\/support.mozilla.org\/fr\/kb\/activer-desactiver-cookies?redirectlocale=fr&amp;redirectslug=Activer+et+d%C3%A9sactiver+les+cookies\" target=\"_blank\" rel=\"noopener noreferrer\">https:\/\/support.mozilla.org\/fr\/kb\/activer-desactiver-cookies?redirectlocale=fr&amp;redirectslug=Activer+et+d%C3%A9sactiver+les+cookies<\/a><\/li>\n<li>Opera : <a href=\"http:\/\/help.opera.com\/Windows\/10.20\/fr\/cookies.html\" target=\"_blank\" rel=\"noopener noreferrer\">http:\/\/help.opera.com\/Windows\/10.20\/fr\/cookies.html<\/a><\/li>\n<li>Safari : <a href=\"https:\/\/support.apple.com\/kb\/ph5042?locale=fr_FR\" target=\"_blank\" rel=\"noopener noreferrer\">https:\/\/support.apple.com\/kb\/ph5042?locale=fr_FR<\/a><\/li>\n<\/ul>\n<p>&nbsp;<\/p>\n<h3>Dispensa de declaraci\u00f3n CNIL<\/h3>\n<p>Dispensa n \u00b0 8 &#8211; Deliberaci\u00f3n n \u00b0 2010-229 del 10 de junio de 2010 que dispensan de declaraci\u00f3n los tratamientos automatizados por datos de car\u00e1cter personal puestos en ejecuci\u00f3n por organismos sin \u00e1nimo de lucro que revocan y reemplazan la deliberaci\u00f3n n \u00b0 2006-130 del 9 de mayo de 2006.<\/p>\n<p>&nbsp;<\/p>\n<h3>Condiciones de utilizaci\u00f3n del sitio &#8211; Desti\u00f1e de responsabilidades<\/h3>\n<p>El sitio Web presente y el conjunto de su contenido, incluido textos, im\u00e1genes fijas o animadas, bases de datos, programas, lenguajes, etc., nombrado a continuaci\u00f3n el Sitio Web, es protegido por el derecho de autor. La autorizaci\u00f3n de reproducci\u00f3n le es concedida s\u00f3lo bajo forma num\u00e9rica en consulta. La impresi\u00f3n papel es autorizado a los fines de copia privada al uso exclusivo del copista en el sentido del art\u00edculo L. 122-5 2 \u00b0 del C\u00f3digo de la Propiedad intelectual.<br \/>\nLas informaciones contenidas en el sitio Web presente son dadas a t\u00edtulo indicativo y son sujetas a cambio sin aviso previo.<br \/>\nLa Sociedad MAFDEL no asume ninguna responsabilidad relativa a todo da\u00f1o, de cual lo que naturaleza sea, resultando de la interpretaci\u00f3n y\\o de la utilizaci\u00f3n de las informaciones disponibles para este sitio, o de la imposibilidad para un tercio de utilizarlo, o de un mal funcionamiento, de una interrupci\u00f3n, de un virus, resultando del acceso y\\o de la utilizaci\u00f3n de este sitio o de todo sitio que le es vinculado.<\/p>\n<p>&nbsp;<\/p>\n<h3>Derechos de propiedad intelectual<\/h3>\n<p>Toda reproducci\u00f3n del sitio Web presente es prohibida, salvo autorizaci\u00f3n expresa de la Sociedad MAFDEL.<br \/>\nLos dibujos, las fotograf\u00edas, las im\u00e1genes, los textos, los v\u00eddeos, y otras documentaciones representadas sobre la p\u00e1gina internet presente son objeto de derechos de propiedad industrial y\\o intelectual, propiedades de la Sociedad MAFDEL. A este t\u00edtulo, toda reproducci\u00f3n, representaci\u00f3n, adaptaci\u00f3n, traducci\u00f3n, y\\o transformaci\u00f3n, parcial o \u00edntegra, o transferencia sobre otro sitio son prohibidas.<br \/>\nLas informaciones y las presentaciones contenidos en las p\u00e1ginas de este sitio son surtidas a t\u00edtulo puramente indicativo y quedan susceptibles de modificaciones en cualquier momento y sin aviso previo.<br \/>\nSu utilizaci\u00f3n a fines privados o profesionales no sabr\u00eda comprometer la responsabilidad de la Sociedad MAFDEL de cualquiera manera lo que sea.<br \/>\nLa Sociedad MAFDEL no puede garantizar la puntualidad, la precisi\u00f3n o la exhaustividad de las informaciones disposiciones sobre este sitio. Las fotos no son contractualess.<\/p>\n<p>&nbsp;<\/p>\n<h3>Hiperv\u00ednculos<\/h3>\n<p>La presencia eventual de hiperv\u00ednculos que reenv\u00edan hacia otros sitios no constituye una garant\u00eda sobre la calidad de contenido y de buen funcionamiento los susodichos sitios. La responsabilidad de la Sociedad MAFDEL no sabr\u00eda ser comprometida en cuanto al contenido de estos sitios.<br \/>\nEl internauta debe utilizar estas informaciones con las precauciones de uso.<br \/>\nLa creaci\u00f3n de hiperv\u00ednculos hacia nuestro sitio est\u00e1 sometida a nuestro acuerdo previo. Falta de acuerdo previa, nos reservamos el derecho a exigir en cualquier momento la retirada de hiperv\u00ednculo susodicho que apunta sobre nuestro sitio.<\/p>\n<p>Continuando su visita sobre este sitio, usted acepta la utilizaci\u00f3n de cookies y otros trazadores.<\/p>\n","protected":false},"excerpt":{"rendered":"<p>Menciones legales &nbsp; Editor Este sitio es editado por la SOCIEDAD MAFDEL SAS con el capital de 300 100 d\u00f3lares Sede: Z.I Lafayette &#8211; 38790 SANTO GEORGES D&#8217; ESPERANCHE Tel. +33 (0) 4 78 96 21 90 &#8211; Fax 33 (0) 4 78 96 21 78 Sitio Web: www.mafdel-belts.com RCS Viena B 322 214 412 [&hellip;]<\/p>\n","protected":false},"author":3,"featured_media":0,"parent":0,"menu_order":0,"comment_status":"open","ping_status":"open","template":"page-template-without-sidebar.php","meta":{"om_disable_all_campaigns":false,"_uf_show_specific_survey":0,"_uf_disable_surveys":false},"aioseo_notices":[],"_links":{"self":[{"href":"https:\/\/www.mafdel-belts.com\/es\/wp-json\/wp\/v2\/pages\/1615\/"}],"collection":[{"href":"https:\/\/www.mafdel-belts.com\/es\/wp-json\/wp\/v2\/pages\/"}],"about":[{"href":"https:\/\/www.mafdel-belts.com\/es\/wp-json\/wp\/v2\/types\/page\/"}],"author":[{"embeddable":true,"href":"https:\/\/www.mafdel-belts.com\/es\/wp-json\/wp\/v2\/users\/3\/"}],"replies":[{"embeddable":true,"href":"https:\/\/www.mafdel-belts.com\/es\/wp-json\/wp\/v2\/comments\/?post=1615"}],"version-history":[{"count":4,"href":"https:\/\/www.mafdel-belts.com\/es\/wp-json\/wp\/v2\/pages\/1615\/revisions\/"}],"predecessor-version":[{"id":6270,"href":"https:\/\/www.mafdel-belts.com\/es\/wp-json\/wp\/v2\/pages\/1615\/revisions\/6270\/"}],"wp:attachment":[{"href":"https:\/\/www.mafdel-belts.com\/es\/wp-json\/wp\/v2\/media\/?parent=1615"}],"curies":[{"name":"wp","href":"https:\/\/api.w.org\/{rel}","templated":true}]}}