{"id":1559,"date":"2015-04-17T21:53:03","date_gmt":"2015-04-17T20:53:03","guid":{"rendered":"https:\/\/www.mafdel-belts.com\/?page_id=1559"},"modified":"2024-06-25T09:55:51","modified_gmt":"2024-06-25T08:55:51","slug":"contacto-mafdel","status":"publish","type":"page","link":"https:\/\/www.mafdel-belts.com\/es\/contacto-mafdel\/","title":{"rendered":"Cont\u00e1ctenos"},"content":{"rendered":"<div class='content-column one_half'><div style=\"padding-right:40px;\"><h1>Cont\u00e1ctenos<\/h1>\n<p>No dude en ponerse en contacto con nosotros para disponer de cualquier informaci\u00f3n t\u00e9cnica o solicitud de presupuesto.<br \/>\nNuestro equipo est\u00e1 a su servicio para definir la soluci\u00f3n adecuada que resolver\u00e1 sus problemas de transporte.<\/p>\n<p><span style=\"font-size: 9pt;\">Gracias por completar todos los campos obligatorios (*)<\/span><\/p>\n<p>&nbsp;<\/p>\n\n<div class=\"wpcf7 no-js\" id=\"wpcf7-f1561-o1\" lang=\"es-ES\" dir=\"ltr\">\n<div class=\"screen-reader-response\"><p role=\"status\" aria-live=\"polite\" aria-atomic=\"true\"><\/p> <ul><\/ul><\/div>\n<form action=\"\/es\/wp-json\/wp\/v2\/pages\/1559\/#wpcf7-f1561-o1\" method=\"post\" class=\"wpcf7-form init\" aria-label=\"Formulario de contacto\" enctype=\"multipart\/form-data\" novalidate=\"novalidate\" data-status=\"init\">\n<div style=\"display: none;\">\n<input type=\"hidden\" name=\"_wpcf7\" value=\"1561\" \/>\n<input type=\"hidden\" name=\"_wpcf7_version\" value=\"5.7.7\" \/>\n<input type=\"hidden\" name=\"_wpcf7_locale\" value=\"es_ES\" \/>\n<input type=\"hidden\" name=\"_wpcf7_unit_tag\" value=\"wpcf7-f1561-o1\" \/>\n<input type=\"hidden\" name=\"_wpcf7_container_post\" value=\"0\" \/>\n<input type=\"hidden\" name=\"_wpcf7_posted_data_hash\" value=\"\" \/>\n<input type=\"hidden\" name=\"_wpcf7_recaptcha_response\" value=\"\" \/>\n<\/div>\n<p>Empresa *\n<\/p>\n<p><span class=\"wpcf7-form-control-wrap\" data-name=\"contact-societe\"><input size=\"40\" class=\"wpcf7-form-control wpcf7-text wpcf7-validates-as-required contact-field\" aria-required=\"true\" aria-invalid=\"false\" value=\"\" type=\"text\" name=\"contact-societe\" \/><\/span>\n<\/p>\n<p>Actividad\n<\/p>\n<p><span class=\"wpcf7-form-control-wrap\" data-name=\"contact-activite\"><input size=\"40\" class=\"wpcf7-form-control wpcf7-text contact-field\" aria-invalid=\"false\" value=\"\" type=\"text\" name=\"contact-activite\" \/><\/span>\n<\/p>\n<p class=\"contact-form-2columns-first\"><br \/>\nApellido *\n<\/p>\n<p><span class=\"wpcf7-form-control-wrap\" data-name=\"contact-nom\"><input size=\"40\" class=\"wpcf7-form-control wpcf7-text wpcf7-validates-as-required contact-field\" aria-required=\"true\" aria-invalid=\"false\" value=\"\" type=\"text\" name=\"contact-nom\" \/><\/span>\n<\/p>\n<p class=\"contact-form-2columns-second\"><br \/>\nNombre *\n<\/p>\n<p><span class=\"wpcf7-form-control-wrap\" data-name=\"contact-prenom\"><input size=\"40\" class=\"wpcf7-form-control wpcf7-text wpcf7-validates-as-required contact-field\" aria-required=\"true\" aria-invalid=\"false\" value=\"\" type=\"text\" name=\"contact-prenom\" \/><\/span>\n<\/p>\n<p>Direcci\u00f3n\n<\/p>\n<p><span class=\"wpcf7-form-control-wrap\" data-name=\"contact-adresse\"><input size=\"40\" class=\"wpcf7-form-control wpcf7-text contact-field\" aria-invalid=\"false\" value=\"\" type=\"text\" name=\"contact-adresse\" \/><\/span>\n<\/p>\n<p class=\"contact-form-3columns-first\"><br \/>\nC\u00f3digo postal\n<\/p>\n<p><span class=\"wpcf7-form-control-wrap\" data-name=\"contact-cp\"><input size=\"40\" class=\"wpcf7-form-control wpcf7-text contact-field\" aria-invalid=\"false\" value=\"\" type=\"text\" name=\"contact-cp\" \/><\/span>\n<\/p>\n<p class=\"contact-form-3columns-second\"><br \/>\nCiudad\n<\/p>\n<p><span class=\"wpcf7-form-control-wrap\" data-name=\"contact-ville\"><input size=\"40\" class=\"wpcf7-form-control wpcf7-text contact-field\" aria-invalid=\"false\" value=\"\" type=\"text\" name=\"contact-ville\" \/><\/span>\n<\/p>\n<p class=\"contact-form-3columns-third\"><br \/>\nPa\u00eds *\n<\/p>\n<p><span class=\"wpcf7-form-control-wrap\" data-name=\"contact-pays\"><input size=\"40\" class=\"wpcf7-form-control wpcf7-text wpcf7-validates-as-required contact-field\" aria-required=\"true\" aria-invalid=\"false\" value=\"\" type=\"text\" name=\"contact-pays\" \/><\/span>\n<\/p>\n<p class=\"contact-form-3columns-first\"><br \/>\nTel\u00e9fono\n<\/p>\n<p><span class=\"wpcf7-form-control-wrap\" data-name=\"contact-tel\"><input size=\"40\" class=\"wpcf7-form-control wpcf7-text wpcf7-tel wpcf7-validates-as-tel contact-field\" aria-invalid=\"false\" value=\"\" type=\"tel\" name=\"contact-tel\" \/><\/span>\n<\/p>\n<p class=\"contact-form-3columns-second\"><br \/>\nM\u00f3vil\n<\/p>\n<p><span class=\"wpcf7-form-control-wrap\" data-name=\"contact-mobile\"><input size=\"40\" class=\"wpcf7-form-control wpcf7-text wpcf7-tel wpcf7-validates-as-tel contact-field\" aria-invalid=\"false\" value=\"\" type=\"tel\" name=\"contact-mobile\" \/><\/span>\n<\/p>\n<p class=\"contact-form-3columns-third\"><br \/>\nFax\n<\/p>\n<p><span class=\"wpcf7-form-control-wrap\" data-name=\"contact-fax\"><input size=\"40\" class=\"wpcf7-form-control wpcf7-text wpcf7-tel wpcf7-validates-as-tel contact-field\" aria-invalid=\"false\" value=\"\" type=\"tel\" name=\"contact-fax\" \/><\/span>\n<\/p>\n<p class=\"contact-form-2columns-first\"><br \/>\nCorreo electr\u00f3nico *\n<\/p>\n<p><span class=\"wpcf7-form-control-wrap\" data-name=\"contact-email\"><input size=\"40\" class=\"wpcf7-form-control wpcf7-text wpcf7-email wpcf7-validates-as-required wpcf7-validates-as-email contact-field\" aria-required=\"true\" aria-invalid=\"false\" value=\"\" type=\"email\" name=\"contact-email\" \/><\/span>\n<\/p>\n<p class=\"contact-form-2columns-second\"><br \/>\nSitio Web\n<\/p>\n<p><span class=\"wpcf7-form-control-wrap\" data-name=\"contact-siteweb\"><input size=\"40\" class=\"wpcf7-form-control wpcf7-text wpcf7-url wpcf7-validates-as-url contact-field\" aria-invalid=\"false\" value=\"\" type=\"url\" name=\"contact-siteweb\" \/><\/span>\n<\/p>\n<p>Mensaje *\n<\/p>\n<p><span class=\"wpcf7-form-control-wrap\" data-name=\"contact-message\"><textarea cols=\"40\" rows=\"3\" class=\"wpcf7-form-control wpcf7-textarea wpcf7-validates-as-required contact-field\" aria-required=\"true\" aria-invalid=\"false\" name=\"contact-message\"><\/textarea><\/span>\n<\/p>\n<p style=\"margin-top:25px; padding-bottom:5px;\">Adjuntar uno o varios archivos\n<\/p>\n<p><br \/>\n<span class=\"wpcf7-form-control-wrap\" data-name=\"contact-fichier1\"><input size=\"40\" class=\"wpcf7-form-control wpcf7-file contact-file\" accept=\"audio\/*,video\/*,image\/*\" aria-invalid=\"false\" type=\"file\" name=\"contact-fichier1\" \/><\/span>\n<\/p>\n<p><span class=\"wpcf7-form-control-wrap\" data-name=\"contact-fichier2\"><input size=\"40\" class=\"wpcf7-form-control wpcf7-file contact-file\" accept=\"audio\/*,video\/*,image\/*\" aria-invalid=\"false\" type=\"file\" name=\"contact-fichier2\" \/><\/span>\n<\/p>\n<p><span class=\"wpcf7-form-control-wrap\" data-name=\"contact-fichier3\"><input size=\"40\" class=\"wpcf7-form-control wpcf7-file contact-file\" accept=\"audio\/*,video\/*,image\/*\" aria-invalid=\"false\" type=\"file\" name=\"contact-fichier3\" \/><\/span>\n<\/p>\n<p><span class=\"wpcf7-form-control-wrap\" data-name=\"traitement-donnees\"><span class=\"wpcf7-form-control wpcf7-checkbox wpcf7-validates-as-required\"><span class=\"wpcf7-list-item first last\"><input type=\"checkbox\" name=\"traitement-donnees[]\" value=\"Sometiendo este formulario, acepto que las informaciones ingresadas sean utilizadas, explotadas, tratadas en el marco de la relaci\u00f3n comercial que pueda originarse de ello.*\" \/><span class=\"wpcf7-list-item-label\">Sometiendo este formulario, acepto que las informaciones ingresadas sean utilizadas, explotadas, tratadas en el marco de la relaci\u00f3n comercial que pueda originarse de ello.*<\/span><\/span><\/span><\/span>\n<\/p>\n<p><span class=\"wpcf7-form-control-wrap\" data-name=\"inscription-newsletter\"><span class=\"wpcf7-form-control wpcf7-checkbox\"><span class=\"wpcf7-list-item first last\"><input type=\"checkbox\" name=\"inscription-newsletter[]\" value=\"Acepto recibir la newsletter para mantenerme informado(a) sobre las \u00faltimas novedades, as\u00ed como ferias en las cuales Mafdel participa\" \/><span class=\"wpcf7-list-item-label\">Acepto recibir la newsletter para mantenerme informado(a) sobre las \u00faltimas novedades, as\u00ed como ferias en las cuales Mafdel participa<\/span><\/span><\/span><\/span>\n<\/p>\n<div class=\"contact-form-captcha-second-div\">\n\t<p><input type=\"hidden\" name=\"_wpcf7_captcha_challenge_captcha-135\" value=\"50024962\" \/><img class=\"wpcf7-form-control wpcf7-captchac wpcf7-captcha-captcha-135 contact-captcha\" width=\"84\" height=\"28\" alt=\"captcha\" src=\"https:\/\/www.mafdel-belts.com\/wp-content\/uploads\/wpcf7_captcha\/50024962.png\" \/>\n\t<\/p>\n\t<p>Por favor, escriba el c\u00f3digo de seguridad : <span class=\"wpcf7-form-control-wrap\" data-name=\"captcha-135\"><input size=\"40\" class=\"wpcf7-form-control wpcf7-captchar contact-captcha-text\" autocomplete=\"off\" aria-invalid=\"false\" value=\"\" type=\"text\" name=\"captcha-135\" \/><\/span>\n\t<\/p>\n<\/div>\n<div class=\"contact-submit-div\">\n\t<p><input class=\"wpcf7-form-control has-spinner wpcf7-submit contact-submit\" type=\"submit\" value=\"ENVIAR\" \/>\n\t<\/p>\n<\/div><p style=\"display: none !important;\" class=\"akismet-fields-container\" data-prefix=\"_wpcf7_ak_\"><label>&#916;<textarea name=\"_wpcf7_ak_hp_textarea\" cols=\"45\" rows=\"8\" maxlength=\"100\"><\/textarea><\/label><input type=\"hidden\" id=\"ak_js_1\" name=\"_wpcf7_ak_js\" value=\"148\"\/><script>document.getElementById( \"ak_js_1\" ).setAttribute( \"value\", ( new Date() ).getTime() );<\/script><\/p><div class=\"wpcf7-response-output\" aria-hidden=\"true\"><\/div>\n<\/form>\n<\/div>\n<\/div><\/div>\n<div class='content-column one_half last_column'><div style=\"padding-left:60px;\"><h3 style=\"font-size: 1.25em;\">Nuestras agencias<\/h3>\n<p>&nbsp;<\/p>\n<div class='content-column two_third'><p><span style=\"color: #0088cc; font-size: 11pt;\">MAFDEL FRANCE<\/span><\/p>\n<p>131 rue de la Plaine<br \/>\nZ.I. Lafayette<br \/>\n38790 SAINT GEORGES D&#8217;ESPERANCHE<br \/>\nTel. +33 (0)4 78 96 21 90<\/p>\n<p>&nbsp;<\/p>\n<p><span style=\"color: #0088cc; font-size: 12pt;\">NANTES<br \/>\n<\/span><br \/>\nBMTS<br \/>\n9 rue Edouard Belin<br \/>\n44360 VIGNEUX DE BRETAGNE<br \/>\nTel. +33 (0)2 40 57 34 26<\/p>\n<p>&nbsp;<\/p>\n<p><span style=\"color: #0088cc; font-size: 12pt;\">ALEMANIA<br \/>\n<\/span><\/p>\n<p>Tel. +49 (0) 173 39 29 509<\/p>\n<p>&nbsp;<\/p>\n<p><span style=\"color: #0088cc; font-size: 12pt;\">ESPA\u00d1A<br \/>\n<\/span><\/p>\n<p>T\u00e9l. +34\u00a0672 635 068<\/p>\n<p>&nbsp;<\/p>\n<p><span style=\"color: #0088cc; font-size: 12pt;\">IRLANDA<\/span><\/p>\n<p>T\u00e9l. +44 (0)7435 640929<br \/><\/div>\n<div class='content-column one_third last_column'><div style=\"padding-left:24px;\"><p style=\"text-align: left;\"><img loading=\"lazy\" class=\"alignnone wp-image-2326 size-full\" src=\"https:\/\/www.mafdel-belts.com\/wp-content\/uploads\/2015\/04\/qrcode_1464090236.png\" alt=\"\" width=\"200\" height=\"200\" srcset=\"https:\/\/www.mafdel-belts.com\/wp-content\/uploads\/2015\/04\/qrcode_1464090236.png 200w, https:\/\/www.mafdel-belts.com\/wp-content\/uploads\/2015\/04\/qrcode_1464090236-150x150.png 150w\" sizes=\"(max-width: 200px) 100vw, 200px\" \/><\/p>\n<p style=\"text-align: center;\"><span style=\"font-size: 10pt; color: #000000;\">\u00a0 \u00a0\u00a0 Local\u00edcenos sobre \u00a0 \u00a0 <\/span><br \/>\n<span style=\"font-size: 10pt; color: #000000;\">su Smartphone<br \/>\n<\/span><\/p><\/div><\/div><div class='clear_column'><\/div>\n<p>&nbsp;<\/p>\n<p>&nbsp;<\/p>\n<h3>Situaci\u00f3n<\/h3>\n<p>&nbsp;<\/p>\n<div id=\"wpgmza_map\" class=\"wpgmza_map\" data-settings='{\"id\":\"1\",\"map_title\":\"My first map\",\"map_width\":\"100\",\"map_height\":\"300\",\"map_start_lat\":\"45.586704\",\"map_start_lng\":\"5.062970\",\"map_start_location\":\"45.5867038481586,5.062969785247335\",\"map_start_zoom\":\"9\",\"default_marker\":\"0\",\"type\":\"1\",\"alignment\":\"1\",\"directions_enabled\":\"1\",\"styling_enabled\":\"0\",\"styling_json\":\"\",\"active\":\"0\",\"kml\":\"\",\"bicycle\":\"0\",\"traffic\":\"0\",\"dbox\":\"1\",\"dbox_width\":\"250\",\"listmarkers\":\"0\",\"listmarkers_advanced\":\"0\",\"filterbycat\":\"0\",\"ugm_enabled\":\"0\",\"ugm_category_enabled\":\"0\",\"fusion\":\"\",\"map_width_type\":\"\\\\%\",\"map_height_type\":\"px\",\"mass_marker_support\":\"1\",\"ugm_access\":\"0\",\"order_markers_by\":\"1\",\"order_markers_choice\":\"2\",\"show_user_location\":\"0\",\"default_to\":\"\",\"other_settings\":{\"store_locator_enabled\":2,\"store_locator_distance\":2,\"store_locator_bounce\":1,\"store_locator_query_string\":\"Code Postal \\\/ Adresse\",\"wpgmza_store_locator_restrict\":\"\",\"map_max_zoom\":\"1\",\"transport_layer\":0,\"wpgmza_theme_data\":\"\"}}' data-map-id='1' Data-maps-engine='' data-shortcode-attributes='{\"id\":\"1\"}' style=\"display:block; overflow:auto; width:100%; height:300px; float:left;\"><\/div><\/div><\/div><div class='clear_column'><\/div>\n","protected":false},"excerpt":{"rendered":"","protected":false},"author":3,"featured_media":0,"parent":0,"menu_order":0,"comment_status":"open","ping_status":"open","template":"page-template-without-sidebar.php","meta":{"om_disable_all_campaigns":false,"_uf_show_specific_survey":0,"_uf_disable_surveys":false},"aioseo_notices":[],"_links":{"self":[{"href":"https:\/\/www.mafdel-belts.com\/es\/wp-json\/wp\/v2\/pages\/1559\/"}],"collection":[{"href":"https:\/\/www.mafdel-belts.com\/es\/wp-json\/wp\/v2\/pages\/"}],"about":[{"href":"https:\/\/www.mafdel-belts.com\/es\/wp-json\/wp\/v2\/types\/page\/"}],"author":[{"embeddable":true,"href":"https:\/\/www.mafdel-belts.com\/es\/wp-json\/wp\/v2\/users\/3\/"}],"replies":[{"embeddable":true,"href":"https:\/\/www.mafdel-belts.com\/es\/wp-json\/wp\/v2\/comments\/?post=1559"}],"version-history":[{"count":17,"href":"https:\/\/www.mafdel-belts.com\/es\/wp-json\/wp\/v2\/pages\/1559\/revisions\/"}],"predecessor-version":[{"id":10853,"href":"https:\/\/www.mafdel-belts.com\/es\/wp-json\/wp\/v2\/pages\/1559\/revisions\/10853\/"}],"wp:attachment":[{"href":"https:\/\/www.mafdel-belts.com\/es\/wp-json\/wp\/v2\/media\/?parent=1559"}],"curies":[{"name":"wp","href":"https:\/\/api.w.org\/{rel}","templated":true}]}}