{"id":1477,"date":"2015-04-17T21:49:40","date_gmt":"2015-04-17T20:49:40","guid":{"rendered":"https:\/\/www.mafdel-belts.com\/?page_id=1477"},"modified":"2021-02-17T12:22:54","modified_gmt":"2021-02-17T11:22:54","slug":"industrias","status":"publish","type":"page","link":"https:\/\/www.mafdel-belts.com\/es\/industrias\/","title":{"rendered":"Aplicaciones"},"content":{"rendered":"<h1>Las bandas y correas termosoldables MAFDEL se adaptan a numerosas aplicaciones<\/h1>\n<p>Mafdel fabrica correas y bandas transportadoras para el transporte en continuo de la industria.<\/p>\n<p>La amplia gama de sus productos fabricados permite seleccionar el producto m\u00e1s adecuado a las necesidades de la aplicaci\u00f3n, seg\u00fan numerosas caracter\u00edsticas t\u00e9cnicas :<\/p>\n<ul style=\"list-style-type: disc;\">\n<li>Dureza<\/li>\n<li>Resistencia a la abrasi\u00f3n<\/li>\n<li>Refuerzo<\/li>\n<li>Dentada<\/li>\n<li>Recubrimientos<\/li>\n<li>Coeficiente de fricci\u00f3n<\/li>\n<li>Normas alimentarias<\/li>\n<li>Tensi\u00f3n de\u00a0funcionamiento<\/li>\n<li>Temperaturas de utilizaci\u00f3n<\/li>\n<li>\u2026<\/li>\n<\/ul>\n<p>&nbsp;<\/p>\n<p>&nbsp;<\/p>\n<h2>As\u00ed, nuestras correas y bandas transportadoras termosoldables representan una soluci\u00f3n \u00f3ptima en numerosas industrias<\/h2>\n<h3>Industrias agroalimentarias<\/h3>\n<p><i class=\"fa fa-arrow-right \" ><\/i>\u00a0 Carnes y aves de corral<\/p>\n<p><i class=\"fa fa-arrow-right \" ><\/i>\u00a0 Pescados y mariscos<\/p>\n<p><i class=\"fa fa-arrow-right \" ><\/i>\u00a0 Lecher\u00edas \/ Queser\u00edas<\/p>\n<p><i class=\"fa fa-arrow-right \" ><\/i>\u00a0 Frutas y verduras<\/p>\n<p><i class=\"fa fa-arrow-right \" ><\/i>\u00a0 Conserveras<\/p>\n<p><i class=\"fa fa-arrow-right \" ><\/i>\u00a0 Panader\u00edas y pasteler\u00edas industriales<\/p>\n<p>&nbsp;<\/p>\n<p>&nbsp;<\/p>\n<h3>Otras industrias (productos no alimenticios)<\/h3>\n<p><i class=\"fa fa-arrow-right \" ><\/i>\u00a0 Embalajes met\u00e1licos y pl\u00e1sticos<\/p>\n<p><i class=\"fa fa-arrow-right \" ><\/i>\u00a0 M\u00e1quinas agr\u00edcolas<\/p>\n<p><i class=\"fa fa-arrow-right \" ><\/i>\u00a0 Industrias de la madera y del vidrio<\/p>\n<p><i class=\"fa fa-arrow-right \" ><\/i>\u00a0 Cartoner\u00edas, imprentas<\/p>\n<p><i class=\"fa fa-arrow-right \" ><\/i>\u00a0 Transportadores a rodillo, log\u00edsticas<\/p>\n<p><i class=\"fa fa-arrow-right \" ><\/i>\u00a0 Materiales de construcci\u00f3n<\/p>\n<p>&nbsp;<\/p>\n<p>&nbsp;<\/p>\n<hr \/>\n<p><strong>Cumpliendo las normas internacionales m\u00e1s severas, nuestras correas y bandas transportadoras contribuyen a aportar un nivel \u00f3ptimo de higiene para satisfacer las exigencias de la tramitaci\u00f3n HACCP<\/strong> (Hazard Analysis Critical Control Point \/ An\u00e1lisis de los peligros y puntos cr\u00edticos para su control).<\/p>\n<hr \/>\n<p>&nbsp;<\/p>\n","protected":false},"excerpt":{"rendered":"<p>Las bandas y correas termosoldables MAFDEL se adaptan a numerosas aplicaciones Mafdel fabrica correas y bandas transportadoras para el transporte en continuo de la industria. La amplia gama de sus productos fabricados permite seleccionar el producto m\u00e1s adecuado a las necesidades de la aplicaci\u00f3n, seg\u00fan numerosas caracter\u00edsticas t\u00e9cnicas : Dureza Resistencia a la abrasi\u00f3n Refuerzo [&hellip;]<\/p>\n","protected":false},"author":3,"featured_media":0,"parent":0,"menu_order":0,"comment_status":"open","ping_status":"closed","template":"page-template-typeapplication.php","meta":{"om_disable_all_campaigns":false,"_uf_show_specific_survey":0,"_uf_disable_surveys":false},"aioseo_notices":[],"_links":{"self":[{"href":"https:\/\/www.mafdel-belts.com\/es\/wp-json\/wp\/v2\/pages\/1477\/"}],"collection":[{"href":"https:\/\/www.mafdel-belts.com\/es\/wp-json\/wp\/v2\/pages\/"}],"about":[{"href":"https:\/\/www.mafdel-belts.com\/es\/wp-json\/wp\/v2\/types\/page\/"}],"author":[{"embeddable":true,"href":"https:\/\/www.mafdel-belts.com\/es\/wp-json\/wp\/v2\/users\/3\/"}],"replies":[{"embeddable":true,"href":"https:\/\/www.mafdel-belts.com\/es\/wp-json\/wp\/v2\/comments\/?post=1477"}],"version-history":[{"count":6,"href":"https:\/\/www.mafdel-belts.com\/es\/wp-json\/wp\/v2\/pages\/1477\/revisions\/"}],"predecessor-version":[{"id":3024,"href":"https:\/\/www.mafdel-belts.com\/es\/wp-json\/wp\/v2\/pages\/1477\/revisions\/3024\/"}],"wp:attachment":[{"href":"https:\/\/www.mafdel-belts.com\/es\/wp-json\/wp\/v2\/media\/?parent=1477"}],"curies":[{"name":"wp","href":"https:\/\/api.w.org\/{rel}","templated":true}]}}