{"id":1321,"date":"2015-04-11T08:49:15","date_gmt":"2015-04-11T07:49:15","guid":{"rendered":"https:\/\/www.mafdel-belts.com\/?page_id=1321"},"modified":"2022-06-14T13:24:25","modified_gmt":"2022-06-14T12:24:25","slug":"fabricante-bandas-y-correas-termosoldables","status":"publish","type":"page","link":"https:\/\/www.mafdel-belts.com\/es\/fabricante-bandas-y-correas-termosoldables\/","title":{"rendered":"La empresa"},"content":{"rendered":"<div class='content-column one_third'><h1>Fabricante hist\u00f3rico de correas termosoldables y bandas transportadoras para el transporte industrial<\/h1><\/div>\n<div class='content-column two_third last_column'><div style=\"padding-left:20px;\"><p>Situada en Lyon, en Francia, la empresa MAFDEL es especializada en la fabricaci\u00f3n de <a href=\"https:\/\/www.mafdel-belts.com\/es\/tp\/correa-termosoldable\/\">correas<\/a> y <a href=\"https:\/\/www.mafdel-belts.com\/es\/tp\/bandas-transportadoras\/\">bandas transportadoras termosoldables<\/a> para el transporte industrial.<\/p>\n<p>En constante evoluci\u00f3n, la amplia gama de los productos MAFDEL, cubre desde hace m\u00e1s de 40 a\u00f1os las necesidades de numerosas industrias, en el mundo entero.<\/p>\n<p>Nuestros medios de producci\u00f3n siempre los m\u00e1s punteros y la utilizaci\u00f3n de las materias m\u00e1s eficaces le aseguran productos de alta tecnolog\u00eda.<\/p>\n<p>Por fin, nuestros medios avanzados de control garantizan una calidad excelente y la continuidad de nuestros productos.<\/div><\/div><div class='clear_column'><\/div>\n<p>&nbsp;<\/p>\n<p><iframe loading=\"lazy\" src=\"\/\/www.youtube.com\/embed\/eGiZhNxLQy0\" width=\"560\" height=\"314\" allowfullscreen=\"allowfullscreen\"><\/iframe><\/p>\n<p>&nbsp;<\/p>\n<h3>Historial<\/h3>\n<p>En los a\u00f1os 70-80, el transporte industrial se desarrolla. Las correas y las bandas transportadoras son esencialmente fabricadas sin fin, o con mucha dificultad para hacer las uniones, y la necesidad de una optimizaci\u00f3n del mantenimiento es requerida por la industria.<br \/>\n<div class='content-column one_sixth'><img loading=\"lazy\" class=\"alignnone wp-image-36 size-full\" src=\"https:\/\/www.mafdel-belts.com\/wp-content\/uploads\/2015\/04\/historique-mafdel.png\" alt=\"historial Mafdel\" width=\"140\" height=\"198\" \/><br \/><\/div><\/p>\n<div class='content-column five_sixth last_column'><div style=\"padding-right:12px;\"><p>Jean-Claude Jouffray cre\u00f3 MAFDEL en 1981 a Saint-Alban-de-Roche (38) y lanza una primera gama de correas y bandas transportadoras monomateria para hacer uniones\u00a0in situ para los usuarios finales. La empresa se desarrolla y se traslada en 1989 a locales m\u00e1s grandes en Saint-Georges-d&#8217;Esp\u00e9ranche (38). La f\u00e1brica crece y la construcci\u00f3n del primer edificio de 1000 m \u00b2 de extensi\u00f3n se efectu\u00f3 en 1997.<\/p>\n<p>En 2004, Fran\u00e7ois-R\u00e9gis Jouffray y Michel Jouffray se hacen cargo de la direcci\u00f3n de la empresa.<br \/>\nLa construcci\u00f3n del segundo edificio de extensi\u00f3n de 1000 m \u00b2 destinado a acoger nuevas m\u00e1quinas es realizado en 2006.<\/p>\n<p>A finales de 2012, <a href=\"http:\/\/www.bmts.fr\/fr\/\" target=\"_blank\" rel=\"noopener noreferrer\">la empresa BMTS<\/a>, el fabricante implantado cerca de Nantes, se une a MAFDEL. Forman juntos un solo fabricante franc\u00e9s de correas y bandas transportadoras monomaterias.<\/p>\n<p>En 2017, MAFDEL aumenta sus anchuras de producci\u00f3n y fabrica sus bandas transportadoras en 1850 mm de anchura, para cubrir las necesidades de industriales y distribuidores del mundo entero.<\/p>\n<p>En 2018, un nuevo edificio de producci\u00f3n de 3600 m\u00b2 se construye para aumentar nuestras capacidades de producci\u00f3n y optimizar el desarrollo de productos nuevos.<\/p><\/div><\/div><div class='clear_column'><\/div>\n<p><img loading=\"lazy\" class=\"alignnone wp-image-3390 size-full\" title=\"BMTS a Vigneux-de-Bretagne (Francia)\" src=\"https:\/\/www.mafdel-belts.com\/wp-content\/uploads\/Batiment-BMTS-e1541603312756.jpg\" alt=\"Fotograf\u00eda de BMTS\" width=\"590\" height=\"295\" srcset=\"https:\/\/www.mafdel-belts.com\/wp-content\/uploads\/Batiment-BMTS-e1541603312756.jpg 590w, https:\/\/www.mafdel-belts.com\/wp-content\/uploads\/Batiment-BMTS-e1541603312756-300x150.jpg 300w\" sizes=\"(max-width: 590px) 100vw, 590px\" \/>\u00a0 \u00a0<img loading=\"lazy\" class=\"alignnone wp-image-3391 size-full\" title=\"Nueva unidad de producci\u00f3n \" src=\"https:\/\/www.mafdel-belts.com\/wp-content\/uploads\/Batiment-construction-e1541603415702.jpg\" alt=\"fotograf\u00eda de la nueva unidad de producci\u00f3n\" width=\"590\" height=\"295\" srcset=\"https:\/\/www.mafdel-belts.com\/wp-content\/uploads\/Batiment-construction-e1541603415702.jpg 590w, https:\/\/www.mafdel-belts.com\/wp-content\/uploads\/Batiment-construction-e1541603415702-300x150.jpg 300w\" sizes=\"(max-width: 590px) 100vw, 590px\" \/><\/p>\n<p><span style=\"color: #808080;\"><strong>MAFDEL persigue sus objetivos de calidad y su compromiso hacia la satisfacci\u00f3n de sus clientes.<\/strong><br \/>\n<strong><span id=\"result_box\" lang=\"es\">El desarrollo de nuevas gamas de productos innovadores y la expansi\u00f3n de la red de ventas son ahora parte de los principales objetivos para el futuro de la empresa.<\/span><\/strong><\/span><\/p>\n<p>&nbsp;<\/p>\n<h3>Nuestra red de distribuidores:<\/h3>\n<p>Los productos Mafdel est\u00e1n disponibles en todo el mundo a trav\u00e9s de una red de distribuidores y socios en m\u00e1s de 60 pa\u00edses.<\/p>\n<p>Si desea saber m\u00e1s y convertirse en distribuidor, <a href=\"https:\/\/www.mafdel-belts.com\/es\/carrera-mafdel\/\">p\u00f3ngase en contacto<\/a> con nosotros.<\/p>\n<p>&nbsp;<\/p>\n<h3>Socio :<\/h3>\n<p><a href=\"https:\/\/www.niba.org\/\" target=\"_blank\" rel=\"noopener noreferrer\"><img loading=\"lazy\" class=\"alignnone wp-image-7349\" title=\"Miembro de NIBA\" src=\"https:\/\/www.mafdel-belts.com\/wp-content\/uploads\/NIBA-Logo.png\" alt=\"\" width=\"117\" height=\"113\" \/><\/a><a href=\"https:\/\/www.ehedg.org\/\" target=\"_blank\" rel=\"noopener\"><img loading=\"lazy\" class=\"alignnone wp-image-8524\" title=\"EHEDG logo\" src=\"https:\/\/www.mafdel-belts.com\/wp-content\/uploads\/EHEDG_member_logo_RGB_450x450-300x300.png\" alt=\"\" width=\"118\" height=\"118\" srcset=\"https:\/\/www.mafdel-belts.com\/wp-content\/uploads\/EHEDG_member_logo_RGB_450x450-300x300.png 300w, https:\/\/www.mafdel-belts.com\/wp-content\/uploads\/EHEDG_member_logo_RGB_450x450-150x150.png 150w, https:\/\/www.mafdel-belts.com\/wp-content\/uploads\/EHEDG_member_logo_RGB_450x450.png 450w\" sizes=\"(max-width: 118px) 100vw, 118px\" \/><\/a><\/p>\n","protected":false},"excerpt":{"rendered":"<p>&nbsp; &nbsp; Historial En los a\u00f1os 70-80, el transporte industrial se desarrolla. Las correas y las bandas transportadoras son esencialmente fabricadas sin fin, o con mucha dificultad para hacer las uniones, y la necesidad de una optimizaci\u00f3n del mantenimiento es requerida por la industria. \u00a0 \u00a0 MAFDEL persigue sus objetivos de calidad y su compromiso [&hellip;]<\/p>\n","protected":false},"author":3,"featured_media":0,"parent":0,"menu_order":0,"comment_status":"open","ping_status":"open","template":"page-template-without-sidebar.php","meta":{"om_disable_all_campaigns":false,"_uf_show_specific_survey":0,"_uf_disable_surveys":false},"aioseo_notices":[],"_links":{"self":[{"href":"https:\/\/www.mafdel-belts.com\/es\/wp-json\/wp\/v2\/pages\/1321\/"}],"collection":[{"href":"https:\/\/www.mafdel-belts.com\/es\/wp-json\/wp\/v2\/pages\/"}],"about":[{"href":"https:\/\/www.mafdel-belts.com\/es\/wp-json\/wp\/v2\/types\/page\/"}],"author":[{"embeddable":true,"href":"https:\/\/www.mafdel-belts.com\/es\/wp-json\/wp\/v2\/users\/3\/"}],"replies":[{"embeddable":true,"href":"https:\/\/www.mafdel-belts.com\/es\/wp-json\/wp\/v2\/comments\/?post=1321"}],"version-history":[{"count":21,"href":"https:\/\/www.mafdel-belts.com\/es\/wp-json\/wp\/v2\/pages\/1321\/revisions\/"}],"predecessor-version":[{"id":8530,"href":"https:\/\/www.mafdel-belts.com\/es\/wp-json\/wp\/v2\/pages\/1321\/revisions\/8530\/"}],"wp:attachment":[{"href":"https:\/\/www.mafdel-belts.com\/es\/wp-json\/wp\/v2\/media\/?parent=1321"}],"curies":[{"name":"wp","href":"https:\/\/api.w.org\/{rel}","templated":true}]}}