{"id":1154,"date":"2015-04-17T21:52:06","date_gmt":"2015-04-17T20:52:06","guid":{"rendered":"https:\/\/www.mafdel-belts.com\/?page_id=1154"},"modified":"2024-10-08T10:18:54","modified_gmt":"2024-10-08T09:18:54","slug":"catalogue-correa-y-banda-transportadora","status":"publish","type":"page","link":"https:\/\/www.mafdel-belts.com\/es\/catalogue-correa-y-banda-transportadora\/","title":{"rendered":"Documentaci\u00f3n"},"content":{"rendered":"<div class='content-column one_third'><h1>Catalog\u00f3 de correas, bandas transportadoras y bandas de movimiento positivo<\/h1><\/div>\n<div class='content-column two_third last_column'><div style=\"padding-left:20px;\"><p>Usted encontrar\u00e1 en esta documentaci\u00f3n el conjunto de nuestras fichas de productos, las caracter\u00edsticas t\u00e9cnicas de nuestros productos, as\u00ed como nuestros consejos para permitirle escoger el producto adecuado a sus necesidades y exigencias.<\/p>\n<p>Los documentos est\u00e1n en el formato PDF.<\/p>\n<p>Si usted no posee software para leer este formato de fichero, puede <a href=\"https:\/\/get.adobe.com\/es\/reader\/\" target=\"_blank\" rel=\"noopener noreferrer\">cargar la \u00faltima versi\u00f3n d&#8217;Adobe Reader<\/a>.<\/div><\/div><div class='clear_column'><\/div>\n<p>&nbsp;<\/p>\n<p>&nbsp;<\/p>\n<p>&nbsp;<\/p>\n<h3><i class=\"fa fa-arrow-right \" ><\/i> Las correas<\/h3>\n<div class=\"line-break\" style=\"width: 100%; height:12px;\"><\/div>\n<div class='content-column one_fourth'><div style=\"padding-right:22px;\"><div class=\"bloc-doc-entete\" style=\"height:27px;\">Consulte el cat\u00e1logo completo<\/div><a href=\"https:\/\/www.mafdel-belts.com\/wp-content\/uploads\/MAFDEL-Correas-Catalogo.pdfweb.pdf\" target=\"_blank\" rel=\"noopener noreferrer\"><div class=\"bloc-doc-detail\" style=\"height:231px; text-decoration: none;\"><\/a><a href=\"https:\/\/www.mafdel-belts.com\/wp-content\/uploads\/MAFDEL-Correas-Catalogo.pdfweb.pdf\" target=\"_blank\" rel=\"noopener noreferrer\"><img loading=\"lazy\" class=\"alignnone wp-image-6295 size-full\" src=\"https:\/\/www.mafdel-belts.com\/wp-content\/uploads\/Couv-miniature-Courroies-FR-Mafdel.png\" alt=\"Couverture du catalogue Courroies Mafdel\" width=\"134\" height=\"190\" \/><\/a><a href=\"https:\/\/www.mafdel-belts.com\/wp-content\/uploads\/MAFDEL-Correas-Catalogo.pdfweb.pdf\" target=\"_blank\" rel=\"noopener noreferrer\"><\/ br><i class=\"fa fa-download\"><\/i><\/div><\/a><\/div><\/div>\n<div class='content-column one_fourth'><div style=\"padding-right:15px;padding-left:7px;\"><div class=\"bloc-doc-entete\" style=\"height:27px;\">Los cordones<\/div><a href=\"https:\/\/www.mafdel-belts.com\/wp-content\/uploads\/MAFDEL-Correas-Redondas-3.pdf\" target=\"_blank\" rel=\"noopener noreferrer\"><div class=\"bloc-doc-detail\" style=\"height:63px; text-decoration: none;\">La gama de cordones<\/ br><i class=\"fa fa-download\"><\/i><\/div><\/a><div class=\"line-break\" style=\"width: 100%; height:43px;\"><\/div><div class=\"bloc-doc-entete\" style=\"height:27px;\">Las correas especiales<\/div><a href=\"https:\/\/www.mafdel-belts.com\/wp-content\/uploads\/MAFDEL-Correas-Especiales-3.pdf\" target=\"_blank\" rel=\"noopener noreferrer\"><div class=\"bloc-doc-detail\" style=\"height:63px; text-decoration: none;\">Ejemplos de realizaci\u00f3n<\/ br><i class=\"fa fa-download\"><\/i><\/div><\/a><\/div><\/div>\n<div class='content-column one_fourth'><div style=\"padding-right:7px;padding-left:15px;\"><div class=\"bloc-doc-entete\" style=\"height:27px;\">Las correas trapezoidales<\/div><div class=\"bloc-doc-detail\" style=\"height:63px; text-decoration: none;\"><a href=\"https:\/\/www.mafdel-belts.com\/wp-content\/uploads\/MAFDEL-Correas-Trapezoidales-3.pdf\">La gama de correas trapezoidales<\/a><\/ br><i class=\"fa fa-download\"><\/i><\/div><div class=\"line-break\" style=\"width: 100%; height:43px;\"><\/div><div class=\"bloc-doc-entete\" style=\"height:27px;\">Las correderas<\/div><a href=\"https:\/\/www.mafdel-belts.com\/wp-content\/uploads\/MAFDEL-Correas-Deslizantes-2.pdf\" target=\"_blank\" rel=\"noopener noreferrer\"><div class=\"bloc-doc-detail\" style=\"height:63px; text-decoration: none;\">Las caracter\u00edsticas<\/ br><i class=\"fa fa-download\"><\/i><\/div><\/a><\/div><\/div>\n<div class='content-column one_fourth last_column'><div style=\"padding-left:22px;\"><div class=\"bloc-doc-entete\" style=\"height:27px;\">Las correas con cresta<\/div><a href=\"https:\/\/www.mafdel-belts.com\/wp-content\/uploads\/MAFDEL-Correas-Con-Cresta-3.pdf\" target=\"_blank\" rel=\"noopener noreferrer\"><div class=\"bloc-doc-detail\" style=\"height:63px; text-decoration: none;\">La gama de correas con cresta<\/ br><i class=\"fa fa-download\"><\/i><\/div><\/a><\/div><\/div><div class='clear_column'><\/div>\n<p>&nbsp;<\/p>\n<p>&nbsp;<\/p>\n<p>&nbsp;<\/p>\n<h3><i class=\"fa fa-arrow-right \" ><\/i> Las bandas transportadoras monomaterias<\/h3>\n<div class=\"line-break\" style=\"width: 100%; height:12px;\"><\/div>\n<div class='content-column one_fourth'><div style=\"padding-right:22px;\"><div class=\"bloc-doc-entete\" style=\"height:27px;\">Consulte el cat\u00e1logo completo<\/div><a href=\"https:\/\/www.mafdel-belts.com\/wp-content\/uploads\/Mafdel-bandeas-transportadas-termosoldables.catalogo-V1.pdf\" target=\"_blank\" rel=\"noopener noreferrer\"><div class=\"bloc-doc-detail\" style=\"height:231px; text-decoration: none;\"><\/a><a href=\"https:\/\/www.mafdel-belts.com\/wp-content\/uploads\/Mafdel-bandeas-transportadas-termosoldables.catalogo-V1.pdf\" target=\"_blank\" rel=\"noopener noreferrer\"><img loading=\"lazy\" class=\"alignnone wp-image-3466 size-full\" src=\"https:\/\/www.mafdel-belts.com\/wp-content\/uploads\/Visuel-Catalogue-Bandes-transporteuses-ES.jpg\" alt=\"\" width=\"134\" height=\"190\" \/><\/a><a href=\"https:\/\/www.mafdel-belts.com\/wp-content\/uploads\/Mafdel-bandeas-transportadas-termosoldables.catalogo-V1.pdf\" target=\"_blank\" rel=\"noopener noreferrer\"><\/ br><i class=\"fa fa-download\"><\/i><\/div><\/a><\/div><\/div>\n<div class='content-column one_fourth'><div style=\"padding-right:15px;padding-left:7px;\"><div class=\"bloc-doc-entete\" style=\"height:27px;\">Est\u00e1ndar \/ Productos alimentarios<\/div><a href=\"https:\/\/www.mafdel-belts.com\/wp-content\/uploads\/Mafdel-bandas-transportadas-termosoldables-estandard-catalogo.pdf\" target=\"_blank\" rel=\"noopener noreferrer\"><div class=\"bloc-doc-detail\" style=\"height:63px; text-decoration: none;\">La gama est\u00e1ndar \/ alimentaria<\/ br><i class=\"fa fa-download\"><\/i><\/div><\/a><\/div><\/div>\n<div class='content-column one_fourth'><div style=\"padding-right:7px;padding-left:15px;\"><div class=\"bloc-doc-entete\" style=\"height:27px;\">Perfiles \/ Gu\u00edas \/ Bordes<\/div><a href=\"https:\/\/www.mafdel-belts.com\/wp-content\/uploads\/Mafdel-bandas-transportadas-termosoldables-accesorios-catalogo.pdf\" target=\"_blank\" rel=\"noopener noreferrer\"><div class=\"bloc-doc-detail\" style=\"height:63px; text-decoration: none;\">Las bandas con perfiles<\/ br><i class=\"fa fa-download\"><\/i><\/div><\/a><\/div><\/div>\n<div class='content-column one_fourth last_column'><div style=\"padding-left:22px;\"><div class=\"bloc-doc-entete\" style=\"height:27px;\">Recubrimientos\/ Especial<\/div><a href=\"https:\/\/www.mafdel-belts.com\/wp-content\/uploads\/Mafdel-bandas-transportadas-termosoldables-especiales-catalogo.pdf\" target=\"_blank\" rel=\"noopener noreferrer\"><div class=\"bloc-doc-detail\" style=\"height:63px; text-decoration: none;\">Recubrimientos especiales<\/ br><i class=\"fa fa-download\"><\/i><\/div><div class=\"line-break\" style=\"width: 100%; height:6px;\"><\/div><\/a><a href=\"https:\/\/www.mafdel-belts.com\/wp-content\/uploads\/Mafdel-bandas-transportadas-termosoldables-perforaciones-catalogo.pdf\" target=\"_blank\" rel=\"noopener noreferrer\"><div class=\"bloc-doc-detail\" style=\"height:63px; text-decoration: none;\">Perforaciones<\/ br><i class=\"fa fa-download\"><\/i><\/div><\/a><\/div><\/div><div class='clear_column'><\/div>\n<p>&nbsp;<\/p>\n<p>&nbsp;<\/p>\n<p>&nbsp;<\/p>\n<h3><i class=\"fa fa-arrow-right \" ><\/i> Las bandas de movimiento positivo<\/h3>\n<div class=\"line-break\" style=\"width: 100%; height:12px;\"><\/div>\n<div class='content-column one_fourth'><div style=\"padding-right:22px;\"><div class=\"bloc-doc-entete\" style=\"height:27px;\">Consulte el cat\u00e1logo completo<\/div><a href=\"https:\/\/www.mafdel-belts.com\/wp-content\/uploads\/Mafdel-BT-accionamiento-positivo-Catalogo-4.pdf\" target=\"_blank\" rel=\"noopener noreferrer\"><div class=\"bloc-doc-detail\" style=\"height:231px; text-decoration: none;\"><\/a><a href=\"https:\/\/www.mafdel-belts.com\/wp-content\/uploads\/Mafdel-BT-accionamiento-positivo-Catalogo-4.pdf\" target=\"_blank\" rel=\"noopener noreferrer\"><img loading=\"lazy\" class=\"alignnone wp-image-6091 size-full\" src=\"https:\/\/www.mafdel-belts.com\/wp-content\/uploads\/Visuel-catalogue-BTES.jpg\" alt=\"\" width=\"134\" height=\"190\" \/><\/a><a href=\"https:\/\/www.mafdel-belts.com\/wp-content\/uploads\/Mafdel-BT-accionamiento-positivo-Catalogo-4.pdf\" target=\"_blank\" rel=\"noopener noreferrer\"><\/ br><i class=\"fa fa-download\"><\/i><\/div><\/a><\/div><\/div>\n<div class='content-column one_fourth'><div style=\"padding-right:15px;padding-left:7px;\"><div class=\"bloc-doc-entete\" style=\"height:27px;\">Presentaci\u00f3n<\/div><a href=\"https:\/\/www.mafdel-belts.com\/wp-content\/uploads\/2024-Catalogo-bandas-accion-positivo-2024-1.pdf\" target=\"_blank\" rel=\"noopener noreferrer\"><div class=\"bloc-doc-detail\" style=\"height:63px; text-decoration: none;\">Caracter\u00edsticas y ventajas<\/ br><i class=\"fa fa-download\"><\/i><\/div><\/a><\/div><\/div>\n<div class='content-column one_fourth'><div style=\"padding-right:7px;padding-left:15px;\"><div class=\"bloc-doc-entete\" style=\"height:27px;\">Los productos<\/div><a href=\"https:\/\/www.mafdel-belts.com\/wp-content\/uploads\/Mafdel-BT-accionamiento-positivo-DELDRIVE-1.pdf\" target=\"_blank\" rel=\"noopener noreferrer\"><div class=\"bloc-doc-detail\" style=\"height:63px; text-decoration: none;\">La gama DEL\/DRIVE<\/ br><i class=\"fa fa-download\"><\/i><\/div><\/a> <div class=\"line-break\" style=\"width: 100%; height:6px;\"><\/div> <a href=\"https:\/\/www.mafdel-belts.com\/wp-content\/uploads\/Mafdel-BT-accionamiento-positivo-POSITIVEBELT-1.pdf\" target=\"_blank\" rel=\"noopener noreferrer\"><div class=\"bloc-doc-detail\" style=\"height:63px; text-decoration: none;\">La gama POSITIVEBELT<\/ br><i class=\"fa fa-download\"><\/i><\/div> <\/a><a href=\"https:\/\/www.mafdel-belts.com\/wp-content\/uploads\/Mafdel-BT-accionamiento-positivo-SDRIVE-4.pdf\" target=\"_blank\" rel=\"noopener noreferrer\"><div class=\"bloc-doc-detail\" style=\"height:63px; text-decoration: none;\">La gama S\/DRIVE<\/ br><i class=\"fa fa-download\"><\/i><\/div><\/a><div class=\"line-break\" style=\"width: 100%; height:6px;\"><\/div><a href=\"https:\/\/www.mafdel-belts.com\/wp-content\/uploads\/Mafdel-BT-accionamiento-positivo-DELSYNC.pdf\" target=\"_blank\" rel=\"noopener noreferrer\"><div class=\"bloc-doc-detail\" style=\"height:63px; text-decoration: none;\">La gama DEL\/SYNC<\/ br><i class=\"fa fa-download\"><\/i><\/div><\/a><\/div><\/div>\n<div class='content-column one_fourth last_column'><div style=\"padding-left:22px;\"><\/div><\/div><div class='clear_column'><\/div>\n<p>&nbsp;<\/p>\n<p>&nbsp;<\/p>\n<p>&nbsp;<\/p>\n<h3><i class=\"fa fa-arrow-right \" ><\/i> Herramientas y accesorios<\/h3>\n<div class=\"line-break\" style=\"width: 100%; height:12px;\"><\/div>\n<div class='content-column one_fourth'><div style=\"padding-right:15px;padding-left:7px;\"><div class=\"bloc-doc-entete\" style=\"height:27px;\">Soldadura de las correas<\/div><a href=\"https:\/\/www.mafdel-belts.com\/wp-content\/uploads\/MAFDEL-Correas-Herramientas-3.pdf\" target=\"_blank\" rel=\"noopener noreferrer\"><div class=\"bloc-doc-detail\" style=\"height:63px; text-decoration: none;\">MC50 para\u00a0la uni\u00f3n cara a cara<\/ br><i class=\"fa fa-download\"><\/i><\/div><\/a> <div class=\"line-break\" style=\"width: 100%; height:6px;\"><\/div><div class=\"line-break\" style=\"width: 100%; height:6px;\"><\/div><a href=\"https:\/\/www.mafdel-belts.com\/wp-content\/uploads\/MAFDEL-Correas-Herramientas-3.pdf\" target=\"_blank\" rel=\"noopener noreferrer\"><div class=\"bloc-doc-detail\" style=\"height:63px; text-decoration: none;\">MC150 para la uni\u00f3n overlap<\/ br><i class=\"fa fa-download\"><\/i><\/div><\/a><div class=\"line-break\" style=\"width: 100%; height:6px;\"><\/div><\/div><\/div>\n<div class='content-column one_fourth'><div style=\"padding-right:15px;padding-left:7px;\"><div class=\"bloc-doc-entete\" style=\"height:27px;\">Soldadura de las bandas transportadoras<\/div><a href=\"https:\/\/www.mafdel-belts.com\/wp-content\/uploads\/Mafdel-bandas-transportadas-termosoldables-herramientas-catalogo-V1.pdf\" target=\"_blank\" rel=\"noopener noreferrer\"><div class=\"bloc-doc-detail\" style=\"height:63px; text-decoration: none;\">MC100-200 para la uni\u00f3n cara a cara<\/ br><i class=\"fa fa-download\"><\/i><\/div><\/a><div class=\"line-break\" style=\"width: 100%; height:6px;\"><\/div><\/div><\/div>\n<div class='content-column one_fourth'><div style=\"padding-right:7px;padding-left:15px;\"><div class=\"bloc-doc-entete\" style=\"height:27px;\">Rascadores para bandas alimentarias<\/div><a href=\"https:\/\/www.mafdel-belts.com\/wp-content\/uploads\/Mafdel-bandas-transportadas-termosoldables-rascador-catalogo.pdf\" target=\"_blank\" rel=\"noopener noreferrer\"><div class=\"bloc-doc-detail\" style=\"height:63px; text-decoration: none;\">Los rascadores<\/ br><i class=\"fa fa-download\"><\/i><\/div><\/a><\/div><\/div>\n<div class='content-column one_fourth last_column'><div style=\"padding-right:7px;padding-left:15px;\"><div class=\"bloc-doc-entete\" style=\"height:27px;\">Clip de anclaje<\/div><a href=\"https:\/\/www.mafdel-belts.com\/wp-content\/uploads\/MAFDEL-Clip-de-anclaje.pdf\"><div class=\"bloc-doc-detail\" style=\"height:63px; text-decoration: none;\">Clip de anclaje<\/ br><i class=\"fa fa-download\"><\/i><\/div><\/a><\/div><\/div><div class='clear_column'><\/div>\n","protected":false},"excerpt":{"rendered":"<p>&nbsp; &nbsp; &nbsp; Las correas &nbsp; &nbsp; &nbsp; Las bandas transportadoras monomaterias &nbsp; &nbsp; &nbsp; Las bandas de movimiento positivo &nbsp; &nbsp; &nbsp; Herramientas y accesorios<\/p>\n","protected":false},"author":3,"featured_media":0,"parent":0,"menu_order":0,"comment_status":"open","ping_status":"closed","template":"page-template-without-sidebar.php","meta":{"om_disable_all_campaigns":false,"_uf_show_specific_survey":0,"_uf_disable_surveys":false},"aioseo_notices":[],"_links":{"self":[{"href":"https:\/\/www.mafdel-belts.com\/es\/wp-json\/wp\/v2\/pages\/1154\/"}],"collection":[{"href":"https:\/\/www.mafdel-belts.com\/es\/wp-json\/wp\/v2\/pages\/"}],"about":[{"href":"https:\/\/www.mafdel-belts.com\/es\/wp-json\/wp\/v2\/types\/page\/"}],"author":[{"embeddable":true,"href":"https:\/\/www.mafdel-belts.com\/es\/wp-json\/wp\/v2\/users\/3\/"}],"replies":[{"embeddable":true,"href":"https:\/\/www.mafdel-belts.com\/es\/wp-json\/wp\/v2\/comments\/?post=1154"}],"version-history":[{"count":72,"href":"https:\/\/www.mafdel-belts.com\/es\/wp-json\/wp\/v2\/pages\/1154\/revisions\/"}],"predecessor-version":[{"id":11105,"href":"https:\/\/www.mafdel-belts.com\/es\/wp-json\/wp\/v2\/pages\/1154\/revisions\/11105\/"}],"wp:attachment":[{"href":"https:\/\/www.mafdel-belts.com\/es\/wp-json\/wp\/v2\/media\/?parent=1154"}],"curies":[{"name":"wp","href":"https:\/\/api.w.org\/{rel}","templated":true}]}}