{"id":110,"date":"2015-04-02T20:27:11","date_gmt":"2015-04-02T19:27:11","guid":{"rendered":"https:\/\/www.mafdel-belts.com\/accueil-2\/"},"modified":"2024-09-09T14:39:47","modified_gmt":"2024-09-09T13:39:47","slug":"accueil","status":"publish","type":"page","link":"https:\/\/www.mafdel-belts.com\/es\/","title":{"rendered":"Inicio"},"content":{"rendered":"<div class='content-column one_third'><h1>Mafdel: fabricante de correas y bandas transportadoras termosoldables desde hace m\u00e1s de 40 a\u00f1os<\/h1><\/div>\n<div class='content-column two_third last_column'><div style=\"padding-left:20px;\"><p>Mafdel dise\u00f1a y f\u00e1brica correas y bandas transportadoras termosoldables destinadas al transporte industrial continuo.<\/p>\n<p>Las correas y las bandas de transporte Mafdel son utilizadas en la gran mayor\u00eda de las industrias por sus numerosas ventajas :<\/p>\n<ul>\n<li>Uni\u00f3n simple y r\u00e1pida in situ sin desmontaje de los transportadores<\/li>\n<li>Reparaci\u00f3n inmediata sin paradas de producci\u00f3n<\/li>\n<li>Alta resistencia a la abrasi\u00f3n, a los cortes y a\u00a0los rasgones<\/li>\n<li>Resistencia a los aceites, a las grasas y a los disolventes<\/li>\n<li>Conformidad con las normas alimentarias m\u00e1s estrictas.<\/li>\n<\/ul><\/div><\/div><div class='clear_column'><\/div>\n<p>&nbsp;<\/p>\n<p><iframe loading=\"lazy\" title=\"Mafdel: Manufacturer of thermoweldable belts and conveyor belts\" width=\"500\" height=\"281\" src=\"https:\/\/www.youtube.com\/embed\/FV85jIe_LCI?feature=oembed\" frameborder=\"0\" allow=\"accelerometer; autoplay; clipboard-write; encrypted-media; gyroscope; picture-in-picture; web-share\" referrerpolicy=\"strict-origin-when-cross-origin\" allowfullscreen><\/iframe><\/p>\n<p>&nbsp;<\/p>\n<h2>Los productos Mafdel pueden ser utilizados para numerosas aplicaciones :<\/h2>\n<p><strong><i class=\"fa fa-arrow-right \" ><\/i>\u00a0 Alimentaria :\u00a0 <\/strong>Carne, mataderos, aves de corral, queser\u00edas, conserver\u00edas, frutas y verduras, pescados, panificadoras, pasteler\u00edas industriales\u2026<\/p>\n<p><strong><i class=\"fa fa-arrow-right \" ><\/i>\u00a0 Embalaje :\u00a0 <\/strong>Embalajes met\u00e1licos, cartoner\u00edas, transformaci\u00f3n de pl\u00e1sticos, imprentas, papeler\u00edas\u2026<\/p>\n<p><strong><i class=\"fa fa-arrow-right \" ><\/i>\u00a0 Fabricaci\u00f3n de materiales :\u00a0 <\/strong>Tejas, ladrillos, cer\u00e1micas, productos derivados de hormig\u00f3n, productos derivados de yeso, industria de la madera, industria del vidrio \u2026<\/p>\n<p><strong><i class=\"fa fa-arrow-right \" ><\/i>\u00a0 Otros sectores :\u00a0 <\/strong>Autom\u00f3vil, mec\u00e1nica, log\u00edstica, industria farmac\u00e9utica, industria cosm\u00e9tica, m\u00e1quinas agr\u00edcolas \u2026<\/p>\n<div class='content-column one_third'><a href=\"https:\/\/www.mafdel-belts.com\/es\/tp\/correa-termosoldedable\/\"><img loading=\"lazy\" class=\"alignnone wp-image-21 size-full\" title=\"gama de correas termosoldables\" src=\"https:\/\/www.mafdel-belts.com\/wp-content\/uploads\/2015\/04\/courroies.jpg\" alt=\"correa termosoldable\" width=\"380\" height=\"168\" srcset=\"https:\/\/www.mafdel-belts.com\/wp-content\/uploads\/2015\/04\/courroies.jpg 380w, https:\/\/www.mafdel-belts.com\/wp-content\/uploads\/2015\/04\/courroies-300x133.jpg 300w\" sizes=\"(max-width: 380px) 100vw, 380px\" \/><\/a><\/p>\n<h5 style=\"margin-bottom: 20px;\">Correas para el transporte industrial<\/h5>\n<p><em>Amplia selecci\u00f3n de correas termosoldables (cord\u00f3n, trapezoidal, especial)<\/em><\/div>\n<div class='content-column one_third'><div style=\"padding-left:10px;\"><a href=\"https:\/\/www.mafdel-belts.com\/es\/producto\/banda-de-transporte-monomatiere\/\"><img loading=\"lazy\" class=\"alignnone wp-image-20 size-full\" title=\"gama de bandas transportadoras\" src=\"https:\/\/www.mafdel-belts.com\/wp-content\/uploads\/2015\/04\/bandes.jpg\" alt=\"banda transportadora\" width=\"380\" height=\"168\" srcset=\"https:\/\/www.mafdel-belts.com\/wp-content\/uploads\/2015\/04\/bandes.jpg 380w, https:\/\/www.mafdel-belts.com\/wp-content\/uploads\/2015\/04\/bandes-300x133.jpg 300w\" sizes=\"(max-width: 380px) 100vw, 380px\" \/><\/a><\/p>\n<h5 style=\"margin-bottom: 20px;\">Bandas transportadoras monomaterias<\/h5>\n<p><em>Amplia gama de bandas transportadoras termosoldables.<\/em><\/div><\/div>\n<div class='content-column one_third last_column'><div style=\"padding-left:20px;\"><a href=\"https:\/\/www.mafdel-belts.com\/es\/producto\/banda-alimentaria-de-movimiento-positivo\/\"><img loading=\"lazy\" class=\"alignnone wp-image-352 size-full\" title=\"gama de bandas de movimiento positivo\" src=\"https:\/\/www.mafdel-belts.com\/wp-content\/uploads\/2015\/04\/bandes-a-entrainement-positif.jpg\" alt=\"banda de movimiento positivo\" width=\"380\" height=\"168\" srcset=\"https:\/\/www.mafdel-belts.com\/wp-content\/uploads\/2015\/04\/bandes-a-entrainement-positif.jpg 380w, https:\/\/www.mafdel-belts.com\/wp-content\/uploads\/2015\/04\/bandes-a-entrainement-positif-300x133.jpg 300w\" sizes=\"(max-width: 380px) 100vw, 380px\" \/><\/a><\/p>\n<h5 style=\"margin-bottom: 20px;\">Bandas de movimiento positivo<\/h5>\n<p><em>Bandas monomaterias termosoldables sin riesgo de deslizamiento, particularmente adaptadas a la industria agroalimentaria.<\/em><\/div><\/div><div class='clear_column'><\/div>\n<p>&nbsp;<\/p>\n<p><strong>Nuestra oficina de proyectos y nuestros t\u00e9cnicos est\u00e1n en su entera disposici\u00f3n para estudiar sus diferentes problem\u00e1ticas, y proponerle productos personalizados que perfectamente cumplan sus necesidades.<\/strong><\/p>\n<p>&nbsp;<\/p>\n","protected":false},"excerpt":{"rendered":"<p>&nbsp; &nbsp; Los productos Mafdel pueden ser utilizados para numerosas aplicaciones : \u00a0 Alimentaria :\u00a0 Carne, mataderos, aves de corral, queser\u00edas, conserver\u00edas, frutas y verduras, pescados, panificadoras, pasteler\u00edas industriales\u2026 \u00a0 Embalaje :\u00a0 Embalajes met\u00e1licos, cartoner\u00edas, transformaci\u00f3n de pl\u00e1sticos, imprentas, papeler\u00edas\u2026 \u00a0 Fabricaci\u00f3n de materiales :\u00a0 Tejas, ladrillos, cer\u00e1micas, productos derivados de hormig\u00f3n, productos derivados de [&hellip;]<\/p>\n","protected":false},"author":3,"featured_media":0,"parent":0,"menu_order":0,"comment_status":"open","ping_status":"open","template":"page-template-without-sidebar.php","meta":{"om_disable_all_campaigns":false,"_uf_show_specific_survey":0,"_uf_disable_surveys":false},"aioseo_notices":[],"_links":{"self":[{"href":"https:\/\/www.mafdel-belts.com\/es\/wp-json\/wp\/v2\/pages\/110\/"}],"collection":[{"href":"https:\/\/www.mafdel-belts.com\/es\/wp-json\/wp\/v2\/pages\/"}],"about":[{"href":"https:\/\/www.mafdel-belts.com\/es\/wp-json\/wp\/v2\/types\/page\/"}],"author":[{"embeddable":true,"href":"https:\/\/www.mafdel-belts.com\/es\/wp-json\/wp\/v2\/users\/3\/"}],"replies":[{"embeddable":true,"href":"https:\/\/www.mafdel-belts.com\/es\/wp-json\/wp\/v2\/comments\/?post=110"}],"version-history":[{"count":44,"href":"https:\/\/www.mafdel-belts.com\/es\/wp-json\/wp\/v2\/pages\/110\/revisions\/"}],"predecessor-version":[{"id":10866,"href":"https:\/\/www.mafdel-belts.com\/es\/wp-json\/wp\/v2\/pages\/110\/revisions\/10866\/"}],"wp:attachment":[{"href":"https:\/\/www.mafdel-belts.com\/es\/wp-json\/wp\/v2\/media\/?parent=110"}],"curies":[{"name":"wp","href":"https:\/\/api.w.org\/{rel}","templated":true}]}}