{"id":1578,"date":"2015-04-21T12:16:51","date_gmt":"2015-04-21T11:16:51","guid":{"rendered":"https:\/\/www.mafdel-belts.com\/?page_id=1578"},"modified":"2016-07-11T20:20:57","modified_gmt":"2016-07-11T19:20:57","slug":"haufig-gestellte-fragen-mafdel","status":"publish","type":"page","link":"https:\/\/www.mafdel-belts.com\/de\/haufig-gestellte-fragen-mafdel\/","title":{"rendered":"FAQ"},"content":{"rendered":"<h1>H\u00e4ufig gestellte Fragen<\/h1>\n<p>&nbsp;<\/p>\n<h2>Technische Daten<\/h2>\n<h3>Welche Bedeutung haben die verschiedenen Farben der Riemen und F\u00f6rderb\u00e4nder ?<\/h3>\n<p><i class=\"fa fa-arrow-right \" ><\/i>\u00a0Die Farbe weist auf die Riemenart hin: Zusammensetzung, H\u00e4rte, Lebensmitteleignung, wie auch den Hinweis auf das Vorhandensein einer inneren Verst\u00e4rkung. Farben wie weiss, creme und blau sind die meist benutzten Farben in der Lebensmittelindustrie.<\/p>\n<p>&nbsp;<\/p>\n<h3>Wozu die Unterschiede in der Riemenh\u00e4rte ?<\/h3>\n<p><i class=\"fa fa-arrow-right \" ><\/i>\u00a0Je h\u00e4rter der Riemen ist, desto h\u00f6her ist seine Belastbarkeit und niedriger seine Dehnung. Hingegen l\u00e4sst ein weicherer Riemen kleinere Rollendurchmesser zu.<br \/>\nDie Haftung der gef\u00f6rderten Produkte ist h\u00f6her bei einem weicheren Riemen. Hingegen erm\u00f6glicht die niedrigere Haftung eines h\u00e4rteren Riemens auf die Gleitfl\u00e4che eine h\u00f6here Transportlast.<br \/>\nDie Wahl des best geeigneten Riemens ist eine Kompromissl\u00f6sung und h\u00e4ngt direkt vom Anwendungsfall ab.<\/p>\n<p>&nbsp;<\/p>\n<h3>Wie kann ich das richtige Produkt f\u00fcr meine Anwendung aussuchen\u00a0? Welches Produkt ist das Richtige f\u00fcr meine Anwendung\u00a0?<\/h3>\n<p><i class=\"fa fa-arrow-right \" ><\/i> Die Zufriedenheit unserer Kunden steht bei uns an oberster Stelle: MAFDEL stellt seine Fachkompetenz f\u00fcr Sie zur Verf\u00fcgung.<\/p>\n<p>Wenn Sie das optimale Produkt f\u00fcr Ihre Anwendung ausw\u00e4hlen wollen, haben Sie verschiedene M\u00f6glichkeiten :<\/p>\n<ul style=\"list-style-type: disc;\">\n<li>Unser Leitfaden f\u00fcr die richtige Auswahl\u00a0hilft Ihnen, die richtige Auswahl f\u00fcr Ihre Anwendung zu treffen<\/li>\n<li>Unsere Techniker sind jederzeit f\u00fcr Sie da, um Ihre unterschiedlichen Anwendungsf\u00e4lle zu untersuchen und individuelle L\u00f6sungen f\u00fcr Sie zu entwickeln<\/li>\n<li>Unser Entwicklungsb\u00fcro steht f\u00fcr Sie zur Verf\u00fcgung, um mi Ihnen eine spezifische F\u00f6rderl\u00f6sung zu erarbeiten, die Ihre Anforderungen erf\u00fcllt.<\/li>\n<\/ul>\n<p>&nbsp;<\/p>\n<p>&nbsp;<\/p>\n<h2>F\u00f6rderb\u00e4nder<\/h2>\n<h3>Was ist ein F\u00f6rderband ?<\/h3>\n<p><i class=\"fa fa-arrow-right \" ><\/i> Ein F\u00f6rderband erm\u00f6glicht die kontinuierliche waagerechte oder geneigte Warenbef\u00f6rderung innerhalb einer Anlage.<br \/>\nDie Oberseite des F\u00f6rderbandes steht in direktem Kontakt mit dem transportierten Produkt, die untere Seite mit den mechanischen Teilen der Anlage.<br \/>\nF\u00f6rderb\u00e4nder werden in zahlreichen Industriezweigen im Lebensmittelbereich oder bei Standardanwendungen benutzt.<br \/>\nMAFDEL bietet ein breites Sortiment an homogenen F\u00f6rderb\u00e4ndern aus Polyurethan (PU) oder Polyester (PE), die f\u00fcr die unterschiedlichsten Industrien bestimmt sind.<br \/>\nAuf Anfrage k\u00f6nnen die F\u00f6rderb\u00e4nder an die Bed\u00fcrfnisse angepasst werden\u00a0: Stollen (flach oder abgerundet), Wellenkanten, Lochung\u2026<\/p>\n<p>&nbsp;<\/p>\n<h3>Was ist ein Band mit Zahnradantrieb\u00a0?<\/h3>\n<p><i class=\"fa fa-arrow-right \" ><\/i> Ein Band mit Zahnradantrieb vereint die Vorteile der homogenen B\u00e4nder mit den Vorz\u00fcgen der Modulb\u00e4nder, und vermeidet dabei deren Nachteile.<br \/>\nAus Polyurethan oder Polyester Elastomer hergestellt bestehen die MAFDEL B\u00e4nder mit Zahnradantrieb aus einem homogenen Material (kein Textilgewebe) und bieten eine optimale L\u00f6sung f\u00fcr die Lebensmittelindustrie.<br \/>\nDie untere Seite weist Z\u00e4hne aus der Masse geformt auf, die ein perfektes Eingreifen in die Zahnr\u00e4der gew\u00e4hrleisten und jegliche Durchrutschgefahr des Bandes beseitigen.<br \/>\nB\u00e4nder mit Zahnradantrieb sichern ein maximales Hygieneniveau und vermindern die gesundheitlichen Risiken.<\/p>\n<p>MAFDEL bietet 3 Produktfamilien unter den B\u00e4ndern mit Zahnradantrieb an, um den verschiedenen Anforderungen gerecht zu werden.<\/p>\n<p><a href=\"https:\/\/www.mafdel-belts.com\/de\/produkt\/lebensmittel-forderbander-mit-zahnradantrieb\/\" target=\"_blank\">&gt; Mehr Infos unter B\u00e4nder mit Zahnradantrieb<\/a><\/p>\n<p>&nbsp;<\/p>\n<h3>Was unterscheidet die homogenen glatten B\u00e4nder von den B\u00e4ndern mit Zahnradantrieb\u00a0?<\/h3>\n<p><i class=\"fa fa-arrow-right \" ><\/i> Homogene glatte B\u00e4nder gew\u00e4hrleisten ein optimales Hygieneniveau. Die vollkommen glatte Oberfl\u00e4che der B\u00e4nder erleichtert die Reinigung. Sie laufen aber unbedingt unter Spannung, um die Durchrutschgefahr besonders in fettigen und nassen Umgebungen zu vermeiden.<br \/>\nDer Antrieb von B\u00e4ndern mit Zahnradantrieb erfolgt \u00fcber passende Zahnr\u00e4der.<br \/>\nDieses System beseitigt jegliches Schlupf-Risiko des Bandes, selbst in fettigen Umgebungen. B\u00e4nder mit positivem Antrieb werden ohne Spannung montiert. Die vollkommene glatte Oberseite sichert ein optimales Hygieneniveau.<br \/>\nB\u00e4nder mit Zahnradantrieb nehmen somit alle Vorteile der homogenen glatten B\u00e4nder wieder auf, ohne die Durchrutschgefahr selbst in fettigen und nassen Umgebung.<\/p>\n<p><a href=\"https:\/\/www.mafdel-belts.com\/de\/produkt\/lebensmittel-forderbander-mit-zahnradantrieb\/\" target=\"_blank\">&gt; Mehr Infos unter B\u00e4nder mit Zahnradantrieb<\/a><\/p>\n<p>&nbsp;<\/p>\n<h3>Wozu ein F\u00f6rderband mit einer antimikrobiellen Behandlung\u00a0benutzen ?<\/h3>\n<p><i class=\"fa fa-arrow-right \" ><\/i> Diese B\u00e4nder sind besonders f\u00fcr die Lebensmittelindustrie geeignet. Die antimikrobielle Behandlung erm\u00f6glicht, das Hygieneniveau zu maximieren :<\/p>\n<ul style=\"list-style-type: disc;\">\n<li>Hemmung der Bakterienentwicklung<\/li>\n<li>Beseitigung der Gefahr der Verunreinigung der F\u00f6rderware<\/li>\n<li>Reduzierung der Geruchsentwicklung<\/li>\n<li>Optimierung der Lebensmittelsicherheit<\/li>\n<li>Verbesserung des Reinigungs- und Desinfektionsverfahrens<\/li>\n<\/ul>\n<p>&nbsp;<\/p>\n<p>&nbsp;<\/p>\n<h3>Wie soll ein F\u00f6rderband gef\u00fchrt werden\u00a0?<\/h3>\n<p><i class=\"fa fa-arrow-right \" ><\/i> Bei einem glatten F\u00f6rderband sind 2 F\u00fchrungsarten m\u00f6glich\u00a0:<\/p>\n<ul style=\"list-style-type: disc;\">\n<li>Eine gew\u00f6lbte oder konisch-zylindrische Antriebstrommel benutzen<\/li>\n<li>Eine mittlere F\u00fchrung oder zwei seitlichen F\u00fchrungen auf der unteren Seite anbringen. In jedem Fall sind alle Trommeln (Antrieb, Umlenk und St\u00fctzwalzen) exakt parallel zu montieren. Die Anlage muss eben stehen.<\/li>\n<\/ul>\n<p>B\u00e4nder mit Zahnradantrieb lassen sich extrem leicht f\u00fchren :<\/p>\n<ul style=\"list-style-type: disc;\">\n<li>F\u00fcr das DEL\/DRIVE Band empfehlen wir die Benutzung von R\u00e4dern mit Flansch. Da das Band ohne Spannung montiert ist, erm\u00f6glicht der Flansch den geraden Lauf des Bandes. F\u00fcr gro\u00dfe Achsabst\u00e4nde wird empfohlen, seitliche F\u00fchrungselemente einzubauen.<\/li>\n<li>Die F\u00fchrung der POSITIVEBELT B\u00e4nder erfolgt automatisch durch die Antriebsr\u00e4der.<\/li>\n<li>Bei DEL\/SYNC B\u00e4ndern wird die F\u00fchrung durch die Gleitfl\u00e4che \u00fcbernommen.<\/li>\n<\/ul>\n<p>&nbsp;<\/p>\n<h3>Wie kann ein F\u00f6rderband repariert werden ?<\/h3>\n<p><i class=\"fa fa-arrow-right \" ><\/i> Im Falle einer Besch\u00e4digung k\u00f6nnen unsere homogenen F\u00f6rderb\u00e4nder leicht vor Ort mit einer Schweissverbindung mit Heissluft repariert werden.<\/p>\n<p><span style=\"text-decoration: underline;\">Im Falle eines Schnittes<\/span>\u00a0:<br \/>\n&#8211; Die R\u00e4nder um den zu reparienden Bereich in einem 45\u00b0 Winkel anschr\u00e4gen.<br \/>\n&#8211; Mir Hilfe eines Heissluftschweissger\u00e4tes die Kerbe mit einerSchwei\u00dfschnur in Bandqualit\u00e4t aufgef\u00fcllen.<br \/>\n&#8211; Das \u00fcbersch\u00fcssige Material mit einem Messer abschneiden.<\/p>\n<p><u>Im Falle einer gro\u00dffl\u00e4chigeren Besch\u00e4digung<\/u> ist es m\u00f6glich, eine Br\u00fcckenmontage durchzuf\u00fchren. Unsere Verbindungsverfahren durch Schwei\u00dfen erm\u00f6glichen eine sehr schnelle Reparatur vor Ort.<\/p>\n<p>&nbsp;<\/p>\n<h3>Wie kann ein Band endlos verbunden werden\u00a0?<\/h3>\n<p><i class=\"fa fa-arrow-right \" ><\/i> Alle unsere B\u00e4nder k\u00f6nnen entweder endlos verschwei\u00dft oder offen geliefert werden, um vor Ort verbunden zu werden.<br \/>\nF\u00f6rderb\u00e4nder k\u00f6nnen auf 2 Art und Weisen verbunden werden\u00a0:<\/p>\n<ul style=\"list-style-type: disc;\">\n<li><strong>Schwei\u00dfen\u00a0: <\/strong>Wir bieten Schwei\u00dfsets f\u00fcr die Sto\u00dfverbingung. M\u00f6glich ist auch ein Schwei\u00dfverfahren mit Heissluft und Materialzufuhr.<\/li>\n<li><strong>Klammern<\/strong>\u00a0: Die B\u00e4nder k\u00f6nnen auch mit Polyurethan- oder Inox-Klammern verbunden werden. Dies wird f\u00fcr Rollendurchmesserab 120mm empfohlen. Diese Methode wird bei h\u00e4ufiger Montage oder Demontage verwendet wie auch zur Pannenbehebung.<\/li>\n<\/ul>\n<p><a href=\"https:\/\/www.mafdel-belts.com\/de\/produkt\/verbindung-und-werkzeug-forderbander\/\" target=\"_blank\">&gt; Mehr Infos unter Verbindungen und Werkzeug<\/a><\/p>\n<p>&nbsp;<\/p>\n<p>&nbsp;<\/p>\n<h2>Riemen<\/h2>\n<h3>Wie wird ein Riemen gespannt ?<\/h3>\n<p><i class=\"fa fa-arrow-right \" ><\/i> Die auszu\u00fcbende Spannung h\u00e4ngt vom angewendeten Riementyp ab (von 0,5% bis 8% f\u00fcr MAFDEL Riemen \u2013 Siehe Katalog).<\/p>\n<p>Es gibt zwei M\u00f6glichkeiten, den Riemen zu spannen :<\/p>\n<ul style=\"list-style-type: disc;\">\n<li><u>Die F\u00f6rderanlage ist mit einer Spannvorrichtung ausgestattet<\/u>\u00a0: Den Spannweg auf das Minimum reduzieren, den Riemen montieren und die Spannung wieder einstellen.<\/li>\n<li><u>Es besteht keine Spannvorrichtung oder der Spannweg ist nicht ausreichend <\/u>: Die Spannung muss mit einem (externen) Werkzeug erzeugt werden. Dieses Werkzeug beinhaltet einen Seilzug mit Hebel und zwei Klemmbacken, um den Riemen innerhalb der Maschine vorzuspannen.<\/li>\n<\/ul>\n<p>Bei einem verst\u00e4rkten Riemen ist darauf zu achten, dass die ausge\u00fcbten Kr\u00e4fte gering bleiben, um die Verst\u00e4rkung nicht zu besch\u00e4digen.<\/p>\n<p>&nbsp;<\/p>\n<h3>Wie misst man einen Riemen\u00a0?<\/h3>\n<p><i class=\"fa fa-arrow-right \" ><\/i> Bei einer klassichen Montage (zwischen zwei Rollen mit gleichem Durchmesser gespannter Riemen) ist die theoretische Riemenl\u00e4nge die Summe aus Rollenumfang und doppeltem Achsabstand.<br \/>\nF\u00fcr andere Konfigurationen bieten wir um eine seitlichen Ansicht der Anlage.<br \/>\nIn jedem Fall muss die Spannungsvorrichtung auf die kleinste Position gestellt werden.<\/p>\n<p>Unsere Techniker sind f\u00fcr Sie da, um Sie zu beraten.<\/p>\n<p>&nbsp;<\/p>\n<h3>Wozu verst\u00e4rkte Riemen ?<\/h3>\n<p><i class=\"fa fa-arrow-right \" ><\/i> Die Aramidfaserverst\u00e4rkung unserer Rund- und Keilriemen blockiert die Dehnung. Dies erm\u00f6glicht, F\u00f6rderanlagen mit l\u00e4ngeren F\u00f6rderwegen auszustatten und dabei den notwendigen Spannweg kurz zu halten. Die maximale Belastung ist ebenfalls h\u00f6her, insbesondere mit unserem \u00fcberlappenden Schwei\u00dfverfahren.<\/p>\n<p>&nbsp;<\/p>\n<h3>Wie wird ein verst\u00e4rkter Riemen geschwei\u00dft ?<\/h3>\n<p><i class=\"fa fa-arrow-right \" ><\/i> Unsere verst\u00e4rkte Riemen lassen sich auf <strong>die gleiche Art und Weise schweissen wie unsere nicht verst\u00e4rkten Riemen: Nur mit einem Schwei\u00df-Spiegel und einer Zange<\/strong>. Die Aramidverst\u00e4rkung unserer Riemen vertr\u00e4gt sehr hohe Temperaturen. Deshalb ist es nicht n\u00f6tig, die Verst\u00e4rkung an der Schwei\u00dfnaht durch Bohren zu entfernen. Sowohl das Standardschwei\u00dfverfahren als auch das Verfahren mit \u00dcberlappung k\u00f6nnen benutzt werden.<\/p>\n<p>&nbsp;<\/p>\n<h3>Wozu die Zahnung der Keilriemen ?<\/h3>\n<p><i class=\"fa fa-arrow-right \" ><\/i> Durch die Zahnung wird die <strong>Biegsamkeit des Riemens erh\u00f6ht<\/strong> und deshalb kann der minimale <strong>Rollendurchmesser kleiner<\/strong> gehalten werden. Diese Zahnung kann nicht als Antrieb in einer Antriebswelle benutzt werden.<\/p>\n<p>&nbsp;<\/p>\n<h3>In welchem Fall soll man Gleitschienen aus HDPE (Polyethylen High Density) benutzen ?<\/h3>\n<p><i class=\"fa fa-arrow-right \" ><\/i> HDPE Gleitschienen bieten eine <strong>hervorragende F\u00fchrung<\/strong> f\u00fcr Keil- und Rundriemen.<\/p>\n<p>Sie haben den Vorteil, den <strong>Reibungskoeffizienten zu verbessern<\/strong> und somit die zugelassene <strong>Riemenbelastung zu erh\u00f6hen<\/strong>.<\/p>\n<p><a href=\"https:\/\/www.mafdel-belts.com\/de\/produkt\/gleitschienen-riemen\/\" target=\"_blank\">&gt; Mehr Details unter Gleitscheinen f\u00fcr Riemen<\/a><\/p>\n<p>&nbsp;<\/p>\n<h3>Besteht ein Unterschied zwischen Flachriemen und F\u00f6rderb\u00e4ndern\u00a0?<\/h3>\n<p><i class=\"fa fa-arrow-right \" ><\/i> Flachriemen nennt man Riemen bis 100mm breit.<br \/>\nEin F\u00f6rderband ist 100mm breit oder breiter.<\/p>\n<p>&nbsp;<\/p>\n<p>&nbsp;<\/p>\n<h2>Verschiedenes<\/h2>\n<h3>Wie tragen MAFDEL Produkte bei, das optimale Hygieneniveau im Lebensmittelbereich zu erreichen\u00a0?<\/h3>\n<p>Qualit\u00e4tsprodukte anzubieten, die zur Einhaltung der Hygienevorschriften beitragen, ist eines unserer h\u00f6chsten Anliegen.<\/p>\n<p>Unsere Transportriemen und F\u00f6rderb\u00e4nder aus dem lebensmittelgeeigneten Sortiment erf\u00fcllen die strengsten Vorschriften und weisen Eigenschaften aus, die ein optimales Hygieneniveau erreichen helfen\u00a0:<\/p>\n<ul style=\"list-style-type: disc;\">\n<li>Homogene Produkte ohne Gewebeeinlage, kein Ausfransen m\u00f6glich\u00a0!<\/li>\n<li>Undurchl\u00e4ssige und f\u00e4ulnissichere Produkte<\/li>\n<li>Leichte Reinigung<\/li>\n<li>Chemikalienbest\u00e4ndigkeit\u00a0: gegen L\u00f6sungsmittel, \u00d6le, Fette, Reinigungsmittel \u2026<\/li>\n<\/ul>\n<p>Die Benutzung von MAFDEL Transportriemen und F\u00f6rderb\u00e4ndern tr\u00e4gt dazu bei, die Anforderungen des HACCP-Konzeptes zu erf\u00fcllen.<\/p>\n<p>&nbsp;<\/p>\n<h3>Was ist der HACCP-Konzept\u00a0?<\/h3>\n<p>Das HACCP-Konzept (Hazard Analysis Critical Control Point = Gefahrenanalyse und kritische Kontrollpunkte) ist eine Methode zur Gew\u00e4hrleistung der Hygiene und Lebensmittelsicherheit in der Lebensmittelindustrie.<br \/>\nDieses Konzept beruht auf 7 Hauptgrunds\u00e4tzen, die darauf abzielen, die Risiken im Laufe der Prozesse zu kontrollieren, von der Gefahrenanalyse bis zur \u00dcberpr\u00fcfung der Effizienz des umgesetzten Systems.<br \/>\nDas MAFDEL Sortiment an Transportriemen und F\u00f6rderb\u00e4ndern tr\u00e4gt zu dem optimalen Hygieneniveau bei, um die Anforderungen dieser Richtilinie zu erf\u00fcllen.<\/p>\n<p>&nbsp;<\/p>\n<p>&nbsp;<\/p>\n<hr \/>\n<p style=\"text-align: center;\">\u00a0Diese Fragenliste wird nach und nach mit Ihren Fragen erg\u00e4nzt. Wenden Sie sich bitte an unsere Techniker.<\/p>\n<hr \/>\n<p>&nbsp;<\/p>\n","protected":false},"excerpt":{"rendered":"<p>H\u00e4ufig gestellte Fragen &nbsp; Technische Daten Welche Bedeutung haben die verschiedenen Farben der Riemen und F\u00f6rderb\u00e4nder ? \u00a0Die Farbe weist auf die Riemenart hin: Zusammensetzung, H\u00e4rte, Lebensmitteleignung, wie auch den Hinweis auf das Vorhandensein einer inneren Verst\u00e4rkung. Farben wie weiss, creme und blau sind die meist benutzten Farben in der Lebensmittelindustrie. &nbsp; Wozu die Unterschiede [&hellip;]<\/p>\n","protected":false},"author":3,"featured_media":0,"parent":0,"menu_order":0,"comment_status":"open","ping_status":"open","template":"page-template-without-sidebar.php","meta":{"om_disable_all_campaigns":false,"_uf_show_specific_survey":0,"_uf_disable_surveys":false},"aioseo_notices":[],"_links":{"self":[{"href":"https:\/\/www.mafdel-belts.com\/de\/wp-json\/wp\/v2\/pages\/1578\/"}],"collection":[{"href":"https:\/\/www.mafdel-belts.com\/de\/wp-json\/wp\/v2\/pages\/"}],"about":[{"href":"https:\/\/www.mafdel-belts.com\/de\/wp-json\/wp\/v2\/types\/page\/"}],"author":[{"embeddable":true,"href":"https:\/\/www.mafdel-belts.com\/de\/wp-json\/wp\/v2\/users\/3\/"}],"replies":[{"embeddable":true,"href":"https:\/\/www.mafdel-belts.com\/de\/wp-json\/wp\/v2\/comments\/?post=1578"}],"version-history":[{"count":17,"href":"https:\/\/www.mafdel-belts.com\/de\/wp-json\/wp\/v2\/pages\/1578\/revisions\/"}],"predecessor-version":[{"id":2533,"href":"https:\/\/www.mafdel-belts.com\/de\/wp-json\/wp\/v2\/pages\/1578\/revisions\/2533\/"}],"wp:attachment":[{"href":"https:\/\/www.mafdel-belts.com\/de\/wp-json\/wp\/v2\/media\/?parent=1578"}],"curies":[{"name":"wp","href":"https:\/\/api.w.org\/{rel}","templated":true}]}}