{"id":1574,"date":"2015-07-30T13:19:07","date_gmt":"2015-07-30T12:19:07","guid":{"rendered":"https:\/\/www.mafdel-belts.com\/?page_id=1574"},"modified":"2016-05-09T11:03:27","modified_gmt":"2016-05-09T10:03:27","slug":"personlicher-bereich","status":"publish","type":"page","link":"https:\/\/www.mafdel-belts.com\/de\/personlicher-bereich\/","title":{"rendered":"Pers\u00f6nlicher Bereich"},"content":{"rendered":"<h1>Pers\u00f6nlicher Bereich<\/h1>\n<p>Dieser Bereich ist nur f\u00fcr unsere Kunden vorgesehen.<\/p>\n<p>Dort k\u00f6nnen Sie Ihre Bestellungen einsehen und unsere technische Anleitungen, Zertifikate und Zulassungen herunterladen.<\/p>\n","protected":false},"excerpt":{"rendered":"<p>Pers\u00f6nlicher Bereich Dieser Bereich ist nur f\u00fcr unsere Kunden vorgesehen. Dort k\u00f6nnen Sie Ihre Bestellungen einsehen und unsere technische Anleitungen, Zertifikate und Zulassungen herunterladen.<\/p>\n","protected":false},"author":3,"featured_media":0,"parent":0,"menu_order":0,"comment_status":"open","ping_status":"open","template":"espace-prive\/espace-prive.php","meta":{"om_disable_all_campaigns":false,"_uf_show_specific_survey":0,"_uf_disable_surveys":false},"aioseo_notices":[],"_links":{"self":[{"href":"https:\/\/www.mafdel-belts.com\/de\/wp-json\/wp\/v2\/pages\/1574\/"}],"collection":[{"href":"https:\/\/www.mafdel-belts.com\/de\/wp-json\/wp\/v2\/pages\/"}],"about":[{"href":"https:\/\/www.mafdel-belts.com\/de\/wp-json\/wp\/v2\/types\/page\/"}],"author":[{"embeddable":true,"href":"https:\/\/www.mafdel-belts.com\/de\/wp-json\/wp\/v2\/users\/3\/"}],"replies":[{"embeddable":true,"href":"https:\/\/www.mafdel-belts.com\/de\/wp-json\/wp\/v2\/comments\/?post=1574"}],"version-history":[{"count":3,"href":"https:\/\/www.mafdel-belts.com\/de\/wp-json\/wp\/v2\/pages\/1574\/revisions\/"}],"predecessor-version":[{"id":1577,"href":"https:\/\/www.mafdel-belts.com\/de\/wp-json\/wp\/v2\/pages\/1574\/revisions\/1577\/"}],"wp:attachment":[{"href":"https:\/\/www.mafdel-belts.com\/de\/wp-json\/wp\/v2\/media\/?parent=1574"}],"curies":[{"name":"wp","href":"https:\/\/api.w.org\/{rel}","templated":true}]}}