{"id":1483,"date":"2015-04-21T12:24:31","date_gmt":"2015-04-21T11:24:31","guid":{"rendered":"https:\/\/www.mafdel-belts.com\/?page_id=1483"},"modified":"2016-05-08T18:46:07","modified_gmt":"2016-05-08T17:46:07","slug":"impressum-und-datenschutz","status":"publish","type":"page","link":"https:\/\/www.mafdel-belts.com\/de\/impressum-und-datenschutz\/","title":{"rendered":"Impressum und Datenschutz"},"content":{"rendered":"<h1>Impressum und Datenschutz<\/h1>\n<p>&nbsp;<\/p>\n<h3>Betreiber<\/h3>\n<p>Diese Webseite stammt von der Firma MAFDEL.<br \/>\nKapital 300 100 \u20ac<br \/>\nHauptsitz : Z.I Lafayette \u2013 38790 SAINT GEORGES D\u2019ESPERANCHE<br \/>\nTel. +33 (0)4 78 96 21 90 \u2013 Fax +33 (0)4 78 96 21 78<br \/>\nWebsite : <a href=\"https:\/\/www.mafdel-belts.com\">www.MAFDEL-belts.com<\/a><br \/>\nRCS Vienne B 322 214 412 \u2013 Siret : 322 214 412 00031 \u2013 CODE APE : 2229A<br \/>\nUSt.-ID.-Nr. FR 30.322.214.412<\/p>\n<p>&nbsp;<\/p>\n<h3>Planung und Design vom Website<\/h3>\n<p>CAP 2C<br \/>\nT\u00e9l : 0 977 826 290<br \/>\nwww.cap2c.com<\/p>\n<p>&nbsp;<\/p>\n<h3>Host<\/h3>\n<p>OVH<br \/>\n2 rue Kellermann<br \/>\n59100 ROUBAIX<br \/>\nFrance<\/p>\n<p>&nbsp;<\/p>\n<h3>Fotos<\/h3>\n<p>Soci\u00e9t\u00e9 MAFDEL<\/p>\n<p>&nbsp;<\/p>\n<h3>Schutz personenbezogener Daten<\/h3>\n<p>Es werden keine pers\u00f6nlichen Informationen des Benutzers dieser Website ohne Ihr Wissen gesammelt, ver\u00f6ffentlicht, ausgetauscht, an Dritte \u00fcbertragen, weitergegeben oder verkauft.<\/p>\n<p>Die Website <a href=\"https:\/\/www.mafdel-belts.com\">www.MAFDEL-belts.com<\/a> sammelt keine nominativen oder pers\u00f6nlichen Daten der Website-Besucher, au\u00dfer denen, die offen und freiwillig mitgeteilt werden, insbesondere die Daten, die f\u00fcr die gew\u00fcnschte Kontaktformulare im interaktiven Datenaustausch notwendig sind.<br \/>\nDie auf der Website <a href=\"https:\/\/www.mafdel-belts.com\">www.MAFDEL-belts.com<\/a> gesammelten Informationen sind zur exklusiven Nutzung der Firma MAFDEL bestimmt.<br \/>\nNach dem Datenschutzgesetz vom 6. Januar 1978 ge\u00e4ndert in 2004 genie\u00dfen Sie ein Zugangs- und \u00c4nderungsrecht bez\u00fcglich der Sie betreffenden Daten. Sie k\u00f6nnen Sich jederzeit an die Firma MAFDEL wenden. Die Kontaktdaten stehen oben.<\/p>\n<p>&nbsp;<\/p>\n<h3>Die Cookies<\/h3>\n<p>Unsere Internetwebsite verwendet Cookies. Indem der Benutzer die Website nutzt, erkl\u00e4rt er sich mit der Nutzung von Cookies auf seinem Computer einverstanden. Diese speichern Informationen \u00a0\u00fcber die Navigation Ihres Computers auf der Website.<\/p>\n<p><strong>Was sind Cookies ?<\/strong><br \/>\nEin Cookie ist eine kleine Textdatei, die auf Ihrem Endger\u00e4t (Computer, Mobiltelefon, Tablett) w\u00e4hrend der Navigation auf der Website abgelegt werden.<br \/>\nSie sind unterschiedlischer Art. Sie sammeln Informationen \u00fcber Ihr Navigationsverhalten, reinstatistische Informationen zum Zwecke der Webanalyse und erm\u00f6glichen die Nutzung der Funktionalit\u00e4t und Services unserers Internetanbegotes.<br \/>\nSie sind aus technischen Gr\u00fcnden wichtig und erm\u00f6glichen den Websiten ordentlich zu funktionieren und sich durch die gesammelte statistische Informationen an den Benutzerpr\u00e4ferenzen zu orientierene.<\/p>\n<p><strong>Die Website der Firma MAFDEL nutzt nur einen Typ von statistischen Cookies.<\/strong> Diese Cookies sind anonym. Sie erm\u00f6glichen die Anzahl der Website-Besucher zu erfassen und die Benutzung der Informationen unserer Website statistisch zu erfassen. Dadurch kann die Firma MAFDEL die Navigation auf Ihrer Website analysieren und gegebenenfalls die Bereitstellung der Information verbessern.<\/p>\n<p><strong>Wie kann man Cookies konfigurieren ?<\/strong><br \/>\nDer Benutzer kann die Verwendung von Cookies erlauben, blockieren oder Cookies, die auf ihrem Computer installiert sind, entfernen.\u00a0 Dies ist durch die Einstellung der Optionen des Browsers m\u00f6glich.<br \/>\nDie Firma MAFDEL haftet in keinem Fall f\u00fcr die Funktionsst\u00f6rung der Benutzung der Websites, die mit dem Ablehnen oder dem Entfernen der Cookies zusammen h\u00e4ngen.<\/p>\n<p>Im Folgenden finden Sie Links, die f\u00fcr die Einstellung Ihres Browsers behilflich sein k\u00f6nnen :<\/p>\n<ul style=\"list-style-type: disc;\">\n<li>Google Chrome : <a href=\"https:\/\/support.google.com\/chrome\/answer\/95647?hl=fr\" target=\"_blank\">https:\/\/support.google.com\/chrome\/answer\/95647?hl=fr<\/a><\/li>\n<li>Microsoft Internet Explorer : <a href=\"http:\/\/windows.microsoft.com\/fr-FR\/windows7\/how-to-manage-cookies-in-internet-explorer-9\" target=\"_blank\">http:\/\/windows.microsoft.com\/fr-FR\/windows7\/how-to-manage-cookies-in-internet-explorer-9<\/a><\/li>\n<li>Mozilla Firefox : <a href=\"https:\/\/support.mozilla.org\/fr\/kb\/activer-desactiver-cookies?redirectlocale=fr&amp;redirectslug=Activer+et+d%C3%A9sactiver+les+cookies\" target=\"_blank\">https:\/\/support.mozilla.org\/fr\/kb\/activer-desactiver-cookies?redirectlocale=fr&amp;redirectslug=Activer+et+d%C3%A9sactiver+les+cookies<\/a><\/li>\n<li>Opera : <a href=\"http:\/\/help.opera.com\/Windows\/10.20\/fr\/cookies.html\" target=\"_blank\">http:\/\/help.opera.com\/Windows\/10.20\/fr\/cookies.html<\/a><\/li>\n<li>Safari : <a href=\"https:\/\/support.apple.com\/kb\/ph5042?locale=fr_FR\" target=\"_blank\">https:\/\/support.apple.com\/kb\/ph5042?locale=fr_FR<\/a><\/li>\n<\/ul>\n<p>&nbsp;<\/p>\n<h3>Befreiung der CNIL Erkl\u00e4rung<\/h3>\n<p>Befreiung Nr. 8 \u2013 Der Beschlu\u00df Nr. 2010-229 vom 10. Juni 2010 befreit von der Erkl\u00e4rung der automatischen Verarbeitung personenbezogener Daten, die von gemeinn\u00fctzigen Organisationen stammen, und hebt den Beschlu\u00df Nr. 2006-130 vom 9. Mai 2006 auf und ersetzt ihn.<\/p>\n<p>&nbsp;<\/p>\n<h3>Benutzungsbedingungen der Website \u00a0\u2013 Haftungsausschluss<\/h3>\n<p>Die aktuelle Website und ihr gesamter Inhalt, einschliesslich Texte, Stehbild oder bewegtes Bild, Foto oder Film, Datenbanken, Programme, Sprachausdr\u00fccke etc., hier und sp\u00e4ter als Website genannt, sind urheberrechtlich gesch\u00fctzt. Die Genehmigung zur Reproduktion oder Vervielf\u00e4ltigung ist lediglich namentlich und in digitaler Form in Absprache erlaubt. Das Drucken auf Papier ist zu Zwecken des privaten Kopierens und der ausschlie\u00dflichen Nutzung durch den Kopierenden erlaubt gem\u00e4\u00df Artikel L. 122-5 2\u00b0 vom Gesetz des geistigen Eigentums.<br \/>\nDie in dieser Website angegebenen Informationen sind unverbindlich und k\u00f6nnen ohne Ank\u00fcndigung ge\u00e4ndert werden. Die Firma MAFDEL haftet in keiner Weise f\u00fcr Sch\u00e4den jeglicher Art, die aus der Interpretation und\/oder der Benutzung der auf der Website verf\u00fcgbaren Informationen resultieren k\u00f6nnten. MAFDEL haftet auch nicht f\u00fcr Sch\u00e4den aus der Unm\u00f6glichkeit f\u00fcr einen Dritten, die Website zu benutzen, bzw. aus einer St\u00f6rung bzw. einer Unterbrechung oder einem Virus, welche aus dem Zugang und\/oder der Nutzung dieser Website oder der Websiten, die \u00fcber einen Link aufgerufen werden.<\/p>\n<p>&nbsp;<\/p>\n<h3>DGeistiges Eigentumsrecht<\/h3>\n<p>Jede Reproduktion der Website ohne vorherige schriftliche Erlaubnis der Firma MAFDEL ist strikt verboten.<br \/>\nDie Zeichnungen, Fotos, Bilder, Texten, Videos un alle anderen Dokumente, die auf der aktuellen Website stehen, sind Teil des gewerblichen und geistigen Eigentums der Firma MAFDEL und urheberrechtlich gesch\u00fctzt. Deshalb ist jegliche Reproduktion, Verwertung, Anpassung, \u00dcbersetzung, \u00c4nderung, Verbreitung, partielle und\/oder ganze Umwandlung der Seite, oder Transfer von Elementen aus denen sich die Seite sich zusammensetzt verboten.<br \/>\nAlle Inhalte\u00a0 inkl. Daten und Produktpr\u00e4sentationen sind rein informell und unverbindlich und k\u00f6nnen jederzeit und ohne Ank\u00fcndigung ge\u00e4ndert werden.<br \/>\nBei Benutzung zu privaten oder gewerblichen Zwecken kann in keinem Fall die Firma MAFDEL haftbar gemacht werden. Die Firma MAFDEL kann keine Grantie \u00fcber die Exaktheit, die Genauigkeit und die Vollst\u00e4ndigkeit der auf dieser Website bereitgestellten Informationen. Die Fotos sind nicht vertraglich bindend.<\/p>\n<p>&nbsp;<\/p>\n<h3>Links zu anderen Internetseiten<\/h3>\n<p>Soweit auf dieser Website Links zu Websites Dritter bestehen, \u00fcbernimmt MAFDEL keine Garantie f\u00fcr die Inhalte und das zuverl\u00e4ssige Funktionieren dieser Websites. In keinem Fall kann MAFDEL f\u00fcr die Sicherheit und den Umgang mit pers\u00f6nlichen Daten auf diesen Websites haftbar gemacht werden.<br \/>\nDer Websitebesucher muss die Informationen mit Vorsicht handhaben.<br \/>\nDie Einrichtung von Links zu unserer Website bedarf der vorherigen schriftlichen Zustimmung der Firma MAFDEL. Ohne schriftliche Genehmigung behalten wir uns das Recht vor, den Link von unserer Website entfernen zu lassen.<\/p>\n<p>Um unsere Website weiter zu besuchen, muss Ihr Browser Cookies und Tracking Cookies akzeptieren.<\/p>\n","protected":false},"excerpt":{"rendered":"<p>Impressum und Datenschutz &nbsp; Betreiber Diese Webseite stammt von der Firma MAFDEL. Kapital 300 100 \u20ac Hauptsitz : Z.I Lafayette \u2013 38790 SAINT GEORGES D\u2019ESPERANCHE Tel. +33 (0)4 78 96 21 90 \u2013 Fax +33 (0)4 78 96 21 78 Website : www.MAFDEL-belts.com RCS Vienne B 322 214 412 \u2013 Siret : 322 214 412 [&hellip;]<\/p>\n","protected":false},"author":3,"featured_media":0,"parent":0,"menu_order":0,"comment_status":"open","ping_status":"open","template":"page-template-without-sidebar.php","meta":{"om_disable_all_campaigns":false,"_uf_show_specific_survey":0,"_uf_disable_surveys":false},"aioseo_notices":[],"_links":{"self":[{"href":"https:\/\/www.mafdel-belts.com\/de\/wp-json\/wp\/v2\/pages\/1483\/"}],"collection":[{"href":"https:\/\/www.mafdel-belts.com\/de\/wp-json\/wp\/v2\/pages\/"}],"about":[{"href":"https:\/\/www.mafdel-belts.com\/de\/wp-json\/wp\/v2\/types\/page\/"}],"author":[{"embeddable":true,"href":"https:\/\/www.mafdel-belts.com\/de\/wp-json\/wp\/v2\/users\/3\/"}],"replies":[{"embeddable":true,"href":"https:\/\/www.mafdel-belts.com\/de\/wp-json\/wp\/v2\/comments\/?post=1483"}],"version-history":[{"count":1,"href":"https:\/\/www.mafdel-belts.com\/de\/wp-json\/wp\/v2\/pages\/1483\/revisions\/"}],"predecessor-version":[{"id":1484,"href":"https:\/\/www.mafdel-belts.com\/de\/wp-json\/wp\/v2\/pages\/1483\/revisions\/1484\/"}],"wp:attachment":[{"href":"https:\/\/www.mafdel-belts.com\/de\/wp-json\/wp\/v2\/media\/?parent=1483"}],"curies":[{"name":"wp","href":"https:\/\/api.w.org\/{rel}","templated":true}]}}