{"id":1455,"date":"2015-04-15T21:00:05","date_gmt":"2015-04-15T20:00:05","guid":{"rendered":"https:\/\/www.mafdel-belts.com\/?page_id=1455"},"modified":"2022-06-13T14:59:01","modified_gmt":"2022-06-13T13:59:01","slug":"karriere-mafdel","status":"publish","type":"page","link":"https:\/\/www.mafdel-belts.com\/de\/karriere-mafdel\/","title":{"rendered":"Karriere"},"content":{"rendered":"<div class='content-column three_fourth'><div style=\"padding-right:30px;\"><h1>MAFDEL Stellenangebote<\/h1>\n<p>Die Perspektive f\u00fcr Ihre berufliche Entwicklung in einem innovativen Unternehmen !<\/p>\n<p>Da wir auf kontinuierlichem Wachstumskurs sind, suchen wir st\u00e4ndig Menschen mit guter Arbeitsmotivation im kaufm\u00e4nnischen Bereich oder in der Produktion.<\/p>\n<ul style=\"list-style-type: disc;\">\n<li>Sie verf\u00fcgen \u00fcber eine erste Verkaufserfahrung im Industriebereich, Sprachkompetenzen, die F\u00e4higkeit zuzuh\u00f6ren, einen Sinn f\u00fcr Kundenservice und Kundenkontakt ?<\/li>\n<li>Die Bedienung von hochmodernen Produktionsmaschinen und die Herstellung von innovativen Produkten z\u00e4hlen zu Ihren Kompetenzen ?<\/li>\n<li>Sie sind Berufsanf\u00e4nger und haben Freude am Lernen ?<\/li>\n<\/ul>\n<p>Kontaktieren Sie uns !<\/p>\n<p>&nbsp;<\/p>\n<h2>Netzwerk f\u00fcr den Vertrieb<\/h2>\n<p>M\u00f6chten Sie Informationen dar\u00fcber, wie Sie Vertriebspartner f\u00fcr Mafdel-Produkte werden k\u00f6nnen?<\/p>\n<p>Kontaktieren Sie uns \u00fcber das unten stehende Formular. Wir werden Sie anrufen, um Ihnen unseren Prozess zur Aufnahme und Betreuung von Vertriebspartnern zu erkl\u00e4ren, egal in welchem Land Sie t\u00e4tig sind!<\/p>\n<p>&nbsp;<\/p>\n<div class=\"line-break\" style=\"width: 100%; height:36px;\"><\/div>\n<div class='content-column two_third'><div style=\"\"><p style=\"text-align: right;\"><span style=\"font-size: 9pt;\">Bitte f\u00fcllen Sie alle Pflichtfelder aus (*)<\/span><\/p>\n<p>&nbsp;<\/p>\n\n<div class=\"wpcf7 no-js\" id=\"wpcf7-f1457-o1\" lang=\"de-DE\" dir=\"ltr\">\n<div class=\"screen-reader-response\"><p role=\"status\" aria-live=\"polite\" aria-atomic=\"true\"><\/p> <ul><\/ul><\/div>\n<form action=\"\/de\/wp-json\/wp\/v2\/pages\/1455\/#wpcf7-f1457-o1\" method=\"post\" class=\"wpcf7-form init\" aria-label=\"Kontaktformular\" enctype=\"multipart\/form-data\" novalidate=\"novalidate\" data-status=\"init\">\n<div style=\"display: none;\">\n<input type=\"hidden\" name=\"_wpcf7\" value=\"1457\" \/>\n<input type=\"hidden\" name=\"_wpcf7_version\" value=\"5.7.7\" \/>\n<input type=\"hidden\" name=\"_wpcf7_locale\" value=\"de_DE\" \/>\n<input type=\"hidden\" name=\"_wpcf7_unit_tag\" value=\"wpcf7-f1457-o1\" \/>\n<input type=\"hidden\" name=\"_wpcf7_container_post\" value=\"0\" \/>\n<input type=\"hidden\" name=\"_wpcf7_posted_data_hash\" value=\"\" \/>\n<input type=\"hidden\" name=\"_wpcf7_recaptcha_response\" value=\"\" \/>\n<\/div>\n<p>Ihr Profil *\n<\/p>\n<p><span class=\"wpcf7-form-control-wrap\" data-name=\"carrieres-profil\"><input size=\"40\" class=\"wpcf7-form-control wpcf7-text wpcf7-validates-as-required contact-field\" aria-required=\"true\" aria-invalid=\"false\" value=\"\" type=\"text\" name=\"carrieres-profil\" \/><\/span>\n<\/p>\n<p class=\"contact-form-2columns-first\"><br \/>\nName *\n<\/p>\n<p><span class=\"wpcf7-form-control-wrap\" data-name=\"carrieres-nom\"><input size=\"40\" class=\"wpcf7-form-control wpcf7-text wpcf7-validates-as-required contact-field\" aria-required=\"true\" aria-invalid=\"false\" value=\"\" type=\"text\" name=\"carrieres-nom\" \/><\/span>\n<\/p>\n<p class=\"contact-form-2columns-second\"><br \/>\nVorname *\n<\/p>\n<p><span class=\"wpcf7-form-control-wrap\" data-name=\"carrieres-prenom\"><input size=\"40\" class=\"wpcf7-form-control wpcf7-text wpcf7-validates-as-required contact-field\" aria-required=\"true\" aria-invalid=\"false\" value=\"\" type=\"text\" name=\"carrieres-prenom\" \/><\/span>\n<\/p>\n<p>Adresse *\n<\/p>\n<p><span class=\"wpcf7-form-control-wrap\" data-name=\"carrieres-adresse\"><input size=\"40\" class=\"wpcf7-form-control wpcf7-text wpcf7-validates-as-required contact-field\" aria-required=\"true\" aria-invalid=\"false\" value=\"\" type=\"text\" name=\"carrieres-adresse\" \/><\/span>\n<\/p>\n<p class=\"contact-form-3columns-first\"><br \/>\nPostleitzahl *\n<\/p>\n<p><span class=\"wpcf7-form-control-wrap\" data-name=\"carrieres-cp\"><input size=\"40\" class=\"wpcf7-form-control wpcf7-text wpcf7-validates-as-required contact-field\" aria-required=\"true\" aria-invalid=\"false\" value=\"\" type=\"text\" name=\"carrieres-cp\" \/><\/span>\n<\/p>\n<p class=\"contact-form-3columns-second\"><br \/>\nStadt *\n<\/p>\n<p><span class=\"wpcf7-form-control-wrap\" data-name=\"carrieres-ville\"><input size=\"40\" class=\"wpcf7-form-control wpcf7-text wpcf7-validates-as-required contact-field\" aria-required=\"true\" aria-invalid=\"false\" value=\"\" type=\"text\" name=\"carrieres-ville\" \/><\/span>\n<\/p>\n<p class=\"contact-form-3columns-third\"><br \/>\nLand *\n<\/p>\n<p><span class=\"wpcf7-form-control-wrap\" data-name=\"carrieres-pays\"><input size=\"40\" class=\"wpcf7-form-control wpcf7-text wpcf7-validates-as-required contact-field\" aria-required=\"true\" aria-invalid=\"false\" value=\"\" type=\"text\" name=\"carrieres-pays\" \/><\/span>\n<\/p>\n<p class=\"contact-form-3columns-first\"><br \/>\nTelefon *\n<\/p>\n<p><span class=\"wpcf7-form-control-wrap\" data-name=\"carrieres-tel\"><input size=\"40\" class=\"wpcf7-form-control wpcf7-text wpcf7-tel wpcf7-validates-as-required wpcf7-validates-as-tel contact-field\" aria-required=\"true\" aria-invalid=\"false\" value=\"\" type=\"tel\" name=\"carrieres-tel\" \/><\/span>\n<\/p>\n<p class=\"contact-form-3columns-second\"><br \/>\nMobil\n<\/p>\n<p><span class=\"wpcf7-form-control-wrap\" data-name=\"carrieres-mobile\"><input size=\"40\" class=\"wpcf7-form-control wpcf7-text wpcf7-tel wpcf7-validates-as-tel contact-field\" aria-invalid=\"false\" value=\"\" type=\"tel\" name=\"carrieres-mobile\" \/><\/span>\n<\/p>\n<p class=\"contact-form-3columns-third\"><br \/>\nEmail *\n<\/p>\n<p><span class=\"wpcf7-form-control-wrap\" data-name=\"carrieres-email\"><input size=\"40\" class=\"wpcf7-form-control wpcf7-text wpcf7-email wpcf7-validates-as-required wpcf7-validates-as-email contact-field\" aria-required=\"true\" aria-invalid=\"false\" value=\"\" type=\"email\" name=\"carrieres-email\" \/><\/span>\n<\/p>\n<p>Nachricht *\n<\/p>\n<p><span class=\"wpcf7-form-control-wrap\" data-name=\"carrieres-message\"><textarea cols=\"40\" rows=\"3\" class=\"wpcf7-form-control wpcf7-textarea wpcf7-validates-as-required contact-field\" aria-required=\"true\" aria-invalid=\"false\" name=\"carrieres-message\"><\/textarea><\/span>\n<\/p>\n<p style=\"margin-top:25px; padding-bottom:5px;\">Anhang (auch mehrere) hinzuf\u00fcgen\n<\/p>\n<p><br \/>\n<span class=\"wpcf7-form-control-wrap\" data-name=\"carrieres-fichier1\"><input size=\"40\" class=\"wpcf7-form-control wpcf7-file contact-file\" accept=\"audio\/*,video\/*,image\/*\" aria-invalid=\"false\" type=\"file\" name=\"carrieres-fichier1\" \/><\/span>\n<\/p>\n<p><span class=\"wpcf7-form-control-wrap\" data-name=\"carrieres-fichier2\"><input size=\"40\" class=\"wpcf7-form-control wpcf7-file contact-file\" accept=\"audio\/*,video\/*,image\/*\" aria-invalid=\"false\" type=\"file\" name=\"carrieres-fichier2\" \/><\/span>\n<\/p>\n<p><span class=\"wpcf7-form-control-wrap\" data-name=\"carrieres-fichier3\"><input size=\"40\" class=\"wpcf7-form-control wpcf7-file contact-file\" accept=\"audio\/*,video\/*,image\/*\" aria-invalid=\"false\" type=\"file\" name=\"carrieres-fichier3\" \/><\/span>\n<\/p>\n<div class=\"contact-form-captcha-second-div\">\n\t<p><input type=\"hidden\" name=\"_wpcf7_captcha_challenge_captcha-135\" value=\"196496269\" \/><img class=\"wpcf7-form-control wpcf7-captchac wpcf7-captcha-captcha-135 contact-captcha\" width=\"84\" height=\"28\" alt=\"captcha\" src=\"https:\/\/www.mafdel-belts.com\/wp-content\/uploads\/wpcf7_captcha\/196496269.png\" \/>\n\t<\/p>\n\t<p>Sicherheitscode bitte eingeben : <span class=\"wpcf7-form-control-wrap\" data-name=\"captcha-135\"><input size=\"40\" class=\"wpcf7-form-control wpcf7-captchar contact-captcha-text\" autocomplete=\"off\" aria-invalid=\"false\" value=\"\" type=\"text\" name=\"captcha-135\" \/><\/span>\n\t<\/p>\n<\/div>\n<div class=\"contact-submit-div\">\n\t<p><input class=\"wpcf7-form-control has-spinner wpcf7-submit contact-submit\" type=\"submit\" value=\"SENDEN\" \/>\n\t<\/p>\n<\/div><p style=\"display: none !important;\" class=\"akismet-fields-container\" data-prefix=\"_wpcf7_ak_\"><label>&#916;<textarea name=\"_wpcf7_ak_hp_textarea\" cols=\"45\" rows=\"8\" maxlength=\"100\"><\/textarea><\/label><input type=\"hidden\" id=\"ak_js_1\" name=\"_wpcf7_ak_js\" value=\"119\"\/><script>document.getElementById( \"ak_js_1\" ).setAttribute( \"value\", ( new Date() ).getTime() );<\/script><\/p><div class=\"wpcf7-response-output\" aria-hidden=\"true\"><\/div>\n<\/form>\n<\/div>\n<\/div><\/div><\/div><\/div>\n<div class='content-column one_fourth last_column'><div style=\"\"><h3>Unsere Gesch\u00e4ftsstellen<\/h3>\n<p>&nbsp;<\/p>\n<p><span style=\"color: #0088cc; font-size: 12pt;\">MAFDEL FRANCE<\/span><\/p>\n<p>131 rue de la Plaine<br \/>\nZ.I. Lafayette<br \/>\n38790 SAINT GEORGES D&#8217;ESPERANCHE<br \/>\nTel. +33 (0)4 78 96 21 90<br \/>\nFax +33 (0)4 78 96 21 78<\/p>\n<p>&nbsp;<\/p>\n<p><span style=\"color: #0088cc; font-size: 12pt;\">BMTS Nantes<\/span><\/p>\n<p>9 rue Edouard Belin<br \/>\n44360 VIGNEUX DE BRETAGNE<br \/>\nTel. +33 (0)2 40 57 34 26<br \/>\nFax +33 (0)2 40 57 34 25<\/p>\n<p>&nbsp;<\/p>\n<p><span style=\"color: #0088cc; font-size: 12pt;\">MUNICH<\/span><\/p>\n<p>Tel. +49 (089) 64 29 617-1<\/p>\n<p>&nbsp;<\/p>\n<p><span style=\"color: #0088cc; font-size: 12pt;\">MADRID<\/span><\/p>\n<p>T\u00e9l. +34 609 34 57 41<\/p>\n<p>&nbsp;<\/p>\n<p><span style=\"color: #0088cc; font-size: 12pt;\">BELFAST<br \/>\n<\/span><\/p>\n<p>T\u00e9l. +44 (0)7435 640929<\/p>\n<p>&nbsp;<\/p>\n<p style=\"text-align: left;\"><span style=\"font-size: 12pt;\"><img loading=\"lazy\" class=\"alignnone wp-image-2341 size-full\" src=\"https:\/\/www.mafdel-belts.com\/wp-content\/uploads\/2015\/04\/qrcode_carriere_1464090236.png\" alt=\"\" width=\"130\" height=\"130\" \/><a href=\"http:\/\/localhost\/Mafdel\/site\/wp-content\/uploads\/2015\/02\/QR-Code_Mafdel.png\"><br \/>\n<\/a><\/span><span style=\"font-size: 10pt; color: #000000;\">\u00a0 Unser Geostandort<br \/>\n<\/span><span style=\"font-size: 10pt; color: #000000;\">\u00a0 f\u00fcr Ihr Smartphone <\/span><\/p><\/div><\/div><div class='clear_column'><\/div>\n","protected":false},"excerpt":{"rendered":"","protected":false},"author":3,"featured_media":0,"parent":0,"menu_order":0,"comment_status":"open","ping_status":"open","template":"page-template-without-sidebar.php","meta":{"om_disable_all_campaigns":false,"_uf_show_specific_survey":0,"_uf_disable_surveys":false},"aioseo_notices":[],"_links":{"self":[{"href":"https:\/\/www.mafdel-belts.com\/de\/wp-json\/wp\/v2\/pages\/1455\/"}],"collection":[{"href":"https:\/\/www.mafdel-belts.com\/de\/wp-json\/wp\/v2\/pages\/"}],"about":[{"href":"https:\/\/www.mafdel-belts.com\/de\/wp-json\/wp\/v2\/types\/page\/"}],"author":[{"embeddable":true,"href":"https:\/\/www.mafdel-belts.com\/de\/wp-json\/wp\/v2\/users\/3\/"}],"replies":[{"embeddable":true,"href":"https:\/\/www.mafdel-belts.com\/de\/wp-json\/wp\/v2\/comments\/?post=1455"}],"version-history":[{"count":7,"href":"https:\/\/www.mafdel-belts.com\/de\/wp-json\/wp\/v2\/pages\/1455\/revisions\/"}],"predecessor-version":[{"id":8504,"href":"https:\/\/www.mafdel-belts.com\/de\/wp-json\/wp\/v2\/pages\/1455\/revisions\/8504\/"}],"wp:attachment":[{"href":"https:\/\/www.mafdel-belts.com\/de\/wp-json\/wp\/v2\/media\/?parent=1455"}],"curies":[{"name":"wp","href":"https:\/\/api.w.org\/{rel}","templated":true}]}}