{"id":1435,"date":"2015-04-17T21:52:06","date_gmt":"2015-04-17T20:52:06","guid":{"rendered":"https:\/\/www.mafdel-belts.com\/?page_id=1435"},"modified":"2024-10-08T10:17:35","modified_gmt":"2024-10-08T09:17:35","slug":"katalog-riemen-und-forderbander","status":"publish","type":"page","link":"https:\/\/www.mafdel-belts.com\/de\/katalog-riemen-und-forderbander\/","title":{"rendered":"Dokumentation"},"content":{"rendered":"<div class='content-column one_third'><h1>Kataloge f\u00fcr Riemen, F\u00f6rderb\u00e4nder und B\u00e4nder mit Zahnradantrieb<\/h1><\/div>\n<div class='content-column two_third last_column'><div style=\"padding-left:20px;\"><p>In dieser Rubrik finden Sie alle Produktdatenbl\u00e4tter mit den technischen Daten unserer Produkte sowie unsere Anwendungsempfehlungen f\u00fcr die Produktauswahl.<\/p>\n<p>Alle Dokumente sind als PDF Format verf\u00fcgbar.<\/p>\n<p>Falls Sie die Dateien in diesem Format nicht lesen k\u00f6nnen, k\u00f6nnen Sie hier <a href=\"https:\/\/get.adobe.com\/de\/reader\/\" target=\"_blank\" rel=\"noopener noreferrer\">die letzte Version des Adobe Reader herunterladen<\/a>.<\/div><\/div><div class='clear_column'><\/div>\n<p>&nbsp;<\/p>\n<p>&nbsp;<\/p>\n<p>&nbsp;<\/p>\n<h3><i class=\"fa fa-arrow-right \" ><\/i> Riemen<\/h3>\n<div class=\"line-break\" style=\"width: 100%; height:12px;\"><\/div>\n<div class='content-column one_fourth'><div style=\"padding-right:22px;\"><div class=\"bloc-doc-entete\" style=\"height:27px;\">Gesamtkatalog<\/div><a href=\"https:\/\/www.mafdel-belts.com\/wp-content\/uploads\/Mafdel-Riemen-Katalog.pdfweb.pdf\" target=\"_blank\" rel=\"noopener noreferrer\"><div class=\"bloc-doc-detail\" style=\"height:231px; text-decoration: none;\"><\/a><a href=\"https:\/\/www.mafdel-belts.com\/wp-content\/uploads\/Mafdel-Riemen-Katalog.pdfweb.pdf\" target=\"_blank\" rel=\"noopener noreferrer\"><img loading=\"lazy\" class=\"alignnone wp-image-6292 size-full\" src=\"https:\/\/www.mafdel-belts.com\/wp-content\/uploads\/Couv-miniature-Courroies-FR-Mafdel.png\" alt=\"Couverture du catalogue Courroies Mafdel\" width=\"134\" height=\"190\" \/><\/a><a href=\"https:\/\/www.mafdel-belts.com\/wp-content\/uploads\/Mafdel-Riemen-Katalog.pdfweb.pdf\" target=\"_blank\" rel=\"noopener noreferrer\"><\/ br><i class=\"fa fa-download\"><\/i><\/div><\/a><\/div><\/div>\n<div class='content-column one_fourth'><div style=\"padding-right:15px;padding-left:7px;\"><div class=\"bloc-doc-entete\" style=\"height:27px;\">Rundriemen<\/div><a href=\"https:\/\/www.mafdel-belts.com\/wp-content\/uploads\/MAFDEL-Rundriemen-2.pdf\" target=\"_blank\" rel=\"noopener noreferrer\"><div class=\"bloc-doc-detail\" style=\"height:63px; text-decoration: none;\">Das Gesamtsortiment an Rundriemen<\/ br><i class=\"fa fa-download\"><\/i><\/div><\/a><div class=\"line-break\" style=\"width: 100%; height:43px;\"><\/div><div class=\"bloc-doc-entete\" style=\"height:27px;\">Sonderriemen<\/div><a href=\"https:\/\/www.mafdel-belts.com\/wp-content\/uploads\/MAFDEL-Sonderriemen-2.pdf\" target=\"_blank\" rel=\"noopener noreferrer\"><div class=\"bloc-doc-detail\" style=\"height:63px; text-decoration: none;\">Produktbeispiele<\/ br><i class=\"fa fa-download\"><\/i><\/div><\/a><\/div><\/div>\n<div class='content-column one_fourth'><div style=\"padding-right:7px;padding-left:15px;\"><div class=\"bloc-doc-entete\" style=\"height:27px;\">Keilriemen<\/div><a href=\"https:\/\/www.mafdel-belts.com\/wp-content\/uploads\/MAFDEL-Keilriemen-2.pdf\" target=\"_blank\" rel=\"noopener noreferrer\"><div class=\"bloc-doc-detail\" style=\"height:63px; text-decoration: none;\">Das Gesamtsortiment an Keilriemen<\/ br><i class=\"fa fa-download\"><\/i><\/div><\/a><div class=\"line-break\" style=\"width: 100%; height:43px;\"><\/div><div class=\"bloc-doc-entete\" style=\"height:27px;\">Gleitschienen<\/div><a href=\"https:\/\/www.mafdel-belts.com\/wp-content\/uploads\/MAFDEL-Gleitschienen-2.pdf\" target=\"_blank\" rel=\"noopener noreferrer\"><div class=\"bloc-doc-detail\" style=\"height:63px; text-decoration: none;\"> Merkmale<\/ br><i class=\"fa fa-download\"><\/i><\/div><\/a><\/div><\/div>\n<div class='content-column one_fourth last_column'><div style=\"padding-left:22px;\"><div class=\"bloc-doc-entete\" style=\"height:27px;\">Spitzkeilriemen<\/div><a href=\"https:\/\/www.mafdel-belts.com\/wp-content\/uploads\/MAFDEL-Spitzkeilriemen-2.pdf\" target=\"_blank\" rel=\"noopener noreferrer\"><div class=\"bloc-doc-detail\" style=\"height:63px; text-decoration: none;\">Die Produktreihe Spitzkeilriemen<\/ br><i class=\"fa fa-download\"><\/i><\/div><\/a><\/div><\/div><div class='clear_column'><\/div>\n<p>&nbsp;<\/p>\n<p>&nbsp;<\/p>\n<p>&nbsp;<\/p>\n<h3><i class=\"fa fa-arrow-right \" ><\/i> Homogene F\u00f6rderb\u00e4nder<\/h3>\n<div class=\"line-break\" style=\"width: 100%; height:12px;\"><\/div>\n<div class='content-column one_fourth'><div style=\"padding-right:22px;\"><div class=\"bloc-doc-entete\" style=\"height:27px;\">Gesamtkatalog lesen<\/div><a href=\"https:\/\/www.mafdel-belts.com\/wp-content\/uploads\/Mafdel-Homogene-Forderbander-Katalog-V1.pdf\" target=\"_blank\" rel=\"noopener noreferrer\"><div class=\"bloc-doc-detail\" style=\"height:231px; text-decoration: none;\"><\/a><a href=\"https:\/\/www.mafdel-belts.com\/wp-content\/uploads\/Mafdel-Homogene-Forderbander-Katalog-V1.pdf\" target=\"_blank\" rel=\"noopener noreferrer\"><img loading=\"lazy\" class=\"alignnone wp-image-6148 size-full\" src=\"https:\/\/www.mafdel-belts.com\/wp-content\/uploads\/Visuel-Catalogue-Bandes-transporteuses-DE.jpg\" alt=\"Schweissbare f\u00f6rderb\u00e4nder katalog\" width=\"134\" height=\"190\" \/><\/a><a href=\"https:\/\/www.mafdel-belts.com\/wp-content\/uploads\/Mafdel-Homogene-Forderbander-Katalog-V1.pdf\" target=\"_blank\" rel=\"noopener noreferrer\"><\/ br><i class=\"fa fa-download\"><\/i><\/div><\/a><\/div><\/div>\n<div class='content-column one_fourth'><div style=\"padding-right:15px;padding-left:7px;\"><div class=\"bloc-doc-entete\" style=\"height:27px;\">Standard \/ f\u00fcr Lebensmittel <\/div><a href=\"https:\/\/www.mafdel-belts.com\/wp-content\/uploads\/Mafdel-Homogene-Forderbander-Standard-Katalog.pdf\" target=\"_blank\" rel=\"noopener noreferrer\"><div class=\"bloc-doc-detail\" style=\"height:63px; text-decoration: none;\">Standardsortiment \/ Lebensmittelgeeignetes Sortimente<\/ br><i class=\"fa fa-download\"><\/i><\/div><\/a><\/div><\/div>\n<div class='content-column one_fourth'><div style=\"padding-right:7px;padding-left:15px;\"><div class=\"bloc-doc-entete\" style=\"height:27px;\">Stollen \/ F\u00fchrungen \/ Wellkanten<\/div><a href=\"https:\/\/www.mafdel-belts.com\/wp-content\/uploads\/Mafdel-Homogene-Forderbander-Stollen-Katalog.pdf\" target=\"_blank\" rel=\"noopener noreferrer\"><div class=\"bloc-doc-detail\" style=\"height:63px; text-decoration: none;\">B\u00e4nder mit Stollen<\/ br><i class=\"fa fa-download\"><\/i><\/div><\/a><\/div><\/div>\n<div class='content-column one_fourth last_column'><div style=\"padding-left:22px;\"><div class=\"bloc-doc-entete\" style=\"height:27px;\">Beschichtungen \/ Sonderausf\u00fchrungen<\/div><a href=\"https:\/\/www.mafdel-belts.com\/wp-content\/uploads\/Mafdel-Homogene-Forderbander-Spezial-Katalog.pdf\" target=\"_blank\" rel=\"noopener noreferrer\"><div class=\"bloc-doc-detail\" style=\"height:63px; text-decoration: none;\">Spezielle Beschichtigungen<\/ br><i class=\"fa fa-download\"><\/i><\/div><div class=\"line-break\" style=\"width: 100%; height:6px;\"><\/div><\/a><a href=\"https:\/\/www.mafdel-belts.com\/wp-content\/uploads\/Mafdel-Homogene-Forderbander-Perforation-Katalog-1.pdf\" target=\"_blank\" rel=\"noopener noreferrer\"><div class=\"bloc-doc-detail\" style=\"height:63px; text-decoration: none;\">Perforation<\/ br><i class=\"fa fa-download\"><\/i><\/div><\/a><\/div><\/div><div class='clear_column'><\/div>\n<p>&nbsp;<\/p>\n<p>&nbsp;<\/p>\n<p>&nbsp;<\/p>\n<h3><i class=\"fa fa-arrow-right \" ><\/i> B\u00e4nder mit Zahnradantrieb<\/h3>\n<div class=\"line-break\" style=\"width: 100%; height:12px;\"><\/div>\n<div class='content-column one_fourth'><div style=\"padding-right:22px;\"><div class=\"bloc-doc-entete\" style=\"height:27px;\">Gesamtkatalog lesen complet<\/div><a href=\"https:\/\/www.mafdel-belts.com\/wp-content\/uploads\/Mafdel-Bander-mit-zahnradantrieb-Katalog-2024-3.pdf\" target=\"_blank\" rel=\"noopener noreferrer\"><div class=\"bloc-doc-detail\" style=\"height:231px; text-decoration: none;\"><\/a><a href=\"https:\/\/www.mafdel-belts.com\/wp-content\/uploads\/Mafdel-Bander-mit-zahnradantrieb-Katalog-2024-3.pdf\" target=\"_blank\" rel=\"noopener noreferrer\"><img loading=\"lazy\" class=\"alignnone wp-image-3473 size-full\" src=\"https:\/\/www.mafdel-belts.com\/wp-content\/uploads\/Visuel-catalogue-BTDE.jpg\" alt=\"\" width=\"134\" height=\"190\" \/><\/a><a href=\"https:\/\/www.mafdel-belts.com\/wp-content\/uploads\/Mafdel-Bander-mit-zahnradantrieb-Katalog-2024-3.pdf\" target=\"_blank\" rel=\"noopener noreferrer\"><\/ br><i class=\"fa fa-download\"><\/i><\/div><\/a><\/div><\/div>\n<div class='content-column one_fourth'><div style=\"padding-right:15px;padding-left:7px;\"><div class=\"bloc-doc-entete\" style=\"height:27px;\">Produkt\u00fcbersicht<\/div><a href=\"https:\/\/www.mafdel-belts.com\/wp-content\/uploads\/Mafdel-Bander-mit-zahnradantrieb-Vorteil.pdf\" target=\"_blank\" rel=\"noopener noreferrer\"><div class=\"bloc-doc-detail\" style=\"height:63px; text-decoration: none;\">Eigenschaften und Vorteile<\/ br><i class=\"fa fa-download\"><\/i><\/div><\/a><\/div><\/div>\n<div class='content-column one_fourth'><div style=\"padding-right:7px;padding-left:15px;\"><div class=\"bloc-doc-entete\" style=\"height:27px;\">Die Produkte<\/div><a href=\"https:\/\/www.mafdel-belts.com\/wp-content\/uploads\/Mafdel-Bander-mit-zahnradantrieb-DELDRIVE-1.pdf\" target=\"_blank\" rel=\"noopener noreferrer\"><div class=\"bloc-doc-detail\" style=\"height:63px; text-decoration: none;\">Das DEL\/DRIVE Sortiment<\/ br><i class=\"fa fa-download\"><\/i><\/div><\/a> <div class=\"line-break\" style=\"width: 100%; height:6px;\"><\/div> <a href=\"https:\/\/www.mafdel-belts.com\/wp-content\/uploads\/Mafdel-Bander-mit-zahnradantrieb-POSITIVEBELT-1.pdf\" target=\"_blank\" rel=\"noopener noreferrer\"><div class=\"bloc-doc-detail\" style=\"height:63px; text-decoration: none;\">Das POSITIVEBELT Sortiment<\/ br><i class=\"fa fa-download\"><\/i><\/div><div class=\"line-break\" style=\"width: 100%; height:6px;\"><\/div> <\/a><a href=\"https:\/\/www.mafdel-belts.com\/wp-content\/uploads\/Mafdel-Bander-mit-zahnradantrieb-SDRIVE-4.pdf\" target=\"_blank\" rel=\"noopener noreferrer\"><div class=\"bloc-doc-detail\" style=\"height:63px; text-decoration: none;\">Das S\/DRIVE Sortiment<\/ br><i class=\"fa fa-download\"><\/i><\/div><\/a><div class=\"line-break\" style=\"width: 100%; height:6px;\"><\/div><a href=\"https:\/\/www.mafdel-belts.com\/wp-content\/uploads\/Mafdel-Bander-mit-zahnradantrieb-DELSYNC.pdf\" target=\"_blank\" rel=\"noopener noreferrer\"><div class=\"bloc-doc-detail\" style=\"height:63px; text-decoration: none;\">Das DEL\/SYNC Sortiment<\/ br><i class=\"fa fa-download\"><\/i><\/div><\/a><\/div><\/div>\n<div class='content-column one_fourth last_column'><div style=\"padding-left:22px;\"><\/div><\/div><div class='clear_column'><\/div>\n<p>&nbsp;<\/p>\n<p>&nbsp;<\/p>\n<p>&nbsp;<\/p>\n<h3><i class=\"fa fa-arrow-right \" ><\/i> Werkzeug und Zubeh\u00f6r<\/h3>\n<div class=\"line-break\" style=\"width: 100%; height:12px;\"><\/div>\n<div class='content-column one_fourth'><div style=\"padding-right:15px;padding-left:7px;\"><div class=\"bloc-doc-entete\" style=\"height:27px;\">Schweissen der Riemen<\/div><a href=\"https:\/\/www.mafdel-belts.com\/wp-content\/uploads\/MAFDEL-Werkzeuge-Riemen-2.pdf\" target=\"_blank\" rel=\"noopener noreferrer\"><div class=\"bloc-doc-detail\" style=\"height:63px; text-decoration: none;\">Schweissger\u00e4t MC50<\/ br><i class=\"fa fa-download\"><\/i><\/div><\/a> <div class=\"line-break\" style=\"width: 100%; height:6px;\"><\/div><div class=\"line-break\" style=\"width: 100%; height:6px;\"><\/div><a href=\"https:\/\/www.mafdel-belts.com\/wp-content\/uploads\/MAFDEL-Werkzeuge-Riemen-2.pdf\" target=\"_blank\" rel=\"noopener noreferrer\"><div class=\"bloc-doc-detail\" style=\"height:63px; text-decoration: none;\">Schweissger\u00e4t MC150<\/ br><i class=\"fa fa-download\"><\/i><\/div><\/a><div class=\"line-break\" style=\"width: 100%; height:6px;\"><\/div><\/div><\/div>\n<div class='content-column one_fourth'><div style=\"padding-right:15px;padding-left:7px;\"><div class=\"bloc-doc-entete\" style=\"height:27px;\">Schweissen der F\u00f6rderb\u00e4nder<\/div><a href=\"https:\/\/www.mafdel-belts.com\/wp-content\/uploads\/Mafdel-Homogene-Forderbander-Werkeuge-Katalog-V1.pdf\" target=\"_blank\" rel=\"noopener noreferrer\"><div class=\"bloc-doc-detail\" style=\"height:63px; text-decoration: none;\">Schweissger\u00e4t MC100-200<\/ br><i class=\"fa fa-download\"><\/i><\/div><\/a><div class=\"line-break\" style=\"width: 100%; height:6px;\"><\/div><\/div><\/div>\n<div class='content-column one_fourth'><div style=\"padding-right:7px;padding-left:15px;\"><div class=\"bloc-doc-entete\" style=\"height:27px;\">Abstreifer f\u00fcr Lebensmittelb\u00e4nder<\/div><a href=\"https:\/\/www.mafdel-belts.com\/wp-content\/uploads\/Mafdel-BT-entrainement-positif-racleur-Catalogue.pdf\" target=\"_blank\" rel=\"noopener noreferrer\"><div class=\"bloc-doc-detail\" style=\"height:63px; text-decoration: none;\">Abstreifer<\/ br><i class=\"fa fa-download\"><\/i><\/div><\/a><\/div><\/div>\n<div class='content-column one_fourth last_column'><div style=\"padding-right:7px;padding-left:15px;\"><div class=\"bloc-doc-entete\" style=\"height:27px;\">Feststellclip<\/div><a href=\"https:\/\/www.mafdel-belts.com\/wp-content\/uploads\/MAFDEL-FESTSTELLCLIP.pdf\" target=\"_blank\" rel=\"noopener noreferrer\"><div class=\"bloc-doc-detail\" style=\"height:63px; text-decoration: none;\">Feststellclip<\/ br><i class=\"fa fa-download\"><\/i><\/div><\/a><\/div><\/div><div class='clear_column'><\/div>\n","protected":false},"excerpt":{"rendered":"<p>&nbsp; &nbsp; &nbsp; Riemen &nbsp; &nbsp; &nbsp; Homogene F\u00f6rderb\u00e4nder &nbsp; &nbsp; &nbsp; B\u00e4nder mit Zahnradantrieb &nbsp; &nbsp; &nbsp; Werkzeug und Zubeh\u00f6r<\/p>\n","protected":false},"author":3,"featured_media":0,"parent":0,"menu_order":0,"comment_status":"open","ping_status":"closed","template":"page-template-without-sidebar.php","meta":{"om_disable_all_campaigns":false,"_uf_show_specific_survey":0,"_uf_disable_surveys":false},"aioseo_notices":[],"_links":{"self":[{"href":"https:\/\/www.mafdel-belts.com\/de\/wp-json\/wp\/v2\/pages\/1435\/"}],"collection":[{"href":"https:\/\/www.mafdel-belts.com\/de\/wp-json\/wp\/v2\/pages\/"}],"about":[{"href":"https:\/\/www.mafdel-belts.com\/de\/wp-json\/wp\/v2\/types\/page\/"}],"author":[{"embeddable":true,"href":"https:\/\/www.mafdel-belts.com\/de\/wp-json\/wp\/v2\/users\/3\/"}],"replies":[{"embeddable":true,"href":"https:\/\/www.mafdel-belts.com\/de\/wp-json\/wp\/v2\/comments\/?post=1435"}],"version-history":[{"count":63,"href":"https:\/\/www.mafdel-belts.com\/de\/wp-json\/wp\/v2\/pages\/1435\/revisions\/"}],"predecessor-version":[{"id":11104,"href":"https:\/\/www.mafdel-belts.com\/de\/wp-json\/wp\/v2\/pages\/1435\/revisions\/11104\/"}],"wp:attachment":[{"href":"https:\/\/www.mafdel-belts.com\/de\/wp-json\/wp\/v2\/media\/?parent=1435"}],"curies":[{"name":"wp","href":"https:\/\/api.w.org\/{rel}","templated":true}]}}