{"id":1390,"date":"2015-04-17T21:49:40","date_gmt":"2015-04-17T20:49:40","guid":{"rendered":"https:\/\/www.mafdel-belts.com\/?page_id=1390"},"modified":"2016-07-02T16:36:16","modified_gmt":"2016-07-02T15:36:16","slug":"industriezweige","status":"publish","type":"page","link":"https:\/\/www.mafdel-belts.com\/de\/industriezweige\/","title":{"rendered":"Anwendungen"},"content":{"rendered":"<h1>MAFDEL verschweissbare F\u00f6rderb\u00e4nder und Riemen bieten f\u00fcr alle Bereiche die L\u00f6sung<\/h1>\n<p>MAFDEL stellt F\u00f6rderriemen und \u2013b\u00e4nder f\u00fcr die industrielle F\u00f6rdertechnik her.<\/p>\n<p>MAFDEL bietet eine sehr breite Porduktpalette mit vielseitigen technischen Eigenschaften und somit das richtige Band f\u00fcr Ihre F\u00f6rderl\u00f6sung in Bezug auf :<\/p>\n<ul style=\"list-style-type: disc;\">\n<li>H\u00e4rte<\/li>\n<li>Abriebfestigkeit<\/li>\n<li>Verst\u00e4rkung mit Zugtr\u00e4ger<\/li>\n<li>Zahnung<\/li>\n<li>Beschichtung<\/li>\n<li>Reibungskoeffizient<\/li>\n<li>Lebensmitteleignung<\/li>\n<li>Auflegedehnung<\/li>\n<li>Benutzungstemperaturen<\/li>\n<li>\u2026<\/li>\n<\/ul>\n<p>&nbsp;<\/p>\n<p>&nbsp;<\/p>\n<h2>Unsere verschweissbaren Transportriemen und F\u00f6rderb\u00e4nder finden Anwendung in zahlreichen Industrien<\/h2>\n<h3>Agrarindustrie<\/h3>\n<p><i class=\"fa fa-arrow-right \" ><\/i>\u00a0 Fleisch und Gefl\u00fcgel<\/p>\n<p><i class=\"fa fa-arrow-right \" ><\/i>\u00a0 Fisch und Meeresfr\u00fcchte<\/p>\n<p><i class=\"fa fa-arrow-right \" ><\/i>\u00a0 Molkerei \/ K\u00e4serei<\/p>\n<p><i class=\"fa fa-arrow-right \" ><\/i>\u00a0 Obst und Gem\u00fcse<\/p>\n<p><i class=\"fa fa-arrow-right \" ><\/i>\u00a0 Konservenanlagen<\/p>\n<p><i class=\"fa fa-arrow-right \" ><\/i>\u00a0 Grossb\u00e4ckerei und industrielle Konditorei<\/p>\n<p>&nbsp;<\/p>\n<p>&nbsp;<\/p>\n<h3>Weitere Industrien (non food)<\/h3>\n<p><i class=\"fa fa-arrow-right \" ><\/i>\u00a0 Metall- und Kunststoffverpackungen<\/p>\n<p><i class=\"fa fa-arrow-right \" ><\/i>\u00a0 Landwirtschaftsmaschinen<\/p>\n<p><i class=\"fa fa-arrow-right \" ><\/i>\u00a0 Holz- und Glasindustrie<\/p>\n<p><i class=\"fa fa-arrow-right \" ><\/i>\u00a0 Kartonindustrie und Druckereien<\/p>\n<p><i class=\"fa fa-arrow-right \" ><\/i>\u00a0 Rollenbahnf\u00f6rderer, Logistik<\/p>\n<p><i class=\"fa fa-arrow-right \" ><\/i>\u00a0 Baumaterial<\/p>\n<p>&nbsp;<\/p>\n<p>&nbsp;<\/p>\n<hr \/>\n<p><strong>Da unsere B\u00e4nder die strengsten internationalen Lebensmittelnormen erf\u00fcllen, liefern sie eine optimale Hygiene gem\u00e4\u00df den HACCP Richtlinien <\/strong>(<em>Hazard Analysis Critical Control Point<\/em>).<\/p>\n<hr \/>\n<p>&nbsp;<\/p>\n","protected":false},"excerpt":{"rendered":"<p>MAFDEL verschweissbare F\u00f6rderb\u00e4nder und Riemen bieten f\u00fcr alle Bereiche die L\u00f6sung MAFDEL stellt F\u00f6rderriemen und \u2013b\u00e4nder f\u00fcr die industrielle F\u00f6rdertechnik her. MAFDEL bietet eine sehr breite Porduktpalette mit vielseitigen technischen Eigenschaften und somit das richtige Band f\u00fcr Ihre F\u00f6rderl\u00f6sung in Bezug auf : H\u00e4rte Abriebfestigkeit Verst\u00e4rkung mit Zugtr\u00e4ger Zahnung Beschichtung Reibungskoeffizient Lebensmitteleignung Auflegedehnung Benutzungstemperaturen \u2026 [&hellip;]<\/p>\n","protected":false},"author":3,"featured_media":0,"parent":0,"menu_order":0,"comment_status":"open","ping_status":"closed","template":"page-template-typeapplication.php","meta":{"om_disable_all_campaigns":false,"_uf_show_specific_survey":0,"_uf_disable_surveys":false},"aioseo_notices":[],"_links":{"self":[{"href":"https:\/\/www.mafdel-belts.com\/de\/wp-json\/wp\/v2\/pages\/1390\/"}],"collection":[{"href":"https:\/\/www.mafdel-belts.com\/de\/wp-json\/wp\/v2\/pages\/"}],"about":[{"href":"https:\/\/www.mafdel-belts.com\/de\/wp-json\/wp\/v2\/types\/page\/"}],"author":[{"embeddable":true,"href":"https:\/\/www.mafdel-belts.com\/de\/wp-json\/wp\/v2\/users\/3\/"}],"replies":[{"embeddable":true,"href":"https:\/\/www.mafdel-belts.com\/de\/wp-json\/wp\/v2\/comments\/?post=1390"}],"version-history":[{"count":3,"href":"https:\/\/www.mafdel-belts.com\/de\/wp-json\/wp\/v2\/pages\/1390\/revisions\/"}],"predecessor-version":[{"id":1393,"href":"https:\/\/www.mafdel-belts.com\/de\/wp-json\/wp\/v2\/pages\/1390\/revisions\/1393\/"}],"wp:attachment":[{"href":"https:\/\/www.mafdel-belts.com\/de\/wp-json\/wp\/v2\/media\/?parent=1390"}],"curies":[{"name":"wp","href":"https:\/\/api.w.org\/{rel}","templated":true}]}}