{"id":1166,"date":"2015-04-11T08:49:15","date_gmt":"2015-04-11T07:49:15","guid":{"rendered":"https:\/\/www.mafdel-belts.com\/?page_id=1166"},"modified":"2022-06-14T13:23:15","modified_gmt":"2022-06-14T12:23:15","slug":"hersteller-verschweissbare-forderbander-und-riemen","status":"publish","type":"page","link":"https:\/\/www.mafdel-belts.com\/de\/hersteller-verschweissbare-forderbander-und-riemen\/","title":{"rendered":"\u00dcber uns"},"content":{"rendered":"<div class='content-column one_third'><h1>Erfahrener Hersteller von verschweissbaren F\u00f6rderriemen und -b\u00e4ndern f\u00fcr die Transporttechnik<\/h1><\/div>\n<div class='content-column two_third last_column'><div style=\"padding-left:20px;\"><p>Angesiedelt in Frankreich, in der N\u00e4he von Lyon, ist die Firma MAFDEL auf die Herstellung von <a href=\"https:\/\/www.mafdel-belts.com\/de\/tp\/verschweissbare-riemen\/\">Transportriemen<\/a> und<a href=\"https:\/\/www.mafdel-belts.com\/de\/tp\/forderriemen\/\"> F\u00f6rderb\u00e4ndern<\/a> f\u00fcr die Transporttechnik spezialisiert.<\/p>\n<p>Das breite MAFDEL Sortiment wird st\u00e4ndig weiterentwickelt und erf\u00fcllt seit \u00fcber 40 Jahren die Anforderungen der internationalen Industrie.<\/p>\n<p>Mit h\u00f6chstmodernen Produktionsverfahren und unter Verwendung der ausgezeichnetesten Materialien gew\u00e4hrleisten unsere Produkte ein hohes technisches Niveau.<\/p>\n<p>Unsere sicheren Produktionskontrollen garantieren h\u00f6chste Qualit\u00e4t und Zuverl\u00e4ssigkeit unserer Produkte.<\/p><\/div><\/div><div class='clear_column'><\/div>\n<p>&nbsp;<\/p>\n<p><iframe loading=\"lazy\" src=\"\/\/www.youtube.com\/embed\/eGiZhNxLQy0\" width=\"560\" height=\"314\" allowfullscreen=\"allowfullscreen\"><\/iframe><\/p>\n<p>&nbsp;<\/p>\n<h3>Zur Geschichte<\/h3>\n<p>In den 70er-80er Jahren erlebt die industrielle Handhabung einen gro\u00dfen Aufschwung. Transportriemen und F\u00f6rderb\u00e4nder werden zu der Zeit haupts\u00e4chlich endlos produziert bzw. sind sehr schwer schweissbar. Der Bedarf einer Weiterentwicklung der Materialflusstechnik wird immer st\u00e4rker.<\/p>\n<div class='content-column one_sixth'><img loading=\"lazy\" class=\"alignnone wp-image-36 size-full\" src=\"https:\/\/www.mafdel-belts.com\/wp-content\/uploads\/2015\/04\/historique-mafdel.png\" alt=\"\" width=\"140\" height=\"198\" \/><br \/><\/div>\n<div class='content-column five_sixth last_column'><div style=\"padding-right:12px;\"><p>In 1981 gr\u00fcndet Herr Jean-Claude Jouffray die Firma MAFDEL in Saint-Alban-de-Roche (Is\u00e8re). Angeboten wird ein Grundsortiment an homogenen F\u00f6rderriemen und \u2013b\u00e4ndern, die direkt von den Benutzern vor Ort verschweisst werden k\u00f6nnen. 1989 erfordert das wachsende Gesch\u00e4ft den Umzug in gr\u00f6\u00dfere R\u00e4ume in Saint-Georges-d&#8217;Esp\u00e9ranche (Is\u00e8re), um den Anforderungen des Marktes und der steigenden Produktvielfalt gerecht zu werden.<\/p>\n<p>Die st\u00e4ndige Erweiterung des Maschinenparks f\u00fchrt 1997 zur Errichtung eines ersten Anbaus mit 1000 m\u00b2.<\/p>\n<p>2004 \u00fcbernehmen Fran\u00e7ois-R\u00e9gis Jouffray und Michel Jouffray die Nachfolge an der Spitze des Unternehmens.<br \/>\nDer Anbau eines weiteren Geb\u00e4udes mit 1000 m\u00b2 wird 2006 ausgef\u00fchrt, um die Erweiterung der Maschinen und Anlagen auf h\u00f6chstem technologischen Stand zu erm\u00f6glichen.<\/p>\n<p>Ende 2012 kommt <a href=\"http:\/\/www.bmts.fr\/fr\/\" target=\"_blank\" rel=\"noopener noreferrer\">die Firma BMTS<\/a> aus der N\u00e4he von Nantes als Hersteller hinzu. Gemeinsam sind MAFDEL und BMTS die einzigen franz\u00f6sischen Hersteller von homogenen F\u00f6rderriemen und -b\u00e4ndern.<\/p>\n<p>Um der Nachfrage unserer Vertriebs,-und Industriepartner nachzukommen, wurde 2017 die F\u00f6derbandbreite in unserer Produktion auf 1.850 mm erh\u00f6ht.<\/p>\n<p>2018, Neubau eines zus\u00e4tzlichen Fabrikgeb\u00e4udes, 3.600 m\u00b2, zur Erh\u00f6hung unserer Produktionskapazit\u00e4t und um die Entwicklung, bzw. Optimierung neuer Produktlinien zu gew\u00e4hrleisten.<\/p><\/div><\/div><div class='clear_column'><\/div><br \/>\n<img loading=\"lazy\" class=\"alignnone wp-image-3390 size-full\" title=\"BMTS building at Vigneux-de-Bretagne (France)\" src=\"https:\/\/www.mafdel-belts.com\/wp-content\/uploads\/Batiment-BMTS-e1541603312756.jpg\" alt=\"Picture of BMTS building\" width=\"590\" height=\"295\" srcset=\"https:\/\/www.mafdel-belts.com\/wp-content\/uploads\/Batiment-BMTS-e1541603312756.jpg 590w, https:\/\/www.mafdel-belts.com\/wp-content\/uploads\/Batiment-BMTS-e1541603312756-300x150.jpg 300w\" sizes=\"(max-width: 590px) 100vw, 590px\" \/>\u00a0 \u00a0<img loading=\"lazy\" class=\"alignnone wp-image-3391 size-full\" title=\"New production facility\" src=\"https:\/\/www.mafdel-belts.com\/wp-content\/uploads\/Batiment-construction-e1541603415702.jpg\" alt=\"Picture of the new production facility\" width=\"590\" height=\"295\" srcset=\"https:\/\/www.mafdel-belts.com\/wp-content\/uploads\/Batiment-construction-e1541603415702.jpg 590w, https:\/\/www.mafdel-belts.com\/wp-content\/uploads\/Batiment-construction-e1541603415702-300x150.jpg 300w\" sizes=\"(max-width: 590px) 100vw, 590px\" \/><\/p>\n<p><span style=\"color: #808080;\"><strong>MAFDEL mehr denn je als Garant f\u00fcr Qualit\u00e4t und umfassenden Kundenservice, f\u00fcr langfristige Kundenzufriedenheit durch hohe Fachkompetenz und Zuverl\u00e4ssigkeit.<br \/>\n<strong>Die st\u00e4ndige, innovative Weiterentwicklung der Podukte und des Produktprogramms sowie die Erweiterung des Vertriebsnetzes geh\u00f6ren heute zu den vorrangigen Zukunftszielen des Unternehmens.<\/strong><\/strong><\/span><\/p>\n<p>&nbsp;<\/p>\n<h3>Unser Netzwerk von Vertriebspartnern :<\/h3>\n<p>Mafdel Produkte sind weltweit \u00fcber ein Netzwerk von H\u00e4ndlern und Partnern in mehr als 60 L\u00e4ndern erh\u00e4ltlich.<\/p>\n<p>Wenn Sie mehr \u00fcber uns erfahren m\u00f6chten und selbst ein Vertriebspartner werden m\u00f6chten, <a href=\"https:\/\/www.mafdel-belts.com\/de\/karriere-mafdel\/\">kontaktieren Sie uns bitte.\u00a0<\/a><\/p>\n<p>&nbsp;<\/p>\n<h3>Gesch\u00e4ftspartner :<\/h3>\n<p><a href=\"https:\/\/www.niba.org\/\" target=\"_blank\" rel=\"noopener noreferrer\"><img loading=\"lazy\" class=\"alignnone wp-image-7346\" title=\"NIBA-Mitglied\" src=\"https:\/\/www.mafdel-belts.com\/wp-content\/uploads\/NIBA-Logo.png\" alt=\"\" width=\"109\" height=\"105\" \/><\/a><\/p>\n<p><a href=\"https:\/\/www.ehedg.org\/\" target=\"_blank\" rel=\"noopener\"><img loading=\"lazy\" class=\"alignnone  wp-image-8521\" src=\"https:\/\/www.mafdel-belts.com\/wp-content\/uploads\/EHEDG_member_logo_RGB_450x450-300x300.png\" alt=\"\" width=\"120\" height=\"120\" srcset=\"https:\/\/www.mafdel-belts.com\/wp-content\/uploads\/EHEDG_member_logo_RGB_450x450-300x300.png 300w, https:\/\/www.mafdel-belts.com\/wp-content\/uploads\/EHEDG_member_logo_RGB_450x450-150x150.png 150w, https:\/\/www.mafdel-belts.com\/wp-content\/uploads\/EHEDG_member_logo_RGB_450x450.png 450w\" sizes=\"(max-width: 120px) 100vw, 120px\" \/><\/a><\/p>\n","protected":false},"excerpt":{"rendered":"<p>&nbsp; &nbsp; Zur Geschichte In den 70er-80er Jahren erlebt die industrielle Handhabung einen gro\u00dfen Aufschwung. Transportriemen und F\u00f6rderb\u00e4nder werden zu der Zeit haupts\u00e4chlich endlos produziert bzw. sind sehr schwer schweissbar. Der Bedarf einer Weiterentwicklung der Materialflusstechnik wird immer st\u00e4rker. \u00a0 \u00a0 MAFDEL mehr denn je als Garant f\u00fcr Qualit\u00e4t und umfassenden Kundenservice, f\u00fcr langfristige Kundenzufriedenheit [&hellip;]<\/p>\n","protected":false},"author":3,"featured_media":0,"parent":0,"menu_order":0,"comment_status":"open","ping_status":"open","template":"page-template-without-sidebar.php","meta":{"om_disable_all_campaigns":false,"_uf_show_specific_survey":0,"_uf_disable_surveys":false},"aioseo_notices":[],"_links":{"self":[{"href":"https:\/\/www.mafdel-belts.com\/de\/wp-json\/wp\/v2\/pages\/1166\/"}],"collection":[{"href":"https:\/\/www.mafdel-belts.com\/de\/wp-json\/wp\/v2\/pages\/"}],"about":[{"href":"https:\/\/www.mafdel-belts.com\/de\/wp-json\/wp\/v2\/types\/page\/"}],"author":[{"embeddable":true,"href":"https:\/\/www.mafdel-belts.com\/de\/wp-json\/wp\/v2\/users\/3\/"}],"replies":[{"embeddable":true,"href":"https:\/\/www.mafdel-belts.com\/de\/wp-json\/wp\/v2\/comments\/?post=1166"}],"version-history":[{"count":30,"href":"https:\/\/www.mafdel-belts.com\/de\/wp-json\/wp\/v2\/pages\/1166\/revisions\/"}],"predecessor-version":[{"id":8529,"href":"https:\/\/www.mafdel-belts.com\/de\/wp-json\/wp\/v2\/pages\/1166\/revisions\/8529\/"}],"wp:attachment":[{"href":"https:\/\/www.mafdel-belts.com\/de\/wp-json\/wp\/v2\/media\/?parent=1166"}],"curies":[{"name":"wp","href":"https:\/\/api.w.org\/{rel}","templated":true}]}}