{"id":108,"date":"2015-04-02T20:27:11","date_gmt":"2015-04-02T19:27:11","guid":{"rendered":"https:\/\/www.mafdel-belts.com\/accueil-2\/"},"modified":"2024-09-09T14:38:03","modified_gmt":"2024-09-09T13:38:03","slug":"accueil","status":"publish","type":"page","link":"https:\/\/www.mafdel-belts.com\/de\/","title":{"rendered":"Home"},"content":{"rendered":"<div class='content-column one_third'><h1>Mafdel :\u00a0Hersteller von verschwei\u00dfbaren Transportriemen und F\u00f6rderb\u00e4ndern seit<br \/>\n\u00fcber 40 Jahren<\/h1><\/div>\n<div class='content-column two_third last_column'><div style=\"padding-left:20px;\"><p>MAFDEL enwirft und produziert verschwei\u00dfbare Transportriemen und F\u00f6rderb\u00e4nder, die f\u00fcr den Materialfluss in der Industrie bestimmt sind.<\/p>\n<p>Transportriemen und F\u00f6rderb\u00e4nder finden aufgrund ihrer zahlreichen Vorteile in den verschiedensten Industriezweigen Anwendung :<\/p>\n<ul>\n<li>Leichte und schnelle Endlosverbindung vor Ort, ohne Demontage der Anlage.<\/li>\n<li>Sofortige Pannenbehebung ohne Stillstandzeiten.<\/li>\n<li>Extrem hohe Abrieb-, Reiss- und Schnittfestigkeit.<\/li>\n<li>Hoher Widerstand gegen \u00d6le, Fette und L\u00f6sungsmittel.<\/li>\n<li>Unter Einhaltung der strengsten Lebensmittelvorschriften.<\/li>\n<\/ul><\/div><\/div><div class='clear_column'><\/div>\n<p>&nbsp;<\/p>\n<p>&nbsp;<\/p>\n<p><iframe loading=\"lazy\" title=\"Mafdel: Manufacturer of thermoweldable belts and conveyor belts\" width=\"500\" height=\"281\" src=\"https:\/\/www.youtube.com\/embed\/FV85jIe_LCI?feature=oembed\" frameborder=\"0\" allow=\"accelerometer; autoplay; clipboard-write; encrypted-media; gyroscope; picture-in-picture; web-share\" referrerpolicy=\"strict-origin-when-cross-origin\" allowfullscreen><\/iframe><\/p>\n<p>&nbsp;<\/p>\n<p>&nbsp;<\/p>\n<h2>Produkte werden in zahlreichen Industriebranchen angewandt :<\/h2>\n<p><strong><i class=\"fa fa-arrow-right \" ><\/i>\u00a0 Lebensmittelindustrie :\u00a0 <\/strong>Fleischverarbeitende Industrie, Schlachth\u00f6fe, Gefl\u00fcgelindustrie, K\u00e4sereien, Konservenfabriken, Obst &amp; Gem\u00fcse, Fischverarbeitung, Gro\u00dfb\u00e4ckereien, Backwarenindustrie\u2026<\/p>\n<p><strong><i class=\"fa fa-arrow-right \" ><\/i>\u00a0 Verpackungsindustrie :\u00a0 <\/strong>Metallverpackungen, Kartonagenfabriken, Kunststoffverarbeitung, Druckereien, Zellstoff- und Papierindustrie\u2026<\/p>\n<p><strong><i class=\"fa fa-arrow-right \" ><\/i>\u00a0 Herstellung und Verarbeitung von Werkstoffen :\u00a0 <\/strong>Ziegeleien, Dachsteinwerke, Keramikindustrie, Betonprodukte, Gipsprodukte, Holzindustrie, Glasindustrie \u2026<\/p>\n<p><strong><i class=\"fa fa-arrow-right \" ><\/i>\u00a0 Weitere Branchen :\u00a0 <\/strong>Automobilindustrie, Maschinenwesen, Logistik, Pharmaindustrie, Kosmetikindustrie, Landwirtschaftsmaschinen\u2026<\/p>\n<div class='content-column one_third'><a href=\"https:\/\/www.mafdel-belts.com\/de\/tp\/verschweissbare-riemen\/\"><img loading=\"lazy\" class=\"alignnone wp-image-21 size-full\" title=\"Sortiment an verschweissbaren Riemen\" src=\"https:\/\/www.mafdel-belts.com\/wp-content\/uploads\/2015\/04\/courroies.jpg\" alt=\"Verschweissbare Riemen\" width=\"380\" height=\"168\" srcset=\"https:\/\/www.mafdel-belts.com\/wp-content\/uploads\/2015\/04\/courroies.jpg 380w, https:\/\/www.mafdel-belts.com\/wp-content\/uploads\/2015\/04\/courroies-300x133.jpg 300w\" sizes=\"(max-width: 380px) 100vw, 380px\" \/><\/a><\/p>\n<h5 style=\"margin-bottom: 20px;\">F\u00fcr den Materialfluss bestimmte Riemen<\/h5>\n<p><em>Breite Auswahl an verschweissbaren Rund- und Keilriemen, sowie an speziellen Profile<\/em><\/div>\n<div class='content-column one_third'><div style=\"padding-left:10px;\"><a href=\"https:\/\/www.mafdel-belts.com\/de\/produkt\/homogene-forderbander\/\"><img loading=\"lazy\" class=\"alignnone wp-image-20 size-full\" title=\"Sortiment an F\u00f6rderb\u00e4ndern\" src=\"https:\/\/www.mafdel-belts.com\/wp-content\/uploads\/2015\/04\/bandes.jpg\" alt=\"F\u00f6rderb\u00e4nder\" width=\"380\" height=\"168\" srcset=\"https:\/\/www.mafdel-belts.com\/wp-content\/uploads\/2015\/04\/bandes.jpg 380w, https:\/\/www.mafdel-belts.com\/wp-content\/uploads\/2015\/04\/bandes-300x133.jpg 300w\" sizes=\"(max-width: 380px) 100vw, 380px\" \/><\/a><\/p>\n<h5 style=\"margin-bottom: 20px;\">Homogene F\u00f6rderb\u00e4nder<\/h5>\n<p><em>Breites Sortiment an verschweissbaren F\u00f6rderb\u00e4ndern.<\/em><\/div><\/div>\n<div class='content-column one_third last_column'><div style=\"padding-left:20px;\"><a href=\"https:\/\/www.mafdel-belts.com\/de\/produkt\/lebensmittel-forderbander-mit-zahnradantrieb\"><img loading=\"lazy\" class=\"alignnone wp-image-352 size-full\" title=\"Sortiment an B\u00e4ndern mit Zahnradantrieb\" src=\"https:\/\/www.mafdel-belts.com\/wp-content\/uploads\/2015\/04\/bandes-a-entrainement-positif.jpg\" alt=\"F\u00f6rderband mit Zahnradantrieb\" width=\"380\" height=\"168\" srcset=\"https:\/\/www.mafdel-belts.com\/wp-content\/uploads\/2015\/04\/bandes-a-entrainement-positif.jpg 380w, https:\/\/www.mafdel-belts.com\/wp-content\/uploads\/2015\/04\/bandes-a-entrainement-positif-300x133.jpg 300w\" sizes=\"(max-width: 380px) 100vw, 380px\" \/><\/a><\/p>\n<h5 style=\"margin-bottom: 20px;\">F\u00f6rderb\u00e4nder mit Zahnradantrieb<\/h5>\n<p><em>Verschweissbare homogene B\u00e4nder ohne Durchrutschrisiko, f\u00fcr die Lebensmittelindustrie besonders gut geeignet.<\/em><\/div><\/div><div class='clear_column'><\/div>\n<p>&nbsp;<\/p>\n<p><strong>Unser Entwicklungsb\u00fcro und unsere Techniker stehen f\u00fcr Sie zur Verf\u00fcgung, um Ihre unterschiedlichen Anwendungsf\u00e4lle zu untersuchen und ganz individuelle L\u00f6sungen f\u00fcr Sie zu finden.<\/strong><\/p>\n<p>&nbsp;<\/p>\n","protected":false},"excerpt":{"rendered":"<p>&nbsp; &nbsp; &nbsp; &nbsp; Produkte werden in zahlreichen Industriebranchen angewandt : \u00a0 Lebensmittelindustrie :\u00a0 Fleischverarbeitende Industrie, Schlachth\u00f6fe, Gefl\u00fcgelindustrie, K\u00e4sereien, Konservenfabriken, Obst &amp; Gem\u00fcse, Fischverarbeitung, Gro\u00dfb\u00e4ckereien, Backwarenindustrie\u2026 \u00a0 Verpackungsindustrie :\u00a0 Metallverpackungen, Kartonagenfabriken, Kunststoffverarbeitung, Druckereien, Zellstoff- und Papierindustrie\u2026 \u00a0 Herstellung und Verarbeitung von Werkstoffen :\u00a0 Ziegeleien, Dachsteinwerke, Keramikindustrie, Betonprodukte, Gipsprodukte, Holzindustrie, Glasindustrie \u2026 \u00a0 Weitere Branchen :\u00a0 [&hellip;]<\/p>\n","protected":false},"author":3,"featured_media":0,"parent":0,"menu_order":0,"comment_status":"open","ping_status":"open","template":"page-template-without-sidebar.php","meta":{"om_disable_all_campaigns":false,"_uf_show_specific_survey":0,"_uf_disable_surveys":false},"aioseo_notices":[],"_links":{"self":[{"href":"https:\/\/www.mafdel-belts.com\/de\/wp-json\/wp\/v2\/pages\/108\/"}],"collection":[{"href":"https:\/\/www.mafdel-belts.com\/de\/wp-json\/wp\/v2\/pages\/"}],"about":[{"href":"https:\/\/www.mafdel-belts.com\/de\/wp-json\/wp\/v2\/types\/page\/"}],"author":[{"embeddable":true,"href":"https:\/\/www.mafdel-belts.com\/de\/wp-json\/wp\/v2\/users\/3\/"}],"replies":[{"embeddable":true,"href":"https:\/\/www.mafdel-belts.com\/de\/wp-json\/wp\/v2\/comments\/?post=108"}],"version-history":[{"count":47,"href":"https:\/\/www.mafdel-belts.com\/de\/wp-json\/wp\/v2\/pages\/108\/revisions\/"}],"predecessor-version":[{"id":10863,"href":"https:\/\/www.mafdel-belts.com\/de\/wp-json\/wp\/v2\/pages\/108\/revisions\/10863\/"}],"wp:attachment":[{"href":"https:\/\/www.mafdel-belts.com\/de\/wp-json\/wp\/v2\/media\/?parent=108"}],"curies":[{"name":"wp","href":"https:\/\/api.w.org\/{rel}","templated":true}]}}